{"id":4597,"date":"2023-07-17T18:48:10","date_gmt":"2023-07-17T21:48:10","guid":{"rendered":"https:\/\/fastindustria.com.br\/?post_type=product&#038;p=4597"},"modified":"2024-01-08T17:07:38","modified_gmt":"2024-01-08T20:07:38","slug":"secador-de-discos","status":"publish","type":"product","link":"https:\/\/fastindustria.com.br\/es\/producto\/secador-de-discos\/","title":{"rendered":"Secador de discos"},"content":{"rendered":"<p><strong>Ventajas y beneficios:<\/strong><\/p>\n<ul>\n<li>La mejor tecnolog\u00eda para secado de DDG y DDG del mercado, garantizando eficiencia y calidad del producto con un par\u00e1metro de secado de hasta 12% de humedad, esto hace referencia al resultado de importantes avances t\u00e9cnicos y mejoras constructivas desarrolladas por el equipo de ingenier\u00eda de FAST, esto es altamente eficiente. equipos con gran potencial de producci\u00f3n;<\/li>\n<li>Equipos construidos en acero inoxidable AISI 304, de robustez, compuestos por un solo eje central, con discos, garantizan mayor contacto y fluidez del producto a secar, ya que reciben calor indirecto (vapor), eliminando as\u00ed la humedad dentro de los par\u00e1metros establecidos. garantizando as\u00ed una mayor vida \u00fatil y tambi\u00e9n una mayor calidad del alimento;<\/li>\n<li>Con un sistema de transferencia integrado, adem\u00e1s de capturar part\u00edculas cicl\u00f3nicas, garantiza cero p\u00e9rdida de producto, una vez que ocurre una anomal\u00eda en el proceso de fabricaci\u00f3n se puede utilizar la transferencia y garantizar la calidad del producto en 100%;<\/li>\n<li>Equipos compactos, ocupando menos espacio y ahorrando costes en edificios.<\/li>\n<\/ul>\n<p><strong>Caracter\u00edsticas generales<\/strong><\/p>\n<ul>\n<li>Las partes en contacto con el producto son de acero inoxidable AISI 304;<\/li>\n<li>Discos fabricados en acero inoxidable AISI 304;<\/li>\n<li>Puertas de inspecci\u00f3n de acero inoxidable AISI 304;<\/li>\n<li>Control autom\u00e1tico del consumo de vapor;<\/li>\n<li>Automatizaci\u00f3n de entrada y descarga de productos;<\/li>\n<li>Aislamiento t\u00e9rmico de lana de roca protegido por revestimiento de acero inoxidable;<\/li>\n<li>Control de temperatura de secado;<\/li>\n<li>Equipos fabricados de acuerdo con normas internacionales para recipientes a presi\u00f3n;<\/li>\n<li>Sistema de energ\u00eda;<\/li>\n<li>Sistema de descarga;<\/li>\n<li>Sistema de escape de part\u00edculas y gases;<\/li>\n<li>Sistema de transferencia de productos.<\/li>\n<\/ul>","protected":false},"excerpt":{"rendered":"<p>La mejor tecnolog\u00eda para secado de DDG y DDG del mercado, garantizando eficiencia y calidad del producto con un par\u00e1metro de secado de hasta 12% de humedad, esto hace referencia al resultado de importantes avances t\u00e9cnicos y mejoras constructivas desarrolladas por el equipo de ingenier\u00eda de FAST, esto es altamente eficiente. equipos con gran potencial de producci\u00f3n;<\/p>","protected":false},"featured_media":4601,"comment_status":"open","ping_status":"closed","template":"","meta":{"arquivo_cliente":"","_joinchat":[]},"product_brand":[],"product_cat":[34],"product_tag":[],"class_list":{"0":"post-4597","1":"product","2":"type-product","3":"status-publish","4":"has-post-thumbnail","6":"product_cat-fast-grain","8":"first","9":"instock","10":"shipping-taxable","11":"product-type-simple"},"acf":[],"_links":{"self":[{"href":"https:\/\/fastindustria.com.br\/es\/wp-json\/wp\/v2\/product\/4597","targetHints":{"allow":["GET"]}}],"collection":[{"href":"https:\/\/fastindustria.com.br\/es\/wp-json\/wp\/v2\/product"}],"about":[{"href":"https:\/\/fastindustria.com.br\/es\/wp-json\/wp\/v2\/types\/product"}],"replies":[{"embeddable":true,"href":"https:\/\/fastindustria.com.br\/es\/wp-json\/wp\/v2\/comments?post=4597"}],"version-history":[{"count":2,"href":"https:\/\/fastindustria.com.br\/es\/wp-json\/wp\/v2\/product\/4597\/revisions"}],"predecessor-version":[{"id":13358,"href":"https:\/\/fastindustria.com.br\/es\/wp-json\/wp\/v2\/product\/4597\/revisions\/13358"}],"wp:featuredmedia":[{"embeddable":true,"href":"https:\/\/fastindustria.com.br\/es\/wp-json\/wp\/v2\/media\/4601"}],"wp:attachment":[{"href":"https:\/\/fastindustria.com.br\/es\/wp-json\/wp\/v2\/media?parent=4597"}],"wp:term":[{"taxonomy":"product_brand","embeddable":true,"href":"https:\/\/fastindustria.com.br\/es\/wp-json\/wp\/v2\/product_brand?post=4597"},{"taxonomy":"product_cat","embeddable":true,"href":"https:\/\/fastindustria.com.br\/es\/wp-json\/wp\/v2\/product_cat?post=4597"},{"taxonomy":"product_tag","embeddable":true,"href":"https:\/\/fastindustria.com.br\/es\/wp-json\/wp\/v2\/product_tag?post=4597"}],"curies":[{"name":"wp","href":"https:\/\/api.w.org\/{rel}","templated":true}]}}