{"id":3451,"date":"2023-07-06T17:53:23","date_gmt":"2023-07-06T20:53:23","guid":{"rendered":"https:\/\/fastindustria.com.br\/?post_type=product&#038;p=3451"},"modified":"2023-07-12T14:10:39","modified_gmt":"2023-07-12T17:10:39","slug":"espessador","status":"publish","type":"product","link":"https:\/\/fastindustria.com.br\/es\/producto\/espessador\/","title":{"rendered":"Espesante"},"content":{"rendered":"<p>Los espesadores de alto impacto para procesamiento de minerales desarrollados por Fast trabajan en el proceso de separaci\u00f3n s\u00f3lido\/l\u00edquido, etapa que prepara los lodos para el tratamiento de efluentes, el agua para el proceso o incluso los residuos para su drenaje de manera m\u00e1s eficiente y efectiva. Fabricado en acero inoxidable, el espesador r\u00e1pido de alto impacto tiene forma de tanque con fondo c\u00f3nico y v\u00e1lvula de drenaje.<\/p>\n<p><strong>Ventajas <\/strong><\/p>\n<ul>\n<li>Fabricaci\u00f3n nacional 100%;<\/li>\n<li>Asistencia t\u00e9cnica localizada;<\/li>\n<li>Proyecto completo, con dimensionamiento, dise\u00f1o, fabricaci\u00f3n, montaje, instalaci\u00f3n y preoperaci\u00f3n con equipo y estructura propios;<\/li>\n<li>Funciona con control autom\u00e1tico del sistema, con un sensor de nivel anal\u00f3gico espec\u00edfico para la detecci\u00f3n del manto de lodos decantados, que permite al sistema utilizar los datos medidos del nivel de lodos para actuar sobre la v\u00e1lvula de drenaje del fondo.<\/li>\n<\/ul>","protected":false},"excerpt":{"rendered":"<p>Os espessadores de alto impacto para o beneficiamento de min\u00e9rio desenvolvidos pela Fast atuam no processo de separa\u00e7\u00e3o s\u00f3lido\/l\u00edquido, etapa que prepara o lodo para o tratamento de efluentes, a \u00e1gua para o processo ou mesmo o rejeito para o des\u00e1gue de forma mais eficiente e eficaz. Fabricados em a\u00e7o inox, o Espessador de Alto [&hellip;]<\/p>","protected":false},"featured_media":2928,"comment_status":"open","ping_status":"closed","template":"","meta":{"arquivo_cliente":"","_joinchat":[]},"product_brand":[],"product_cat":[32],"product_tag":[],"class_list":{"0":"post-3451","1":"product","2":"type-product","3":"status-publish","4":"has-post-thumbnail","6":"product_cat-mineracao","8":"first","9":"instock","10":"shipping-taxable","11":"product-type-simple"},"acf":[],"_links":{"self":[{"href":"https:\/\/fastindustria.com.br\/es\/wp-json\/wp\/v2\/product\/3451","targetHints":{"allow":["GET"]}}],"collection":[{"href":"https:\/\/fastindustria.com.br\/es\/wp-json\/wp\/v2\/product"}],"about":[{"href":"https:\/\/fastindustria.com.br\/es\/wp-json\/wp\/v2\/types\/product"}],"replies":[{"embeddable":true,"href":"https:\/\/fastindustria.com.br\/es\/wp-json\/wp\/v2\/comments?post=3451"}],"version-history":[{"count":1,"href":"https:\/\/fastindustria.com.br\/es\/wp-json\/wp\/v2\/product\/3451\/revisions"}],"predecessor-version":[{"id":3452,"href":"https:\/\/fastindustria.com.br\/es\/wp-json\/wp\/v2\/product\/3451\/revisions\/3452"}],"wp:featuredmedia":[{"embeddable":true,"href":"https:\/\/fastindustria.com.br\/es\/wp-json\/wp\/v2\/media\/2928"}],"wp:attachment":[{"href":"https:\/\/fastindustria.com.br\/es\/wp-json\/wp\/v2\/media?parent=3451"}],"wp:term":[{"taxonomy":"product_brand","embeddable":true,"href":"https:\/\/fastindustria.com.br\/es\/wp-json\/wp\/v2\/product_brand?post=3451"},{"taxonomy":"product_cat","embeddable":true,"href":"https:\/\/fastindustria.com.br\/es\/wp-json\/wp\/v2\/product_cat?post=3451"},{"taxonomy":"product_tag","embeddable":true,"href":"https:\/\/fastindustria.com.br\/es\/wp-json\/wp\/v2\/product_tag?post=3451"}],"curies":[{"name":"wp","href":"https:\/\/api.w.org\/{rel}","templated":true}]}}