{"id":3446,"date":"2023-07-06T17:44:44","date_gmt":"2023-07-06T20:44:44","guid":{"rendered":"https:\/\/fastindustria.com.br\/?post_type=product&#038;p=3446"},"modified":"2023-07-17T16:31:08","modified_gmt":"2023-07-17T19:31:08","slug":"rosca-dosadora-de-cachos-vazios","status":"publish","type":"product","link":"https:\/\/fastindustria.com.br\/es\/producto\/rosca-dosadora-de-cachos-vazios\/","title":{"rendered":"Tornillo dosificador de rizo vac\u00edo"},"content":{"rendered":"<p>Equipos encargados de absorber las fluctuaciones de producci\u00f3n, mantener una alimentaci\u00f3n uniforme y homog\u00e9nea para la siguiente etapa, en la picadora y en la prensa de racimos vac\u00edos, evitando sobrecargas y tambi\u00e9n evitando que las m\u00e1quinas funcionen en vac\u00edo.<\/p>\n<table width=\"100%\">\n<tbody>\n<tr>\n<td width=\"50%\">Longitud<\/td>\n<td width=\"50%\">3.850 mm<\/td>\n<\/tr>\n<tr>\n<td width=\"50%\">Ancho<\/td>\n<td width=\"50%\">825 mm<\/td>\n<\/tr>\n<tr>\n<td width=\"50%\">Altura<\/td>\n<td width=\"50%\">915 mm<\/td>\n<\/tr>\n<tr>\n<td width=\"50%\">Capacidad<\/td>\n<td width=\"50%\">8 a 10 toneladas\/h<\/td>\n<\/tr>\n<\/tbody>\n<\/table>\n<p><strong>\u00a0<\/strong><\/p>\n<p><strong>\u00a0<\/strong><\/p>\n<p><strong>\u00a0<\/strong><\/p>\n<p><strong>\u00a0<\/strong><\/p>","protected":false},"excerpt":{"rendered":"<p>Equipamento respons\u00e1vel por absorver as oscila\u00e7\u00f5es da produ\u00e7\u00e3o, mantendo a alimenta\u00e7\u00e3o uniforme e homog\u00eanea para a etapa seguinte, no picador e na prensa de cachos vazios, evitando que haja sobrecarregamento e tamb\u00e9m que as m\u00e1quinas operem vazias. Comprimento 3.850 mm Largura 825 mm Altura 915 mm Capacidade 8 a 10 ton\/h \u00a0 \u00a0 \u00a0 \u00a0<\/p>","protected":false},"featured_media":4469,"comment_status":"open","ping_status":"closed","template":"","meta":{"arquivo_cliente":"","_joinchat":[]},"product_brand":[],"product_cat":[35],"product_tag":[],"class_list":{"0":"post-3446","1":"product","2":"type-product","3":"status-publish","4":"has-post-thumbnail","6":"product_cat-oleo-de-palma","8":"first","9":"instock","10":"shipping-taxable","11":"product-type-simple"},"acf":[],"_links":{"self":[{"href":"https:\/\/fastindustria.com.br\/es\/wp-json\/wp\/v2\/product\/3446","targetHints":{"allow":["GET"]}}],"collection":[{"href":"https:\/\/fastindustria.com.br\/es\/wp-json\/wp\/v2\/product"}],"about":[{"href":"https:\/\/fastindustria.com.br\/es\/wp-json\/wp\/v2\/types\/product"}],"replies":[{"embeddable":true,"href":"https:\/\/fastindustria.com.br\/es\/wp-json\/wp\/v2\/comments?post=3446"}],"version-history":[{"count":4,"href":"https:\/\/fastindustria.com.br\/es\/wp-json\/wp\/v2\/product\/3446\/revisions"}],"predecessor-version":[{"id":4562,"href":"https:\/\/fastindustria.com.br\/es\/wp-json\/wp\/v2\/product\/3446\/revisions\/4562"}],"wp:featuredmedia":[{"embeddable":true,"href":"https:\/\/fastindustria.com.br\/es\/wp-json\/wp\/v2\/media\/4469"}],"wp:attachment":[{"href":"https:\/\/fastindustria.com.br\/es\/wp-json\/wp\/v2\/media?parent=3446"}],"wp:term":[{"taxonomy":"product_brand","embeddable":true,"href":"https:\/\/fastindustria.com.br\/es\/wp-json\/wp\/v2\/product_brand?post=3446"},{"taxonomy":"product_cat","embeddable":true,"href":"https:\/\/fastindustria.com.br\/es\/wp-json\/wp\/v2\/product_cat?post=3446"},{"taxonomy":"product_tag","embeddable":true,"href":"https:\/\/fastindustria.com.br\/es\/wp-json\/wp\/v2\/product_tag?post=3446"}],"curies":[{"name":"wp","href":"https:\/\/api.w.org\/{rel}","templated":true}]}}