{"id":3444,"date":"2023-07-06T17:40:44","date_gmt":"2023-07-06T20:40:44","guid":{"rendered":"https:\/\/fastindustria.com.br\/?post_type=product&#038;p=3444"},"modified":"2023-07-17T16:36:57","modified_gmt":"2023-07-17T19:36:57","slug":"desarenador","status":"publish","type":"product","link":"https:\/\/fastindustria.com.br\/es\/producto\/desarenador\/","title":{"rendered":"desarenador"},"content":{"rendered":"<div style=\"white-space: pre-wrap;\" data-draftjs-conductor-fragment=\"{&quot;blocks&quot;:[{&quot;key&quot;:&quot;4qgn6&quot;,&quot;text&quot;:&quot;\u00c9 muito comum o plantio da palma em terreno arenoso. O cacho extra\u00eddo pode cair no ch\u00e3o, a areia penetrar no fruto ou o pr\u00f3prio vento acumular areia nos cachos.&quot;,&quot;type&quot;:&quot;unstyled&quot;,&quot;depth&quot;:0,&quot;inlineStyleRanges&quot;:[],&quot;entityRanges&quot;:[],&quot;data&quot;:{}},{&quot;key&quot;:&quot;3ads0&quot;,&quot;text&quot;:&quot;No processo de clarifica\u00e7\u00e3o din\u00e2mica do \u00f3leo de palma, a utiliza\u00e7\u00e3o do desarenador \u00e9 aplicada na remo\u00e7\u00e3o da areia presente no licor bruto da palma ap\u00f3s a sa\u00edda da prensa e antes do envio para as centr\u00edfugas tridecanters, evitando o desgaste prematuro dos equipamentos. Isso \u00e9 essencial para a durabilidade do sistema, preservando as tubula\u00e7\u00f5es, a bomba e as sa\u00eddas do s\u00f3lido.&quot;,&quot;type&quot;:&quot;unstyled&quot;,&quot;depth&quot;:0,&quot;inlineStyleRanges&quot;:[],&quot;entityRanges&quot;:[],&quot;data&quot;:{}},{&quot;key&quot;:&quot;3r1kg&quot;,&quot;text&quot;:&quot;O processo ocorre com ar comprimido na alimenta\u00e7\u00e3o do painel, sendo necess\u00e1ria uma rede de \u00e1gua com press\u00e3o. O equipamento \u00e9 robusto, feito de material muito resistente. A capacidade pode variar de acordo com a necessidade do projeto. O material do corpo e do tanque \u00e9 fabricado em a\u00e7o inox para evitar qualquer risco de contamina\u00e7\u00e3o.&quot;,&quot;type&quot;:&quot;unstyled&quot;,&quot;depth&quot;:0,&quot;inlineStyleRanges&quot;:[],&quot;entityRanges&quot;:[{&quot;offset&quot;:0,&quot;length&quot;:1,&quot;key&quot;:0},{&quot;offset&quot;:109,&quot;length&quot;:1,&quot;key&quot;:0},{&quot;offset&quot;:170,&quot;length&quot;:1,&quot;key&quot;:0},{&quot;offset&quot;:235,&quot;length&quot;:1,&quot;key&quot;:0}],&quot;data&quot;:{}},{&quot;key&quot;:&quot;cn2i7&quot;,&quot;text&quot;:&quot;O desarenador Fast possui uma opera\u00e7\u00e3o simplificada, de f\u00e1cil instala\u00e7\u00e3o e manuten\u00e7\u00e3o, com um painel de controle de v\u00e1lvulas eletropneum\u00e1ticas e diversas automa\u00e7\u00f5es para facilitar o controle.&quot;,&quot;type&quot;:&quot;unstyled&quot;,&quot;depth&quot;:0,&quot;inlineStyleRanges&quot;:[],&quot;entityRanges&quot;:[],&quot;data&quot;:{}}],&quot;entityMap&quot;:{&quot;0&quot;:{&quot;type&quot;:&quot;CORRECTION&quot;,&quot;mutability&quot;:&quot;MUTABLE&quot;,&quot;data&quot;:{&quot;id&quot;:&quot;REPETICAO_INICIO_FRASE&quot;,&quot;spans&quot;:[{&quot;offset&quot;:537,&quot;length&quot;:1,&quot;content&quot;:&quot;O&quot;,&quot;par&quot;:0},{&quot;offset&quot;:646,&quot;length&quot;:1,&quot;content&quot;:&quot;O&quot;,&quot;par&quot;:0},{&quot;offset&quot;:707,&quot;length&quot;:1,&quot;content&quot;:&quot;A&quot;,&quot;par&quot;:0},{&quot;offset&quot;:772,&quot;length&quot;:1,&quot;content&quot;:&quot;O&quot;,&quot;par&quot;:0}],&quot;par&quot;:0,&quot;score&quot;:{&quot;originalidade&quot;:3},&quot;_id&quot;:&quot;64b598132417a0e4671c126a&quot;,&quot;custom&quot;:{&quot;title&quot;:&quot;N\u00e3o inicie frases com estruturas iguais&quot;,&quot;feedback&quot;:&quot;Procure iniciar as frases de forma diferente. Tenha um cuidado especial com a abertura dos par\u00e1grafos.&quot;,&quot;more&quot;:&quot;&lt;ul&gt; &lt;li&gt; &lt;p&gt;N\u00e3o comece muitas frases no mesmo par\u00e1grafo com:&lt;\/p&gt; &lt;p&gt; Artigos: &lt;i&gt;o, os, a, as, um, uns, uma, umas&lt;\/i&gt;. &lt;\/p&gt; &lt;p&gt; Pronomes demonstrativos: &lt;i&gt;esse, esses, essa, essas, isso&lt;\/i&gt;. &lt;\/p&gt; &lt;p&gt;Verbos, adv\u00e9rbios e locu\u00e7\u00f5es adverbiais.&lt;\/p&gt; &lt;\/li&gt; &lt;\/ul&gt;&quot;},&quot;hide&quot;:false,&quot;itemId&quot;:&quot;DEVIATION_REPETICAO_INICIO_FRASE_64b598132417a0e4671c126a&quot;}}}}\">\n<div class=\"Draftail-block--unstyled\" data-block=\"true\" data-editor=\"udfl\" data-offset-key=\"3ia8m-0-0\">\n<div class=\"public-DraftStyleDefault-block public-DraftStyleDefault-ltr\" data-offset-key=\"3ia8m-0-0\"><span data-offset-key=\"3ia8m-0-0\">Es muy com\u00fan plantar palmeras en suelos arenosos. El racimo extra\u00eddo puede caer al suelo, la arena puede penetrar el fruto o el propio viento puede acumular arena en los racimos.<\/span><\/div>\n<div data-offset-key=\"3ia8m-0-0\"><\/div>\n<\/div>\n<div class=\"Draftail-block--unstyled\" data-block=\"true\" data-editor=\"udfl\" data-offset-key=\"9o0dm-0-0\">\n<div class=\"public-DraftStyleDefault-block public-DraftStyleDefault-ltr\" data-offset-key=\"9o0dm-0-0\"><span data-offset-key=\"9o0dm-0-0\">En el proceso de clarificaci\u00f3n din\u00e1mica del aceite de palma se utiliza el uso de una lijadora para retirar la arena presente en el licor de palma crudo luego de salir de la prensa y antes de enviarlo a las centr\u00edfugas tridecanter, evitando el desgaste prematuro de los equipos. Esto es fundamental para la durabilidad del sistema, preservando las tuber\u00edas, bomba y salidas de s\u00f3lidos.<\/span><\/div>\n<div data-offset-key=\"9o0dm-0-0\"><\/div>\n<\/div>\n<div class=\"Draftail-block--unstyled\" data-block=\"true\" data-editor=\"udfl\" data-offset-key=\"e7g63-0-0\">\n<div class=\"public-DraftStyleDefault-block public-DraftStyleDefault-ltr\" data-offset-key=\"e7g63-0-0\"><span class=\"jss85236 TEXT_64b598132417a0e4671c126a\"><span data-offset-key=\"e7g63-0-0\">EL<\/span><\/span><span data-offset-key=\"e7g63-1-0\"> El proceso se realiza con aire comprimido en el suministro del panel, requiriendo una red de agua a presi\u00f3n. <\/span><span class=\"jss85236 TEXT_64b598132417a0e4671c126a\"><span data-offset-key=\"e7g63-2-0\">EL<\/span><\/span><span data-offset-key=\"e7g63-3-0\"> El equipo es robusto, fabricado en material muy resistente. <\/span><span class=\"jss85236 TEXT_64b598132417a0e4671c126a\"><span data-offset-key=\"e7g63-4-0\">EL<\/span><\/span><span data-offset-key=\"e7g63-5-0\"> La capacidad puede variar seg\u00fan las necesidades del proyecto. <\/span><span class=\"jss85236 TEXT_64b598132417a0e4671c126a\"><span data-offset-key=\"e7g63-6-0\">EL<\/span><\/span><span data-offset-key=\"e7g63-7-0\"> El material del cuerpo y del tanque es de acero inoxidable para evitar cualquier riesgo de contaminaci\u00f3n.<\/span><\/div>\n<div data-offset-key=\"e7g63-0-0\"><\/div>\n<\/div>\n<div class=\"Draftail-block--unstyled\" data-block=\"true\" data-editor=\"udfl\" data-offset-key=\"3q67-0-0\">\n<div class=\"public-DraftStyleDefault-block public-DraftStyleDefault-ltr\" data-offset-key=\"3q67-0-0\"><span data-offset-key=\"3q67-0-0\">El desarenador Fast tiene un funcionamiento simplificado, f\u00e1cil instalaci\u00f3n y mantenimiento, contando con un panel de control de v\u00e1lvulas electroneum\u00e1ticas y diversos automatismos para facilitar el control.<\/span><\/div>\n<div data-offset-key=\"3q67-0-0\"><\/div>\n<\/div>\n<\/div>\n<table>\n<tbody>\n<tr>\n<td width=\"113\">Capacidades<\/td>\n<\/tr>\n<tr>\n<td width=\"113\">20 m\u00b3\/h<\/td>\n<\/tr>\n<tr>\n<td width=\"113\">40 m\u00b3\/h<\/td>\n<\/tr>\n<tr>\n<td width=\"113\">60 m\u00b3\/h<\/td>\n<\/tr>\n<\/tbody>\n<\/table>\n<p><strong>\u00a0<\/strong><\/p>","protected":false},"excerpt":{"rendered":"<p>\u00c9 muito comum o plantio da palma em terreno arenoso. O cacho extra\u00eddo pode cair no ch\u00e3o, a areia penetrar no fruto ou o pr\u00f3prio vento acumular areia nos cachos. No processo de clarifica\u00e7\u00e3o din\u00e2mica do \u00f3leo de palma, a utiliza\u00e7\u00e3o do desarenador \u00e9 aplicada na remo\u00e7\u00e3o da areia presente no licor bruto da palma [&hellip;]<\/p>","protected":false},"featured_media":4468,"comment_status":"open","ping_status":"closed","template":"","meta":{"arquivo_cliente":"","_joinchat":[]},"product_brand":[],"product_cat":[35],"product_tag":[],"class_list":{"0":"post-3444","1":"product","2":"type-product","3":"status-publish","4":"has-post-thumbnail","6":"product_cat-oleo-de-palma","8":"first","9":"instock","10":"shipping-taxable","11":"product-type-simple"},"acf":[],"_links":{"self":[{"href":"https:\/\/fastindustria.com.br\/es\/wp-json\/wp\/v2\/product\/3444","targetHints":{"allow":["GET"]}}],"collection":[{"href":"https:\/\/fastindustria.com.br\/es\/wp-json\/wp\/v2\/product"}],"about":[{"href":"https:\/\/fastindustria.com.br\/es\/wp-json\/wp\/v2\/types\/product"}],"replies":[{"embeddable":true,"href":"https:\/\/fastindustria.com.br\/es\/wp-json\/wp\/v2\/comments?post=3444"}],"version-history":[{"count":2,"href":"https:\/\/fastindustria.com.br\/es\/wp-json\/wp\/v2\/product\/3444\/revisions"}],"predecessor-version":[{"id":4563,"href":"https:\/\/fastindustria.com.br\/es\/wp-json\/wp\/v2\/product\/3444\/revisions\/4563"}],"wp:featuredmedia":[{"embeddable":true,"href":"https:\/\/fastindustria.com.br\/es\/wp-json\/wp\/v2\/media\/4468"}],"wp:attachment":[{"href":"https:\/\/fastindustria.com.br\/es\/wp-json\/wp\/v2\/media?parent=3444"}],"wp:term":[{"taxonomy":"product_brand","embeddable":true,"href":"https:\/\/fastindustria.com.br\/es\/wp-json\/wp\/v2\/product_brand?post=3444"},{"taxonomy":"product_cat","embeddable":true,"href":"https:\/\/fastindustria.com.br\/es\/wp-json\/wp\/v2\/product_cat?post=3444"},{"taxonomy":"product_tag","embeddable":true,"href":"https:\/\/fastindustria.com.br\/es\/wp-json\/wp\/v2\/product_tag?post=3444"}],"curies":[{"name":"wp","href":"https:\/\/api.w.org\/{rel}","templated":true}]}}