{"id":3435,"date":"2023-07-06T17:36:05","date_gmt":"2023-07-06T20:36:05","guid":{"rendered":"https:\/\/fastindustria.com.br\/?post_type=product&#038;p=3435"},"modified":"2023-07-17T16:42:20","modified_gmt":"2023-07-17T19:42:20","slug":"digestor-de-fruto","status":"publish","type":"product","link":"https:\/\/fastindustria.com.br\/es\/producto\/digestor-de-fruto\/","title":{"rendered":"Digestor de frutas"},"content":{"rendered":"<p>Desarrollado para satisfacer las necesidades espec\u00edficas de la industria del aceite de palma, el equipo digestor Fast fruit es un dispositivo para calentar y macerar frutos de palma. Su estructura se posiciona verticalmente en forma cil\u00edndrica. Alimentado por vapor, permite el calentamiento indirecto del fruto de la palma. El fondo plano tiene protecci\u00f3n contra el desgaste y no tiene fugas. El conjunto de motor y reductor es responsable de impulsar las cuchillas del agitador. La transici\u00f3n de descarga tiene una compuerta que se controla accionando el cilindro neum\u00e1tico, esta transici\u00f3n est\u00e1 equipada con un drenaje que captura el exceso de aceite crudo ya liberado del fruto de la palma.<\/p>\n<p>El digestor, junto con el prensador de frutos, facilita la extracci\u00f3n del aceite del fruto de la palma, macerando y separando la fibra y la palmiste. Un proceso que adem\u00e1s reduce p\u00e9rdidas y aumenta las ganancias del extractor.<\/p>\n<p>Caracter\u00edsticas del digestor r\u00e1pido de frutas:<\/p>\n<table width=\"100%\">\n<tbody>\n<tr>\n<td width=\"100%\">\u00b7 Estructura robusta;<\/p>\n<p>\u00b7 Las piezas en contacto con el producto son de acero inoxidable. Material que no genera contaminaci\u00f3n y extiende la vida \u00fatil de los equipos, evitando la erosi\u00f3n y el desgaste;<\/p>\n<p>\u00b7 Equipos dise\u00f1ados para prevenir fugas de licor y vapores de proceso;<\/p>\n<p>\u00b7 Dispone de sensor de nivel con final de carrera e indicador;<\/p>\n<p>\u00b7 Sensor de control de temperatura;<\/p>\n<p>\u00b7 Puertas de inspecci\u00f3n para mantenimiento interno en espacios confinados;<\/p>\n<p>\u00b7 Brazos divididos y elementos de seguridad que facilitan el mantenimiento;<\/p>\n<p>\u00b7 Activaci\u00f3n del pico de guillotina mediante pist\u00f3n neum\u00e1tico y joystick, simplificando la operaci\u00f3n;<\/p>\n<p>\u00b7 Equipos dise\u00f1ados con galer\u00edas que evitan que aceites y grasas minerales entren en contacto con el producto procesado, eliminando MOSH MOAH;<\/p>\n<p>\u00b7 NR-12 cumplida.<\/p>\n<p>&nbsp;<\/td>\n<\/tr>\n<\/tbody>\n<\/table>\n<table width=\"100%\">\n<tbody>\n<tr>\n<td width=\"50%\">Longitud<\/td>\n<td width=\"50%\">7.000m<\/td>\n<\/tr>\n<tr>\n<td width=\"50%\">Ancho<\/td>\n<td width=\"50%\">2.200 metros<\/td>\n<\/tr>\n<tr>\n<td width=\"50%\">Altura<\/td>\n<td width=\"50%\">2.650 mm<\/td>\n<\/tr>\n<tr>\n<td width=\"50%\">Capacidad<\/td>\n<td width=\"50%\">4.500 litros<\/td>\n<\/tr>\n<\/tbody>\n<\/table>","protected":false},"excerpt":{"rendered":"<p>Desenvolvido para atender \u00e0s necessidades espec\u00edficas da ind\u00fastria de \u00f3leo de palma, o equipamento digestor de fruto Fast \u00e9 um dispositivo de aquecimento e macera\u00e7\u00e3o do fruto da palma. Sua estrutura \u00e9 posicionada verticalmente em formato cil\u00edndrico. Alimentado com vapor, possibilita o aquecimento indireto do fruto de palma. O fundo plano possui prote\u00e7\u00e3o contra desgaste [&hellip;]<\/p>","protected":false},"featured_media":2977,"comment_status":"open","ping_status":"closed","template":"","meta":{"arquivo_cliente":"","_joinchat":[]},"product_brand":[],"product_cat":[35],"product_tag":[],"class_list":{"0":"post-3435","1":"product","2":"type-product","3":"status-publish","4":"has-post-thumbnail","6":"product_cat-oleo-de-palma","8":"first","9":"instock","10":"shipping-taxable","11":"product-type-simple"},"acf":[],"_links":{"self":[{"href":"https:\/\/fastindustria.com.br\/es\/wp-json\/wp\/v2\/product\/3435","targetHints":{"allow":["GET"]}}],"collection":[{"href":"https:\/\/fastindustria.com.br\/es\/wp-json\/wp\/v2\/product"}],"about":[{"href":"https:\/\/fastindustria.com.br\/es\/wp-json\/wp\/v2\/types\/product"}],"replies":[{"embeddable":true,"href":"https:\/\/fastindustria.com.br\/es\/wp-json\/wp\/v2\/comments?post=3435"}],"version-history":[{"count":3,"href":"https:\/\/fastindustria.com.br\/es\/wp-json\/wp\/v2\/product\/3435\/revisions"}],"predecessor-version":[{"id":4565,"href":"https:\/\/fastindustria.com.br\/es\/wp-json\/wp\/v2\/product\/3435\/revisions\/4565"}],"wp:featuredmedia":[{"embeddable":true,"href":"https:\/\/fastindustria.com.br\/es\/wp-json\/wp\/v2\/media\/2977"}],"wp:attachment":[{"href":"https:\/\/fastindustria.com.br\/es\/wp-json\/wp\/v2\/media?parent=3435"}],"wp:term":[{"taxonomy":"product_brand","embeddable":true,"href":"https:\/\/fastindustria.com.br\/es\/wp-json\/wp\/v2\/product_brand?post=3435"},{"taxonomy":"product_cat","embeddable":true,"href":"https:\/\/fastindustria.com.br\/es\/wp-json\/wp\/v2\/product_cat?post=3435"},{"taxonomy":"product_tag","embeddable":true,"href":"https:\/\/fastindustria.com.br\/es\/wp-json\/wp\/v2\/product_tag?post=3435"}],"curies":[{"name":"wp","href":"https:\/\/api.w.org\/{rel}","templated":true}]}}