{"id":3432,"date":"2023-07-06T17:31:06","date_gmt":"2023-07-06T20:31:06","guid":{"rendered":"https:\/\/fastindustria.com.br\/?post_type=product&#038;p=3432"},"modified":"2023-08-08T17:55:13","modified_gmt":"2023-08-08T20:55:13","slug":"tanque-de-azeite","status":"publish","type":"product","link":"https:\/\/fastindustria.com.br\/es\/producto\/tanque-de-azeite\/","title":{"rendered":"Tanque de aceite de oliva"},"content":{"rendered":"<p>Para que el sistema de extracci\u00f3n de aceite de oliva sea completo, Fast tambi\u00e9n ofrece tanques de almacenamiento de aceite de oliva. Tanto para recibir el aceite de oliva centrifugado, que se extrae del decantador centr\u00edfugo EAF, como para recibir el aceite de oliva purificado a la salida de la centr\u00edfuga vertical.<\/p>\n<p>Equipo fabricado en acero inoxidable, lo que facilita la limpieza y no supone riesgo de contaminaci\u00f3n del aceite. <strong>El equipo cumple con la NR-12<\/strong>.<\/p>\n<p><strong>Ventajas<\/strong><\/p>\n<ul>\n<li>Fast cuenta con Finame para todos los equipos utilizados en la extracci\u00f3n;<\/li>\n<li>\u2022 Garant\u00eda de 2 a\u00f1os contra defectos o fallas de fabricaci\u00f3n;<\/li>\n<li>Equipo de producci\u00f3n nacional 100%;<\/li>\n<li>Personal t\u00e9cnico calificado, compuesto por ingenieros mec\u00e1nicos, qu\u00edmicos, alimentarios, de automatizaci\u00f3n y el\u00e9ctricos, ambientales, entre otros, para todo el soporte necesario;<\/li>\n<li>Apoyo t\u00e9cnico al ingeniero civil para desarrollar la planta (obra civil) dentro de los est\u00e1ndares establecidos por los organismos vigentes.<\/li>\n<\/ul>\n<p><strong>Diferencias<\/strong><\/p>\n<p>Contamos con plantas operativas en Brasil que suministran sansa (residuos s\u00f3lidos) con 0% de aceite de oliva presente a la salida del decantador y aceite de oliva pulido con 0% de impurezas (analizado por centr\u00edfuga de mesa).<\/p>","protected":false},"excerpt":{"rendered":"<p>Para o sistema de extra\u00e7\u00e3o de azeite de oliva ficar completo, a Fast oferece tamb\u00e9m os tanques de armazenamento do azeite. Tanto para o recebimento do azeite centrifugado, que \u00e9 extra\u00eddo do decanter centr\u00edfugo EAF, quanto para o recebimento do azeite purificado da sa\u00edda da centr\u00edfuga vertical. Equipamentos fabricados em a\u00e7o inox, que facilita a [&hellip;]<\/p>","protected":false},"featured_media":3433,"comment_status":"open","ping_status":"closed","template":"","meta":{"arquivo_cliente":"","_joinchat":[]},"product_brand":[],"product_cat":[31],"product_tag":[],"class_list":{"0":"post-3432","1":"product","2":"type-product","3":"status-publish","4":"has-post-thumbnail","6":"product_cat-azeite-de-oliva","8":"first","9":"instock","10":"shipping-taxable","11":"product-type-simple"},"acf":[],"_links":{"self":[{"href":"https:\/\/fastindustria.com.br\/es\/wp-json\/wp\/v2\/product\/3432","targetHints":{"allow":["GET"]}}],"collection":[{"href":"https:\/\/fastindustria.com.br\/es\/wp-json\/wp\/v2\/product"}],"about":[{"href":"https:\/\/fastindustria.com.br\/es\/wp-json\/wp\/v2\/types\/product"}],"replies":[{"embeddable":true,"href":"https:\/\/fastindustria.com.br\/es\/wp-json\/wp\/v2\/comments?post=3432"}],"version-history":[{"count":4,"href":"https:\/\/fastindustria.com.br\/es\/wp-json\/wp\/v2\/product\/3432\/revisions"}],"predecessor-version":[{"id":4624,"href":"https:\/\/fastindustria.com.br\/es\/wp-json\/wp\/v2\/product\/3432\/revisions\/4624"}],"wp:featuredmedia":[{"embeddable":true,"href":"https:\/\/fastindustria.com.br\/es\/wp-json\/wp\/v2\/media\/3433"}],"wp:attachment":[{"href":"https:\/\/fastindustria.com.br\/es\/wp-json\/wp\/v2\/media?parent=3432"}],"wp:term":[{"taxonomy":"product_brand","embeddable":true,"href":"https:\/\/fastindustria.com.br\/es\/wp-json\/wp\/v2\/product_brand?post=3432"},{"taxonomy":"product_cat","embeddable":true,"href":"https:\/\/fastindustria.com.br\/es\/wp-json\/wp\/v2\/product_cat?post=3432"},{"taxonomy":"product_tag","embeddable":true,"href":"https:\/\/fastindustria.com.br\/es\/wp-json\/wp\/v2\/product_tag?post=3432"}],"curies":[{"name":"wp","href":"https:\/\/api.w.org\/{rel}","templated":true}]}}