{"id":3424,"date":"2023-07-06T17:39:01","date_gmt":"2023-07-06T20:39:01","guid":{"rendered":"https:\/\/fastindustria.com.br\/?post_type=product&#038;p=3424"},"modified":"2023-07-06T17:39:02","modified_gmt":"2023-07-06T20:39:02","slug":"bomba-centrifuga","status":"publish","type":"product","link":"https:\/\/fastindustria.com.br\/es\/producto\/bomba-centrifuga\/","title":{"rendered":"Bomba centr\u00edfuga"},"content":{"rendered":"<p>La bomba centr\u00edfuga desarrollada por Fast est\u00e1 especializada para la industria de la palma y otros aceites vegetales. El equipo permite bombear el fluido sin contacto con sustancias qu\u00edmicas y mec\u00e1nicas que afecten el producto procesado.<\/p>\n<p>&nbsp;<\/p>\n<table>\n<tbody>\n<tr>\n<td width=\"113\">Capacidades<\/td>\n<\/tr>\n<tr>\n<td width=\"113\">20 m\u00b3\/h<\/td>\n<\/tr>\n<tr>\n<td width=\"113\">40 m\u00b3\/h<\/td>\n<\/tr>\n<tr>\n<td width=\"113\">60 m\u00b3\/h<\/td>\n<\/tr>\n<\/tbody>\n<\/table>\n<p><strong>\u00a0<\/strong><\/p>\n<p><strong>\u00a0<\/strong><\/p>","protected":false},"excerpt":{"rendered":"<p>A bomba centr\u00edfuga desenvolvida pela Fast \u00e9 especializada para a ind\u00fastria da palma e outros \u00f3leos vegetais. O equipamento possibilita que o fluido seja bombeado sem contato com subst\u00e2ncias qu\u00edmicas e mec\u00e2nicas que afetem o produto processado. &nbsp; Capacidades 20 m\u00b3\/h 40 m\u00b3\/h 60 m\u00b3\/h \u00a0 \u00a0<\/p>","protected":false},"featured_media":2975,"comment_status":"open","ping_status":"closed","template":"","meta":{"arquivo_cliente":"","_joinchat":[]},"product_brand":[],"product_cat":[35],"product_tag":[],"class_list":{"0":"post-3424","1":"product","2":"type-product","3":"status-publish","4":"has-post-thumbnail","6":"product_cat-oleo-de-palma","8":"first","9":"instock","10":"shipping-taxable","11":"product-type-simple"},"acf":[],"_links":{"self":[{"href":"https:\/\/fastindustria.com.br\/es\/wp-json\/wp\/v2\/product\/3424","targetHints":{"allow":["GET"]}}],"collection":[{"href":"https:\/\/fastindustria.com.br\/es\/wp-json\/wp\/v2\/product"}],"about":[{"href":"https:\/\/fastindustria.com.br\/es\/wp-json\/wp\/v2\/types\/product"}],"replies":[{"embeddable":true,"href":"https:\/\/fastindustria.com.br\/es\/wp-json\/wp\/v2\/comments?post=3424"}],"version-history":[{"count":1,"href":"https:\/\/fastindustria.com.br\/es\/wp-json\/wp\/v2\/product\/3424\/revisions"}],"predecessor-version":[{"id":3443,"href":"https:\/\/fastindustria.com.br\/es\/wp-json\/wp\/v2\/product\/3424\/revisions\/3443"}],"wp:featuredmedia":[{"embeddable":true,"href":"https:\/\/fastindustria.com.br\/es\/wp-json\/wp\/v2\/media\/2975"}],"wp:attachment":[{"href":"https:\/\/fastindustria.com.br\/es\/wp-json\/wp\/v2\/media?parent=3424"}],"wp:term":[{"taxonomy":"product_brand","embeddable":true,"href":"https:\/\/fastindustria.com.br\/es\/wp-json\/wp\/v2\/product_brand?post=3424"},{"taxonomy":"product_cat","embeddable":true,"href":"https:\/\/fastindustria.com.br\/es\/wp-json\/wp\/v2\/product_cat?post=3424"},{"taxonomy":"product_tag","embeddable":true,"href":"https:\/\/fastindustria.com.br\/es\/wp-json\/wp\/v2\/product_tag?post=3424"}],"curies":[{"name":"wp","href":"https:\/\/api.w.org\/{rel}","templated":true}]}}