{"id":3418,"date":"2023-07-06T17:21:40","date_gmt":"2023-07-06T20:21:40","guid":{"rendered":"https:\/\/fastindustria.com.br\/?post_type=product&#038;p=3418"},"modified":"2023-08-04T17:58:29","modified_gmt":"2023-08-04T20:58:29","slug":"lavadora","status":"publish","type":"product","link":"https:\/\/fastindustria.com.br\/es\/producto\/lavadora\/","title":{"rendered":"Separador de semillas"},"content":{"rendered":"<p>El equipo viene a a\u00f1adir m\u00e1s valor y rentabilidad a los residuos que genera el proceso de extracci\u00f3n del aceite de oliva virgen extra. Su principio consiste en separar el hueso de la pulpa de la aceituna y transformarla en biomasa, cuyo poder calor\u00edfico supera incluso al del eucalipto. Se utiliza para separar el grano de la c\u00e1scara, lo que permite su uso como alimento para animales y el grano como combustible para quemar en calderas.<\/p>\n<p><strong>Ventajas<\/strong><\/p>\n<ul>\n<li>Fast cuenta con Finame para todos los equipos utilizados en la extracci\u00f3n;<\/li>\n<li>\u2022 Garant\u00eda de 2 a\u00f1os contra defectos o fallas de fabricaci\u00f3n;<\/li>\n<li>Equipo de producci\u00f3n nacional 100%;<\/li>\n<li>Personal t\u00e9cnico calificado, compuesto por ingenieros mec\u00e1nicos, qu\u00edmicos, alimentarios, de automatizaci\u00f3n y el\u00e9ctricos, ambientales, entre otros, para todo el soporte necesario;<\/li>\n<li>Apoyo t\u00e9cnico al ingeniero civil para desarrollar la planta (obra civil) dentro de los est\u00e1ndares establecidos por los organismos vigentes.<\/li>\n<\/ul>\n<p><strong>Diferencias<\/strong><\/p>\n<p>Contamos con plantas operativas en Brasil que suministran sansa (residuos s\u00f3lidos) con 0% de aceite de oliva presente a la salida del decantador y aceite de oliva pulido con 0% de impurezas (analizado por centr\u00edfuga de mesa).<\/p>","protected":false},"excerpt":{"rendered":"<p>O equipamento vem para agregar mais valor e rentabilidade aos res\u00edduos gerados pelo processo de extra\u00e7\u00e3o do azeite de oliva extravirgem. Seu princ\u00edpio envolve a separa\u00e7\u00e3o do caro\u00e7o da polpa da azeitona e a sua transforma\u00e7\u00e3o em biomassa, cujo poder calor\u00edfico chega a superar o do eucalipto. \u00c9 aplicado para separa\u00e7\u00e3o do carro\u00e7o da sansa, [&hellip;]<\/p>","protected":false},"featured_media":2973,"comment_status":"open","ping_status":"closed","template":"","meta":{"arquivo_cliente":"","_joinchat":[]},"product_brand":[],"product_cat":[31],"product_tag":[],"class_list":{"0":"post-3418","1":"product","2":"type-product","3":"status-publish","4":"has-post-thumbnail","6":"product_cat-azeite-de-oliva","8":"first","9":"instock","10":"shipping-taxable","11":"product-type-simple"},"acf":[],"_links":{"self":[{"href":"https:\/\/fastindustria.com.br\/es\/wp-json\/wp\/v2\/product\/3418","targetHints":{"allow":["GET"]}}],"collection":[{"href":"https:\/\/fastindustria.com.br\/es\/wp-json\/wp\/v2\/product"}],"about":[{"href":"https:\/\/fastindustria.com.br\/es\/wp-json\/wp\/v2\/types\/product"}],"replies":[{"embeddable":true,"href":"https:\/\/fastindustria.com.br\/es\/wp-json\/wp\/v2\/comments?post=3418"}],"version-history":[{"count":4,"href":"https:\/\/fastindustria.com.br\/es\/wp-json\/wp\/v2\/product\/3418\/revisions"}],"predecessor-version":[{"id":4625,"href":"https:\/\/fastindustria.com.br\/es\/wp-json\/wp\/v2\/product\/3418\/revisions\/4625"}],"wp:featuredmedia":[{"embeddable":true,"href":"https:\/\/fastindustria.com.br\/es\/wp-json\/wp\/v2\/media\/2973"}],"wp:attachment":[{"href":"https:\/\/fastindustria.com.br\/es\/wp-json\/wp\/v2\/media?parent=3418"}],"wp:term":[{"taxonomy":"product_brand","embeddable":true,"href":"https:\/\/fastindustria.com.br\/es\/wp-json\/wp\/v2\/product_brand?post=3418"},{"taxonomy":"product_cat","embeddable":true,"href":"https:\/\/fastindustria.com.br\/es\/wp-json\/wp\/v2\/product_cat?post=3418"},{"taxonomy":"product_tag","embeddable":true,"href":"https:\/\/fastindustria.com.br\/es\/wp-json\/wp\/v2\/product_tag?post=3418"}],"curies":[{"name":"wp","href":"https:\/\/api.w.org\/{rel}","templated":true}]}}