{"id":3416,"date":"2023-07-06T17:20:17","date_gmt":"2023-07-06T20:20:17","guid":{"rendered":"https:\/\/fastindustria.com.br\/?post_type=product&#038;p=3416"},"modified":"2023-08-04T17:59:06","modified_gmt":"2023-08-04T20:59:06","slug":"filtro-de-azeite","status":"publish","type":"product","link":"https:\/\/fastindustria.com.br\/es\/producto\/filtro-de-azeite\/","title":{"rendered":"Filtro de aceite de oliva"},"content":{"rendered":"<p>El sistema de filtraci\u00f3n r\u00e1pido de aceite de oliva clarificado fue desarrollado para eliminar part\u00edculas no deseadas, puliendo el aceite de oliva clarificado. Esto ocurre al pasar el aceite entre filtros de papel que se encuentran en el medio de las placas filtrantes. Fabricado \u00edntegramente en acero inoxidable con acabado liso, el conjunto cumple con los requisitos NR-12 y sanitarios para preservar y mantener la calidad del producto extra\u00eddo.<\/p>\n<p>&nbsp;<\/p>\n<p><strong>Operaci\u00f3n<\/strong><\/p>\n<ul>\n<li>Llene el tanque con aceite de oliva;<\/li>\n<li>Comience a usar el bot\u00f3n al lado del motor el\u00e9ctrico;<\/li>\n<li>Cierre el tornillo de purga de aire del sistema despu\u00e9s de ver salir el aceite de la manguera;<\/li>\n<li>Ajuste el caudal de aceite utilizando la v\u00e1lvula en la entrada del filtro.<\/li>\n<\/ul>\n<p>&nbsp;<\/p>\n<p><strong>Ventajas<\/strong><\/p>\n<ul>\n<li>Fast cuenta con Finame para todos los equipos utilizados en la extracci\u00f3n;<\/li>\n<li>\u2022 Garant\u00eda de 2 a\u00f1os contra defectos o fallas de fabricaci\u00f3n;<\/li>\n<li>Equipo de producci\u00f3n nacional 100%;<\/li>\n<li>Personal t\u00e9cnico calificado, compuesto por ingenieros mec\u00e1nicos, qu\u00edmicos, alimentarios, de automatizaci\u00f3n y el\u00e9ctricos, ambientales, entre otros, para todo el soporte necesario;<\/li>\n<li>Apoyo t\u00e9cnico al ingeniero civil para desarrollar la planta (obra civil) dentro de los est\u00e1ndares establecidos por los organismos vigentes.<\/li>\n<\/ul>\n<p>&nbsp;<\/p>\n<p><strong>Diferencias<\/strong><\/p>\n<p>Contamos con plantas operativas en Brasil que suministran sansa (residuos s\u00f3lidos) con 0% de aceite de oliva presente a la salida del decantador y aceite de oliva pulido con 0% de impurezas (analizado por centr\u00edfuga de mesa).<\/p>\n<p>&nbsp;<\/p>","protected":false},"excerpt":{"rendered":"<p>O sistema de filtragem de azeite clarificado Fast foi desenvolvido para eliminar part\u00edculas indesej\u00e1veis, fazendo o polimento do azeite clarificado. Isso ocorre atrav\u00e9s da passagem do azeite entre filtros de papel que est\u00e3o em meio \u00e0s placas de filtragem. Fabricado totalmente em a\u00e7o inox com acabamento liso, o conjunto atende \u00e0 NR-12 e \u00e0s exig\u00eancias [&hellip;]<\/p>","protected":false},"featured_media":2966,"comment_status":"open","ping_status":"closed","template":"","meta":{"arquivo_cliente":"","_joinchat":[]},"product_brand":[],"product_cat":[31],"product_tag":[],"class_list":{"0":"post-3416","1":"product","2":"type-product","3":"status-publish","4":"has-post-thumbnail","6":"product_cat-azeite-de-oliva","8":"first","9":"instock","10":"shipping-taxable","11":"product-type-simple"},"acf":[],"_links":{"self":[{"href":"https:\/\/fastindustria.com.br\/es\/wp-json\/wp\/v2\/product\/3416","targetHints":{"allow":["GET"]}}],"collection":[{"href":"https:\/\/fastindustria.com.br\/es\/wp-json\/wp\/v2\/product"}],"about":[{"href":"https:\/\/fastindustria.com.br\/es\/wp-json\/wp\/v2\/types\/product"}],"replies":[{"embeddable":true,"href":"https:\/\/fastindustria.com.br\/es\/wp-json\/wp\/v2\/comments?post=3416"}],"version-history":[{"count":6,"href":"https:\/\/fastindustria.com.br\/es\/wp-json\/wp\/v2\/product\/3416\/revisions"}],"predecessor-version":[{"id":4660,"href":"https:\/\/fastindustria.com.br\/es\/wp-json\/wp\/v2\/product\/3416\/revisions\/4660"}],"wp:featuredmedia":[{"embeddable":true,"href":"https:\/\/fastindustria.com.br\/es\/wp-json\/wp\/v2\/media\/2966"}],"wp:attachment":[{"href":"https:\/\/fastindustria.com.br\/es\/wp-json\/wp\/v2\/media?parent=3416"}],"wp:term":[{"taxonomy":"product_brand","embeddable":true,"href":"https:\/\/fastindustria.com.br\/es\/wp-json\/wp\/v2\/product_brand?post=3416"},{"taxonomy":"product_cat","embeddable":true,"href":"https:\/\/fastindustria.com.br\/es\/wp-json\/wp\/v2\/product_cat?post=3416"},{"taxonomy":"product_tag","embeddable":true,"href":"https:\/\/fastindustria.com.br\/es\/wp-json\/wp\/v2\/product_tag?post=3416"}],"curies":[{"name":"wp","href":"https:\/\/api.w.org\/{rel}","templated":true}]}}