{"id":3401,"date":"2023-07-06T17:14:55","date_gmt":"2023-07-06T20:14:55","guid":{"rendered":"https:\/\/fastindustria.com.br\/?post_type=product&#038;p=3401"},"modified":"2023-08-04T18:00:18","modified_gmt":"2023-08-04T21:00:18","slug":"decanter-centrifugo-fast-drive-eaf","status":"publish","type":"product","link":"https:\/\/fastindustria.com.br\/es\/producto\/decanter-centrifugo-fast-drive-eaf\/","title":{"rendered":"Decantador centr\u00edfugo EAF de accionamiento r\u00e1pido"},"content":{"rendered":"<p><strong>Diferencial de l\u00ednea de transmisi\u00f3n r\u00e1pida<\/strong><\/p>\n<ul>\n<li>Sistema diferencial autom\u00e1tico controlado por par del transportador de tornillo (no requiere intervenci\u00f3n mec\u00e1nica);<\/li>\n<li>Sistema diferencial seleccionado por el operador en el PLC (no requiere intervenci\u00f3n mec\u00e1nica);<\/li>\n<li>Sistema de recuperaci\u00f3n de energ\u00eda. Alta eficiencia y mayor ahorro energ\u00e9tico.<\/li>\n<\/ul>\n<p>&nbsp;<\/p>\n<p>El decantador centr\u00edfugo Fast EAF es un equipo desarrollado espec\u00edficamente para el mercado de extracci\u00f3n de aceite de oliva. Dise\u00f1ado en conjunto con molinos e institutos de investigaci\u00f3n pioneros en Brasil, considerando las caracter\u00edsticas peculiares de la fruta a procesar, es el \u00fanico decantador de alto rendimiento en el mercado nacional.<\/p>\n<p>Sus caracter\u00edsticas t\u00e9cnicas y finos ajustes le permiten alcanzar sus m\u00e1s altas prestaciones y los mejores est\u00e1ndares de calidad. Realizando un trabajo continuo, ininterrumpido y totalmente controlado a trav\u00e9s de un panel de control equipado con un moderno HMI y PLC, el decantador centr\u00edfugo Fast EAF es altamente eficiente en la separaci\u00f3n de partes s\u00f3lidas y aceite de oliva virgen extra.<\/p>\n<p>Con un equipo de t\u00e9cnicos especializados, Fast dise\u00f1a, produce, instala y ofrece asistencia t\u00e9cnica sobre decantadores producidos en su propia f\u00e1brica. Adem\u00e1s, Fast tambi\u00e9n reacondiciona y mantiene cualquier otra marca o modelo de decantador.<\/p>\n<p><strong>Ventajas<\/strong><\/p>\n<ul>\n<li>Control del porcentaje de humedad en el producto s\u00f3lido y finos en el producto l\u00edquido;<\/li>\n<li>Equipo nacional 100%;<\/li>\n<li>Protecci\u00f3n contra exceso de oferta y sobrecarga;<\/li>\n<li>Removedor autom\u00e1tico de productos s\u00f3lidos;<\/li>\n<li>La mejor relaci\u00f3n calidad-precio;<\/li>\n<li>Menor potencia instalada;<\/li>\n<li>Ahorro de electricidad;<\/li>\n<li>\u2022 Garant\u00eda de 2 a\u00f1os contra defectos o fallas de fabricaci\u00f3n;<\/li>\n<li>\u2022 Apoyo t\u00e9cnico al ingeniero civil para el desarrollo de la planta (obra civil) dentro de los est\u00e1ndares establecidos por los organismos reguladores;<\/li>\n<\/ul>\n<p>&nbsp;<\/p>\n<p><strong>Diferencias<\/strong><\/p>\n<p>El decantador Fast es el \u00fanico del mercado nacional totalmente automatizado. El PLC del equipo gestiona los siguientes par\u00e1metros de la m\u00e1quina:<\/p>\n<ul>\n<li>Bomba de alimentaci\u00f3n;<\/li>\n<li>Rotaci\u00f3n del motor y del sinf\u00edn;<\/li>\n<li>Relaci\u00f3n de rotaci\u00f3n entre el caracol y el cilindro;<\/li>\n<li>Ecualizaci\u00f3n de la capacidad de producci\u00f3n de la m\u00e1quina con el nivel de s\u00f3lidos totales del producto a centrifugar a partir de la corriente del motor principal, modulando el variador de frecuencia de la bomba de alimentaci\u00f3n;<\/li>\n<li>Proceso autom\u00e1tico de higiene de m\u00e1quinas;<\/li>\n<li>Adecuado diferencial de rotaci\u00f3n entre el tambor y el sinf\u00edn (sinf\u00edn) para el producto a procesar;<\/li>\n<li>Activaci\u00f3n a trav\u00e9s de un motor el\u00e9ctrico controlado por un variador de frecuencia, atenuando los picos de corriente y voltaje en el arranque, permitiendo el control de RPM y protegiendo el equipo contra sobrecargas mec\u00e1nicas, adem\u00e1s del ahorro de energ\u00eda.<\/li>\n<\/ul>","protected":false},"excerpt":{"rendered":"<p>Diferencial da linha Fast Drive Sistema de diferencial autom\u00e1tico controlado pelo torque da rosca transportadora (n\u00e3o necessita interven\u00e7\u00e3o mec\u00e2nica); Sistema de diferencial selecionado pelo operador no CLP (n\u00e3o necessita interven\u00e7\u00e3o mec\u00e2nica); Sistema de recupera\u00e7\u00e3o de energia. Alta efici\u00eancia e maior economia de energia. &nbsp; O decanter centr\u00edfugo Fast EAF \u00e9 um equipamento desenvolvido especificamente para [&hellip;]<\/p>","protected":false},"featured_media":2961,"comment_status":"open","ping_status":"closed","template":"","meta":{"arquivo_cliente":"","_joinchat":[]},"product_brand":[],"product_cat":[46,31],"product_tag":[],"class_list":{"0":"post-3401","1":"product","2":"type-product","3":"status-publish","4":"has-post-thumbnail","6":"product_cat-azeite-de-abacate","7":"product_cat-azeite-de-oliva","9":"first","10":"instock","11":"shipping-taxable","12":"product-type-simple"},"acf":[],"_links":{"self":[{"href":"https:\/\/fastindustria.com.br\/es\/wp-json\/wp\/v2\/product\/3401","targetHints":{"allow":["GET"]}}],"collection":[{"href":"https:\/\/fastindustria.com.br\/es\/wp-json\/wp\/v2\/product"}],"about":[{"href":"https:\/\/fastindustria.com.br\/es\/wp-json\/wp\/v2\/types\/product"}],"replies":[{"embeddable":true,"href":"https:\/\/fastindustria.com.br\/es\/wp-json\/wp\/v2\/comments?post=3401"}],"version-history":[{"count":3,"href":"https:\/\/fastindustria.com.br\/es\/wp-json\/wp\/v2\/product\/3401\/revisions"}],"predecessor-version":[{"id":4662,"href":"https:\/\/fastindustria.com.br\/es\/wp-json\/wp\/v2\/product\/3401\/revisions\/4662"}],"wp:featuredmedia":[{"embeddable":true,"href":"https:\/\/fastindustria.com.br\/es\/wp-json\/wp\/v2\/media\/2961"}],"wp:attachment":[{"href":"https:\/\/fastindustria.com.br\/es\/wp-json\/wp\/v2\/media?parent=3401"}],"wp:term":[{"taxonomy":"product_brand","embeddable":true,"href":"https:\/\/fastindustria.com.br\/es\/wp-json\/wp\/v2\/product_brand?post=3401"},{"taxonomy":"product_cat","embeddable":true,"href":"https:\/\/fastindustria.com.br\/es\/wp-json\/wp\/v2\/product_cat?post=3401"},{"taxonomy":"product_tag","embeddable":true,"href":"https:\/\/fastindustria.com.br\/es\/wp-json\/wp\/v2\/product_tag?post=3401"}],"curies":[{"name":"wp","href":"https:\/\/api.w.org\/{rel}","templated":true}]}}