{"id":3377,"date":"2023-07-06T17:07:18","date_gmt":"2023-07-06T20:07:18","guid":{"rendered":"https:\/\/fastindustria.com.br\/?post_type=product&#038;p=3377"},"modified":"2025-07-29T12:16:32","modified_gmt":"2025-07-29T15:16:32","slug":"batedeira","status":"publish","type":"product","link":"https:\/\/fastindustria.com.br\/es\/producto\/batedeira\/","title":{"rendered":"Mezclador"},"content":{"rendered":"<p>Encargadas de amasar y homogeneizar el producto, las mezcladoras Fast cuentan con pulidor para facilitar la limpieza, luces LED, c\u00e1maras de eje horizontal y control autom\u00e1tico de temperatura, evitando cambios en las propiedades del aceite. Este equipo permite el mejor rendimiento de separaci\u00f3n.<\/p>\n<p><strong>Ventajas<\/strong><\/p>\n<ul>\n<li>Fast cuenta con Finame para todos los equipos utilizados en la extracci\u00f3n;<\/li>\n<li>\u2022 Garant\u00eda de 2 a\u00f1os contra defectos o fallas de fabricaci\u00f3n;<\/li>\n<li>Equipo de producci\u00f3n nacional 100%;<\/li>\n<li>Personal t\u00e9cnico calificado, compuesto por ingenieros mec\u00e1nicos, qu\u00edmicos, alimentarios, de automatizaci\u00f3n y el\u00e9ctricos, ambientales, entre otros, para todo el soporte necesario;<\/li>\n<li>Apoyo t\u00e9cnico al ingeniero civil para desarrollar la planta (obra civil) dentro de los est\u00e1ndares establecidos por los organismos vigentes.<\/li>\n<\/ul>\n<p><strong>Diferencias<\/strong><\/p>\n<ul>\n<li>Contamos con plantas operativas en Brasil que suministran sansa (residuos s\u00f3lidos) con 0% de aceite de oliva presente a la salida del decantador y aceite de oliva pulido con 0% de impurezas (analizado por centr\u00edfuga de mesa).<\/li>\n<\/ul>","protected":false},"excerpt":{"rendered":"<p>Respons\u00e1veis pelo amassamento e pela homogeneiza\u00e7\u00e3o do produto, as batedeiras Fast possuem polimento para facilitar a limpeza, lumin\u00e1rias em LED, c\u00e2meras de eixo horizontal e controle de temperatura autom\u00e1tico, evitando que haja altera\u00e7\u00f5es das propriedades do azeite. Esses equipamentos possibilitam o melhor rendimento na separa\u00e7\u00e3o. Vantagens A Fast possui Finame para todos os equipamentos aplicados [&hellip;]<\/p>","protected":false},"featured_media":2954,"comment_status":"open","ping_status":"closed","template":"","meta":{"arquivo_cliente":"","_joinchat":[]},"product_brand":[],"product_cat":[46,31],"product_tag":[],"class_list":{"0":"post-3377","1":"product","2":"type-product","3":"status-publish","4":"has-post-thumbnail","6":"product_cat-azeite-de-abacate","7":"product_cat-azeite-de-oliva","9":"first","10":"instock","11":"shipping-taxable","12":"product-type-simple"},"acf":[],"_links":{"self":[{"href":"https:\/\/fastindustria.com.br\/es\/wp-json\/wp\/v2\/product\/3377","targetHints":{"allow":["GET"]}}],"collection":[{"href":"https:\/\/fastindustria.com.br\/es\/wp-json\/wp\/v2\/product"}],"about":[{"href":"https:\/\/fastindustria.com.br\/es\/wp-json\/wp\/v2\/types\/product"}],"replies":[{"embeddable":true,"href":"https:\/\/fastindustria.com.br\/es\/wp-json\/wp\/v2\/comments?post=3377"}],"version-history":[{"count":5,"href":"https:\/\/fastindustria.com.br\/es\/wp-json\/wp\/v2\/product\/3377\/revisions"}],"predecessor-version":[{"id":4663,"href":"https:\/\/fastindustria.com.br\/es\/wp-json\/wp\/v2\/product\/3377\/revisions\/4663"}],"wp:featuredmedia":[{"embeddable":true,"href":"https:\/\/fastindustria.com.br\/es\/wp-json\/wp\/v2\/media\/2954"}],"wp:attachment":[{"href":"https:\/\/fastindustria.com.br\/es\/wp-json\/wp\/v2\/media?parent=3377"}],"wp:term":[{"taxonomy":"product_brand","embeddable":true,"href":"https:\/\/fastindustria.com.br\/es\/wp-json\/wp\/v2\/product_brand?post=3377"},{"taxonomy":"product_cat","embeddable":true,"href":"https:\/\/fastindustria.com.br\/es\/wp-json\/wp\/v2\/product_cat?post=3377"},{"taxonomy":"product_tag","embeddable":true,"href":"https:\/\/fastindustria.com.br\/es\/wp-json\/wp\/v2\/product_tag?post=3377"}],"curies":[{"name":"wp","href":"https:\/\/api.w.org\/{rel}","templated":true}]}}