{"id":3355,"date":"2023-07-06T16:49:11","date_gmt":"2023-07-06T19:49:11","guid":{"rendered":"https:\/\/fastindustria.com.br\/?post_type=product&#038;p=3355"},"modified":"2023-07-18T14:41:00","modified_gmt":"2023-07-18T17:41:00","slug":"tanques-de-polipropilena","status":"publish","type":"product","link":"https:\/\/fastindustria.com.br\/es\/producto\/tanques-de-polipropilena\/","title":{"rendered":"Tanques de polipropileno"},"content":{"rendered":"<p>Los tanques r\u00e1pidos de polipropileno son equipos de gran resistencia qu\u00edmica y bajo peso espec\u00edfico. No reaccionan con la gran mayor\u00eda de productos qu\u00edmicos industriales y, al tener baja absorci\u00f3n de agua, tienen buena estabilidad dimensional.<\/p>\n<p>Fabricados con excelente resistencia mec\u00e1nica, est\u00e1n fabricados con l\u00e1minas de polipropileno con un espesor de 6 a 20 mm y protecci\u00f3n UV, y est\u00e1n dise\u00f1ados para soportar esfuerzos con la mejor relaci\u00f3n costo-beneficio.<\/p>\n<p>Fast dispone de una gama de dep\u00f3sitos fabricados en polipropileno. Ellos son:<\/p>\n<p><strong>Tanque de almacenamiento de polipropileno<\/strong><\/p>\n<p>Dise\u00f1ados para almacenar durante largos per\u00edodos de tiempo los m\u00e1s diversos productos qu\u00edmicos, desde los menos abrasivos hasta los m\u00e1s corrosivos, los tanques de almacenamiento son duraderos, pr\u00e1cticos y de bajo costo.<\/p>\n<p>Fabricado con fondo plano, cuenta con indicador de nivel externo con escala graduada, zapatas de fijaci\u00f3n, conexiones para tuber\u00eda de impulsi\u00f3n, impulsi\u00f3n y drenaje, tapa con boca de inspecci\u00f3n totalmente desmontable y respiradero.<\/p>\n<table style=\"height: 601px;\" width=\"524\">\n<tbody>\n<tr>\n<td rowspan=\"2\" width=\"85\">Modelo<\/td>\n<td rowspan=\"2\" width=\"117\">Capacidad de almacenamiento (litros)<\/td>\n<td width=\"0\"><\/td>\n<\/tr>\n<tr>\n<td width=\"0\"><\/td>\n<\/tr>\n<tr>\n<td width=\"85\">TLC-600<\/td>\n<td width=\"117\">600<\/td>\n<td width=\"0\"><\/td>\n<\/tr>\n<tr>\n<td width=\"85\">TLC-800<\/td>\n<td width=\"117\">800<\/td>\n<td width=\"0\"><\/td>\n<\/tr>\n<tr>\n<td width=\"85\">TLC-1000<\/td>\n<td width=\"117\">1000<\/td>\n<td width=\"0\"><\/td>\n<\/tr>\n<tr>\n<td width=\"85\">TLC-1500<\/td>\n<td width=\"117\">1500<\/td>\n<td width=\"0\"><\/td>\n<\/tr>\n<tr>\n<td width=\"85\">TLC-2000<\/td>\n<td width=\"117\">2000<\/td>\n<td width=\"0\"><\/td>\n<\/tr>\n<tr>\n<td width=\"85\">TLC-3000<\/td>\n<td width=\"117\">3000<\/td>\n<td width=\"0\"><\/td>\n<\/tr>\n<tr>\n<td width=\"85\">TLC-5000<\/td>\n<td width=\"117\">5000<\/td>\n<td width=\"0\"><\/td>\n<\/tr>\n<tr>\n<td width=\"85\">TLC-10000<\/td>\n<td width=\"117\">10000<\/td>\n<td width=\"0\"><\/td>\n<\/tr>\n<tr>\n<td width=\"85\">TLC-15000<\/td>\n<td width=\"117\">15000<\/td>\n<td width=\"0\"><\/td>\n<\/tr>\n<tr>\n<td width=\"85\">TLC-20000<\/td>\n<td width=\"117\">20000<\/td>\n<td width=\"0\"><\/td>\n<\/tr>\n<\/tbody>\n<\/table>\n<p><strong>Tanque con sistema floculante simple<\/strong><\/p>\n<div data-draftjs-conductor-fragment=\"{&quot;blocks&quot;:[{&quot;key&quot;:&quot;1m21e&quot;,&quot;text&quot;:&quot;Projetados para preparo e dosagem de produtos qu\u00edmicos, os Sistemas Floculante Simples s\u00e3o aplicados em tratamento de efluentes. Montado em forma de c\u00e2mera \u00fanica, o tanque \u00e9 respons\u00e1vel pela mistura de produto qu\u00edmico com \u00e1gua atrav\u00e9s de um agitador mec\u00e2nico acionado por motorredutor com rota\u00e7\u00e3o espec\u00edfica para o produto a ser homogeneizado.&quot;,&quot;type&quot;:&quot;unstyled&quot;,&quot;depth&quot;:0,&quot;inlineStyleRanges&quot;:[],&quot;entityRanges&quot;:[],&quot;data&quot;:{}},{&quot;key&quot;:&quot;f0ti1&quot;,&quot;text&quot;:&quot;Fabricado com fundo plano, conta com visor de n\u00edvel externo com escala graduada, quebra-ondas interno, sapatas para fixa\u00e7\u00e3o, conex\u00f5es para tubula\u00e7\u00e3o de alimenta\u00e7\u00e3o, tubula\u00e7\u00e3o de sa\u00edda e drenagem com v\u00e1lvulas, tampa parafusada para f\u00e1cil manuten\u00e7\u00e3o e tampa de inspe\u00e7\u00e3o visual remov\u00edvel.&quot;,&quot;type&quot;:&quot;unstyled&quot;,&quot;depth&quot;:0,&quot;inlineStyleRanges&quot;:[],&quot;entityRanges&quot;:[],&quot;data&quot;:{}}],&quot;entityMap&quot;:{}}\">\n<div class=\"Draftail-block--unstyled\" data-block=\"true\" data-editor=\"bu8cs\" data-offset-key=\"dgeop-0-0\">\n<div class=\"public-DraftStyleDefault-block public-DraftStyleDefault-ltr\" data-offset-key=\"dgeop-0-0\"><span data-offset-key=\"dgeop-0-0\">Dise\u00f1ados para la preparaci\u00f3n y dosificaci\u00f3n de productos qu\u00edmicos, los sistemas floculantes simples se aplican en el tratamiento de efluentes. Montado en forma de una sola c\u00e1mara, el tanque se encarga de mezclar el producto qu\u00edmico con agua a trav\u00e9s de un agitador mec\u00e1nico accionado por un motorreductor con rotaci\u00f3n espec\u00edfica para el producto a homogeneizar.<\/span><\/div>\n<div data-offset-key=\"dgeop-0-0\"><\/div>\n<\/div>\n<div class=\"Draftail-block--unstyled\" data-block=\"true\" data-editor=\"bu8cs\" data-offset-key=\"enok1-0-0\">\n<div class=\"public-DraftStyleDefault-block public-DraftStyleDefault-ltr\" data-offset-key=\"enok1-0-0\"><span data-offset-key=\"enok1-0-0\">Fabricado con fondo plano, cuenta con indicador de nivel externo con escala graduada, rompeolas interno, zapatas de fijaci\u00f3n, conexiones para tuber\u00edas de suministro, salida y drenaje con v\u00e1lvulas, tapa atornillada para f\u00e1cil mantenimiento y tapa de inspecci\u00f3n visual removible.<\/span><\/div>\n<div data-offset-key=\"enok1-0-0\"><\/div>\n<\/div>\n<\/div>\n<table width=\"259\">\n<tbody>\n<tr>\n<td rowspan=\"2\" width=\"73\">Modelo<\/td>\n<td rowspan=\"2\" width=\"92\">N\u00famero de c\u00e1maras<\/td>\n<td rowspan=\"2\" width=\"93\">Capacidad (litros)<\/td>\n<td width=\"1\"><\/td>\n<td width=\"0\"><\/td>\n<\/tr>\n<tr>\n<td width=\"1\"><\/td>\n<td width=\"0\"><\/td>\n<\/tr>\n<tr>\n<td width=\"73\">FPF-600<\/td>\n<td rowspan=\"6\" width=\"92\">1<\/td>\n<td width=\"93\">600<\/td>\n<td width=\"1\"><\/td>\n<td width=\"0\"><\/td>\n<\/tr>\n<tr>\n<td width=\"73\">FPF-1000<\/td>\n<td width=\"93\">1000<\/td>\n<td width=\"1\"><\/td>\n<td width=\"0\"><\/td>\n<\/tr>\n<tr>\n<td width=\"73\">FPF-1500<\/td>\n<td width=\"93\">1500<\/td>\n<td width=\"1\"><\/td>\n<td width=\"0\"><\/td>\n<\/tr>\n<tr>\n<td width=\"73\">FPF-2000<\/td>\n<td width=\"93\">2000<\/td>\n<td width=\"1\"><\/td>\n<td width=\"0\"><\/td>\n<\/tr>\n<tr>\n<td width=\"73\">FPF-3000<\/td>\n<td width=\"93\">3000<\/td>\n<td width=\"1\"><\/td>\n<td width=\"0\"><\/td>\n<\/tr>\n<tr>\n<td width=\"73\">FPF-5000<\/td>\n<td width=\"93\">5000<\/td>\n<td width=\"1\"><\/td>\n<td width=\"0\"><\/td>\n<\/tr>\n<\/tbody>\n<\/table>\n<p><strong>Tanque con sistema de floculante superpuesto<\/strong><\/p>\n<div style=\"white-space: pre-wrap;\" data-draftjs-conductor-fragment=\"{&quot;blocks&quot;:[{&quot;key&quot;:&quot;4b7u3&quot;,&quot;text&quot;:&quot;Projetado para preparo, armazenagem e dosagem de produtos qu\u00edmicos, o Sistema Floculante Sobreposto \u00e9 uma alternativa de baixo custo em rela\u00e7\u00e3o aos Preparadores Autom\u00e1ticos de Pol\u00edmero. Montado de forma sobreposta, o tanque superior \u00e9 respons\u00e1vel pela mistura do produto atrav\u00e9s de um agitador mec\u00e2nico acionado por motorredutor com rota\u00e7\u00e3o espec\u00edfica para o produto a ser homogeneizado. Ap\u00f3s o tempo de mistura, o fluido \u00e9 direcionado para a c\u00e2mera inferior do tanque atrav\u00e9s da abertura da v\u00e1lvula da tubula\u00e7\u00e3o de transpasse. Esse compartimento \u00e9 diretamente ligado \u00e0 bomba dosadora do sistema a ser alimentado. No decorrer da dosagem, o processo de homogeneiza\u00e7\u00e3o de uma nova batelada pode ser preparado.&quot;,&quot;type&quot;:&quot;unstyled&quot;,&quot;depth&quot;:0,&quot;inlineStyleRanges&quot;:[],&quot;entityRanges&quot;:[{&quot;offset&quot;:49,&quot;length&quot;:8,&quot;key&quot;:0},{&quot;offset&quot;:263,&quot;length&quot;:7,&quot;key&quot;:0},{&quot;offset&quot;:359,&quot;length&quot;:7,&quot;key&quot;:0},{&quot;offset&quot;:369,&quot;length&quot;:3,&quot;key&quot;:1},{&quot;offset&quot;:373,&quot;length&quot;:13,&quot;key&quot;:1},{&quot;offset&quot;:422,&quot;length&quot;:1,&quot;key&quot;:1},{&quot;offset&quot;:424,&quot;length&quot;:11,&quot;key&quot;:1},{&quot;offset&quot;:480,&quot;length&quot;:8,&quot;key&quot;:2},{&quot;offset&quot;:492,&quot;length&quot;:7,&quot;key&quot;:2},{&quot;offset&quot;:503,&quot;length&quot;:9,&quot;key&quot;:2},{&quot;offset&quot;:516,&quot;length&quot;:10,&quot;key&quot;:2},{&quot;offset&quot;:598,&quot;length&quot;:3,&quot;key&quot;:1},{&quot;offset&quot;:602,&quot;length&quot;:10,&quot;key&quot;:1},{&quot;offset&quot;:693,&quot;length&quot;:3,&quot;key&quot;:1},{&quot;offset&quot;:697,&quot;length&quot;:9,&quot;key&quot;:1}],&quot;data&quot;:{}},{&quot;key&quot;:&quot;7no3v&quot;,&quot;text&quot;:&quot;Fabricado com fundo plano em ambas as c\u00e2meras, conta com visor de n\u00edvel externo com escala graduada, quebra-ondas interno, sapatas para fixa\u00e7\u00e3o, conex\u00f5es para tubula\u00e7\u00e3o de alimenta\u00e7\u00e3o, tubula\u00e7\u00e3o de transpasse, tubula\u00e7\u00e3o de sa\u00edda e drenagem com v\u00e1lvulas, tampa parafusada para f\u00e1cil manuten\u00e7\u00e3o e tampa de inspe\u00e7\u00e3o visual remov\u00edvel.&quot;,&quot;type&quot;:&quot;unstyled&quot;,&quot;depth&quot;:0,&quot;inlineStyleRanges&quot;:[],&quot;entityRanges&quot;:[{&quot;offset&quot;:0,&quot;length&quot;:330,&quot;key&quot;:3}],&quot;data&quot;:{}}],&quot;entityMap&quot;:{&quot;0&quot;:{&quot;type&quot;:&quot;CORRECTION&quot;,&quot;mutability&quot;:&quot;MUTABLE&quot;,&quot;data&quot;:{&quot;id&quot;:&quot;USO_PALAVRAS_REPETIDAS&quot;,&quot;spans&quot;:[{&quot;offset&quot;:49,&quot;length&quot;:8,&quot;content&quot;:&quot;produtos&quot;,&quot;par&quot;:0},{&quot;offset&quot;:263,&quot;length&quot;:7,&quot;content&quot;:&quot;produto&quot;,&quot;par&quot;:0},{&quot;offset&quot;:359,&quot;length&quot;:7,&quot;content&quot;:&quot;produto&quot;,&quot;par&quot;:0}],&quot;par&quot;:0,&quot;score&quot;:{&quot;originalidade&quot;:3},&quot;_id&quot;:&quot;64b19aaaea52fdcc2e89d5a3&quot;,&quot;custom&quot;:{&quot;title&quot;:&quot;Palavras repetidas&quot;,&quot;feedback&quot;:&quot;Palavras repetidas deixam a leitura cansativa.&quot;,&quot;more&quot;:&quot;&lt;ul&gt; &lt;li&gt; &lt;p&gt; Procure usar sin\u00f4nimos ou reescrever a frase para evitar o uso de palavras repetidas. &lt;\/p&gt; &lt;p&gt; &lt;span style='color: red'&gt; Profissionais devem buscar o equil\u00edbrio na &lt;span style='text-decoration-Line: underline'&gt;vida profissional&lt;\/span&gt;. &lt;\/span&gt; &lt;\/p&gt; &lt;p&gt; &lt;span style='color: green'&gt; Profissionais devem buscar o equil\u00edbrio na &lt;span style='text-decoration-Line: underline'&gt;carreira&lt;\/span&gt;. &lt;\/span&gt; &lt;\/p&gt; &lt;\/li&gt; &lt;\/ul&gt;&quot;},&quot;hide&quot;:false,&quot;itemId&quot;:&quot;DEVIATION_USO_PALAVRAS_REPETIDAS_64b19aaaea52fdcc2e89d5a3&quot;}},&quot;1&quot;:{&quot;type&quot;:&quot;CORRECTION&quot;,&quot;mutability&quot;:&quot;MUTABLE&quot;,&quot;data&quot;:{&quot;id&quot;:&quot;USO_VOZ_PASSIVA&quot;,&quot;spans&quot;:[{&quot;offset&quot;:369,&quot;length&quot;:3,&quot;content&quot;:&quot;ser&quot;,&quot;par&quot;:0},{&quot;offset&quot;:373,&quot;length&quot;:13,&quot;content&quot;:&quot;homogeneizado&quot;,&quot;par&quot;:0},{&quot;offset&quot;:422,&quot;length&quot;:1,&quot;content&quot;:&quot;\u00e9&quot;,&quot;par&quot;:0},{&quot;offset&quot;:424,&quot;length&quot;:11,&quot;content&quot;:&quot;direcionado&quot;,&quot;par&quot;:0},{&quot;offset&quot;:598,&quot;length&quot;:3,&quot;content&quot;:&quot;ser&quot;,&quot;par&quot;:0},{&quot;offset&quot;:602,&quot;length&quot;:10,&quot;content&quot;:&quot;alimentado&quot;,&quot;par&quot;:0},{&quot;offset&quot;:693,&quot;length&quot;:3,&quot;content&quot;:&quot;ser&quot;,&quot;par&quot;:0},{&quot;offset&quot;:697,&quot;length&quot;:9,&quot;content&quot;:&quot;preparado&quot;,&quot;par&quot;:0}],&quot;par&quot;:0,&quot;score&quot;:{&quot;forca&quot;:2},&quot;_id&quot;:&quot;64b19aaaea52fd7bd389d5a4&quot;,&quot;citation&quot;:{&quot;text&quot;:&quot;Nunca use a voz passiva se puder usar a ativa.&quot;,&quot;author&quot;:&quot;George Orwell&quot;},&quot;custom&quot;:{&quot;title&quot;:&quot;Excesso de voz passiva&quot;,&quot;feedback&quot;:&quot;O uso excessivo de voz passiva pode ser um v\u00edcio de linguagem. Se puder optar, escolha a voz ativa. Ela \u00e9 mais direta, vigorosa e concisa que a passiva.&quot;,&quot;more&quot;:&quot;&lt;ul&gt; &lt;li&gt; &lt;p&gt;Tente reescrever a frase utilizando a voz ativa.&lt;\/p&gt; &lt;p&gt; &lt;span style='color: red'&gt; O ajuste necess\u00e1rio &lt;span style='text-decoration-Line: underline'&gt; &lt;b&gt;foi feito&lt;\/b&gt;&lt;\/span&gt; pela empresa. &lt;\/span&gt; &lt;\/p&gt; &lt;p&gt; &lt;span style='color: green'&gt; A empresa &lt;span style='text-decoration-Line: underline'&gt; &lt;b&gt;fez&lt;\/b&gt;&lt;\/span&gt; o ajuste necess\u00e1rio. &lt;\/span&gt; &lt;\/p&gt; &lt;\/li&gt; &lt;\/ul&gt;&quot;,&quot;citation&quot;:{&quot;text&quot;:&quot;Nunca use a voz passiva se puder usar a ativa.&quot;,&quot;author&quot;:&quot;George Orwell&quot;}},&quot;hide&quot;:false,&quot;itemId&quot;:&quot;DEVIATION_USO_VOZ_PASSIVA_64b19aaaea52fd7bd389d5a4&quot;}},&quot;2&quot;:{&quot;type&quot;:&quot;CORRECTION&quot;,&quot;mutability&quot;:&quot;MUTABLE&quot;,&quot;data&quot;:{&quot;id&quot;:&quot;SUBSTANTIVOS_RASTEJANTES&quot;,&quot;spans&quot;:[{&quot;offset&quot;:480,&quot;length&quot;:8,&quot;content&quot;:&quot;abertura&quot;,&quot;par&quot;:0},{&quot;offset&quot;:492,&quot;length&quot;:7,&quot;content&quot;:&quot;v\u00e1lvula&quot;,&quot;par&quot;:0},{&quot;offset&quot;:503,&quot;length&quot;:9,&quot;content&quot;:&quot;tubula\u00e7\u00e3o&quot;,&quot;par&quot;:0},{&quot;offset&quot;:516,&quot;length&quot;:10,&quot;content&quot;:&quot;transpasse&quot;,&quot;par&quot;:0}],&quot;score&quot;:{&quot;concisao&quot;:3},&quot;_id&quot;:&quot;64b19aaaea52fd32b389d5a5&quot;,&quot;custom&quot;:{&quot;title&quot;:&quot;Substantivos Rastejantes&quot;,&quot;feedback&quot;:&quot;Muitos substantivos seguidos podem deixar o texto confuso.&quot;,&quot;more&quot;:&quot;&lt;ul&gt; &lt;li&gt; &lt;p&gt;Tente transformar substantivos e adjetivos em verbos.&lt;\/p&gt; &lt;p&gt; &lt;span style='color: red'&gt; Temos &lt;span style='text-decoration-Line: underline'&gt; &lt;b&gt;empresas&lt;\/b&gt;&lt;\/span&gt; do &lt;span style='text-decoration-Line: underline'&gt; &lt;b&gt;setor&lt;\/b&gt;&lt;\/span&gt; com &lt;span style='text-decoration-Line: underline'&gt; &lt;b&gt;problemas&lt;\/b&gt;&lt;\/span&gt; de &lt;span style='text-decoration-Line: underline'&gt; &lt;b&gt;dinheiro&lt;\/b&gt;&lt;\/span&gt;. &lt;\/span&gt; &lt;\/p&gt; &lt;p&gt; &lt;span style='color: green'&gt;O setor est\u00e1 quebrando (falindo).&lt;\/span&gt; &lt;\/p&gt; &lt;\/li&gt; &lt;li&gt; &lt;p&gt; \u00c9 parecido com o que a autora Dad Squarisi chama de \u201cfileirinha de d\u00eas\u201d. &lt;\/p&gt; &lt;p&gt; &lt;span style='color: red'&gt; O &lt;span style='text-decoration-Line: underline'&gt; &lt;b&gt;progresso&lt;\/b&gt;&lt;\/span&gt; dos &lt;span style='text-decoration-Line: underline'&gt; &lt;b&gt;estudantes&lt;\/b&gt;&lt;\/span&gt; de &lt;span style='text-decoration-Line: underline'&gt; &lt;b&gt;institui\u00e7\u00f5es&lt;\/b&gt;&lt;\/span&gt; de &lt;span style='text-decoration-Line: underline'&gt; &lt;b&gt;ensino&lt;\/b&gt;&lt;\/span&gt; do &lt;span style='text-decoration-Line: underline'&gt; &lt;b&gt;governo&lt;\/b&gt;&lt;\/span&gt; \u00e9 lento. &lt;\/span&gt; &lt;\/p&gt; &lt;p&gt; &lt;span style='color: green'&gt; Os estudantes de escolas p\u00fablicas progridem lentamente. &lt;\/span&gt; &lt;\/p&gt; &lt;\/li&gt; &lt;\/ul&gt;&quot;},&quot;hide&quot;:false,&quot;itemId&quot;:&quot;DEVIATION_SUBSTANTIVOS_RASTEJANTES_64b19aaaea52fd32b389d5a5&quot;}},&quot;3&quot;:{&quot;type&quot;:&quot;CORRECTION&quot;,&quot;mutability&quot;:&quot;MUTABLE&quot;,&quot;data&quot;:{&quot;id&quot;:&quot;FRASE_LONGA&quot;,&quot;spans&quot;:[{&quot;offset&quot;:708,&quot;length&quot;:330,&quot;content&quot;:&quot;Fabricado com fundo plano em ambas as c\u00e2meras, conta com visor de n\u00edvel externo com escala graduada, quebra-ondas interno, sapatas para fixa\u00e7\u00e3o, conex\u00f5es para tubula\u00e7\u00e3o de alimenta\u00e7\u00e3o, tubula\u00e7\u00e3o de transpasse, tubula\u00e7\u00e3o de sa\u00edda e drenagem com v\u00e1lvulas, tampa parafusada para f\u00e1cil manuten\u00e7\u00e3o e tampa de inspe\u00e7\u00e3o visual remov\u00edvel.&quot;}],&quot;par&quot;:0,&quot;sent&quot;:0,&quot;score&quot;:{&quot;concisao&quot;:2},&quot;_id&quot;:&quot;64b19ab1be6b03ea7e9569ae&quot;,&quot;custom&quot;:{&quot;title&quot;:&quot;Frase muito longa | &lt;i&gt;330 toques&lt;\/i&gt;&quot;,&quot;feedback&quot;:&quot;S\u00f3 conseguimos dominar um n\u00famero limitado de palavras antes de precisar de uma pausa. Frases curtas facilitam a compreens\u00e3o do texto.&quot;,&quot;more&quot;:&quot;&lt;ul&gt; &lt;li&gt; &lt;p&gt;Se sua frase est\u00e1 muito muito longa, tente dividi-la em duas.&lt;\/p&gt; &lt;\/li&gt; &lt;li&gt; &lt;p&gt; Corte palavras desnecess\u00e1rias. Comece pelos adv\u00e9rbios e adjetivos. &lt;\/p&gt; &lt;\/li&gt; &lt;li&gt; &lt;p&gt; Substitua os poliss\u00edlabos por palavras simples: &lt;i&gt;usar&lt;\/i&gt; \u00e9 mais simples que &lt;i&gt;utilizar&lt;\/i&gt;. &lt;\/p&gt; &lt;\/li&gt; &lt;\/ul&gt;&quot;},&quot;hide&quot;:false,&quot;itemId&quot;:&quot;DEVIATION_FRASE_LONGA_64b19ab1be6b03ea7e9569ae&quot;}}}}\">\n<div class=\"Draftail-block--unstyled\" data-block=\"true\" data-editor=\"bu8cs\" data-offset-key=\"dgeop-0-0\">\n<div class=\"public-DraftStyleDefault-block public-DraftStyleDefault-ltr\" data-offset-key=\"dgeop-0-0\"><span data-offset-key=\"dgeop-0-0\">Dise\u00f1ado para la preparaci\u00f3n, almacenamiento y dosificaci\u00f3n de <\/span><span class=\"jss10509 TEXT_64b19aaaea52fdcc2e89d5a3\"><span data-offset-key=\"dgeop-1-0\">productos<\/span><\/span><span data-offset-key=\"dgeop-2-0\"> qu\u00edmicos, el sistema de floculante superpuesto es una alternativa de bajo costo a los preparadores autom\u00e1ticos de pol\u00edmeros. Montado de forma superpuesta, el tanque superior se encarga de mezclar el <\/span><span class=\"jss10509 TEXT_64b19aaaea52fdcc2e89d5a3\"><span data-offset-key=\"dgeop-3-0\">producto<\/span><\/span><span data-offset-key=\"dgeop-4-0\"> mediante un agitador mec\u00e1nico accionado por un motorreductor con giro espec\u00edfico para la <\/span><span class=\"jss10509 TEXT_64b19aaaea52fdcc2e89d5a3\"><span data-offset-key=\"dgeop-5-0\">producto<\/span><\/span><span data-offset-key=\"dgeop-6-0\"> el <\/span><span class=\"jss10509 TEXT_64b19aaaea52fd7bd389d5a4\"><span data-offset-key=\"dgeop-7-0\">ser<\/span><\/span> <span class=\"jss10509 TEXT_64b19aaaea52fd7bd389d5a4\"><span data-offset-key=\"dgeop-9-0\">homogeneizado<\/span><\/span><span data-offset-key=\"dgeop-10-0\">. Despu\u00e9s del tiempo de mezcla, el fluido <\/span><span class=\"jss10509 TEXT_64b19aaaea52fd7bd389d5a4\"><span data-offset-key=\"dgeop-11-0\">y<\/span><\/span> <span class=\"jss10509 TEXT_64b19aaaea52fd7bd389d5a4\"><span data-offset-key=\"dgeop-13-0\">dirigido<\/span><\/span><span data-offset-key=\"dgeop-14-0\"> a la c\u00e1mara del tanque inferior a trav\u00e9s del <\/span><span class=\"jss10509 TEXT_64b19aaaea52fd32b389d5a5\"><span data-offset-key=\"dgeop-15-0\">apertura<\/span><\/span><span data-offset-key=\"dgeop-16-0\"> desde <\/span><span class=\"jss10509 TEXT_64b19aaaea52fd32b389d5a5\"><span data-offset-key=\"dgeop-17-0\">v\u00e1lvula<\/span><\/span><span data-offset-key=\"dgeop-18-0\"> desde <\/span><span class=\"jss10509 TEXT_64b19aaaea52fd32b389d5a5\"><span data-offset-key=\"dgeop-19-0\">tuber\u00eda<\/span><\/span><span data-offset-key=\"dgeop-20-0\"> de <\/span><span class=\"jss10509 TEXT_64b19aaaea52fd32b389d5a5\"><span data-offset-key=\"dgeop-21-0\">traspasar<\/span><\/span><span data-offset-key=\"dgeop-22-0\">. Este compartimento est\u00e1 conectado directamente a la bomba dosificadora del sistema para <\/span><span class=\"jss10509 TEXT_64b19aaaea52fd7bd389d5a4\"><span data-offset-key=\"dgeop-23-0\">ser<\/span><\/span> <span class=\"jss10509 TEXT_64b19aaaea52fd7bd389d5a4\"><span data-offset-key=\"dgeop-25-0\">alimentado<\/span><\/span><span data-offset-key=\"dgeop-26-0\">. Durante la dosificaci\u00f3n, el proceso de homogeneizaci\u00f3n de un nuevo lote puede <\/span><span class=\"jss10509 TEXT_64b19aaaea52fd7bd389d5a4\"><span data-offset-key=\"dgeop-27-0\">ser<\/span><\/span> <span class=\"jss10509 TEXT_64b19aaaea52fd7bd389d5a4\"><span data-offset-key=\"dgeop-29-0\">preparado<\/span><\/span><span data-offset-key=\"dgeop-30-0\">.<\/span><\/div>\n<div data-offset-key=\"dgeop-0-0\"><\/div>\n<\/div>\n<div class=\"Draftail-block--unstyled\" data-block=\"true\" data-editor=\"bu8cs\" data-offset-key=\"d6v6j-0-0\">\n<div class=\"public-DraftStyleDefault-block public-DraftStyleDefault-ltr\" data-offset-key=\"d6v6j-0-0\"><span class=\"jss10509 TEXT_64b19ab1be6b03ea7e9569ae\"><span data-offset-key=\"d6v6j-0-0\">Fabricado con fondo plano en ambas c\u00e1maras, cuenta con indicador de nivel externo con escala graduada, rompeolas interno, zapatas de fijaci\u00f3n, conexiones para tuber\u00eda de suministro, tuber\u00eda de transferencia, tuber\u00eda de salida y drenaje con v\u00e1lvulas, tapa atornillada para f\u00e1cil mantenimiento e inspecci\u00f3n visual removible. cubrir.<\/span><\/span><\/div>\n<div data-offset-key=\"d6v6j-0-0\"><\/div>\n<\/div>\n<\/div>\n<table width=\"468\">\n<tbody>\n<tr>\n<td rowspan=\"2\" width=\"73\">Modelo<\/td>\n<td rowspan=\"2\" width=\"90\">N\u00famero de c\u00e1maras<\/td>\n<td rowspan=\"2\" width=\"106\">Capacidad de preparaci\u00f3n (litros)<\/td>\n<td rowspan=\"2\" width=\"99\">Capacidad de almacenamiento (litros)<\/td>\n<td rowspan=\"2\" width=\"89\">Capacidad total (litros)<\/td>\n<td width=\"10\"><\/td>\n<td width=\"0\"><\/td>\n<\/tr>\n<tr>\n<td width=\"10\"><\/td>\n<td width=\"0\"><\/td>\n<\/tr>\n<tr>\n<td width=\"73\">FPF-150<\/td>\n<td rowspan=\"7\" width=\"90\">2<\/td>\n<td width=\"106\">150<\/td>\n<td width=\"99\">150<\/td>\n<td width=\"89\">300<\/td>\n<td width=\"10\"><\/td>\n<td width=\"0\"><\/td>\n<\/tr>\n<tr>\n<td width=\"73\">FPF-200<\/td>\n<td width=\"106\">200<\/td>\n<td width=\"99\">200<\/td>\n<td width=\"89\">400<\/td>\n<td width=\"10\"><\/td>\n<td width=\"0\"><\/td>\n<\/tr>\n<tr>\n<td width=\"73\">FPF-500<\/td>\n<td width=\"106\">500<\/td>\n<td width=\"99\">500<\/td>\n<td width=\"89\">1000<\/td>\n<td width=\"10\"><\/td>\n<td width=\"0\"><\/td>\n<\/tr>\n<tr>\n<td width=\"73\">FPF-1000<\/td>\n<td width=\"106\">1000<\/td>\n<td width=\"99\">1000<\/td>\n<td width=\"89\">2000<\/td>\n<td width=\"10\"><\/td>\n<td width=\"0\"><\/td>\n<\/tr>\n<tr>\n<td width=\"73\">FPF-1500<\/td>\n<td width=\"106\">1500<\/td>\n<td width=\"99\">1500<\/td>\n<td width=\"89\">3000<\/td>\n<td width=\"10\"><\/td>\n<td width=\"0\"><\/td>\n<\/tr>\n<tr>\n<td width=\"73\">FFPS-2000<\/td>\n<td width=\"106\">2000<\/td>\n<td width=\"99\">2000<\/td>\n<td width=\"89\">4000<\/td>\n<td width=\"10\"><\/td>\n<td width=\"0\"><\/td>\n<\/tr>\n<tr>\n<td width=\"73\">FPF-3000<\/td>\n<td width=\"106\">3000<\/td>\n<td width=\"99\">3000<\/td>\n<td width=\"89\">6000<\/td>\n<td width=\"10\"><\/td>\n<td width=\"0\"><\/td>\n<\/tr>\n<\/tbody>\n<\/table>\n<p><strong>Segmentos y aplicaci\u00f3n [con enlace a la p\u00e1gina respectiva]<\/strong><\/p>\n<p>Estaci\u00f3n de Tratamiento de Aguas Residuales Sanitarias (ETE), Estaci\u00f3n de Tratamiento de Efluentes Industriales (ETE), refrigeradores, papel y celulosa, l\u00e1cteos, bebidas, alimentos, curtidos, textiles, renderizado, agricultura, pesca, entre otros.<\/p>","protected":false},"excerpt":{"rendered":"<p>Os tanques de polipropileno Fast s\u00e3o equipamentos de grande resist\u00eancia qu\u00edmica e baixo peso espec\u00edfico. N\u00e3o possuem rea\u00e7\u00e3o com a grande maioria dos produtos qu\u00edmicos industriais e, por apresentarem baixa absor\u00e7\u00e3o de \u00e1gua, eles apresentam boa estabilidade dimensional. Fabricados com excelente resist\u00eancia mec\u00e2nica, s\u00e3o constru\u00eddos em chapas de polipropileno com espessura de 6 a 20 [&hellip;]<\/p>","protected":false},"featured_media":2997,"comment_status":"open","ping_status":"closed","template":"","meta":{"arquivo_cliente":"","_joinchat":[]},"product_brand":[],"product_cat":[44,34,30,43,32,47,33,29],"product_tag":[109,108],"class_list":{"0":"post-3355","1":"product","2":"type-product","3":"status-publish","4":"has-post-thumbnail","6":"product_cat-bebidas","7":"product_cat-fast-grain","8":"product_cat-frigorificos","9":"product_cat-laticinios","10":"product_cat-mineracao","11":"product_cat-outras-aplicacoes","12":"product_cat-papel-celulose","13":"product_cat-saneamento","14":"product_tag-eta","15":"product_tag-ete","17":"first","18":"instock","19":"shipping-taxable","20":"product-type-simple"},"acf":[],"_links":{"self":[{"href":"https:\/\/fastindustria.com.br\/es\/wp-json\/wp\/v2\/product\/3355","targetHints":{"allow":["GET"]}}],"collection":[{"href":"https:\/\/fastindustria.com.br\/es\/wp-json\/wp\/v2\/product"}],"about":[{"href":"https:\/\/fastindustria.com.br\/es\/wp-json\/wp\/v2\/types\/product"}],"replies":[{"embeddable":true,"href":"https:\/\/fastindustria.com.br\/es\/wp-json\/wp\/v2\/comments?post=3355"}],"version-history":[{"count":11,"href":"https:\/\/fastindustria.com.br\/es\/wp-json\/wp\/v2\/product\/3355\/revisions"}],"predecessor-version":[{"id":4715,"href":"https:\/\/fastindustria.com.br\/es\/wp-json\/wp\/v2\/product\/3355\/revisions\/4715"}],"wp:featuredmedia":[{"embeddable":true,"href":"https:\/\/fastindustria.com.br\/es\/wp-json\/wp\/v2\/media\/2997"}],"wp:attachment":[{"href":"https:\/\/fastindustria.com.br\/es\/wp-json\/wp\/v2\/media?parent=3355"}],"wp:term":[{"taxonomy":"product_brand","embeddable":true,"href":"https:\/\/fastindustria.com.br\/es\/wp-json\/wp\/v2\/product_brand?post=3355"},{"taxonomy":"product_cat","embeddable":true,"href":"https:\/\/fastindustria.com.br\/es\/wp-json\/wp\/v2\/product_cat?post=3355"},{"taxonomy":"product_tag","embeddable":true,"href":"https:\/\/fastindustria.com.br\/es\/wp-json\/wp\/v2\/product_tag?post=3355"}],"curies":[{"name":"wp","href":"https:\/\/api.w.org\/{rel}","templated":true}]}}