{"id":3339,"date":"2023-07-06T16:40:48","date_gmt":"2023-07-06T19:40:48","guid":{"rendered":"https:\/\/fastindustria.com.br\/?post_type=product&#038;p=3339"},"modified":"2023-07-18T13:37:43","modified_gmt":"2023-07-18T16:37:43","slug":"tanques-modulares","status":"publish","type":"product","link":"https:\/\/fastindustria.com.br\/es\/producto\/tanques-modulares\/","title":{"rendered":"Tanques modulares"},"content":{"rendered":"<div style=\"white-space: pre-wrap;\" data-draftjs-conductor-fragment=\"{&quot;blocks&quot;:[{&quot;key&quot;:&quot;dfbkk&quot;,&quot;text&quot;:&quot;Os tanques reservat\u00f3rios Fast figuram em in\u00fameras obras de saneamento em todo o Brasil. Fabricados em a\u00e7o inox e projetados seguindo as normas de regulamenta\u00e7\u00e3o de padr\u00f5es nacionais e internacionais, atendem \u00e0s mais variadas necessidades dos clientes e seus respectivos projetos. Os reservat\u00f3rios podem ser instalados na posi\u00e7\u00e3o vertical ou horizontal, com volumes a partir de 100 m\u00b3 ou 10 mil litros at\u00e9 milh\u00f5es de litros, abertos ou com cobertura. Devido \u00e0 utiliza\u00e7\u00e3o de materiais da mais alta qualidade, s\u00e3o extremamente dur\u00e1veis e t\u00eam uma vida \u00fatil maior. Al\u00e9m disso, o corpo t\u00e9cnico da Fast conta com os softwares de dimensionamento mais avan\u00e7ados do mercado, garantindo a entrega de projetos seguros e confi\u00e1veis.&quot;,&quot;type&quot;:&quot;unstyled&quot;,&quot;depth&quot;:0,&quot;inlineStyleRanges&quot;:[],&quot;entityRanges&quot;:[{&quot;offset&quot;:511,&quot;length&quot;:12,&quot;key&quot;:0}],&quot;data&quot;:{}},{&quot;key&quot;:&quot;anj58&quot;,&quot;text&quot;:&quot;Normas seguidas pela empresa &quot;,&quot;type&quot;:&quot;unstyled&quot;,&quot;depth&quot;:0,&quot;inlineStyleRanges&quot;:[{&quot;offset&quot;:0,&quot;length&quot;:29,&quot;style&quot;:&quot;BOLD&quot;}],&quot;entityRanges&quot;:[],&quot;data&quot;:{}},{&quot;key&quot;:&quot;20bfk&quot;,&quot;text&quot;:&quot;Factory-coated bolted steel tanks for water storage calculations AWWA \u2013 103-09;&quot;,&quot;type&quot;:&quot;unordered-list-item&quot;,&quot;depth&quot;:0,&quot;inlineStyleRanges&quot;:[],&quot;entityRanges&quot;:[],&quot;data&quot;:{}},{&quot;key&quot;:&quot;1t953&quot;,&quot;text&quot;:&quot;ABNT \u2013 NBR 6123 \u2013 Quanto \u00e0 for\u00e7a devida aos ventos em edifica\u00e7\u00f5es em geral;&quot;,&quot;type&quot;:&quot;unordered-list-item&quot;,&quot;depth&quot;:0,&quot;inlineStyleRanges&quot;:[],&quot;entityRanges&quot;:[],&quot;data&quot;:{}},{&quot;key&quot;:&quot;6aen4&quot;,&quot;text&quot;:&quot;Welded Steel Tanks for Oil Storage - API 650;&quot;,&quot;type&quot;:&quot;unordered-list-item&quot;,&quot;depth&quot;:0,&quot;inlineStyleRanges&quot;:[],&quot;entityRanges&quot;:[],&quot;data&quot;:{}},{&quot;key&quot;:&quot;1b9b2&quot;,&quot;text&quot;:&quot;Norma Eurocode EN 1993-1-6;&quot;,&quot;type&quot;:&quot;unordered-list-item&quot;,&quot;depth&quot;:0,&quot;inlineStyleRanges&quot;:[],&quot;entityRanges&quot;:[],&quot;data&quot;:{}},{&quot;key&quot;:&quot;397e&quot;,&quot;text&quot;:&quot;An\u00e1lise por elementos finitos segundo crit\u00e9rios de tens\u00f5es ASME VII Div. 2.&quot;,&quot;type&quot;:&quot;unordered-list-item&quot;,&quot;depth&quot;:0,&quot;inlineStyleRanges&quot;:[],&quot;entityRanges&quot;:[],&quot;data&quot;:{}},{&quot;key&quot;:&quot;1ke8s&quot;,&quot;text&quot;:&quot;VANTAGENS&quot;,&quot;type&quot;:&quot;unstyled&quot;,&quot;depth&quot;:0,&quot;inlineStyleRanges&quot;:[],&quot;entityRanges&quot;:[],&quot;data&quot;:{}},{&quot;key&quot;:&quot;fuber&quot;,&quot;text&quot;:&quot;Baixos requisitos de manuten\u00e7\u00e3o;&quot;,&quot;type&quot;:&quot;unordered-list-item&quot;,&quot;depth&quot;:0,&quot;inlineStyleRanges&quot;:[],&quot;entityRanges&quot;:[],&quot;data&quot;:{}},{&quot;key&quot;:&quot;9ecr8&quot;,&quot;text&quot;:&quot;Livre de corros\u00e3o e contamina\u00e7\u00e3o;&quot;,&quot;type&quot;:&quot;unordered-list-item&quot;,&quot;depth&quot;:0,&quot;inlineStyleRanges&quot;:[],&quot;entityRanges&quot;:[],&quot;data&quot;:{}},{&quot;key&quot;:&quot;2osui&quot;,&quot;text&quot;:&quot;Facilidade de reparo;&quot;,&quot;type&quot;:&quot;unordered-list-item&quot;,&quot;depth&quot;:0,&quot;inlineStyleRanges&quot;:[],&quot;entityRanges&quot;:[],&quot;data&quot;:{}},{&quot;key&quot;:&quot;8lah4&quot;,&quot;text&quot;:&quot;Infinitamente recicl\u00e1vel;&quot;,&quot;type&quot;:&quot;unordered-list-item&quot;,&quot;depth&quot;:0,&quot;inlineStyleRanges&quot;:[],&quot;entityRanges&quot;:[],&quot;data&quot;:{}},{&quot;key&quot;:&quot;8i6qu&quot;,&quot;text&quot;:&quot;Acabamento do tanque pode ser semipolido, fosco ou escovado.&quot;,&quot;type&quot;:&quot;unordered-list-item&quot;,&quot;depth&quot;:0,&quot;inlineStyleRanges&quot;:[],&quot;entityRanges&quot;:[],&quot;data&quot;:{}},{&quot;key&quot;:&quot;fu6kp&quot;,&quot;text&quot;:&quot;ACESS\u00d3RIOS&quot;,&quot;type&quot;:&quot;unstyled&quot;,&quot;depth&quot;:0,&quot;inlineStyleRanges&quot;:[],&quot;entityRanges&quot;:[],&quot;data&quot;:{}},{&quot;key&quot;:&quot;7lfeg&quot;,&quot;text&quot;:&quot;A Fast disp\u00f5e de uma linha completa de acess\u00f3rios, permitindo configurar escadas, passarelas e flanges, customizando o tanque de acordo com a necessidade de cada cliente. S\u00e3o esses os opcionais:&quot;,&quot;type&quot;:&quot;unstyled&quot;,&quot;depth&quot;:0,&quot;inlineStyleRanges&quot;:[],&quot;entityRanges&quot;:[],&quot;data&quot;:{}},{&quot;key&quot;:&quot;erank&quot;,&quot;text&quot;:&quot;Inspe\u00e7\u00e3o lateral;&quot;,&quot;type&quot;:&quot;unordered-list-item&quot;,&quot;depth&quot;:0,&quot;inlineStyleRanges&quot;:[],&quot;entityRanges&quot;:[],&quot;data&quot;:{}},{&quot;key&quot;:&quot;evmrs&quot;,&quot;text&quot;:&quot;Bocais;&quot;,&quot;type&quot;:&quot;unordered-list-item&quot;,&quot;depth&quot;:0,&quot;inlineStyleRanges&quot;:[],&quot;entityRanges&quot;:[],&quot;data&quot;:{}},{&quot;key&quot;:&quot;7ltan&quot;,&quot;text&quot;:&quot;Escada marinheiro;&quot;,&quot;type&quot;:&quot;unordered-list-item&quot;,&quot;depth&quot;:0,&quot;inlineStyleRanges&quot;:[],&quot;entityRanges&quot;:[],&quot;data&quot;:{}},{&quot;key&quot;:&quot;342st&quot;,&quot;text&quot;:&quot;Escada espiral;&quot;,&quot;type&quot;:&quot;unordered-list-item&quot;,&quot;depth&quot;:0,&quot;inlineStyleRanges&quot;:[],&quot;entityRanges&quot;:[],&quot;data&quot;:{}},{&quot;key&quot;:&quot;eqm1r&quot;,&quot;text&quot;:&quot;Telhados c\u00f4nicos ou geod\u00e9sicos.&quot;,&quot;type&quot;:&quot;unordered-list-item&quot;,&quot;depth&quot;:0,&quot;inlineStyleRanges&quot;:[],&quot;entityRanges&quot;:[],&quot;data&quot;:{}},{&quot;key&quot;:&quot;alpi6&quot;,&quot;text&quot;:&quot;TIPOS DE APLICA\u00c7\u00d5ES DOS TANQUES RESERVAT\u00d3RIOS&quot;,&quot;type&quot;:&quot;unstyled&quot;,&quot;depth&quot;:0,&quot;inlineStyleRanges&quot;:[],&quot;entityRanges&quot;:[],&quot;data&quot;:{}},{&quot;key&quot;:&quot;emf8p&quot;,&quot;text&quot;:&quot;Armazenamento de \u00e1gua;&quot;,&quot;type&quot;:&quot;unordered-list-item&quot;,&quot;depth&quot;:0,&quot;inlineStyleRanges&quot;:[],&quot;entityRanges&quot;:[],&quot;data&quot;:{}},{&quot;key&quot;:&quot;b600d&quot;,&quot;text&quot;:&quot;Armazenamento de \u00e1guas residuais provenientes de cervejarias;&quot;,&quot;type&quot;:&quot;unordered-list-item&quot;,&quot;depth&quot;:0,&quot;inlineStyleRanges&quot;:[],&quot;entityRanges&quot;:[],&quot;data&quot;:{}},{&quot;key&quot;:&quot;dl6pf&quot;,&quot;text&quot;:&quot;Contato\/desinfec\u00e7\u00e3o;&quot;,&quot;type&quot;:&quot;unordered-list-item&quot;,&quot;depth&quot;:0,&quot;inlineStyleRanges&quot;:[],&quot;entityRanges&quot;:[],&quot;data&quot;:{}},{&quot;key&quot;:&quot;6mg0g&quot;,&quot;text&quot;:&quot;Digestor de lodo;&quot;,&quot;type&quot;:&quot;unordered-list-item&quot;,&quot;depth&quot;:0,&quot;inlineStyleRanges&quot;:[],&quot;entityRanges&quot;:[],&quot;data&quot;:{}},{&quot;key&quot;:&quot;775u9&quot;,&quot;text&quot;:&quot;Floculador mec\u00e2nico;&quot;,&quot;type&quot;:&quot;unordered-list-item&quot;,&quot;depth&quot;:0,&quot;inlineStyleRanges&quot;:[],&quot;entityRanges&quot;:[],&quot;data&quot;:{}},{&quot;key&quot;:&quot;8iddp&quot;,&quot;text&quot;:&quot;Fluidos\/efluentes;&quot;,&quot;type&quot;:&quot;unordered-list-item&quot;,&quot;depth&quot;:0,&quot;inlineStyleRanges&quot;:[],&quot;entityRanges&quot;:[],&quot;data&quot;:{}},{&quot;key&quot;:&quot;569qd&quot;,&quot;text&quot;:&quot;Lodo digerido;&quot;,&quot;type&quot;:&quot;unordered-list-item&quot;,&quot;depth&quot;:0,&quot;inlineStyleRanges&quot;:[],&quot;entityRanges&quot;:[],&quot;data&quot;:{}},{&quot;key&quot;:&quot;3j707&quot;,&quot;text&quot;:&quot;MBBRs \u2013 Reator Biol\u00f3gico de Leito M\u00f3vel;&quot;,&quot;type&quot;:&quot;unordered-list-item&quot;,&quot;depth&quot;:0,&quot;inlineStyleRanges&quot;:[],&quot;entityRanges&quot;:[],&quot;data&quot;:{}},{&quot;key&quot;:&quot;1kosg&quot;,&quot;text&quot;:&quot;Processamento industrial de peixe;&quot;,&quot;type&quot;:&quot;unordered-list-item&quot;,&quot;depth&quot;:0,&quot;inlineStyleRanges&quot;:[],&quot;entityRanges&quot;:[],&quot;data&quot;:{}},{&quot;key&quot;:&quot;7lpji&quot;,&quot;text&quot;:&quot;Silos de gr\u00e3os de trigo;&quot;,&quot;type&quot;:&quot;unordered-list-item&quot;,&quot;depth&quot;:0,&quot;inlineStyleRanges&quot;:[],&quot;entityRanges&quot;:[],&quot;data&quot;:{}},{&quot;key&quot;:&quot;17ho4&quot;,&quot;text&quot;:&quot;Silos de ra\u00e7\u00e3o;&quot;,&quot;type&quot;:&quot;unordered-list-item&quot;,&quot;depth&quot;:0,&quot;inlineStyleRanges&quot;:[],&quot;entityRanges&quot;:[],&quot;data&quot;:{}},{&quot;key&quot;:&quot;1jbpg&quot;,&quot;text&quot;:&quot;Tratamento de efluentes municipais ou industriais;&quot;,&quot;type&quot;:&quot;unordered-list-item&quot;,&quot;depth&quot;:0,&quot;inlineStyleRanges&quot;:[],&quot;entityRanges&quot;:[],&quot;data&quot;:{}},{&quot;key&quot;:&quot;4f6du&quot;,&quot;text&quot;:&quot;Uso na agricultura;&quot;,&quot;type&quot;:&quot;unordered-list-item&quot;,&quot;depth&quot;:0,&quot;inlineStyleRanges&quot;:[],&quot;entityRanges&quot;:[],&quot;data&quot;:{}},{&quot;key&quot;:&quot;c2s1n&quot;,&quot;text&quot;:&quot;Entre outros.&quot;,&quot;type&quot;:&quot;unordered-list-item&quot;,&quot;depth&quot;:0,&quot;inlineStyleRanges&quot;:[],&quot;entityRanges&quot;:[],&quot;data&quot;:{}}],&quot;entityMap&quot;:{&quot;0&quot;:{&quot;type&quot;:&quot;CORRECTION&quot;,&quot;mutability&quot;:&quot;MUTABLE&quot;,&quot;data&quot;:{&quot;id&quot;:&quot;USO_EXTREMAMENTE&quot;,&quot;score&quot;:{&quot;concisao&quot;:2},&quot;replacement&quot;:[&quot;muito&quot;,&quot;&quot;],&quot;replace&quot;:true,&quot;spans&quot;:[{&quot;offset&quot;:511,&quot;length&quot;:12,&quot;content&quot;:&quot;extremamente&quot;}],&quot;_id&quot;:&quot;64b1a0f1be6b0318859583f1&quot;,&quot;custom&quot;:{&quot;title&quot;:&quot;Uso&lt;i&gt;extremamente&lt;\/i&gt;&quot;,&quot;feedback&quot;:&quot;A palavra extremamente &lt;i&gt;\u00e9 muito usada&lt;\/i&gt;. Tente usar um sin\u00f4nimo mais especifico para sua situa\u00e7\u00e3o.&quot;,&quot;more&quot;:&quot;&lt;p&gt;Extremamente &lt;i&gt;\u00e9 uma palavra utilizada&lt;\/i&gt; excessivamente, prefira troc\u00e1-la por uma palavra mais espec\u00edfica, quando poss\u00edvel, troc\u00e1-la por um adv\u00e9rbio n\u00e3o terminado em -&lt;i&gt;mente&lt;\/i&gt;, que caracterizam v\u00edcio de linguagem, ou apenas retir\u00e1-la da frase, quando poss\u00edvel.&lt;\/p&gt;&lt;p&gt;Exemplo:&lt;\/p&gt;&lt;p&gt;&lt;span style='color: #ff0000;'&gt;Dez maneiras de escrever textos&lt;span style='text-decoration: underline;'&gt; extremamente&lt;\/span&gt; relevantes.&lt;\/span&gt;&lt;\/p&gt;&lt;p&gt;&lt;span style='color: #008000;'&gt;Dez maneiras de escrever textos&lt;span style='text-decoration: underline;'&gt; muito&lt;\/span&gt; relevantes.&lt;\/span&gt;&lt;\/p&gt;&quot;},&quot;hide&quot;:false,&quot;itemId&quot;:&quot;DEVIATION_USO_EXTREMAMENTE_64b1a0f1be6b0318859583f1&quot;}}}}\">\n<div class=\"Draftail-block--unstyled\" data-block=\"true\" data-editor=\"bu8cs\" data-offset-key=\"dgeop-0-0\">\n<div class=\"public-DraftStyleDefault-block public-DraftStyleDefault-ltr\" data-offset-key=\"dgeop-0-0\"><span data-offset-key=\"dgeop-0-0\">Los tanques de reserva r\u00e1pida aparecen en numerosas obras de saneamiento en todo Brasil. Fabricados en acero inoxidable y dise\u00f1ados siguiendo est\u00e1ndares nacionales e internacionales, satisfacen las m\u00e1s variadas necesidades de los clientes y sus respectivos proyectos. Los dep\u00f3sitos pueden instalarse en posici\u00f3n vertical u horizontal, con vol\u00famenes desde 100 m\u00b3 o 10 mil litros hasta millones de litros, abiertos o con tapa. Debido al uso de materiales de la m\u00e1s alta calidad, son <\/span><span class=\"jss11758 TEXT_64b1a0f1be6b0318859583f1\"><span data-offset-key=\"dgeop-1-0\">extremadamente<\/span><\/span><span data-offset-key=\"dgeop-2-0\"> duraderos y tienen una vida \u00fatil m\u00e1s larga. Adem\u00e1s, el equipo t\u00e9cnico de Fast cuenta con el software de dimensionamiento m\u00e1s avanzado del mercado, garantizando la entrega de proyectos seguros y confiables.<\/span><\/div>\n<div data-offset-key=\"dgeop-0-0\"><\/div>\n<\/div>\n<div class=\"Draftail-block--unstyled\" data-block=\"true\" data-editor=\"bu8cs\" data-offset-key=\"8dmmh-0-0\">\n<div class=\"public-DraftStyleDefault-block public-DraftStyleDefault-ltr\" data-offset-key=\"8dmmh-0-0\"><span data-offset-key=\"8dmmh-0-0\"><strong>Est\u00e1ndares seguidos por la empresa.<\/strong> <\/span><\/div>\n<\/div>\n<ul>\n<li class=\"public-DraftStyleDefault-block public-DraftStyleDefault-ltr\" data-offset-key=\"a3463-0-0\"><span data-offset-key=\"a3463-0-0\">Tanques de acero atornillados recubiertos de f\u00e1brica para c\u00e1lculos de almacenamiento de agua AWWA \u2013 103-09;<\/span><\/li>\n<li class=\"public-DraftStyleDefault-block public-DraftStyleDefault-ltr\" data-offset-key=\"ae04p-0-0\"><span data-offset-key=\"ae04p-0-0\">ABNT \u2013 NBR 6123 \u2013 Respecto a la fuerza debida al viento en las edificaciones en general;<\/span><\/li>\n<li class=\"public-DraftStyleDefault-block public-DraftStyleDefault-ltr\" data-offset-key=\"42u80-0-0\"><span data-offset-key=\"42u80-0-0\">Tanques de Acero Soldados para Almacenamiento de Petr\u00f3leo \u2013 API 650;<\/span><\/li>\n<li class=\"public-DraftStyleDefault-block public-DraftStyleDefault-ltr\" data-offset-key=\"7t2ju-0-0\"><span data-offset-key=\"7t2ju-0-0\">Norma Euroc\u00f3digo EN 1993-1-6;<\/span><\/li>\n<li class=\"public-DraftStyleDefault-block public-DraftStyleDefault-ltr\" data-offset-key=\"e7rh7-0-0\"><span data-offset-key=\"e7rh7-0-0\">An\u00e1lisis de elementos finitos seg\u00fan criterios de tensi\u00f3n ASME VII Div. 2.<\/span><\/li>\n<\/ul>\n<div class=\"Draftail-block--unstyled\" data-block=\"true\" data-editor=\"bu8cs\" data-offset-key=\"fuh6o-0-0\">\n<div class=\"public-DraftStyleDefault-block public-DraftStyleDefault-ltr\" data-offset-key=\"fuh6o-0-0\"><strong>Ventajas<\/strong><\/div>\n<\/div>\n<ul>\n<li class=\"public-DraftStyleDefault-block public-DraftStyleDefault-ltr\" data-offset-key=\"b53u5-0-0\"><span data-offset-key=\"b53u5-0-0\">Bajos requisitos de mantenimiento;<\/span><\/li>\n<li class=\"public-DraftStyleDefault-block public-DraftStyleDefault-ltr\" data-offset-key=\"57vlc-0-0\"><span data-offset-key=\"57vlc-0-0\">Libre de corrosi\u00f3n y contaminaci\u00f3n;<\/span><\/li>\n<li class=\"public-DraftStyleDefault-block public-DraftStyleDefault-ltr\" data-offset-key=\"bgoas-0-0\"><span data-offset-key=\"bgoas-0-0\">Facilidad de reparaci\u00f3n;<\/span><\/li>\n<li class=\"public-DraftStyleDefault-block public-DraftStyleDefault-ltr\" data-offset-key=\"6pit7-0-0\"><span data-offset-key=\"6pit7-0-0\">Infinitamente reciclable;<\/span><\/li>\n<li class=\"public-DraftStyleDefault-block public-DraftStyleDefault-ltr\" data-offset-key=\"8phru-0-0\"><span data-offset-key=\"8phru-0-0\">El acabado del tanque puede ser semipulido, mate o cepillado.<\/span><\/li>\n<\/ul>\n<div class=\"Draftail-block--unstyled\" data-block=\"true\" data-editor=\"bu8cs\" data-offset-key=\"3bkrd-0-0\">\n<div class=\"public-DraftStyleDefault-block public-DraftStyleDefault-ltr\" data-offset-key=\"3bkrd-0-0\"><strong>Accesorios<\/strong><\/div>\n<div data-offset-key=\"3bkrd-0-0\"><\/div>\n<\/div>\n<div class=\"Draftail-block--unstyled\" data-block=\"true\" data-editor=\"bu8cs\" data-offset-key=\"9473e-0-0\">\n<div class=\"public-DraftStyleDefault-block public-DraftStyleDefault-ltr\" data-offset-key=\"9473e-0-0\"><span data-offset-key=\"9473e-0-0\">Fast cuenta con una completa l\u00ednea de accesorios, permitiendo configurar escaleras, pasarelas y bridas, personalizando el tanque seg\u00fan las necesidades de cada cliente. Estos son los opcionales:<\/span><\/div>\n<\/div>\n<ul>\n<li class=\"public-DraftStyleDefault-block public-DraftStyleDefault-ltr\" data-offset-key=\"71c7n-0-0\"><span data-offset-key=\"71c7n-0-0\">Inspecci\u00f3n lateral;<\/span><\/li>\n<li class=\"public-DraftStyleDefault-block public-DraftStyleDefault-ltr\" data-offset-key=\"blmes-0-0\"><span data-offset-key=\"blmes-0-0\">boquillas;<\/span><\/li>\n<li class=\"public-DraftStyleDefault-block public-DraftStyleDefault-ltr\" data-offset-key=\"4lvn7-0-0\"><span data-offset-key=\"4lvn7-0-0\">Escalera de marinero;<\/span><\/li>\n<li class=\"public-DraftStyleDefault-block public-DraftStyleDefault-ltr\" data-offset-key=\"c123e-0-0\"><span data-offset-key=\"c123e-0-0\">Escalera de caracol;<\/span><\/li>\n<li class=\"public-DraftStyleDefault-block public-DraftStyleDefault-ltr\" data-offset-key=\"5a2iv-0-0\"><span data-offset-key=\"5a2iv-0-0\">Cubiertas c\u00f3nicas o geod\u00e9sicas.<\/span><\/li>\n<\/ul>\n<div class=\"Draftail-block--unstyled\" data-block=\"true\" data-editor=\"bu8cs\" data-offset-key=\"95a4c-0-0\">\n<div class=\"public-DraftStyleDefault-block public-DraftStyleDefault-ltr\" data-offset-key=\"95a4c-0-0\"><strong>Tipos de aplicaciones de tanques de reserva<\/strong><\/div>\n<\/div>\n<ul>\n<li class=\"public-DraftStyleDefault-block public-DraftStyleDefault-ltr\" data-offset-key=\"ec4ak-0-0\"><span data-offset-key=\"ec4ak-0-0\">Almacenamiento de agua;<\/span><\/li>\n<li class=\"public-DraftStyleDefault-block public-DraftStyleDefault-ltr\" data-offset-key=\"ar6kh-0-0\"><span data-offset-key=\"ar6kh-0-0\">Almacenamiento de aguas residuales de cervecer\u00edas;<\/span><\/li>\n<li class=\"public-DraftStyleDefault-block public-DraftStyleDefault-ltr\" data-offset-key=\"6f652-0-0\"><span data-offset-key=\"6f652-0-0\">Contacto\/desinfecci\u00f3n;<\/span><\/li>\n<li class=\"public-DraftStyleDefault-block public-DraftStyleDefault-ltr\" data-offset-key=\"8uesn-0-0\"><span data-offset-key=\"8uesn-0-0\">digestor de lodos;<\/span><\/li>\n<li class=\"public-DraftStyleDefault-block public-DraftStyleDefault-ltr\" data-offset-key=\"7n9h5-0-0\"><span data-offset-key=\"7n9h5-0-0\">Floculador mec\u00e1nico;<\/span><\/li>\n<li class=\"public-DraftStyleDefault-block public-DraftStyleDefault-ltr\" data-offset-key=\"du8ja-0-0\"><span data-offset-key=\"du8ja-0-0\">Fluidos\/efluentes;<\/span><\/li>\n<li class=\"public-DraftStyleDefault-block public-DraftStyleDefault-ltr\" data-offset-key=\"531uj-0-0\"><span data-offset-key=\"531uj-0-0\">Lodos digeridos;<\/span><\/li>\n<li class=\"public-DraftStyleDefault-block public-DraftStyleDefault-ltr\" data-offset-key=\"c0okm-0-0\"><span data-offset-key=\"c0okm-0-0\">MBBR \u2013 Reactor biol\u00f3gico de lecho m\u00f3vil;<\/span><\/li>\n<li class=\"public-DraftStyleDefault-block public-DraftStyleDefault-ltr\" data-offset-key=\"bb3uk-0-0\"><span data-offset-key=\"bb3uk-0-0\">Procesamiento industrial de pescado;<\/span><\/li>\n<li class=\"public-DraftStyleDefault-block public-DraftStyleDefault-ltr\" data-offset-key=\"2mpbg-0-0\"><span data-offset-key=\"2mpbg-0-0\">Silos de grano de trigo;<\/span><\/li>\n<li class=\"public-DraftStyleDefault-block public-DraftStyleDefault-ltr\" data-offset-key=\"bk0pm-0-0\"><span data-offset-key=\"bk0pm-0-0\">Silos de pienso;<\/span><\/li>\n<li class=\"public-DraftStyleDefault-block public-DraftStyleDefault-ltr\" data-offset-key=\"53h37-0-0\"><span data-offset-key=\"53h37-0-0\">Tratamiento de efluentes municipales o industriales;<\/span><\/li>\n<li class=\"public-DraftStyleDefault-block public-DraftStyleDefault-ltr\" data-offset-key=\"7eecj-0-0\"><span data-offset-key=\"7eecj-0-0\">Uso en agricultura;<\/span><\/li>\n<li class=\"public-DraftStyleDefault-block public-DraftStyleDefault-ltr\" data-offset-key=\"fuojt-0-0\"><span data-offset-key=\"fuojt-0-0\">Entre otros.<\/span><\/li>\n<\/ul>\n<\/div>\n<p><strong>Segmentos y aplicaci\u00f3n\u00a0<\/strong><\/p>\n<p>Estaci\u00f3n de Tratamiento de Aguas Residuales Sanitarias (ETE), Estaci\u00f3n de Tratamiento de Efluentes Industriales (ETE), refrigeradores, papel y celulosa, l\u00e1cteos, bebidas, alimentos, curtidos, textiles, renderizado, agricultura, pesca, entre otros.<\/p>","protected":false},"excerpt":{"rendered":"<p>Os tanques reservat\u00f3rios Fast figuram em in\u00fameras obras de saneamento em todo o Brasil. Fabricados em a\u00e7o inox e projetados seguindo as normas de regulamenta\u00e7\u00e3o de padr\u00f5es nacionais e internacionais, atendem \u00e0s mais variadas necessidades dos clientes e seus respectivos projetos. Os reservat\u00f3rios podem ser instalados na posi\u00e7\u00e3o vertical ou horizontal, com volumes a partir [&hellip;]<\/p>","protected":false},"featured_media":3001,"comment_status":"open","ping_status":"closed","template":"","meta":{"arquivo_cliente":"","_joinchat":[]},"product_brand":[],"product_cat":[30,47,29],"product_tag":[109,108],"class_list":{"0":"post-3339","1":"product","2":"type-product","3":"status-publish","4":"has-post-thumbnail","6":"product_cat-frigorificos","7":"product_cat-outras-aplicacoes","8":"product_cat-saneamento","9":"product_tag-eta","10":"product_tag-ete","12":"first","13":"instock","14":"shipping-taxable","15":"product-type-simple"},"acf":[],"_links":{"self":[{"href":"https:\/\/fastindustria.com.br\/es\/wp-json\/wp\/v2\/product\/3339","targetHints":{"allow":["GET"]}}],"collection":[{"href":"https:\/\/fastindustria.com.br\/es\/wp-json\/wp\/v2\/product"}],"about":[{"href":"https:\/\/fastindustria.com.br\/es\/wp-json\/wp\/v2\/types\/product"}],"replies":[{"embeddable":true,"href":"https:\/\/fastindustria.com.br\/es\/wp-json\/wp\/v2\/comments?post=3339"}],"version-history":[{"count":5,"href":"https:\/\/fastindustria.com.br\/es\/wp-json\/wp\/v2\/product\/3339\/revisions"}],"predecessor-version":[{"id":4677,"href":"https:\/\/fastindustria.com.br\/es\/wp-json\/wp\/v2\/product\/3339\/revisions\/4677"}],"wp:featuredmedia":[{"embeddable":true,"href":"https:\/\/fastindustria.com.br\/es\/wp-json\/wp\/v2\/media\/3001"}],"wp:attachment":[{"href":"https:\/\/fastindustria.com.br\/es\/wp-json\/wp\/v2\/media?parent=3339"}],"wp:term":[{"taxonomy":"product_brand","embeddable":true,"href":"https:\/\/fastindustria.com.br\/es\/wp-json\/wp\/v2\/product_brand?post=3339"},{"taxonomy":"product_cat","embeddable":true,"href":"https:\/\/fastindustria.com.br\/es\/wp-json\/wp\/v2\/product_cat?post=3339"},{"taxonomy":"product_tag","embeddable":true,"href":"https:\/\/fastindustria.com.br\/es\/wp-json\/wp\/v2\/product_tag?post=3339"}],"curies":[{"name":"wp","href":"https:\/\/api.w.org\/{rel}","templated":true}]}}