{"id":3322,"date":"2023-07-06T16:27:49","date_gmt":"2023-07-06T19:27:49","guid":{"rendered":"https:\/\/fastindustria.com.br\/?post_type=product&#038;p=3322"},"modified":"2023-07-18T17:11:09","modified_gmt":"2023-07-18T20:11:09","slug":"automacao-e-painel-eletrico","status":"publish","type":"product","link":"https:\/\/fastindustria.com.br\/es\/producto\/automacao-e-painel-eletrico\/","title":{"rendered":"Automatizaci\u00f3n y Cuadro El\u00e9ctrico"},"content":{"rendered":"<div style=\"white-space: pre-wrap;\" data-draftjs-conductor-fragment=\"{&quot;blocks&quot;:[{&quot;key&quot;:&quot;don1r&quot;,&quot;text&quot;:&quot;No cora\u00e7\u00e3o da opera\u00e7\u00e3o dos equipamentos, os pain\u00e9is el\u00e9tricos s\u00e3o fundamentais para ind\u00fastrias e servem para assegurar a prote\u00e7\u00e3o e aprimorar os processos produtivos. A Fast tem dom\u00ednio total dos seus processos tecnol\u00f3gicos. O painel el\u00e9trico Fast \u00e9 montado integralmente dentro da empresa, podendo ser seriado ou dedicado, de simples opera\u00e7\u00e3o ou automatizado.&quot;,&quot;type&quot;:&quot;unstyled&quot;,&quot;depth&quot;:0,&quot;inlineStyleRanges&quot;:[],&quot;entityRanges&quot;:[{&quot;offset&quot;:248,&quot;length&quot;:1,&quot;key&quot;:0},{&quot;offset&quot;:250,&quot;length&quot;:7,&quot;key&quot;:0},{&quot;offset&quot;:299,&quot;length&quot;:3,&quot;key&quot;:0},{&quot;offset&quot;:303,&quot;length&quot;:7,&quot;key&quot;:0}],&quot;data&quot;:{}},{&quot;key&quot;:&quot;323vl&quot;,&quot;text&quot;:&quot;Vantagens &quot;,&quot;type&quot;:&quot;unstyled&quot;,&quot;depth&quot;:0,&quot;inlineStyleRanges&quot;:[{&quot;offset&quot;:0,&quot;length&quot;:10,&quot;style&quot;:&quot;BOLD&quot;}],&quot;entityRanges&quot;:[],&quot;data&quot;:{}},{&quot;key&quot;:&quot;38gqt&quot;,&quot;text&quot;:&quot;Os pain\u00e9is podem ser certificados de acordo com a IEC 61439 e t\u00eam como norte a ABNT NBR 5410, norma para instala\u00e7\u00f5es el\u00e9tricas de baixa tens\u00e3o.&quot;,&quot;type&quot;:&quot;unordered-list-item&quot;,&quot;depth&quot;:0,&quot;inlineStyleRanges&quot;:[],&quot;entityRanges&quot;:[],&quot;data&quot;:{}},{&quot;key&quot;:&quot;cot3n&quot;,&quot;text&quot;:&quot;Automa\u00e7\u00e3o&quot;,&quot;type&quot;:&quot;unstyled&quot;,&quot;depth&quot;:0,&quot;inlineStyleRanges&quot;:[{&quot;offset&quot;:0,&quot;length&quot;:9,&quot;style&quot;:&quot;BOLD&quot;}],&quot;entityRanges&quot;:[],&quot;data&quot;:{}},{&quot;key&quot;:&quot;csh12&quot;,&quot;text&quot;:&quot;Toda a programa\u00e7\u00e3o \u00e9 feita internamente com componentes homologados e validados por uma equipe t\u00e9cnica qualificada. Os processos autom\u00e1ticos seguem diretrizes pr\u00e9-definidas por sensoriza\u00e7\u00e3o, buscando a independ\u00eancia do sistema. O conceito de IHM (Interface Homem-M\u00e1quina) \u00e9 intuitivo e interativo para otimizar o trabalho operacional. O sistema de cores de IHM de alta performance visa atender pessoas com percep\u00e7\u00f5es visuais especiais. Al\u00e9m disso, mapas de comunica\u00e7\u00e3o buscam a integra\u00e7\u00e3o com supervis\u00f3rios j\u00e1 existentes no cliente.&quot;,&quot;type&quot;:&quot;unstyled&quot;,&quot;depth&quot;:0,&quot;inlineStyleRanges&quot;:[],&quot;entityRanges&quot;:[{&quot;offset&quot;:0,&quot;length&quot;:4,&quot;key&quot;:1},{&quot;offset&quot;:116,&quot;length&quot;:2,&quot;key&quot;:1},{&quot;offset&quot;:228,&quot;length&quot;:1,&quot;key&quot;:1},{&quot;offset&quot;:335,&quot;length&quot;:1,&quot;key&quot;:1}],&quot;data&quot;:{}},{&quot;key&quot;:&quot;34soc&quot;,&quot;text&quot;:&quot;Projeto el\u00e9trico&quot;,&quot;type&quot;:&quot;unstyled&quot;,&quot;depth&quot;:0,&quot;inlineStyleRanges&quot;:[{&quot;offset&quot;:0,&quot;length&quot;:16,&quot;style&quot;:&quot;BOLD&quot;}],&quot;entityRanges&quot;:[],&quot;data&quot;:{}},{&quot;key&quot;:&quot;3bkkr&quot;,&quot;text&quot;:&quot;A ferramenta utilizada para elabora\u00e7\u00e3o dos esquemas el\u00e9tricos permite r\u00e1pida rastreabilidade de componentes e f\u00e1cil interpreta\u00e7\u00e3o do mesmo. Destaque para recursos como realidade aumentada, sistema de backup em nuvem e 3D modular.&quot;,&quot;type&quot;:&quot;unstyled&quot;,&quot;depth&quot;:0,&quot;inlineStyleRanges&quot;:[],&quot;entityRanges&quot;:[],&quot;data&quot;:{}}],&quot;entityMap&quot;:{&quot;0&quot;:{&quot;type&quot;:&quot;CORRECTION&quot;,&quot;mutability&quot;:&quot;MUTABLE&quot;,&quot;data&quot;:{&quot;id&quot;:&quot;USO_VOZ_PASSIVA&quot;,&quot;spans&quot;:[{&quot;offset&quot;:248,&quot;length&quot;:1,&quot;content&quot;:&quot;\u00e9&quot;,&quot;par&quot;:0},{&quot;offset&quot;:250,&quot;length&quot;:7,&quot;content&quot;:&quot;montado&quot;,&quot;par&quot;:0},{&quot;offset&quot;:299,&quot;length&quot;:3,&quot;content&quot;:&quot;ser&quot;,&quot;par&quot;:0},{&quot;offset&quot;:303,&quot;length&quot;:7,&quot;content&quot;:&quot;seriado&quot;,&quot;par&quot;:0}],&quot;par&quot;:0,&quot;score&quot;:{&quot;forca&quot;:2},&quot;_id&quot;:&quot;64b1ab64be6b03c8db95acff&quot;,&quot;citation&quot;:{&quot;text&quot;:&quot;Nunca use a voz passiva se puder usar a ativa.&quot;,&quot;author&quot;:&quot;George Orwell&quot;},&quot;custom&quot;:{&quot;title&quot;:&quot;Excesso de voz passiva&quot;,&quot;feedback&quot;:&quot;O uso excessivo de voz passiva pode ser um v\u00edcio de linguagem. Se puder optar, escolha a voz ativa. Ela \u00e9 mais direta, vigorosa e concisa que a passiva.&quot;,&quot;more&quot;:&quot;&lt;ul&gt; &lt;li&gt; &lt;p&gt;Tente reescrever a frase utilizando a voz ativa.&lt;\/p&gt; &lt;p&gt; &lt;span style='color: red'&gt; O ajuste necess\u00e1rio &lt;span style='text-decoration-Line: underline'&gt; &lt;b&gt;foi feito&lt;\/b&gt;&lt;\/span&gt; pela empresa. &lt;\/span&gt; &lt;\/p&gt; &lt;p&gt; &lt;span style='color: green'&gt; A empresa &lt;span style='text-decoration-Line: underline'&gt; &lt;b&gt;fez&lt;\/b&gt;&lt;\/span&gt; o ajuste necess\u00e1rio. &lt;\/span&gt; &lt;\/p&gt; &lt;\/li&gt; &lt;\/ul&gt;&quot;,&quot;citation&quot;:{&quot;text&quot;:&quot;Nunca use a voz passiva se puder usar a ativa.&quot;,&quot;author&quot;:&quot;George Orwell&quot;}},&quot;hide&quot;:false,&quot;itemId&quot;:&quot;DEVIATION_USO_VOZ_PASSIVA_64b1ab64be6b03c8db95acff&quot;}},&quot;1&quot;:{&quot;type&quot;:&quot;CORRECTION&quot;,&quot;mutability&quot;:&quot;MUTABLE&quot;,&quot;data&quot;:{&quot;id&quot;:&quot;REPETICAO_INICIO_FRASE&quot;,&quot;spans&quot;:[{&quot;offset&quot;:526,&quot;length&quot;:4,&quot;content&quot;:&quot;Toda&quot;,&quot;par&quot;:0},{&quot;offset&quot;:642,&quot;length&quot;:2,&quot;content&quot;:&quot;Os&quot;,&quot;par&quot;:0},{&quot;offset&quot;:754,&quot;length&quot;:1,&quot;content&quot;:&quot;O&quot;,&quot;par&quot;:0},{&quot;offset&quot;:861,&quot;length&quot;:1,&quot;content&quot;:&quot;O&quot;,&quot;par&quot;:0}],&quot;par&quot;:0,&quot;score&quot;:{&quot;originalidade&quot;:3},&quot;_id&quot;:&quot;64b1ac22ea52fd3f078a1906&quot;,&quot;custom&quot;:{&quot;title&quot;:&quot;N\u00e3o inicie frases com estruturas iguais&quot;,&quot;feedback&quot;:&quot;Procure iniciar as frases de forma diferente. Tenha um cuidado especial com a abertura dos par\u00e1grafos.&quot;,&quot;more&quot;:&quot;&lt;ul&gt; &lt;li&gt; &lt;p&gt;N\u00e3o comece muitas frases no mesmo par\u00e1grafo com:&lt;\/p&gt; &lt;p&gt; Artigos: &lt;i&gt;o, os, a, as, um, uns, uma, umas&lt;\/i&gt;. &lt;\/p&gt; &lt;p&gt; Pronomes demonstrativos: &lt;i&gt;esse, esses, essa, essas, isso&lt;\/i&gt;. &lt;\/p&gt; &lt;p&gt;Verbos, adv\u00e9rbios e locu\u00e7\u00f5es adverbiais.&lt;\/p&gt; &lt;\/li&gt; &lt;\/ul&gt;&quot;},&quot;hide&quot;:false,&quot;itemId&quot;:&quot;DEVIATION_REPETICAO_INICIO_FRASE_64b1ac22ea52fd3f078a1906&quot;}}}}\">\n<div class=\"Draftail-block--unstyled\" data-block=\"true\" data-editor=\"8gcvi\" data-offset-key=\"dgeop-0-0\">\n<div class=\"public-DraftStyleDefault-block public-DraftStyleDefault-ltr\" data-offset-key=\"dgeop-0-0\"><span data-offset-key=\"dgeop-0-0\">En el coraz\u00f3n del funcionamiento de los equipos, los paneles el\u00e9ctricos son esenciales para las industrias y sirven para garantizar la protecci\u00f3n y mejorar los procesos de producci\u00f3n. Fast tiene control total de sus procesos tecnol\u00f3gicos. El cuadro el\u00e9ctrico de la empresa. <\/span><span class=\"jss22926 TEXT_64b1ab64be6b03c8db95acff\"><span data-offset-key=\"dgeop-1-0\">y<\/span><\/span> <span class=\"jss22926 TEXT_64b1ab64be6b03c8db95acff\"><span data-offset-key=\"dgeop-3-0\">montado<\/span><\/span><span data-offset-key=\"dgeop-4-0\"> completamente dentro de Fast, y puede <\/span><span class=\"jss22926 TEXT_64b1ab64be6b03c8db95acff\"><span data-offset-key=\"dgeop-5-0\">ser<\/span><\/span> <span class=\"jss22926 TEXT_64b1ab64be6b03c8db95acff\"><span data-offset-key=\"dgeop-7-0\">serie<\/span><\/span><span data-offset-key=\"dgeop-8-0\"> o dedicado, simple de operar o automatizado.<\/span><\/div>\n<div data-offset-key=\"dgeop-0-0\"><\/div>\n<\/div>\n<div class=\"Draftail-block--unstyled\" data-block=\"true\" data-editor=\"8gcvi\" data-offset-key=\"bam9q-0-0\">\n<div class=\"public-DraftStyleDefault-block public-DraftStyleDefault-ltr\" data-offset-key=\"bam9q-0-0\"><span data-offset-key=\"bam9q-0-0\"><strong>Ventajas<\/strong> <\/span><\/div>\n<\/div>\n<ul>\n<li class=\"public-DraftStyleDefault-block public-DraftStyleDefault-ltr\" data-offset-key=\"epmv0-0-0\"><span data-offset-key=\"epmv0-0-0\">Los paneles pueden ser certificados de acuerdo con la norma IEC 61439 y est\u00e1n guiados por la ABNT NBR 5410, norma para instalaciones el\u00e9ctricas de baja tensi\u00f3n.<\/span><\/li>\n<\/ul>\n<div class=\"Draftail-block--unstyled\" data-block=\"true\" data-editor=\"8gcvi\" data-offset-key=\"fvgmd-0-0\">\n<div data-offset-key=\"fvgmd-0-0\"><\/div>\n<div class=\"public-DraftStyleDefault-block public-DraftStyleDefault-ltr\" data-offset-key=\"fvgmd-0-0\"><strong>Automatizaci\u00f3n<\/strong><\/div>\n<div data-offset-key=\"fvgmd-0-0\"><\/div>\n<\/div>\n<div class=\"Draftail-block--unstyled\" data-block=\"true\" data-editor=\"8gcvi\" data-offset-key=\"42m9u-0-0\">\n<div class=\"public-DraftStyleDefault-block public-DraftStyleDefault-ltr\" data-offset-key=\"42m9u-0-0\"><span class=\"jss22926 TEXT_64b1ac22ea52fd3f078a1906\"><span data-offset-key=\"42m9u-0-0\">Todo<\/span><\/span><span data-offset-key=\"42m9u-1-0\"> La programaci\u00f3n se realiza internamente con componentes homologados y validados por un equipo t\u00e9cnico cualificado. <\/span><span class=\"jss22926 TEXT_64b1ac22ea52fd3f078a1906\"><span data-offset-key=\"42m9u-2-0\">T\u00fa<\/span><\/span><span data-offset-key=\"42m9u-3-0\"> Los procesos autom\u00e1ticos siguen pautas predefinidas mediante detecci\u00f3n, buscando la independencia del sistema. <\/span><span class=\"jss22926 TEXT_64b1ac22ea52fd3f078a1906\"><span data-offset-key=\"42m9u-4-0\">EL<\/span><\/span><span data-offset-key=\"42m9u-5-0\"> El concepto HMI (Interfaz Hombre-M\u00e1quina) es intuitivo e interactivo para optimizar el trabajo operativo. <\/span><span class=\"jss22926 TEXT_64b1ac22ea52fd3f078a1906\"><span data-offset-key=\"42m9u-6-0\">EL<\/span><\/span><span data-offset-key=\"42m9u-7-0\"> El sistema de color HMI de alto rendimiento tiene como objetivo servir a personas con percepciones visuales especiales. Adem\u00e1s, los mapas de comunicaci\u00f3n buscan la integraci\u00f3n con los supervisores ya existentes en el cliente.<\/span><\/div>\n<div data-offset-key=\"42m9u-0-0\"><\/div>\n<\/div>\n<div class=\"Draftail-block--unstyled\" data-block=\"true\" data-editor=\"8gcvi\" data-offset-key=\"3fp87-0-0\">\n<div class=\"public-DraftStyleDefault-block public-DraftStyleDefault-ltr\" data-offset-key=\"3fp87-0-0\"><strong>Proyecto electrico<\/strong><\/div>\n<div data-offset-key=\"3fp87-0-0\"><\/div>\n<\/div>\n<div class=\"Draftail-block--unstyled\" data-block=\"true\" data-editor=\"8gcvi\" data-offset-key=\"3o47a-0-0\">\n<div class=\"public-DraftStyleDefault-block public-DraftStyleDefault-ltr\" data-offset-key=\"3o47a-0-0\"><span data-offset-key=\"3o47a-0-0\">La herramienta utilizada para crear diagramas el\u00e9ctricos permite una r\u00e1pida trazabilidad de los componentes y una f\u00e1cil interpretaci\u00f3n. Destacan caracter\u00edsticas como realidad aumentada, sistema de respaldo en la nube y 3D modular.<\/span><\/div>\n<\/div>\n<\/div>","protected":false},"excerpt":{"rendered":"<p>No cora\u00e7\u00e3o da opera\u00e7\u00e3o dos equipamentos, os pain\u00e9is el\u00e9tricos s\u00e3o fundamentais para ind\u00fastrias e servem para assegurar a prote\u00e7\u00e3o e aprimorar os processos produtivos. A Fast tem dom\u00ednio total dos seus processos tecnol\u00f3gicos. O painel el\u00e9trico da empresa \u00e9 montado integralmente dentro da Fast, podendo ser seriado ou dedicado, de simples opera\u00e7\u00e3o ou automatizado. Vantagens [&hellip;]<\/p>","protected":false},"featured_media":3329,"comment_status":"open","ping_status":"closed","template":"","meta":{"arquivo_cliente":"","_joinchat":[]},"product_brand":[],"product_cat":[45,46,31,44,34,30,43,32,35,47,33,29],"product_tag":[109,108],"class_list":{"0":"post-3322","1":"product","2":"type-product","3":"status-publish","4":"has-post-thumbnail","6":"product_cat-acai","7":"product_cat-azeite-de-abacate","8":"product_cat-azeite-de-oliva","9":"product_cat-bebidas","10":"product_cat-fast-grain","11":"product_cat-frigorificos","12":"product_cat-laticinios","13":"product_cat-mineracao","14":"product_cat-oleo-de-palma","15":"product_cat-outras-aplicacoes","16":"product_cat-papel-celulose","17":"product_cat-saneamento","18":"product_tag-eta","19":"product_tag-ete","21":"first","22":"instock","23":"shipping-taxable","24":"product-type-simple"},"acf":[],"_links":{"self":[{"href":"https:\/\/fastindustria.com.br\/es\/wp-json\/wp\/v2\/product\/3322","targetHints":{"allow":["GET"]}}],"collection":[{"href":"https:\/\/fastindustria.com.br\/es\/wp-json\/wp\/v2\/product"}],"about":[{"href":"https:\/\/fastindustria.com.br\/es\/wp-json\/wp\/v2\/types\/product"}],"replies":[{"embeddable":true,"href":"https:\/\/fastindustria.com.br\/es\/wp-json\/wp\/v2\/comments?post=3322"}],"version-history":[{"count":4,"href":"https:\/\/fastindustria.com.br\/es\/wp-json\/wp\/v2\/product\/3322\/revisions"}],"predecessor-version":[{"id":4609,"href":"https:\/\/fastindustria.com.br\/es\/wp-json\/wp\/v2\/product\/3322\/revisions\/4609"}],"wp:featuredmedia":[{"embeddable":true,"href":"https:\/\/fastindustria.com.br\/es\/wp-json\/wp\/v2\/media\/3329"}],"wp:attachment":[{"href":"https:\/\/fastindustria.com.br\/es\/wp-json\/wp\/v2\/media?parent=3322"}],"wp:term":[{"taxonomy":"product_brand","embeddable":true,"href":"https:\/\/fastindustria.com.br\/es\/wp-json\/wp\/v2\/product_brand?post=3322"},{"taxonomy":"product_cat","embeddable":true,"href":"https:\/\/fastindustria.com.br\/es\/wp-json\/wp\/v2\/product_cat?post=3322"},{"taxonomy":"product_tag","embeddable":true,"href":"https:\/\/fastindustria.com.br\/es\/wp-json\/wp\/v2\/product_tag?post=3322"}],"curies":[{"name":"wp","href":"https:\/\/api.w.org\/{rel}","templated":true}]}}