{"id":3320,"date":"2023-07-06T16:12:03","date_gmt":"2023-07-06T19:12:03","guid":{"rendered":"https:\/\/fastindustria.com.br\/?post_type=product&#038;p=3320"},"modified":"2023-11-09T16:19:55","modified_gmt":"2023-11-09T19:19:55","slug":"decanter-dortmund","status":"publish","type":"product","link":"https:\/\/fastindustria.com.br\/es\/producto\/decanter-dortmund\/","title":{"rendered":"Decantador de Dortmund"},"content":{"rendered":"<div data-elementor-type=\"product-post\" data-elementor-id=\"3320\" class=\"elementor elementor-3320\" data-elementor-settings=\"{&quot;ha_cmc_init_switcher&quot;:&quot;no&quot;}\" data-elementor-post-type=\"product\">\n\t\t\t\t\t\t<section class=\"elementor-section elementor-top-section elementor-element elementor-element-1ca8137d elementor-section-boxed elementor-section-height-default elementor-section-height-default\" data-id=\"1ca8137d\" data-element_type=\"section\" data-e-type=\"section\" data-settings=\"{&quot;_ha_eqh_enable&quot;:false}\">\n\t\t\t\t\t\t<div class=\"elementor-container elementor-column-gap-default\">\n\t\t\t\t\t<div class=\"elementor-column elementor-col-100 elementor-top-column elementor-element elementor-element-6cb6c9f0\" data-id=\"6cb6c9f0\" data-element_type=\"column\" data-e-type=\"column\">\n\t\t\t<div class=\"elementor-widget-wrap elementor-element-populated\">\n\t\t\t\t\t\t\t<\/div>\n\t\t<\/div>\n\t\t\t\t\t<\/div>\n\t\t<\/section>\n\t\t<div class=\"elementor-element elementor-element-74849699 e-flex e-con-boxed e-con e-parent\" data-id=\"74849699\" data-element_type=\"container\" data-e-type=\"container\" data-settings=\"{&quot;_ha_eqh_enable&quot;:false}\">\n\t\t\t\t\t<div class=\"e-con-inner\">\n\t\t<div class=\"elementor-element elementor-element-5e03e0b3 e-con-full e-flex e-con e-child\" data-id=\"5e03e0b3\" data-element_type=\"container\" data-e-type=\"container\" data-settings=\"{&quot;background_background&quot;:&quot;classic&quot;,&quot;_ha_eqh_enable&quot;:false}\">\n\t\t\t\t<div class=\"elementor-element elementor-element-3fd60427 elementor-widget elementor-widget-image\" data-id=\"3fd60427\" data-element_type=\"widget\" data-e-type=\"widget\" data-widget_type=\"image.default\">\n\t\t\t\t<div class=\"elementor-widget-container\">\n\t\t\t\t\t\t\t\t\t\t\t\t\t\t\t<img fetchpriority=\"high\" decoding=\"async\" width=\"714\" height=\"1024\" src=\"https:\/\/fastindustria.com.br\/wp-content\/uploads\/2023\/07\/DECANTADOR-DORTMUND-714x1024.png\" class=\"attachment-large size-large wp-image-2896\" alt=\"\" srcset=\"https:\/\/fastindustria.com.br\/wp-content\/uploads\/2023\/07\/DECANTADOR-DORTMUND-714x1024.png 714w, https:\/\/fastindustria.com.br\/wp-content\/uploads\/2023\/07\/DECANTADOR-DORTMUND-209x300.png 209w, https:\/\/fastindustria.com.br\/wp-content\/uploads\/2023\/07\/DECANTADOR-DORTMUND-768x1101.png 768w, https:\/\/fastindustria.com.br\/wp-content\/uploads\/2023\/07\/DECANTADOR-DORTMUND-600x860.png 600w, https:\/\/fastindustria.com.br\/wp-content\/uploads\/2023\/07\/DECANTADOR-DORTMUND.png 978w\" sizes=\"(max-width: 714px) 100vw, 714px\" \/>\t\t\t\t\t\t\t\t\t\t\t\t\t\t\t<\/div>\n\t\t\t\t<\/div>\n\t\t\t\t<\/div>\n\t\t<div class=\"elementor-element elementor-element-cc19e88 e-con-full e-flex e-con e-child\" data-id=\"cc19e88\" data-element_type=\"container\" data-e-type=\"container\" data-settings=\"{&quot;_ha_eqh_enable&quot;:false}\">\n\t\t\t\t<div class=\"elementor-element elementor-element-77356367 elementor--star-style-star_fontawesome elementor-widget elementor-widget-star-rating\" data-id=\"77356367\" data-element_type=\"widget\" data-e-type=\"widget\" data-widget_type=\"star-rating.default\">\n\t\t\t\t<div class=\"elementor-widget-container\">\n\t\t\t\t\t\t\t<div class=\"elementor-star-rating__wrapper\">\n\t\t\t\t\t\t<div class=\"elementor-star-rating\" itemtype=\"http:\/\/schema.org\/Rating\" itemscope=\"\" itemprop=\"reviewRating\">\n\t\t\t\t<i class=\"elementor-star-full\" aria-hidden=\"true\">\ue934<\/i><i class=\"elementor-star-full\" aria-hidden=\"true\">\ue934<\/i><i class=\"elementor-star-full\" aria-hidden=\"true\">\ue934<\/i><i class=\"elementor-star-full\" aria-hidden=\"true\">\ue934<\/i><i class=\"elementor-star-full\" aria-hidden=\"true\">\ue934<\/i>\t\t\t\t<span itemprop=\"ratingValue\" class=\"elementor-screen-only\">Classificado como 5 de 5<\/span>\n\t\t\t<\/div>\n\t\t<\/div>\n\t\t\t\t\t\t<\/div>\n\t\t\t\t<\/div>\n\t\t\t\t<div class=\"elementor-element elementor-element-35703aef elementor-widget elementor-widget-text-editor\" data-id=\"35703aef\" data-element_type=\"widget\" data-e-type=\"widget\" data-widget_type=\"text-editor.default\">\n\t\t\t\t<div class=\"elementor-widget-container\">\n\t\t\t\t\t\t\t\t\t<p>Ver informaci\u00f3n del equipo<\/p>\t\t\t\t\t\t\t\t<\/div>\n\t\t\t\t<\/div>\n\t\t\t\t<div class=\"elementor-element elementor-element-73e93533 elementor-widget elementor-widget-text-editor\" data-id=\"73e93533\" data-element_type=\"widget\" data-e-type=\"widget\" data-widget_type=\"text-editor.default\">\n\t\t\t\t<div class=\"elementor-widget-container\">\n\t\t\t\t\t\t\t\t\t<p>Capacidad:<\/p>\t\t\t\t\t\t\t\t<\/div>\n\t\t\t\t<\/div>\n\t\t\t\t<div class=\"elementor-element elementor-element-2667befe elementor-widget elementor-widget-button\" data-id=\"2667befe\" data-element_type=\"widget\" data-e-type=\"widget\" data-widget_type=\"button.default\">\n\t\t\t\t<div class=\"elementor-widget-container\">\n\t\t\t\t\t\t\t\t\t<div class=\"elementor-button-wrapper\">\n\t\t\t\t\t<a class=\"elementor-button elementor-size-sm\" role=\"button\">\n\t\t\t\t\t\t<span class=\"elementor-button-content-wrapper\">\n\t\t\t\t\t\t\t\t\t<span class=\"elementor-button-text\">200 a 250.000 litros\/h<\/span>\n\t\t\t\t\t<\/span>\n\t\t\t\t\t<\/a>\n\t\t\t\t<\/div>\n\t\t\t\t\t\t\t\t<\/div>\n\t\t\t\t<\/div>\n\t\t<div class=\"elementor-element elementor-element-208c1308 e-flex e-con-boxed e-con e-child\" data-id=\"208c1308\" data-element_type=\"container\" data-e-type=\"container\" data-settings=\"{&quot;background_background&quot;:&quot;classic&quot;,&quot;_ha_eqh_enable&quot;:false}\">\n\t\t\t\t\t<div class=\"e-con-inner\">\n\t\t\t\t<div class=\"elementor-element elementor-element-e2e64a7 elementor-widget elementor-widget-text-editor\" data-id=\"e2e64a7\" data-element_type=\"widget\" data-e-type=\"widget\" data-widget_type=\"text-editor.default\">\n\t\t\t\t<div class=\"elementor-widget-container\">\n\t\t\t\t\t\t\t\t\t<p>Aplicaciones<\/p>\t\t\t\t\t\t\t\t<\/div>\n\t\t\t\t<\/div>\n\t\t\t\t<div class=\"elementor-element elementor-element-3ee86fcf elementor-widget elementor-widget-text-editor\" data-id=\"3ee86fcf\" data-element_type=\"widget\" data-e-type=\"widget\" data-widget_type=\"text-editor.default\">\n\t\t\t\t<div class=\"elementor-widget-container\">\n\t\t\t\t\t\t\t\t\t<p><a style=\"text-align: var(--text-align); background-color: #fff7ed;\" href=\"https:\/\/fastindustria.com.br\/es\/categoria-producto\/saneamento\/\" target=\"_blank\" rel=\"noopener\">Estaciones de Tratamiento de Aguas Residuales Municipales (ETE) y efluentes industriales,<\/a>\u00a0<a href=\"https:\/\/fastindustria.com.br\/es\/categoria-producto\/frigorificos\/\">refrigeradores<\/a>,\u00a0<a href=\"https:\/\/fastindustria.com.br\/es\/categoria-producto\/papel-celulose\/\">papel y celulosa<\/a>, <a href=\"https:\/\/fastindustria.com.br\/es\/categoria-producto\/laticinios\/\">l\u00e1cteos<\/a>, <a href=\"https:\/\/fastindustria.com.br\/es\/categoria-producto\/bebidas\/\">bebidas<\/a>, alimentos, curtiembres, textiles, renderizado, entre otros.<\/p>\t\t\t\t\t\t\t\t<\/div>\n\t\t\t\t<\/div>\n\t\t\t\t\t<\/div>\n\t\t\t\t<\/div>\n\t\t\t\t<div class=\"elementor-element elementor-element-4e3f35ed elementor-widget elementor-widget-button\" data-id=\"4e3f35ed\" data-element_type=\"widget\" data-e-type=\"widget\" data-widget_type=\"button.default\">\n\t\t\t\t<div class=\"elementor-widget-container\">\n\t\t\t\t\t\t\t\t\t<div class=\"elementor-button-wrapper\">\n\t\t\t\t\t<a class=\"elementor-button elementor-size-sm\" role=\"button\">\n\t\t\t\t\t\t<span class=\"elementor-button-content-wrapper\">\n\t\t\t\t\t\t\t\t\t<span class=\"elementor-button-text\">Solicitar una cotizaci\u00f3n<\/span>\n\t\t\t\t\t<\/span>\n\t\t\t\t\t<\/a>\n\t\t\t\t<\/div>\n\t\t\t\t\t\t\t\t<\/div>\n\t\t\t\t<\/div>\n\t\t\t\t<\/div>\n\t\t\t\t\t<\/div>\n\t\t\t\t<\/div>\n\t\t<div class=\"elementor-element elementor-element-521b590f e-flex e-con-boxed e-con e-parent\" data-id=\"521b590f\" data-element_type=\"container\" data-e-type=\"container\" data-settings=\"{&quot;background_background&quot;:&quot;classic&quot;,&quot;_ha_eqh_enable&quot;:false}\">\n\t\t\t\t\t<div class=\"e-con-inner\">\n\t\t\t\t<div class=\"elementor-element elementor-element-1cc2b93 sanfonafast elementor-widget elementor-widget-accordion\" data-id=\"1cc2b93\" data-element_type=\"widget\" data-e-type=\"widget\" data-widget_type=\"accordion.default\">\n\t\t\t\t<div class=\"elementor-widget-container\">\n\t\t\t\t\t\t\t<div class=\"elementor-accordion\">\n\t\t\t\t\t\t\t<div class=\"elementor-accordion-item\">\n\t\t\t\t\t<div id=\"elementor-tab-title-3011\" class=\"elementor-tab-title\" data-tab=\"1\" role=\"button\" aria-controls=\"elementor-tab-content-3011\" aria-expanded=\"false\">\n\t\t\t\t\t\t\t\t\t\t\t\t\t<span class=\"elementor-accordion-icon elementor-accordion-icon-right\" aria-hidden=\"true\">\n\t\t\t\t\t\t\t\t\t\t\t\t\t\t\t<span class=\"elementor-accordion-icon-closed\"><i class=\"fas fa-chevron-down\"><\/i><\/span>\n\t\t\t\t\t\t\t\t<span class=\"elementor-accordion-icon-opened\"><i class=\"fas fa-chevron-up\"><\/i><\/span>\n\t\t\t\t\t\t\t\t\t\t\t\t\t\t<\/span>\n\t\t\t\t\t\t\t\t\t\t\t\t<a class=\"elementor-accordion-title\" tabindex=\"0\">Informaci\u00f3n del equipo<\/a>\n\t\t\t\t\t<\/div>\n\t\t\t\t\t<div id=\"elementor-tab-content-3011\" class=\"elementor-tab-content elementor-clearfix\" data-tab=\"1\" role=\"region\" aria-labelledby=\"elementor-tab-title-3011\"><p>Los Decanters R\u00e1pidos Dortmund son decantadores de flujo continuo, recomendados para el tratamiento de aguas y efluentes que tengan s\u00f3lidos en suspensi\u00f3n.<\/p><p>Desarrollado en acero inoxidable, acero al carbono o polipropileno para algunos vol\u00famenes, el decantador Dortmund Fast est\u00e1 dise\u00f1ado para eliminar s\u00f3lidos mediante sedimentaci\u00f3n sin el uso de piezas m\u00f3viles, con bajos costos de instalaci\u00f3n y mantenimiento, compacto y sin el uso de componentes el\u00e9ctricos, lo que lo convierte en un Soluci\u00f3n eficaz para el tratamiento de efluentes de bajo caudal.<\/p><\/div>\n\t\t\t\t<\/div>\n\t\t\t\t\t\t\t\t<\/div>\n\t\t\t\t\t\t<\/div>\n\t\t\t\t<\/div>\n\t\t\t\t\t<\/div>\n\t\t\t\t<\/div>\n\t\t\t\t<\/div>","protected":false},"excerpt":{"rendered":"<p>&#xE934;&#xE934;&#xE934;&#xE934;&#xE934; 5\/5 Ver informa\u00e7\u00f5es do equipamento Capacidade: 200 a 250.000 L\/h Aplica\u00e7\u00f5es Esta\u00e7\u00f5es de Tratamento de Esgoto (ETE) municipais e efluentes industriais,\u00a0frigor\u00edficos,\u00a0papel e celulose, latic\u00ednios, bebidas, aliment\u00edcios, curtumes, t\u00eaxteis, rendering, entre outras. Solicite um or\u00e7amento Informa\u00e7\u00f5es do equipamento Os Decantadores Dortmund Fast s\u00e3o decantadores de fluxo cont\u00ednuo, recomendados para tratamento de \u00e1gua e efluentes que [&hellip;]<\/p>","protected":false},"featured_media":2896,"comment_status":"open","ping_status":"closed","template":"","meta":{"arquivo_cliente":"","_joinchat":[]},"product_brand":[],"product_cat":[47,29],"product_tag":[107,109,108],"class_list":{"0":"post-3320","1":"product","2":"type-product","3":"status-publish","4":"has-post-thumbnail","6":"product_cat-outras-aplicacoes","7":"product_cat-saneamento","8":"product_tag-especial","9":"product_tag-eta","10":"product_tag-ete","12":"first","13":"instock","14":"shipping-taxable","15":"product-type-simple"},"acf":[],"_links":{"self":[{"href":"https:\/\/fastindustria.com.br\/es\/wp-json\/wp\/v2\/product\/3320","targetHints":{"allow":["GET"]}}],"collection":[{"href":"https:\/\/fastindustria.com.br\/es\/wp-json\/wp\/v2\/product"}],"about":[{"href":"https:\/\/fastindustria.com.br\/es\/wp-json\/wp\/v2\/types\/product"}],"replies":[{"embeddable":true,"href":"https:\/\/fastindustria.com.br\/es\/wp-json\/wp\/v2\/comments?post=3320"}],"version-history":[{"count":38,"href":"https:\/\/fastindustria.com.br\/es\/wp-json\/wp\/v2\/product\/3320\/revisions"}],"predecessor-version":[{"id":13247,"href":"https:\/\/fastindustria.com.br\/es\/wp-json\/wp\/v2\/product\/3320\/revisions\/13247"}],"wp:featuredmedia":[{"embeddable":true,"href":"https:\/\/fastindustria.com.br\/es\/wp-json\/wp\/v2\/media\/2896"}],"wp:attachment":[{"href":"https:\/\/fastindustria.com.br\/es\/wp-json\/wp\/v2\/media?parent=3320"}],"wp:term":[{"taxonomy":"product_brand","embeddable":true,"href":"https:\/\/fastindustria.com.br\/es\/wp-json\/wp\/v2\/product_brand?post=3320"},{"taxonomy":"product_cat","embeddable":true,"href":"https:\/\/fastindustria.com.br\/es\/wp-json\/wp\/v2\/product_cat?post=3320"},{"taxonomy":"product_tag","embeddable":true,"href":"https:\/\/fastindustria.com.br\/es\/wp-json\/wp\/v2\/product_tag?post=3320"}],"curies":[{"name":"wp","href":"https:\/\/api.w.org\/{rel}","templated":true}]}}