{"id":3313,"date":"2023-07-06T15:59:22","date_gmt":"2023-07-06T18:59:22","guid":{"rendered":"https:\/\/fastindustria.com.br\/?post_type=product&#038;p=3313"},"modified":"2023-07-18T17:10:58","modified_gmt":"2023-07-18T20:10:58","slug":"adensador-de-lodo","status":"publish","type":"product","link":"https:\/\/fastindustria.com.br\/es\/producto\/adensador-de-lodo\/","title":{"rendered":"Lodo m\u00e1s denso"},"content":{"rendered":"<div style=\"white-space: pre-wrap;\" data-draftjs-conductor-fragment=\"{&quot;blocks&quot;:[{&quot;key&quot;:&quot;6eter&quot;,&quot;text&quot;:&quot;O adensador de lodo ou de lama reduz a quantidade de \u00e1gua presente no tratamento preliminar, em um processo gravitacional e mec\u00e2nico. Por consequ\u00eancia, acontece tamb\u00e9m a redu\u00e7\u00e3o do volume do lodo a ser tratado, melhorando a efici\u00eancia na desidrata\u00e7\u00e3o.&quot;,&quot;type&quot;:&quot;unstyled&quot;,&quot;depth&quot;:0,&quot;inlineStyleRanges&quot;:[],&quot;entityRanges&quot;:[],&quot;data&quot;:{}},{&quot;key&quot;:&quot;3ffql&quot;,&quot;text&quot;:&quot;Os adensadores da Fast s\u00e3o fabricados em a\u00e7o inox. A lama (ou lodo) \u00e9 direcionada por um tambor rotativo at\u00e9 a base, que possui uma inclina\u00e7\u00e3o, for\u00e7ando sua deposi\u00e7\u00e3o no fundo. A \u00e1gua passa atrav\u00e9s dos filtros e o lodo \u00e9 removido por carga hidr\u00e1ulica e enviado para desidrata\u00e7\u00e3o.&quot;,&quot;type&quot;:&quot;unstyled&quot;,&quot;depth&quot;:0,&quot;inlineStyleRanges&quot;:[],&quot;entityRanges&quot;:[{&quot;offset&quot;:0,&quot;length&quot;:2,&quot;key&quot;:0},{&quot;offset&quot;:23,&quot;length&quot;:3,&quot;key&quot;:1},{&quot;offset&quot;:27,&quot;length&quot;:10,&quot;key&quot;:1},{&quot;offset&quot;:51,&quot;length&quot;:1,&quot;key&quot;:0},{&quot;offset&quot;:68,&quot;length&quot;:1,&quot;key&quot;:1},{&quot;offset&quot;:70,&quot;length&quot;:11,&quot;key&quot;:1},{&quot;offset&quot;:177,&quot;length&quot;:1,&quot;key&quot;:0},{&quot;offset&quot;:219,&quot;length&quot;:1,&quot;key&quot;:1},{&quot;offset&quot;:221,&quot;length&quot;:8,&quot;key&quot;:1}],&quot;data&quot;:{}}],&quot;entityMap&quot;:{&quot;0&quot;:{&quot;type&quot;:&quot;CORRECTION&quot;,&quot;mutability&quot;:&quot;MUTABLE&quot;,&quot;data&quot;:{&quot;id&quot;:&quot;REPETICAO_INICIO_FRASE&quot;,&quot;spans&quot;:[{&quot;offset&quot;:252,&quot;length&quot;:2,&quot;content&quot;:&quot;Os&quot;,&quot;par&quot;:0},{&quot;offset&quot;:303,&quot;length&quot;:1,&quot;content&quot;:&quot;A&quot;,&quot;par&quot;:0},{&quot;offset&quot;:429,&quot;length&quot;:1,&quot;content&quot;:&quot;A&quot;,&quot;par&quot;:0}],&quot;par&quot;:0,&quot;score&quot;:{&quot;originalidade&quot;:3},&quot;_id&quot;:&quot;64b1b5f0be6b0300db95c4fb&quot;,&quot;custom&quot;:{&quot;title&quot;:&quot;N\u00e3o inicie frases com estruturas iguais&quot;,&quot;feedback&quot;:&quot;Procure iniciar as frases de forma diferente. Tenha um cuidado especial com a abertura dos par\u00e1grafos.&quot;,&quot;more&quot;:&quot;&lt;ul&gt; &lt;li&gt; &lt;p&gt;N\u00e3o comece muitas frases no mesmo par\u00e1grafo com:&lt;\/p&gt; &lt;p&gt; Artigos: &lt;i&gt;o, os, a, as, um, uns, uma, umas&lt;\/i&gt;. &lt;\/p&gt; &lt;p&gt; Pronomes demonstrativos: &lt;i&gt;esse, esses, essa, essas, isso&lt;\/i&gt;. &lt;\/p&gt; &lt;p&gt;Verbos, adv\u00e9rbios e locu\u00e7\u00f5es adverbiais.&lt;\/p&gt; &lt;\/li&gt; &lt;\/ul&gt;&quot;},&quot;hide&quot;:false,&quot;itemId&quot;:&quot;DEVIATION_REPETICAO_INICIO_FRASE_64b1b5f0be6b0300db95c4fb&quot;}},&quot;1&quot;:{&quot;type&quot;:&quot;CORRECTION&quot;,&quot;mutability&quot;:&quot;MUTABLE&quot;,&quot;data&quot;:{&quot;id&quot;:&quot;USO_VOZ_PASSIVA&quot;,&quot;spans&quot;:[{&quot;offset&quot;:275,&quot;length&quot;:3,&quot;content&quot;:&quot;s\u00e3o&quot;,&quot;par&quot;:0},{&quot;offset&quot;:279,&quot;length&quot;:10,&quot;content&quot;:&quot;fabricados&quot;,&quot;par&quot;:0},{&quot;offset&quot;:320,&quot;length&quot;:1,&quot;content&quot;:&quot;\u00e9&quot;,&quot;par&quot;:0},{&quot;offset&quot;:322,&quot;length&quot;:11,&quot;content&quot;:&quot;direcionada&quot;,&quot;par&quot;:0},{&quot;offset&quot;:471,&quot;length&quot;:1,&quot;content&quot;:&quot;\u00e9&quot;,&quot;par&quot;:0},{&quot;offset&quot;:473,&quot;length&quot;:8,&quot;content&quot;:&quot;removido&quot;,&quot;par&quot;:0}],&quot;par&quot;:0,&quot;score&quot;:{&quot;forca&quot;:2},&quot;_id&quot;:&quot;64b1b5f0be6b03cb8095c4fc&quot;,&quot;citation&quot;:{&quot;text&quot;:&quot;Nunca use a voz passiva se puder usar a ativa.&quot;,&quot;author&quot;:&quot;George Orwell&quot;},&quot;custom&quot;:{&quot;title&quot;:&quot;Excesso de voz passiva&quot;,&quot;feedback&quot;:&quot;O uso excessivo de voz passiva pode ser um v\u00edcio de linguagem. Se puder optar, escolha a voz ativa. Ela \u00e9 mais direta, vigorosa e concisa que a passiva.&quot;,&quot;more&quot;:&quot;&lt;ul&gt; &lt;li&gt; &lt;p&gt;Tente reescrever a frase utilizando a voz ativa.&lt;\/p&gt; &lt;p&gt; &lt;span style='color: red'&gt; O ajuste necess\u00e1rio &lt;span style='text-decoration-Line: underline'&gt; &lt;b&gt;foi feito&lt;\/b&gt;&lt;\/span&gt; pela empresa. &lt;\/span&gt; &lt;\/p&gt; &lt;p&gt; &lt;span style='color: green'&gt; A empresa &lt;span style='text-decoration-Line: underline'&gt; &lt;b&gt;fez&lt;\/b&gt;&lt;\/span&gt; o ajuste necess\u00e1rio. &lt;\/span&gt; &lt;\/p&gt; &lt;\/li&gt; &lt;\/ul&gt;&quot;,&quot;citation&quot;:{&quot;text&quot;:&quot;Nunca use a voz passiva se puder usar a ativa.&quot;,&quot;author&quot;:&quot;George Orwell&quot;}},&quot;hide&quot;:false,&quot;itemId&quot;:&quot;DEVIATION_USO_VOZ_PASSIVA_64b1b5f0be6b03cb8095c4fc&quot;}}}}\">\n<div class=\"Draftail-block--unstyled\" data-block=\"true\" data-editor=\"8gcvi\" data-offset-key=\"dgeop-0-0\">\n<div class=\"public-DraftStyleDefault-block public-DraftStyleDefault-ltr\" data-offset-key=\"dgeop-0-0\"><span data-offset-key=\"dgeop-0-0\">El espesador de lodos o lodos reduce la cantidad de agua presente en el tratamiento preliminar, en un proceso gravitacional y mec\u00e1nico. Como resultado, tambi\u00e9n se reduce el volumen de lodos a tratar, mejorando la eficiencia de la deshidrataci\u00f3n.<\/span><\/div>\n<div data-offset-key=\"dgeop-0-0\"><\/div>\n<\/div>\n<div class=\"Draftail-block--unstyled\" data-block=\"true\" data-editor=\"8gcvi\" data-offset-key=\"7ec90-0-0\">\n<div class=\"public-DraftStyleDefault-block public-DraftStyleDefault-ltr\" data-offset-key=\"7ec90-0-0\"><span class=\"jss30983 TEXT_64b1b5f0be6b0300db95c4fb\"><span data-offset-key=\"7ec90-0-0\">T\u00fa<\/span><\/span><span data-offset-key=\"7ec90-1-0\"> Densificadores r\u00e1pidos <\/span><span class=\"jss30983 TEXT_64b1b5f0be6b03cb8095c4fc\"><span data-offset-key=\"7ec90-2-0\">ellos son<\/span><\/span> <span class=\"jss30983 TEXT_64b1b5f0be6b03cb8095c4fc\"><span data-offset-key=\"7ec90-4-0\">fabricado<\/span><\/span><span data-offset-key=\"7ec90-5-0\"> en acero inoxidable. <\/span><span class=\"jss30983 TEXT_64b1b5f0be6b0300db95c4fb\"><span data-offset-key=\"7ec90-6-0\">EL<\/span><\/span><span data-offset-key=\"7ec90-7-0\"> barro (o limo) <\/span><span class=\"jss30983 TEXT_64b1b5f0be6b03cb8095c4fc\"><span data-offset-key=\"7ec90-8-0\">y<\/span><\/span> <span class=\"jss30983 TEXT_64b1b5f0be6b03cb8095c4fc\"><span data-offset-key=\"7ec90-10-0\">dirigido<\/span><\/span><span data-offset-key=\"7ec90-11-0\"> por un tambor giratorio a la base, la cual tiene una inclinaci\u00f3n, obligando a depositarse en el fondo. <\/span><span class=\"jss30983 TEXT_64b1b5f0be6b0300db95c4fb\"><span data-offset-key=\"7ec90-12-0\">EL<\/span><\/span><span data-offset-key=\"7ec90-13-0\"> El agua pasa por los filtros y los lodos. <\/span><span class=\"jss30983 TEXT_64b1b5f0be6b03cb8095c4fc\"><span data-offset-key=\"7ec90-14-0\">y<\/span><\/span> <span class=\"jss30983 TEXT_64b1b5f0be6b03cb8095c4fc\"><span data-offset-key=\"7ec90-16-0\">remoto<\/span><\/span><span data-offset-key=\"7ec90-17-0\"> por carga hidr\u00e1ulica y enviado a deshidrataci\u00f3n.<\/span><\/div>\n<\/div>\n<\/div>\n<p><strong>\u00a0<\/strong><\/p>\n<p><strong>Segmentos y aplicaci\u00f3n\u00a0<\/strong><\/p>\n<p>Estaci\u00f3n de Tratamiento de Aguas (ETA), Estaci\u00f3n de Tratamiento de Aguas Residuales Sanitarias (ETE), Estaci\u00f3n de Tratamiento de Efluentes Industriales (ETE), refrigeradores, papel y celulosa, l\u00e1cteos, bebidas, alimentos, curtidos, textiles, renderizado, entre otros.<\/p>","protected":false},"excerpt":{"rendered":"<p>O adensador de lodo ou de lama reduz a quantidade de \u00e1gua presente no tratamento preliminar, em um processo gravitacional e mec\u00e2nico. Por consequ\u00eancia, acontece tamb\u00e9m a redu\u00e7\u00e3o do volume do lodo a ser tratado, melhorando a efici\u00eancia na desidrata\u00e7\u00e3o. Os adensadores da Fast s\u00e3o fabricados em a\u00e7o inox. A lama (ou lodo) \u00e9 direcionada [&hellip;]<\/p>","protected":false},"featured_media":2892,"comment_status":"open","ping_status":"closed","template":"","meta":{"arquivo_cliente":"","_joinchat":[]},"product_brand":[],"product_cat":[45,44,30,43,32,47,33,29],"product_tag":[109,108],"class_list":{"0":"post-3313","1":"product","2":"type-product","3":"status-publish","4":"has-post-thumbnail","6":"product_cat-acai","7":"product_cat-bebidas","8":"product_cat-frigorificos","9":"product_cat-laticinios","10":"product_cat-mineracao","11":"product_cat-outras-aplicacoes","12":"product_cat-papel-celulose","13":"product_cat-saneamento","14":"product_tag-eta","15":"product_tag-ete","17":"first","18":"instock","19":"shipping-taxable","20":"product-type-simple"},"acf":[],"_links":{"self":[{"href":"https:\/\/fastindustria.com.br\/es\/wp-json\/wp\/v2\/product\/3313","targetHints":{"allow":["GET"]}}],"collection":[{"href":"https:\/\/fastindustria.com.br\/es\/wp-json\/wp\/v2\/product"}],"about":[{"href":"https:\/\/fastindustria.com.br\/es\/wp-json\/wp\/v2\/types\/product"}],"replies":[{"embeddable":true,"href":"https:\/\/fastindustria.com.br\/es\/wp-json\/wp\/v2\/comments?post=3313"}],"version-history":[{"count":3,"href":"https:\/\/fastindustria.com.br\/es\/wp-json\/wp\/v2\/product\/3313\/revisions"}],"predecessor-version":[{"id":4489,"href":"https:\/\/fastindustria.com.br\/es\/wp-json\/wp\/v2\/product\/3313\/revisions\/4489"}],"wp:featuredmedia":[{"embeddable":true,"href":"https:\/\/fastindustria.com.br\/es\/wp-json\/wp\/v2\/media\/2892"}],"wp:attachment":[{"href":"https:\/\/fastindustria.com.br\/es\/wp-json\/wp\/v2\/media?parent=3313"}],"wp:term":[{"taxonomy":"product_brand","embeddable":true,"href":"https:\/\/fastindustria.com.br\/es\/wp-json\/wp\/v2\/product_brand?post=3313"},{"taxonomy":"product_cat","embeddable":true,"href":"https:\/\/fastindustria.com.br\/es\/wp-json\/wp\/v2\/product_cat?post=3313"},{"taxonomy":"product_tag","embeddable":true,"href":"https:\/\/fastindustria.com.br\/es\/wp-json\/wp\/v2\/product_tag?post=3313"}],"curies":[{"name":"wp","href":"https:\/\/api.w.org\/{rel}","templated":true}]}}