{"id":3310,"date":"2023-07-06T15:55:28","date_gmt":"2023-07-06T18:55:28","guid":{"rendered":"https:\/\/fastindustria.com.br\/?post_type=product&#038;p=3310"},"modified":"2023-07-18T11:49:59","modified_gmt":"2023-07-18T14:49:59","slug":"rosca-transportadora","status":"publish","type":"product","link":"https:\/\/fastindustria.com.br\/es\/producto\/rosca-transportadora\/","title":{"rendered":"Transportador de tornillo"},"content":{"rendered":"<p>El transportador de tornillo tipo \u201cU\u201d Fast es un equipo utilizado para transportar materiales s\u00f3lidos presentes en efluentes y otras aplicaciones en la industria. De fabricaci\u00f3n robusta, est\u00e1 dise\u00f1ado para una larga vida \u00fatil y bajos costes de mantenimiento.<\/p>\n<p>A trav\u00e9s del sistema helicoidal, del tipo tornillo sin fin, se utiliza para transportar materiales de manera continua, horizontal o inclinada en direcci\u00f3n \u00fanica o reversible, satisfaciendo las necesidades de su proceso.<\/p>\n<p>&nbsp;<\/p>\n<p><strong>Ventajas<\/strong><\/p>\n<ul>\n<li>Dise\u00f1o mec\u00e1nico accesible, seg\u00fan las necesidades de cada proyecto;<\/li>\n<li>Equipo compacto y f\u00e1cilmente adaptable a la ubicaci\u00f3n;<\/li>\n<li>Facilidad de mantenimiento;<\/li>\n<li>Versatilidad en cuanto a instalaci\u00f3n, que puede ser horizontal, inclinada o vertical;<\/li>\n<li>Opci\u00f3n de fabricaci\u00f3n en diferentes materiales con resistencia a la corrosi\u00f3n, abrasi\u00f3n o calor;<\/li>\n<li>Puede equiparse con varios puntos de alimentaci\u00f3n y eliminaci\u00f3n.<\/li>\n<\/ul>","protected":false},"excerpt":{"rendered":"<p>A rosca transportadora helicoidal tipo calha \u201cU\u201d Fast \u00e9 um equipamento que atua no transporte de materiais s\u00f3lidos presentes em efluentes e outras aplica\u00e7\u00f5es na ind\u00fastria. De fabrica\u00e7\u00e3o robusta, \u00e9 projetada para longa vida \u00fatil e baixo custo de manuten\u00e7\u00e3o. Atrav\u00e9s do sistema helicoidal, do tipo rosca sem fim, \u00e9 utilizada no transporte de materiais [&hellip;]<\/p>","protected":false},"featured_media":2936,"comment_status":"open","ping_status":"closed","template":"","meta":{"arquivo_cliente":"","_joinchat":[]},"product_brand":[],"product_cat":[32,47,33,29],"product_tag":[109,108],"class_list":{"0":"post-3310","1":"product","2":"type-product","3":"status-publish","4":"has-post-thumbnail","6":"product_cat-mineracao","7":"product_cat-outras-aplicacoes","8":"product_cat-papel-celulose","9":"product_cat-saneamento","10":"product_tag-eta","11":"product_tag-ete","13":"first","14":"instock","15":"shipping-taxable","16":"product-type-simple"},"acf":[],"_links":{"self":[{"href":"https:\/\/fastindustria.com.br\/es\/wp-json\/wp\/v2\/product\/3310","targetHints":{"allow":["GET"]}}],"collection":[{"href":"https:\/\/fastindustria.com.br\/es\/wp-json\/wp\/v2\/product"}],"about":[{"href":"https:\/\/fastindustria.com.br\/es\/wp-json\/wp\/v2\/types\/product"}],"replies":[{"embeddable":true,"href":"https:\/\/fastindustria.com.br\/es\/wp-json\/wp\/v2\/comments?post=3310"}],"version-history":[{"count":5,"href":"https:\/\/fastindustria.com.br\/es\/wp-json\/wp\/v2\/product\/3310\/revisions"}],"predecessor-version":[{"id":4671,"href":"https:\/\/fastindustria.com.br\/es\/wp-json\/wp\/v2\/product\/3310\/revisions\/4671"}],"wp:featuredmedia":[{"embeddable":true,"href":"https:\/\/fastindustria.com.br\/es\/wp-json\/wp\/v2\/media\/2936"}],"wp:attachment":[{"href":"https:\/\/fastindustria.com.br\/es\/wp-json\/wp\/v2\/media?parent=3310"}],"wp:term":[{"taxonomy":"product_brand","embeddable":true,"href":"https:\/\/fastindustria.com.br\/es\/wp-json\/wp\/v2\/product_brand?post=3310"},{"taxonomy":"product_cat","embeddable":true,"href":"https:\/\/fastindustria.com.br\/es\/wp-json\/wp\/v2\/product_cat?post=3310"},{"taxonomy":"product_tag","embeddable":true,"href":"https:\/\/fastindustria.com.br\/es\/wp-json\/wp\/v2\/product_tag?post=3310"}],"curies":[{"name":"wp","href":"https:\/\/api.w.org\/{rel}","templated":true}]}}