{"id":2593,"date":"2023-07-04T10:43:49","date_gmt":"2023-07-04T13:43:49","guid":{"rendered":"https:\/\/fastindustria.com.br\/?post_type=product&#038;p=2593"},"modified":"2023-08-24T10:33:00","modified_gmt":"2023-08-24T13:33:00","slug":"prensa-de-fruto","status":"publish","type":"product","link":"https:\/\/fastindustria.com.br\/es\/producto\/prensa-de-fruto\/","title":{"rendered":"Prensa de frutas"},"content":{"rendered":"<p>La prensa de frutos desarrollada por Fast, junto con el digestor, satisface las necesidades espec\u00edficas de la industria del aceite de palma, facilitando la extracci\u00f3n del aceite mediante la separaci\u00f3n de la fibra y los frutos secos. Este proceso de prensado de la fruta fresca tambi\u00e9n reduce las p\u00e9rdidas y aumenta las ganancias del extractor.<\/p>\n<p><strong>Caracter\u00edsticas<\/strong><\/p>\n<p>\u2022 Sistema inteligente de automatizaci\u00f3n de alimentos;<br \/>\n\u2022 Estructura modular robusta acoplada con tornillos, que permite realinear los m\u00f3dulos;<br \/>\n\u2022 Las piezas en contacto con el producto son de acero inoxidable. Material que no genera contaminaci\u00f3n y extiende la vida \u00fatil de los equipos, evitando la erosi\u00f3n y el desgaste;<br \/>\n\u2022 Equipos dise\u00f1ados para prevenir fugas de licor y vapores de proceso;<br \/>\n\u2022 Sensor de control de temperatura;<br \/>\n\u2022 Facilidad de inversi\u00f3n de la caja de transmisi\u00f3n, para facilitar el montaje y mantenimiento de la cesta;<br \/>\n\u2022 La prensa posee control de cono de desgaste que permite al operador definir un valor de corriente de trabajo que act\u00faa sobre la apertura y cierre del cono. Ocurre autom\u00e1ticamente, manteniendo una producci\u00f3n uniforme del producto;<br \/>\n\u2022 Prensa preparada para marcha atr\u00e1s;<br \/>\n\u2022 A trav\u00e9s del HMI se monitorea el sistema, visualizando estados y variables del proceso, lo que permite verificar posibles alarmas y fallas;<br \/>\n\u2022 Equipos dise\u00f1ados con galer\u00edas que evitan que aceites y grasas minerales entren en contacto con el producto procesado, eliminando MOSH MOAH;<br \/>\n\u2022 Cumpli\u00f3 con la NR-12.<\/p>\n<p>Longitud 5.000 m<br \/>\nAncho 1.400m<br \/>\nAltura 2.650 mm<br \/>\nCapacidad 15 toneladas\/hora<\/p>","protected":false},"excerpt":{"rendered":"<p>La prensa de frutos desarrollada por Fast, junto con el digestor, satisface las necesidades espec\u00edficas de la industria del aceite de palma, facilitando la extracci\u00f3n del aceite mediante la separaci\u00f3n de la fibra y los frutos secos. Este proceso de prensado de la fruta fresca tambi\u00e9n reduce las p\u00e9rdidas y aumenta las ganancias del extractor.<\/p>","protected":false},"featured_media":2981,"comment_status":"open","ping_status":"closed","template":"","meta":{"arquivo_cliente":"","_joinchat":[]},"product_brand":[],"product_cat":[35],"product_tag":[],"class_list":{"0":"post-2593","1":"product","2":"type-product","3":"status-publish","4":"has-post-thumbnail","6":"product_cat-oleo-de-palma","8":"first","9":"instock","10":"shipping-taxable","11":"product-type-simple"},"acf":[],"_links":{"self":[{"href":"https:\/\/fastindustria.com.br\/es\/wp-json\/wp\/v2\/product\/2593","targetHints":{"allow":["GET"]}}],"collection":[{"href":"https:\/\/fastindustria.com.br\/es\/wp-json\/wp\/v2\/product"}],"about":[{"href":"https:\/\/fastindustria.com.br\/es\/wp-json\/wp\/v2\/types\/product"}],"replies":[{"embeddable":true,"href":"https:\/\/fastindustria.com.br\/es\/wp-json\/wp\/v2\/comments?post=2593"}],"version-history":[{"count":7,"href":"https:\/\/fastindustria.com.br\/es\/wp-json\/wp\/v2\/product\/2593\/revisions"}],"predecessor-version":[{"id":12602,"href":"https:\/\/fastindustria.com.br\/es\/wp-json\/wp\/v2\/product\/2593\/revisions\/12602"}],"wp:featuredmedia":[{"embeddable":true,"href":"https:\/\/fastindustria.com.br\/es\/wp-json\/wp\/v2\/media\/2981"}],"wp:attachment":[{"href":"https:\/\/fastindustria.com.br\/es\/wp-json\/wp\/v2\/media?parent=2593"}],"wp:term":[{"taxonomy":"product_brand","embeddable":true,"href":"https:\/\/fastindustria.com.br\/es\/wp-json\/wp\/v2\/product_brand?post=2593"},{"taxonomy":"product_cat","embeddable":true,"href":"https:\/\/fastindustria.com.br\/es\/wp-json\/wp\/v2\/product_cat?post=2593"},{"taxonomy":"product_tag","embeddable":true,"href":"https:\/\/fastindustria.com.br\/es\/wp-json\/wp\/v2\/product_tag?post=2593"}],"curies":[{"name":"wp","href":"https:\/\/api.w.org\/{rel}","templated":true}]}}