{"id":2587,"date":"2023-07-04T10:42:59","date_gmt":"2023-07-04T13:42:59","guid":{"rendered":"https:\/\/fastindustria.com.br\/?post_type=product&#038;p=2587"},"modified":"2023-07-18T09:27:07","modified_gmt":"2023-07-18T12:27:07","slug":"extratora-de-azeite-de-oliva-compactada","status":"publish","type":"product","link":"https:\/\/fastindustria.com.br\/es\/producto\/extratora-de-azeite-de-oliva-compactada\/","title":{"rendered":"Extractor monobloque Fast 100"},"content":{"rendered":"<p>El extractor de aceite de oliva Monoblock Fast 100 es extremadamente compacto, ocupando una superficie aproximada de 6 m\u00b2. Ideal para optimizar la producci\u00f3n, permitiendo el procesamiento inmediatamente despu\u00e9s de la cosecha y la extracci\u00f3n de aceite de oliva virgen extra de muy alta calidad.<\/p>\n<p>Con tecnolog\u00eda \u00edntegramente nacional, el equipo tiene capacidad para procesar hasta 100 kg de aceituna fresca por hora, siendo un excelente costo-beneficio para los peque\u00f1os productores.<\/p>\n<p>&nbsp;<\/p>\n<p><strong>Ventajas<\/strong><br \/>\nFast cuenta con Finame para todos los equipos utilizados en la extracci\u00f3n;<br \/>\n\u2022 Garant\u00eda de 2 a\u00f1os contra defectos o fallas de fabricaci\u00f3n;<br \/>\n\u2022 Equipos de producci\u00f3n nacional 100%;<br \/>\nPersonal t\u00e9cnico calificado, compuesto por ingenieros mec\u00e1nicos, qu\u00edmicos, alimentarios, de automatizaci\u00f3n y el\u00e9ctricos, ambientales, entre otros, para todo el soporte necesario;<br \/>\nApoyo t\u00e9cnico al ingeniero civil para desarrollar la planta (obra civil) dentro de los est\u00e1ndares establecidos por los organismos vigentes.<\/p>\n<p><strong>Diferencias<\/strong><br \/>\nContamos con plantas operativas en Brasil que suministran sansa (residuos s\u00f3lidos) con 0% de aceite de oliva presente a la salida del decantador y aceite de oliva pulido con 0% de impurezas (analizado por centr\u00edfuga de mesa).<\/p>","protected":false},"excerpt":{"rendered":"<p>A extratora de azeite de oliva Monobloco Fast 100 \u00e9 extremamente compactada, ocupando uma \u00e1rea de aproximadamente 6 m\u00b2. Ideal para a otimiza\u00e7\u00e3o da produ\u00e7\u00e3o, possibilitando o processamento logo ap\u00f3s a colheita e uma extra\u00e7\u00e3o de azeite extravirgem de alt\u00edssima qualidade. Com tecnologia inteiramente nacional, o equipamento possui a capacidade de processar at\u00e9 100 kg [&hellip;]<\/p>","protected":false},"featured_media":3098,"comment_status":"open","ping_status":"closed","template":"","meta":{"arquivo_cliente":"","_joinchat":[]},"product_brand":[],"product_cat":[31],"product_tag":[],"class_list":{"0":"post-2587","1":"product","2":"type-product","3":"status-publish","4":"has-post-thumbnail","6":"product_cat-azeite-de-oliva","8":"first","9":"instock","10":"shipping-taxable","11":"product-type-simple"},"acf":[],"_links":{"self":[{"href":"https:\/\/fastindustria.com.br\/es\/wp-json\/wp\/v2\/product\/2587","targetHints":{"allow":["GET"]}}],"collection":[{"href":"https:\/\/fastindustria.com.br\/es\/wp-json\/wp\/v2\/product"}],"about":[{"href":"https:\/\/fastindustria.com.br\/es\/wp-json\/wp\/v2\/types\/product"}],"replies":[{"embeddable":true,"href":"https:\/\/fastindustria.com.br\/es\/wp-json\/wp\/v2\/comments?post=2587"}],"version-history":[{"count":5,"href":"https:\/\/fastindustria.com.br\/es\/wp-json\/wp\/v2\/product\/2587\/revisions"}],"predecessor-version":[{"id":4623,"href":"https:\/\/fastindustria.com.br\/es\/wp-json\/wp\/v2\/product\/2587\/revisions\/4623"}],"wp:featuredmedia":[{"embeddable":true,"href":"https:\/\/fastindustria.com.br\/es\/wp-json\/wp\/v2\/media\/3098"}],"wp:attachment":[{"href":"https:\/\/fastindustria.com.br\/es\/wp-json\/wp\/v2\/media?parent=2587"}],"wp:term":[{"taxonomy":"product_brand","embeddable":true,"href":"https:\/\/fastindustria.com.br\/es\/wp-json\/wp\/v2\/product_brand?post=2587"},{"taxonomy":"product_cat","embeddable":true,"href":"https:\/\/fastindustria.com.br\/es\/wp-json\/wp\/v2\/product_cat?post=2587"},{"taxonomy":"product_tag","embeddable":true,"href":"https:\/\/fastindustria.com.br\/es\/wp-json\/wp\/v2\/product_tag?post=2587"}],"curies":[{"name":"wp","href":"https:\/\/api.w.org\/{rel}","templated":true}]}}