{"id":2566,"date":"2023-07-04T10:38:54","date_gmt":"2023-07-04T13:38:54","guid":{"rendered":"https:\/\/fastindustria.com.br\/?post_type=product&#038;p=2566"},"modified":"2023-07-18T11:42:26","modified_gmt":"2023-07-18T14:42:26","slug":"prensa-parafuso","status":"publish","type":"product","link":"https:\/\/fastindustria.com.br\/es\/producto\/prensa-parafuso\/","title":{"rendered":"Prensa de tornillo"},"content":{"rendered":"<p>La prensa de tornillo Fast Press\u00ae fue desarrollada como una alternativa para la deshidrataci\u00f3n de lodos, ofreciendo una soluci\u00f3n m\u00e1s eficiente para la separaci\u00f3n de s\u00f3lidos y l\u00edquidos. Trae importantes avances en importantes aspectos operativos, resolviendo varias limitaciones t\u00e9cnicas encontradas en equipos similares.<\/p>\n<p><strong>Diferencias<\/strong><\/p>\n<p>\u2022 Protecci\u00f3n contra el desgaste por fricci\u00f3n, proporcionando mayor vida \u00fatil al equipo;<br \/>\n\u2022 Mayor eficiencia energ\u00e9tica;<br \/>\n\u2022 Posibilidad de incluir un sistema autom\u00e1tico de preparaci\u00f3n de pol\u00edmeros;<br \/>\n\u2022 Sistema de desbordamiento;<br \/>\n\u2022 100% en acero inoxidable;<br \/>\n\u2022 Sistema de saneamiento;<br \/>\n\u2022 Menor consumo de productos qu\u00edmicos;<br \/>\n\u2022 Bajo nivel de ruido;<br \/>\n\u2022 Funcionamiento continuo las 24 horas del d\u00eda;<br \/>\n\u2022 Bajo costo de mantenimiento;<br \/>\n\u2022 Huella m\u00e1s peque\u00f1a.<\/p>\n<p>Comparaci\u00f3n con otros equipos.<br \/>\nComo lo demuestran las aplicaciones pr\u00e1cticas, puede ayudar a crear considerables beneficios econ\u00f3micos y sociales para su operaci\u00f3n.<\/p>\n<p><strong>Principio de funcionamiento<\/strong><\/p>\n<p>Deshidrataci\u00f3n<br \/>\nLos lodos floculados avanzan continuamente desde la zona de espesamiento hacia la zona de deshidrataci\u00f3n. A medida que el paso de la rosca disminuye progresivamente, aumenta la presi\u00f3n en la c\u00e1mara interna. El lodo se presiona hacia la brida de contrapresi\u00f3n y se deshidrata, haciendo que fluya agua clarificada entre las separaciones de los discos.<\/p>\n<p>Autolimpieza<br \/>\nEl movimiento continuo de los discos m\u00f3viles realizado hacia arriba y hacia abajo bajo el impulso del eje central provoca que se limpien las aberturas entre los discos fijos y m\u00f3viles, evitando obstrucciones y facilitando el drenaje.<\/p>\n<p>Segmentos y aplicaci\u00f3n<br \/>\nEstaci\u00f3n de Tratamiento de Aguas Residuales Sanitarias (ETE), Estaci\u00f3n de Tratamiento de Efluentes Industriales (ETE), refrigeradores, papel y celulosa, l\u00e1cteos, bebidas, alimentos, curtiembres, textiles, industria qu\u00edmica, renderizado, reciclaje, pesquero, farmac\u00e9utico, condominios, entre otros proyectos de tratamiento de aguas residuales. .<\/p>","protected":false},"excerpt":{"rendered":"<p>A prensa parafuso Fast Press\u00ae foi desenvolvida como alternativa para desidrata\u00e7\u00e3o de lodo, oferecendo uma solu\u00e7\u00e3o mais eficiente para a separa\u00e7\u00e3o de s\u00f3lidos e l\u00edquidos. Traz grandes avan\u00e7os em importantes aspectos operacionais, resolvendo diversas limita\u00e7\u00f5es t\u00e9cnicas encontradas em equipamentos similares. Diferenciais \u2022 Prote\u00e7\u00e3o contra desgaste por atrito, proporcionando maior vida \u00fatil ao equipamento; \u2022 Maior [&hellip;]<\/p>","protected":false},"featured_media":2941,"comment_status":"open","ping_status":"closed","template":"","meta":{"arquivo_cliente":"","_joinchat":[]},"product_brand":[],"product_cat":[45,44,30,43,47,33,29],"product_tag":[109,108],"class_list":{"0":"post-2566","1":"product","2":"type-product","3":"status-publish","4":"has-post-thumbnail","6":"product_cat-acai","7":"product_cat-bebidas","8":"product_cat-frigorificos","9":"product_cat-laticinios","10":"product_cat-outras-aplicacoes","11":"product_cat-papel-celulose","12":"product_cat-saneamento","13":"product_tag-eta","14":"product_tag-ete","16":"first","17":"instock","18":"shipping-taxable","19":"product-type-simple"},"acf":[],"_links":{"self":[{"href":"https:\/\/fastindustria.com.br\/es\/wp-json\/wp\/v2\/product\/2566","targetHints":{"allow":["GET"]}}],"collection":[{"href":"https:\/\/fastindustria.com.br\/es\/wp-json\/wp\/v2\/product"}],"about":[{"href":"https:\/\/fastindustria.com.br\/es\/wp-json\/wp\/v2\/types\/product"}],"replies":[{"embeddable":true,"href":"https:\/\/fastindustria.com.br\/es\/wp-json\/wp\/v2\/comments?post=2566"}],"version-history":[{"count":6,"href":"https:\/\/fastindustria.com.br\/es\/wp-json\/wp\/v2\/product\/2566\/revisions"}],"predecessor-version":[{"id":4665,"href":"https:\/\/fastindustria.com.br\/es\/wp-json\/wp\/v2\/product\/2566\/revisions\/4665"}],"wp:featuredmedia":[{"embeddable":true,"href":"https:\/\/fastindustria.com.br\/es\/wp-json\/wp\/v2\/media\/2941"}],"wp:attachment":[{"href":"https:\/\/fastindustria.com.br\/es\/wp-json\/wp\/v2\/media?parent=2566"}],"wp:term":[{"taxonomy":"product_brand","embeddable":true,"href":"https:\/\/fastindustria.com.br\/es\/wp-json\/wp\/v2\/product_brand?post=2566"},{"taxonomy":"product_cat","embeddable":true,"href":"https:\/\/fastindustria.com.br\/es\/wp-json\/wp\/v2\/product_cat?post=2566"},{"taxonomy":"product_tag","embeddable":true,"href":"https:\/\/fastindustria.com.br\/es\/wp-json\/wp\/v2\/product_tag?post=2566"}],"curies":[{"name":"wp","href":"https:\/\/api.w.org\/{rel}","templated":true}]}}