{"id":2561,"date":"2023-07-04T10:34:27","date_gmt":"2023-07-04T13:34:27","guid":{"rendered":"https:\/\/fastindustria.com.br\/?post_type=product&#038;p=2561"},"modified":"2023-07-18T11:39:19","modified_gmt":"2023-07-18T14:39:19","slug":"bomba-de-microbolhas","status":"publish","type":"product","link":"https:\/\/fastindustria.com.br\/es\/producto\/bomba-de-microbolhas\/","title":{"rendered":"Bomba de microburbujas"},"content":{"rendered":"<div style=\"white-space: pre-wrap;\" data-draftjs-conductor-fragment=\"{&quot;blocks&quot;:[{&quot;key&quot;:&quot;8jvig&quot;,&quot;text&quot;:&quot;A Fast desenvolveu uma bomba multif\u00e1sica espec\u00edfica para gera\u00e7\u00e3o de microbolhas. Essas microbolhas s\u00e3o a parte essencial para que o sistema de flota\u00e7\u00e3o por ar dissolvido ocorra. O equipamento \u00e9 fabricado com material nobre, sendo que tanto o rotor quanto o estator s\u00e3o em a\u00e7o inoxid\u00e1vel. Por meio da recircula\u00e7\u00e3o parcial do fluido tratado com mecanismos de nuclea\u00e7\u00e3o, cavita\u00e7\u00e3o, arraste e ades\u00e3o, promove a separa\u00e7\u00e3o entre s\u00f3lido e l\u00edquido, resultando em eficiente remo\u00e7\u00e3o de s\u00f3lidos em suspens\u00e3o e precipitados (col\u00f3ides\/part\u00edculas), al\u00e9m de grande redu\u00e7\u00e3o dos par\u00e2metros de DBO, DQO, O&amp;G (\u00f3leos e graxas), f\u00f3sforo e outros. A bomba de microbolhas projetada pela Fast tem elevada efici\u00eancia, com maior n\u00famero de microbolhas, resultando assim em um excelente sistema de flota\u00e7\u00e3o por ar dissolvido.&quot;,&quot;type&quot;:&quot;unstyled&quot;,&quot;depth&quot;:0,&quot;inlineStyleRanges&quot;:[],&quot;entityRanges&quot;:[{&quot;offset&quot;:224,&quot;length&quot;:9,&quot;key&quot;:0},{&quot;offset&quot;:288,&quot;length&quot;:337,&quot;key&quot;:1}],&quot;data&quot;:{}}],&quot;entityMap&quot;:{&quot;0&quot;:{&quot;type&quot;:&quot;CORRECTION&quot;,&quot;mutability&quot;:&quot;MUTABLE&quot;,&quot;data&quot;:{&quot;id&quot;:&quot;USO_SENDO_QUE&quot;,&quot;score&quot;:{&quot;concisao&quot;:2},&quot;replacement&quot;:[&quot;&quot;],&quot;replace&quot;:true,&quot;spans&quot;:[{&quot;offset&quot;:224,&quot;length&quot;:9,&quot;content&quot;:&quot;sendo que&quot;}],&quot;_id&quot;:&quot;64b1bcfdbe6b039c2295cf6c&quot;,&quot;custom&quot;:{&quot;title&quot;:&quot;Uso de &lt;i&gt;sendo que&lt;\/i&gt;&quot;,&quot;feedback&quot;:&quot;Evite usar a express\u00e3o &lt;i&gt;sendo que&lt;\/i&gt;.&quot;,&quot;more&quot;:&quot;&lt;ul&gt; &lt;li&gt; &lt;p&gt; Evite usar a express\u00e3o &lt;i&gt;sendo que&lt;\/i&gt; para ligar ora\u00e7\u00f5es; ela pode ser exclu\u00edda ou substitu\u00edda, dependendo da frase. &lt;\/p&gt; &lt;p&gt; &lt;span style='color: red; font-weight: bold;'&gt;Ele n\u00e3o foi \u00e0 festa, sendo que prometeu ir.&lt;\/span&gt;&lt;br \/&gt; &lt;\/p&gt; &lt;p&gt; &lt;span style='color: green; font-weight: bold;'&gt;Ele n\u00e3o foi \u00e0 festa, mesmo tendo prometido ir.&lt;\/span&gt;&lt;br \/&gt; &lt;\/p&gt;&lt;\/li&gt; &lt;\/ul&gt;&quot;},&quot;hide&quot;:false,&quot;itemId&quot;:&quot;DEVIATION_USO_SENDO_QUE_64b1bcfdbe6b039c2295cf6c&quot;}},&quot;1&quot;:{&quot;type&quot;:&quot;CORRECTION&quot;,&quot;mutability&quot;:&quot;MUTABLE&quot;,&quot;data&quot;:{&quot;id&quot;:&quot;FRASE_LONGA&quot;,&quot;spans&quot;:[{&quot;offset&quot;:288,&quot;length&quot;:337,&quot;content&quot;:&quot;Por meio da recircula\u00e7\u00e3o parcial do fluido tratado com mecanismos de nuclea\u00e7\u00e3o, cavita\u00e7\u00e3o, arraste e ades\u00e3o, promove a separa\u00e7\u00e3o entre s\u00f3lido e l\u00edquido, resultando em eficiente remo\u00e7\u00e3o de s\u00f3lidos em suspens\u00e3o e precipitados (col\u00f3ides\/part\u00edculas), al\u00e9m de grande redu\u00e7\u00e3o dos par\u00e2metros de DBO, DQO, O&amp;G (\u00f3leos e graxas), f\u00f3sforo e outros.&quot;}],&quot;par&quot;:0,&quot;sent&quot;:3,&quot;score&quot;:{&quot;concisao&quot;:2},&quot;_id&quot;:&quot;64b1bcfdbe6b033eec95cf6d&quot;,&quot;custom&quot;:{&quot;title&quot;:&quot;Frase muito longa | &lt;i&gt;337 toques&lt;\/i&gt;&quot;,&quot;feedback&quot;:&quot;S\u00f3 conseguimos dominar um n\u00famero limitado de palavras antes de precisar de uma pausa. Frases curtas facilitam a compreens\u00e3o do texto.&quot;,&quot;more&quot;:&quot;&lt;ul&gt; &lt;li&gt; &lt;p&gt;Se sua frase est\u00e1 muito muito longa, tente dividi-la em duas.&lt;\/p&gt; &lt;\/li&gt; &lt;li&gt; &lt;p&gt; Corte palavras desnecess\u00e1rias. Comece pelos adv\u00e9rbios e adjetivos. &lt;\/p&gt; &lt;\/li&gt; &lt;li&gt; &lt;p&gt; Substitua os poliss\u00edlabos por palavras simples: &lt;i&gt;usar&lt;\/i&gt; \u00e9 mais simples que &lt;i&gt;utilizar&lt;\/i&gt;. &lt;\/p&gt; &lt;\/li&gt; &lt;\/ul&gt;&quot;},&quot;hide&quot;:false,&quot;itemId&quot;:&quot;DEVIATION_FRASE_LONGA_64b1bcfdbe6b033eec95cf6d&quot;}}}}\"><span data-offset-key=\"dgeop-0-0\">Fast ha desarrollado una bomba multif\u00e1sica espec\u00edficamente para generar microburbujas. Estas microburbujas son la parte esencial para que se produzca el sistema de flotaci\u00f3n por aire disuelto. El equipo est\u00e1 fabricado con material noble, <\/span><span class=\"jss41253 TEXT_64b1bcfdbe6b039c2295cf6c\"><span data-offset-key=\"dgeop-1-0\">ya que<\/span><\/span><span data-offset-key=\"dgeop-2-0\"> Tanto el rotor como el estator est\u00e1n fabricados en acero inoxidable. <\/span><\/div>\n<div data-draftjs-conductor-fragment=\"{&quot;blocks&quot;:[{&quot;key&quot;:&quot;8jvig&quot;,&quot;text&quot;:&quot;A Fast desenvolveu uma bomba multif\u00e1sica espec\u00edfica para gera\u00e7\u00e3o de microbolhas. Essas microbolhas s\u00e3o a parte essencial para que o sistema de flota\u00e7\u00e3o por ar dissolvido ocorra. O equipamento \u00e9 fabricado com material nobre, sendo que tanto o rotor quanto o estator s\u00e3o em a\u00e7o inoxid\u00e1vel. Por meio da recircula\u00e7\u00e3o parcial do fluido tratado com mecanismos de nuclea\u00e7\u00e3o, cavita\u00e7\u00e3o, arraste e ades\u00e3o, promove a separa\u00e7\u00e3o entre s\u00f3lido e l\u00edquido, resultando em eficiente remo\u00e7\u00e3o de s\u00f3lidos em suspens\u00e3o e precipitados (col\u00f3ides\/part\u00edculas), al\u00e9m de grande redu\u00e7\u00e3o dos par\u00e2metros de DBO, DQO, O&amp;G (\u00f3leos e graxas), f\u00f3sforo e outros. A bomba de microbolhas projetada pela Fast tem elevada efici\u00eancia, com maior n\u00famero de microbolhas, resultando assim em um excelente sistema de flota\u00e7\u00e3o por ar dissolvido.&quot;,&quot;type&quot;:&quot;unstyled&quot;,&quot;depth&quot;:0,&quot;inlineStyleRanges&quot;:[],&quot;entityRanges&quot;:[{&quot;offset&quot;:224,&quot;length&quot;:9,&quot;key&quot;:0},{&quot;offset&quot;:288,&quot;length&quot;:337,&quot;key&quot;:1}],&quot;data&quot;:{}}],&quot;entityMap&quot;:{&quot;0&quot;:{&quot;type&quot;:&quot;CORRECTION&quot;,&quot;mutability&quot;:&quot;MUTABLE&quot;,&quot;data&quot;:{&quot;id&quot;:&quot;USO_SENDO_QUE&quot;,&quot;score&quot;:{&quot;concisao&quot;:2},&quot;replacement&quot;:[&quot;&quot;],&quot;replace&quot;:true,&quot;spans&quot;:[{&quot;offset&quot;:224,&quot;length&quot;:9,&quot;content&quot;:&quot;sendo que&quot;}],&quot;_id&quot;:&quot;64b1bcfdbe6b039c2295cf6c&quot;,&quot;custom&quot;:{&quot;title&quot;:&quot;Uso de &lt;i&gt;sendo que&lt;\/i&gt;&quot;,&quot;feedback&quot;:&quot;Evite usar a express\u00e3o &lt;i&gt;sendo que&lt;\/i&gt;.&quot;,&quot;more&quot;:&quot;&lt;ul&gt; &lt;li&gt; &lt;p&gt; Evite usar a express\u00e3o &lt;i&gt;sendo que&lt;\/i&gt; para ligar ora\u00e7\u00f5es; ela pode ser exclu\u00edda ou substitu\u00edda, dependendo da frase. &lt;\/p&gt; &lt;p&gt; &lt;span style='color: red; font-weight: bold;'&gt;Ele n\u00e3o foi \u00e0 festa, sendo que prometeu ir.&lt;\/span&gt;&lt;br \/&gt; &lt;\/p&gt; &lt;p&gt; &lt;span style='color: green; font-weight: bold;'&gt;Ele n\u00e3o foi \u00e0 festa, mesmo tendo prometido ir.&lt;\/span&gt;&lt;br \/&gt; &lt;\/p&gt;&lt;\/li&gt; &lt;\/ul&gt;&quot;},&quot;hide&quot;:false,&quot;itemId&quot;:&quot;DEVIATION_USO_SENDO_QUE_64b1bcfdbe6b039c2295cf6c&quot;}},&quot;1&quot;:{&quot;type&quot;:&quot;CORRECTION&quot;,&quot;mutability&quot;:&quot;MUTABLE&quot;,&quot;data&quot;:{&quot;id&quot;:&quot;FRASE_LONGA&quot;,&quot;spans&quot;:[{&quot;offset&quot;:288,&quot;length&quot;:337,&quot;content&quot;:&quot;Por meio da recircula\u00e7\u00e3o parcial do fluido tratado com mecanismos de nuclea\u00e7\u00e3o, cavita\u00e7\u00e3o, arraste e ades\u00e3o, promove a separa\u00e7\u00e3o entre s\u00f3lido e l\u00edquido, resultando em eficiente remo\u00e7\u00e3o de s\u00f3lidos em suspens\u00e3o e precipitados (col\u00f3ides\/part\u00edculas), al\u00e9m de grande redu\u00e7\u00e3o dos par\u00e2metros de DBO, DQO, O&amp;G (\u00f3leos e graxas), f\u00f3sforo e outros.&quot;}],&quot;par&quot;:0,&quot;sent&quot;:3,&quot;score&quot;:{&quot;concisao&quot;:2},&quot;_id&quot;:&quot;64b1bcfdbe6b033eec95cf6d&quot;,&quot;custom&quot;:{&quot;title&quot;:&quot;Frase muito longa | &lt;i&gt;337 toques&lt;\/i&gt;&quot;,&quot;feedback&quot;:&quot;S\u00f3 conseguimos dominar um n\u00famero limitado de palavras antes de precisar de uma pausa. Frases curtas facilitam a compreens\u00e3o do texto.&quot;,&quot;more&quot;:&quot;&lt;ul&gt; &lt;li&gt; &lt;p&gt;Se sua frase est\u00e1 muito muito longa, tente dividi-la em duas.&lt;\/p&gt; &lt;\/li&gt; &lt;li&gt; &lt;p&gt; Corte palavras desnecess\u00e1rias. Comece pelos adv\u00e9rbios e adjetivos. &lt;\/p&gt; &lt;\/li&gt; &lt;li&gt; &lt;p&gt; Substitua os poliss\u00edlabos por palavras simples: &lt;i&gt;usar&lt;\/i&gt; \u00e9 mais simples que &lt;i&gt;utilizar&lt;\/i&gt;. &lt;\/p&gt; &lt;\/li&gt; &lt;\/ul&gt;&quot;},&quot;hide&quot;:false,&quot;itemId&quot;:&quot;DEVIATION_FRASE_LONGA_64b1bcfdbe6b033eec95cf6d&quot;}}}}\"><\/div>\n<div style=\"white-space: pre-wrap;\" data-draftjs-conductor-fragment=\"{&quot;blocks&quot;:[{&quot;key&quot;:&quot;8jvig&quot;,&quot;text&quot;:&quot;A Fast desenvolveu uma bomba multif\u00e1sica espec\u00edfica para gera\u00e7\u00e3o de microbolhas. Essas microbolhas s\u00e3o a parte essencial para que o sistema de flota\u00e7\u00e3o por ar dissolvido ocorra. O equipamento \u00e9 fabricado com material nobre, sendo que tanto o rotor quanto o estator s\u00e3o em a\u00e7o inoxid\u00e1vel. Por meio da recircula\u00e7\u00e3o parcial do fluido tratado com mecanismos de nuclea\u00e7\u00e3o, cavita\u00e7\u00e3o, arraste e ades\u00e3o, promove a separa\u00e7\u00e3o entre s\u00f3lido e l\u00edquido, resultando em eficiente remo\u00e7\u00e3o de s\u00f3lidos em suspens\u00e3o e precipitados (col\u00f3ides\/part\u00edculas), al\u00e9m de grande redu\u00e7\u00e3o dos par\u00e2metros de DBO, DQO, O&amp;G (\u00f3leos e graxas), f\u00f3sforo e outros. A bomba de microbolhas projetada pela Fast tem elevada efici\u00eancia, com maior n\u00famero de microbolhas, resultando assim em um excelente sistema de flota\u00e7\u00e3o por ar dissolvido.&quot;,&quot;type&quot;:&quot;unstyled&quot;,&quot;depth&quot;:0,&quot;inlineStyleRanges&quot;:[],&quot;entityRanges&quot;:[{&quot;offset&quot;:224,&quot;length&quot;:9,&quot;key&quot;:0},{&quot;offset&quot;:288,&quot;length&quot;:337,&quot;key&quot;:1}],&quot;data&quot;:{}}],&quot;entityMap&quot;:{&quot;0&quot;:{&quot;type&quot;:&quot;CORRECTION&quot;,&quot;mutability&quot;:&quot;MUTABLE&quot;,&quot;data&quot;:{&quot;id&quot;:&quot;USO_SENDO_QUE&quot;,&quot;score&quot;:{&quot;concisao&quot;:2},&quot;replacement&quot;:[&quot;&quot;],&quot;replace&quot;:true,&quot;spans&quot;:[{&quot;offset&quot;:224,&quot;length&quot;:9,&quot;content&quot;:&quot;sendo que&quot;}],&quot;_id&quot;:&quot;64b1bcfdbe6b039c2295cf6c&quot;,&quot;custom&quot;:{&quot;title&quot;:&quot;Uso de &lt;i&gt;sendo que&lt;\/i&gt;&quot;,&quot;feedback&quot;:&quot;Evite usar a express\u00e3o &lt;i&gt;sendo que&lt;\/i&gt;.&quot;,&quot;more&quot;:&quot;&lt;ul&gt; &lt;li&gt; &lt;p&gt; Evite usar a express\u00e3o &lt;i&gt;sendo que&lt;\/i&gt; para ligar ora\u00e7\u00f5es; ela pode ser exclu\u00edda ou substitu\u00edda, dependendo da frase. &lt;\/p&gt; &lt;p&gt; &lt;span style='color: red; font-weight: bold;'&gt;Ele n\u00e3o foi \u00e0 festa, sendo que prometeu ir.&lt;\/span&gt;&lt;br \/&gt; &lt;\/p&gt; &lt;p&gt; &lt;span style='color: green; font-weight: bold;'&gt;Ele n\u00e3o foi \u00e0 festa, mesmo tendo prometido ir.&lt;\/span&gt;&lt;br \/&gt; &lt;\/p&gt;&lt;\/li&gt; &lt;\/ul&gt;&quot;},&quot;hide&quot;:false,&quot;itemId&quot;:&quot;DEVIATION_USO_SENDO_QUE_64b1bcfdbe6b039c2295cf6c&quot;}},&quot;1&quot;:{&quot;type&quot;:&quot;CORRECTION&quot;,&quot;mutability&quot;:&quot;MUTABLE&quot;,&quot;data&quot;:{&quot;id&quot;:&quot;FRASE_LONGA&quot;,&quot;spans&quot;:[{&quot;offset&quot;:288,&quot;length&quot;:337,&quot;content&quot;:&quot;Por meio da recircula\u00e7\u00e3o parcial do fluido tratado com mecanismos de nuclea\u00e7\u00e3o, cavita\u00e7\u00e3o, arraste e ades\u00e3o, promove a separa\u00e7\u00e3o entre s\u00f3lido e l\u00edquido, resultando em eficiente remo\u00e7\u00e3o de s\u00f3lidos em suspens\u00e3o e precipitados (col\u00f3ides\/part\u00edculas), al\u00e9m de grande redu\u00e7\u00e3o dos par\u00e2metros de DBO, DQO, O&amp;G (\u00f3leos e graxas), f\u00f3sforo e outros.&quot;}],&quot;par&quot;:0,&quot;sent&quot;:3,&quot;score&quot;:{&quot;concisao&quot;:2},&quot;_id&quot;:&quot;64b1bcfdbe6b033eec95cf6d&quot;,&quot;custom&quot;:{&quot;title&quot;:&quot;Frase muito longa | &lt;i&gt;337 toques&lt;\/i&gt;&quot;,&quot;feedback&quot;:&quot;S\u00f3 conseguimos dominar um n\u00famero limitado de palavras antes de precisar de uma pausa. Frases curtas facilitam a compreens\u00e3o do texto.&quot;,&quot;more&quot;:&quot;&lt;ul&gt; &lt;li&gt; &lt;p&gt;Se sua frase est\u00e1 muito muito longa, tente dividi-la em duas.&lt;\/p&gt; &lt;\/li&gt; &lt;li&gt; &lt;p&gt; Corte palavras desnecess\u00e1rias. Comece pelos adv\u00e9rbios e adjetivos. &lt;\/p&gt; &lt;\/li&gt; &lt;li&gt; &lt;p&gt; Substitua os poliss\u00edlabos por palavras simples: &lt;i&gt;usar&lt;\/i&gt; \u00e9 mais simples que &lt;i&gt;utilizar&lt;\/i&gt;. &lt;\/p&gt; &lt;\/li&gt; &lt;\/ul&gt;&quot;},&quot;hide&quot;:false,&quot;itemId&quot;:&quot;DEVIATION_FRASE_LONGA_64b1bcfdbe6b033eec95cf6d&quot;}}}}\"><span class=\"jss41253 TEXT_64b1bcfdbe6b033eec95cf6d\"><span data-offset-key=\"dgeop-3-0\">A trav\u00e9s de la recirculaci\u00f3n parcial del fluido tratado con mecanismos de nucleaci\u00f3n, cavitaci\u00f3n, arrastre y adhesi\u00f3n, promueve la separaci\u00f3n entre s\u00f3lido y l\u00edquido, resultando en una eficiente remoci\u00f3n de s\u00f3lidos en suspensi\u00f3n y precipitados (coloides\/part\u00edculas), adem\u00e1s de una gran reducci\u00f3n en los par\u00e1metros. de DBO, DQO, O&amp;G (aceites y grasas), f\u00f3sforo y otros.<\/span><\/span><span data-offset-key=\"dgeop-4-0\"> La bomba de microburbujas dise\u00f1ada por Fast tiene una alta eficiencia, con un mayor n\u00famero de microburbujas, dando como resultado un excelente sistema de flotaci\u00f3n por aire disuelto.<\/span><\/div>\n<p><strong>Ventajas<\/strong><\/p>\n<p>\u2022 F\u00e1cil manejo;<br \/>\n\u2022 Regulaci\u00f3n simplificada de la relaci\u00f3n aire\/s\u00f3lido;<br \/>\n\u2022 Mantenimiento pr\u00e1ctico;<br \/>\n\u2022 Facilidad de limpieza de todo el sistema, ya que no genera biofilm;<br \/>\n\u2022 Amplia gama de caudales operativos.<\/p>\n<p><strong>Segmentos y aplicaci\u00f3n<\/strong><\/p>\n<p>Estaci\u00f3n de Tratamiento de Aguas Residuales Sanitarias (ETE), Estaci\u00f3n de Tratamiento de Efluentes Industriales (ETE), refrigeradores, papel y celulosa, l\u00e1cteos, bebidas, alimentos, curtidos, textiles, renderizado, entre otros.<\/p>","protected":false},"excerpt":{"rendered":"<p>A Fast desenvolveu uma bomba multif\u00e1sica espec\u00edfica para gera\u00e7\u00e3o de microbolhas. Essas microbolhas s\u00e3o a parte essencial para que o sistema de flota\u00e7\u00e3o por ar dissolvido ocorra. O equipamento \u00e9 fabricado com material nobre, sendo que tanto o rotor quanto o estator s\u00e3o em a\u00e7o inoxid\u00e1vel. Por meio da recircula\u00e7\u00e3o parcial do fluido tratado com [&hellip;]<\/p>","protected":false},"featured_media":3102,"comment_status":"open","ping_status":"closed","template":"","meta":{"arquivo_cliente":"","_joinchat":[]},"product_brand":[],"product_cat":[44,30,43,47,33,29],"product_tag":[108],"class_list":{"0":"post-2561","1":"product","2":"type-product","3":"status-publish","4":"has-post-thumbnail","6":"product_cat-bebidas","7":"product_cat-frigorificos","8":"product_cat-laticinios","9":"product_cat-outras-aplicacoes","10":"product_cat-papel-celulose","11":"product_cat-saneamento","12":"product_tag-ete","14":"first","15":"instock","16":"shipping-taxable","17":"product-type-simple"},"acf":[],"_links":{"self":[{"href":"https:\/\/fastindustria.com.br\/es\/wp-json\/wp\/v2\/product\/2561","targetHints":{"allow":["GET"]}}],"collection":[{"href":"https:\/\/fastindustria.com.br\/es\/wp-json\/wp\/v2\/product"}],"about":[{"href":"https:\/\/fastindustria.com.br\/es\/wp-json\/wp\/v2\/types\/product"}],"replies":[{"embeddable":true,"href":"https:\/\/fastindustria.com.br\/es\/wp-json\/wp\/v2\/comments?post=2561"}],"version-history":[{"count":5,"href":"https:\/\/fastindustria.com.br\/es\/wp-json\/wp\/v2\/product\/2561\/revisions"}],"predecessor-version":[{"id":4664,"href":"https:\/\/fastindustria.com.br\/es\/wp-json\/wp\/v2\/product\/2561\/revisions\/4664"}],"wp:featuredmedia":[{"embeddable":true,"href":"https:\/\/fastindustria.com.br\/es\/wp-json\/wp\/v2\/media\/3102"}],"wp:attachment":[{"href":"https:\/\/fastindustria.com.br\/es\/wp-json\/wp\/v2\/media?parent=2561"}],"wp:term":[{"taxonomy":"product_brand","embeddable":true,"href":"https:\/\/fastindustria.com.br\/es\/wp-json\/wp\/v2\/product_brand?post=2561"},{"taxonomy":"product_cat","embeddable":true,"href":"https:\/\/fastindustria.com.br\/es\/wp-json\/wp\/v2\/product_cat?post=2561"},{"taxonomy":"product_tag","embeddable":true,"href":"https:\/\/fastindustria.com.br\/es\/wp-json\/wp\/v2\/product_tag?post=2561"}],"curies":[{"name":"wp","href":"https:\/\/api.w.org\/{rel}","templated":true}]}}