{"id":2556,"date":"2023-07-04T10:32:30","date_gmt":"2023-07-04T13:32:30","guid":{"rendered":"https:\/\/fastindustria.com.br\/?post_type=product&#038;p=2556"},"modified":"2023-07-18T09:08:08","modified_gmt":"2023-07-18T12:08:08","slug":"centrifuga-vertical-2","status":"publish","type":"product","link":"https:\/\/fastindustria.com.br\/es\/producto\/centrifuga-vertical-2\/","title":{"rendered":"Centrifugadora vertical EAF"},"content":{"rendered":"<p>Las Centr\u00edfugas Verticales R\u00e1pidas tienen caracter\u00edsticas de alta robustez, confiabilidad, poca necesidad de mantenimiento, r\u00e9gimen de trabajo continuo, alto grado de salubridad, construcci\u00f3n compacta y facilidad de operaci\u00f3n. Todo esto le otorga al equipo durabilidad y excelente desempe\u00f1o, cumpliendo con los m\u00e1s altos est\u00e1ndares de calidad de separaci\u00f3n.<\/p>\n<p>Las centr\u00edfugas verticales r\u00e1pidas son ideales para separaciones que requieren un alto est\u00e1ndar de eliminaci\u00f3n, utilizando sedimentaci\u00f3n por diferencias de densidad, como es el caso de la extracci\u00f3n de aceite de oliva. Este equipo combina alta velocidad y materiales especiales con un dise\u00f1o espec\u00edfico.<\/p>\n<p><em>Control<\/em><\/p>\n<p>El panel de control est\u00e1 equipado con un PLC para monitorear sobrecargas en los motores y controlar los niveles de vibraci\u00f3n de la m\u00e1quina.<\/p>\n<h4>Diferencias<\/h4>\n<p>Las centr\u00edfugas verticales r\u00e1pidas est\u00e1n fabricadas con estructura de acero al carbono y pintura epoxi. Las piezas internas que entran en contacto con el producto son de acero inoxidable, al igual que el rotor de alta resistencia mec\u00e1nica y especialmente desarrollado para soportar elevadas fuerzas centr\u00edfugas.<\/p>","protected":false},"excerpt":{"rendered":"<p>As centr\u00edfugas verticais EAF apresentam caracter\u00edsticas de alta robustez, confiabilidade, pouca necessidade de manuten\u00e7\u00e3o, regime cont\u00ednuo de trabalho, elevado grau de sanitariedade, constru\u00e7\u00e3o compacta e facilidade de opera\u00e7\u00e3o. Tudo isso confere ao equipamento durabilidade e \u00f3timo desempenho, atendendo aos mais elevados padr\u00f5es de qualidade de separa\u00e7\u00e3o. As centr\u00edfugas verticais Fast s\u00e3o ideais para separa\u00e7\u00f5es que [&hellip;]<\/p>","protected":false},"featured_media":2849,"comment_status":"open","ping_status":"closed","template":"","meta":{"arquivo_cliente":"","_joinchat":[]},"product_brand":[],"product_cat":[46,31],"product_tag":[],"class_list":{"0":"post-2556","1":"product","2":"type-product","3":"status-publish","4":"has-post-thumbnail","6":"product_cat-azeite-de-abacate","7":"product_cat-azeite-de-oliva","9":"first","10":"instock","11":"shipping-taxable","12":"product-type-simple"},"acf":[],"_links":{"self":[{"href":"https:\/\/fastindustria.com.br\/es\/wp-json\/wp\/v2\/product\/2556","targetHints":{"allow":["GET"]}}],"collection":[{"href":"https:\/\/fastindustria.com.br\/es\/wp-json\/wp\/v2\/product"}],"about":[{"href":"https:\/\/fastindustria.com.br\/es\/wp-json\/wp\/v2\/types\/product"}],"replies":[{"embeddable":true,"href":"https:\/\/fastindustria.com.br\/es\/wp-json\/wp\/v2\/comments?post=2556"}],"version-history":[{"count":2,"href":"https:\/\/fastindustria.com.br\/es\/wp-json\/wp\/v2\/product\/2556\/revisions"}],"predecessor-version":[{"id":4614,"href":"https:\/\/fastindustria.com.br\/es\/wp-json\/wp\/v2\/product\/2556\/revisions\/4614"}],"wp:featuredmedia":[{"embeddable":true,"href":"https:\/\/fastindustria.com.br\/es\/wp-json\/wp\/v2\/media\/2849"}],"wp:attachment":[{"href":"https:\/\/fastindustria.com.br\/es\/wp-json\/wp\/v2\/media?parent=2556"}],"wp:term":[{"taxonomy":"product_brand","embeddable":true,"href":"https:\/\/fastindustria.com.br\/es\/wp-json\/wp\/v2\/product_brand?post=2556"},{"taxonomy":"product_cat","embeddable":true,"href":"https:\/\/fastindustria.com.br\/es\/wp-json\/wp\/v2\/product_cat?post=2556"},{"taxonomy":"product_tag","embeddable":true,"href":"https:\/\/fastindustria.com.br\/es\/wp-json\/wp\/v2\/product_tag?post=2556"}],"curies":[{"name":"wp","href":"https:\/\/api.w.org\/{rel}","templated":true}]}}