{"id":2552,"date":"2023-07-04T10:28:09","date_gmt":"2023-07-04T13:28:09","guid":{"rendered":"https:\/\/fastindustria.com.br\/?post_type=product&#038;p=2552"},"modified":"2023-07-14T18:29:20","modified_gmt":"2023-07-14T21:29:20","slug":"2552","status":"publish","type":"product","link":"https:\/\/fastindustria.com.br\/es\/producto\/2552\/","title":{"rendered":"Tamiz rotatorio"},"content":{"rendered":"<div style=\"white-space: pre-wrap;\" data-draftjs-conductor-fragment=\"{&quot;blocks&quot;:[{&quot;key&quot;:&quot;a096g&quot;,&quot;text&quot;:&quot;A peneira rotativa desenvolvida pela Fast \u00e9 de constru\u00e7\u00e3o robusta, fabricada totalmente em a\u00e7o inoxid\u00e1vel, possuindo opera\u00e7\u00e3o cont\u00ednua e sistema de higieniza\u00e7\u00e3o autom\u00e1tica do meio filtrante. Projetada para longa vida \u00fatil e baixa manuten\u00e7\u00e3o, \u00e9 utilizada para reten\u00e7\u00e3o e separa\u00e7\u00e3o de s\u00f3lidos em suspens\u00e3o dos efluentes brutos, geralmente como unidade preliminar nas plantas de tratamento de efluentes.&quot;,&quot;type&quot;:&quot;unstyled&quot;,&quot;depth&quot;:0,&quot;inlineStyleRanges&quot;:[],&quot;entityRanges&quot;:[],&quot;data&quot;:{}},{&quot;key&quot;:&quot;2frst&quot;,&quot;text&quot;:&quot;A forma construtiva da peneira, formada por um tambor filtrante rotativo montado horizontalmente sobre a estrutura de sustenta\u00e7\u00e3o atrav\u00e9s de flanges de centraliza\u00e7\u00e3o e mancais de apoio, permite que seja autolimpante. O acionamento \u00e9 formado por um conjunto motorredutor, de forma a manter uma velocidade adequada do tambor para uma eficiente remo\u00e7\u00e3o dos s\u00f3lidos.&quot;,&quot;type&quot;:&quot;unstyled&quot;,&quot;depth&quot;:0,&quot;inlineStyleRanges&quot;:[],&quot;entityRanges&quot;:[],&quot;data&quot;:{}},{&quot;key&quot;:&quot;nlf3&quot;,&quot;text&quot;:&quot;O efluente bruto \u00e9 direcionado ao interior do equipamento, entrando em contato com o cesto rotativo. Assim, o meio filtrante atua como um filtro, permitindo a passagem somente da parte l\u00edquida para a \u00e1rea externa do cesto rotativo, escoando para a calha e direcionando para a sa\u00edda do equipamento. Enquanto isso, os s\u00f3lidos em suspens\u00e3o ficam retidos sobre o meio filtrante e, com o aux\u00edlio do helicoide, s\u00e3o direcionas para fora do cesto rotativo at\u00e9 a extremidade oposta da alimenta\u00e7\u00e3o, permitindo sua coleta.&quot;,&quot;type&quot;:&quot;unstyled&quot;,&quot;depth&quot;:0,&quot;inlineStyleRanges&quot;:[],&quot;entityRanges&quot;:[{&quot;offset&quot;:85,&quot;length&quot;:5,&quot;key&quot;:0},{&quot;offset&quot;:91,&quot;length&quot;:8,&quot;key&quot;:1},{&quot;offset&quot;:216,&quot;length&quot;:5,&quot;key&quot;:0},{&quot;offset&quot;:222,&quot;length&quot;:8,&quot;key&quot;:1},{&quot;offset&quot;:433,&quot;length&quot;:5,&quot;key&quot;:0},{&quot;offset&quot;:439,&quot;length&quot;:8,&quot;key&quot;:1}],&quot;data&quot;:{}}],&quot;entityMap&quot;:{&quot;0&quot;:{&quot;type&quot;:&quot;CORRECTION&quot;,&quot;mutability&quot;:&quot;MUTABLE&quot;,&quot;data&quot;:{&quot;id&quot;:&quot;USO_PALAVRAS_REPETIDAS&quot;,&quot;spans&quot;:[{&quot;offset&quot;:849,&quot;length&quot;:5,&quot;content&quot;:&quot;cesto&quot;,&quot;par&quot;:0},{&quot;offset&quot;:980,&quot;length&quot;:5,&quot;content&quot;:&quot;cesto&quot;,&quot;par&quot;:0},{&quot;offset&quot;:1197,&quot;length&quot;:5,&quot;content&quot;:&quot;cesto&quot;,&quot;par&quot;:0}],&quot;par&quot;:0,&quot;score&quot;:{&quot;originalidade&quot;:3},&quot;_id&quot;:&quot;64b1be0fea52fd310a8a3aa9&quot;,&quot;custom&quot;:{&quot;title&quot;:&quot;Palavras repetidas&quot;,&quot;feedback&quot;:&quot;Palavras repetidas deixam a leitura cansativa.&quot;,&quot;more&quot;:&quot;&lt;ul&gt; &lt;li&gt; &lt;p&gt; Procure usar sin\u00f4nimos ou reescrever a frase para evitar o uso de palavras repetidas. &lt;\/p&gt; &lt;p&gt; &lt;span style='color: red'&gt; Profissionais devem buscar o equil\u00edbrio na &lt;span style='text-decoration-Line: underline'&gt;vida profissional&lt;\/span&gt;. &lt;\/span&gt; &lt;\/p&gt; &lt;p&gt; &lt;span style='color: green'&gt; Profissionais devem buscar o equil\u00edbrio na &lt;span style='text-decoration-Line: underline'&gt;carreira&lt;\/span&gt;. &lt;\/span&gt; &lt;\/p&gt; &lt;\/li&gt; &lt;\/ul&gt;&quot;},&quot;hide&quot;:false,&quot;itemId&quot;:&quot;DEVIATION_USO_PALAVRAS_REPETIDAS_64b1be0fea52fd310a8a3aa9&quot;}},&quot;1&quot;:{&quot;type&quot;:&quot;CORRECTION&quot;,&quot;mutability&quot;:&quot;MUTABLE&quot;,&quot;data&quot;:{&quot;id&quot;:&quot;USO_PALAVRAS_REPETIDAS&quot;,&quot;spans&quot;:[{&quot;offset&quot;:855,&quot;length&quot;:8,&quot;content&quot;:&quot;rotativo&quot;,&quot;par&quot;:0},{&quot;offset&quot;:986,&quot;length&quot;:8,&quot;content&quot;:&quot;rotativo&quot;,&quot;par&quot;:0},{&quot;offset&quot;:1203,&quot;length&quot;:8,&quot;content&quot;:&quot;rotativo&quot;,&quot;par&quot;:0}],&quot;par&quot;:0,&quot;score&quot;:{&quot;originalidade&quot;:3},&quot;_id&quot;:&quot;64b1be0fea52fdc1068a3aaa&quot;,&quot;custom&quot;:{&quot;title&quot;:&quot;Palavras repetidas&quot;,&quot;feedback&quot;:&quot;Palavras repetidas deixam a leitura cansativa.&quot;,&quot;more&quot;:&quot;&lt;ul&gt; &lt;li&gt; &lt;p&gt; Procure usar sin\u00f4nimos ou reescrever a frase para evitar o uso de palavras repetidas. &lt;\/p&gt; &lt;p&gt; &lt;span style='color: red'&gt; Profissionais devem buscar o equil\u00edbrio na &lt;span style='text-decoration-Line: underline'&gt;vida profissional&lt;\/span&gt;. &lt;\/span&gt; &lt;\/p&gt; &lt;p&gt; &lt;span style='color: green'&gt; Profissionais devem buscar o equil\u00edbrio na &lt;span style='text-decoration-Line: underline'&gt;carreira&lt;\/span&gt;. &lt;\/span&gt; &lt;\/p&gt; &lt;\/li&gt; &lt;\/ul&gt;&quot;},&quot;hide&quot;:false,&quot;itemId&quot;:&quot;DEVIATION_USO_PALAVRAS_REPETIDAS_64b1be0fea52fdc1068a3aaa&quot;}}}}\">\n<div class=\"Draftail-block--unstyled\" data-block=\"true\" data-editor=\"8gcvi\" data-offset-key=\"dgeop-0-0\">\n<div class=\"public-DraftStyleDefault-block public-DraftStyleDefault-ltr\" data-offset-key=\"dgeop-0-0\"><span data-offset-key=\"dgeop-0-0\">El tamiz rotativo desarrollado por Fast tiene una construcci\u00f3n robusta, fabricado \u00edntegramente en acero inoxidable, con funcionamiento continuo y un sistema de limpieza autom\u00e1tica del medio filtrante. Dise\u00f1ado para una larga vida \u00fatil y bajo mantenimiento, se utiliza para la retenci\u00f3n y separaci\u00f3n de s\u00f3lidos en suspensi\u00f3n de efluentes crudos, generalmente como unidad preliminar en plantas de tratamiento de efluentes.<\/span><\/div>\n<div data-offset-key=\"dgeop-0-0\"><\/div>\n<\/div>\n<div class=\"Draftail-block--unstyled\" data-block=\"true\" data-editor=\"8gcvi\" data-offset-key=\"e8qvp-0-0\">\n<div class=\"public-DraftStyleDefault-block public-DraftStyleDefault-ltr\" data-offset-key=\"e8qvp-0-0\"><span data-offset-key=\"e8qvp-0-0\">La forma constructiva del tamiz, formado por un tambor filtrante giratorio montado horizontalmente sobre la estructura de soporte mediante bridas de centrado y cojinetes de soporte, le permite ser autolimpiante. El accionamiento consta de un conjunto motorreductor, con el fin de mantener una velocidad adecuada del tambor para una eficiente eliminaci\u00f3n de s\u00f3lidos.<\/span><\/div>\n<div data-offset-key=\"e8qvp-0-0\"><\/div>\n<\/div>\n<div class=\"Draftail-block--unstyled\" data-block=\"true\" data-editor=\"8gcvi\" data-offset-key=\"57m7d-0-0\">\n<div class=\"public-DraftStyleDefault-block public-DraftStyleDefault-ltr\" data-offset-key=\"57m7d-0-0\"><span data-offset-key=\"57m7d-0-0\">El efluente crudo es dirigido al interior del equipo, entrando en contacto con el <\/span><span class=\"jss43615 TEXT_64b1be0fea52fd310a8a3aa9\"><span data-offset-key=\"57m7d-1-0\">cesta<\/span><\/span> <span class=\"jss43615 TEXT_64b1be0fea52fdc1068a3aaa\"><span data-offset-key=\"57m7d-3-0\">giratorio<\/span><\/span><span data-offset-key=\"57m7d-4-0\">. As\u00ed, el medio filtrante act\u00faa como un filtro, dejando pasar s\u00f3lo la parte l\u00edquida a la zona externa del <\/span><span class=\"jss43615 TEXT_64b1be0fea52fd310a8a3aa9\"><span data-offset-key=\"57m7d-5-0\">cesta<\/span><\/span> <span class=\"jss43615 TEXT_64b1be0fea52fdc1068a3aaa\"><span data-offset-key=\"57m7d-7-0\">giratorio<\/span><\/span><span data-offset-key=\"57m7d-8-0\">, fluyendo hacia la canaleta y dirigi\u00e9ndose a la salida del equipo. Mientras tanto, los s\u00f3lidos en suspensi\u00f3n quedan retenidos en el medio filtrante y, con ayuda del helicoidal, son conducidos fuera del filtro. <\/span><span class=\"jss43615 TEXT_64b1be0fea52fd310a8a3aa9\"><span data-offset-key=\"57m7d-9-0\">cesta<\/span><\/span> <span class=\"jss43615 TEXT_64b1be0fea52fdc1068a3aaa\"><span data-offset-key=\"57m7d-11-0\">giratorio<\/span><\/span><span data-offset-key=\"57m7d-12-0\"> al extremo opuesto de la alimentaci\u00f3n, permitiendo la recolecci\u00f3n.<\/span><\/div>\n<\/div>\n<\/div>\n<p><strong>Segmentos y aplicaci\u00f3n\u00a0<\/strong><\/p>\n<p>Estaci\u00f3n de Tratamiento de Aguas Residuales Sanitarias (ETE), Estaci\u00f3n de Tratamiento de Efluentes Industriales (ETE), refrigeradores, papel y celulosa, l\u00e1cteos, bebidas, alimentos, curtidos, textiles, renderizado, entre otros.<\/p>","protected":false},"excerpt":{"rendered":"<p>El tamiz rotativo desarrollado por Fast tiene una construcci\u00f3n robusta, fabricado \u00edntegramente en acero inoxidable, con funcionamiento continuo y un sistema de limpieza autom\u00e1tica del medio filtrante. Dise\u00f1ado para una larga vida \u00fatil y bajo mantenimiento, se utiliza para la retenci\u00f3n y separaci\u00f3n de s\u00f3lidos en suspensi\u00f3n de efluentes crudos, generalmente como unidad preliminar en plantas de tratamiento de efluentes.<\/p>","protected":false},"featured_media":2948,"comment_status":"open","ping_status":"closed","template":"","meta":{"arquivo_cliente":"","_joinchat":[]},"product_brand":[],"product_cat":[44,30,43,47,33,29],"product_tag":[109,108],"class_list":{"0":"post-2552","1":"product","2":"type-product","3":"status-publish","4":"has-post-thumbnail","6":"product_cat-bebidas","7":"product_cat-frigorificos","8":"product_cat-laticinios","9":"product_cat-outras-aplicacoes","10":"product_cat-papel-celulose","11":"product_cat-saneamento","12":"product_tag-eta","13":"product_tag-ete","15":"first","16":"instock","17":"shipping-taxable","18":"product-type-simple"},"acf":[],"_links":{"self":[{"href":"https:\/\/fastindustria.com.br\/es\/wp-json\/wp\/v2\/product\/2552","targetHints":{"allow":["GET"]}}],"collection":[{"href":"https:\/\/fastindustria.com.br\/es\/wp-json\/wp\/v2\/product"}],"about":[{"href":"https:\/\/fastindustria.com.br\/es\/wp-json\/wp\/v2\/types\/product"}],"replies":[{"embeddable":true,"href":"https:\/\/fastindustria.com.br\/es\/wp-json\/wp\/v2\/comments?post=2552"}],"version-history":[{"count":4,"href":"https:\/\/fastindustria.com.br\/es\/wp-json\/wp\/v2\/product\/2552\/revisions"}],"predecessor-version":[{"id":4503,"href":"https:\/\/fastindustria.com.br\/es\/wp-json\/wp\/v2\/product\/2552\/revisions\/4503"}],"wp:featuredmedia":[{"embeddable":true,"href":"https:\/\/fastindustria.com.br\/es\/wp-json\/wp\/v2\/media\/2948"}],"wp:attachment":[{"href":"https:\/\/fastindustria.com.br\/es\/wp-json\/wp\/v2\/media?parent=2552"}],"wp:term":[{"taxonomy":"product_brand","embeddable":true,"href":"https:\/\/fastindustria.com.br\/es\/wp-json\/wp\/v2\/product_brand?post=2552"},{"taxonomy":"product_cat","embeddable":true,"href":"https:\/\/fastindustria.com.br\/es\/wp-json\/wp\/v2\/product_cat?post=2552"},{"taxonomy":"product_tag","embeddable":true,"href":"https:\/\/fastindustria.com.br\/es\/wp-json\/wp\/v2\/product_tag?post=2552"}],"curies":[{"name":"wp","href":"https:\/\/api.w.org\/{rel}","templated":true}]}}