{"id":2548,"date":"2023-07-04T10:25:29","date_gmt":"2023-07-04T13:25:29","guid":{"rendered":"https:\/\/fastindustria.com.br\/?post_type=product&#038;p=2548"},"modified":"2023-07-18T09:17:54","modified_gmt":"2023-07-18T12:17:54","slug":"eliminador-de-folhas","status":"publish","type":"product","link":"https:\/\/fastindustria.com.br\/es\/producto\/eliminador-de-folhas\/","title":{"rendered":"Eliminador de hojas"},"content":{"rendered":"<p>La cinta transportadora y el transportador cuentan con un extractor de aire encargado de transportar y eliminar las hojas del fruto del olivo.<\/p>\n<p><strong>Ventajas<\/strong><\/p>\n<ul>\n<li>Fast cuenta con Finame para todos los equipos utilizados en la extracci\u00f3n;<\/li>\n<li>\u2022 Garant\u00eda de 2 a\u00f1os contra defectos o fallas de fabricaci\u00f3n;<\/li>\n<li>Equipo de producci\u00f3n nacional 100%;<\/li>\n<li>Personal t\u00e9cnico calificado, compuesto por ingenieros mec\u00e1nicos, qu\u00edmicos, alimentarios, de automatizaci\u00f3n y el\u00e9ctricos, ambientales, entre otros, para todo el soporte necesario;<\/li>\n<li>Apoyo t\u00e9cnico al ingeniero civil para desarrollar la planta (obra civil) dentro de los est\u00e1ndares establecidos por los organismos vigentes.<\/li>\n<\/ul>\n<p>&nbsp;<\/p>\n<p><strong>Diferencias<\/strong><\/p>\n<ul>\n<li>Contamos con plantas operativas en Brasil que suministran sansa (residuos s\u00f3lidos) con 0% de aceite de oliva presente a la salida del decantador y aceite de oliva pulido con 0% de impurezas (analizado por centr\u00edfuga de mesa).<\/li>\n<\/ul>","protected":false},"excerpt":{"rendered":"<p>A esteira e transportadora possuem um exaustor respons\u00e1vel pelo transporte e pela elimina\u00e7\u00e3o das folhas do fruto da oliveira. Vantagens A Fast possui Finame para todos os equipamentos aplicados na extra\u00e7\u00e3o; Garantia de 2 anos contra defeitos ou falhas de fabrica\u00e7\u00e3o; Equipamento de produ\u00e7\u00e3o 100% nacional; Corpo t\u00e9cnico capacitado, composto por engenheiros mec\u00e2nicos, qu\u00edmicos, de [&hellip;]<\/p>","protected":false},"featured_media":3209,"comment_status":"open","ping_status":"closed","template":"","meta":{"arquivo_cliente":"","_joinchat":[]},"product_brand":[],"product_cat":[46,31],"product_tag":[],"class_list":{"0":"post-2548","1":"product","2":"type-product","3":"status-publish","4":"has-post-thumbnail","6":"product_cat-azeite-de-abacate","7":"product_cat-azeite-de-oliva","9":"first","10":"instock","11":"shipping-taxable","12":"product-type-simple"},"acf":[],"_links":{"self":[{"href":"https:\/\/fastindustria.com.br\/es\/wp-json\/wp\/v2\/product\/2548","targetHints":{"allow":["GET"]}}],"collection":[{"href":"https:\/\/fastindustria.com.br\/es\/wp-json\/wp\/v2\/product"}],"about":[{"href":"https:\/\/fastindustria.com.br\/es\/wp-json\/wp\/v2\/types\/product"}],"replies":[{"embeddable":true,"href":"https:\/\/fastindustria.com.br\/es\/wp-json\/wp\/v2\/comments?post=2548"}],"version-history":[{"count":4,"href":"https:\/\/fastindustria.com.br\/es\/wp-json\/wp\/v2\/product\/2548\/revisions"}],"predecessor-version":[{"id":4618,"href":"https:\/\/fastindustria.com.br\/es\/wp-json\/wp\/v2\/product\/2548\/revisions\/4618"}],"wp:featuredmedia":[{"embeddable":true,"href":"https:\/\/fastindustria.com.br\/es\/wp-json\/wp\/v2\/media\/3209"}],"wp:attachment":[{"href":"https:\/\/fastindustria.com.br\/es\/wp-json\/wp\/v2\/media?parent=2548"}],"wp:term":[{"taxonomy":"product_brand","embeddable":true,"href":"https:\/\/fastindustria.com.br\/es\/wp-json\/wp\/v2\/product_brand?post=2548"},{"taxonomy":"product_cat","embeddable":true,"href":"https:\/\/fastindustria.com.br\/es\/wp-json\/wp\/v2\/product_cat?post=2548"},{"taxonomy":"product_tag","embeddable":true,"href":"https:\/\/fastindustria.com.br\/es\/wp-json\/wp\/v2\/product_tag?post=2548"}],"curies":[{"name":"wp","href":"https:\/\/api.w.org\/{rel}","templated":true}]}}