{"id":2546,"date":"2023-07-04T10:23:04","date_gmt":"2023-07-04T13:23:04","guid":{"rendered":"https:\/\/fastindustria.com.br\/?post_type=product&#038;p=2546"},"modified":"2023-07-18T09:23:16","modified_gmt":"2023-07-18T12:23:16","slug":"moega-de-recepcao","status":"publish","type":"product","link":"https:\/\/fastindustria.com.br\/es\/producto\/moega-de-recepcao\/","title":{"rendered":"Tolva de recepci\u00f3n"},"content":{"rendered":"<p>Es a trav\u00e9s de la tolva de recepci\u00f3n donde se inicia el sistema de extracci\u00f3n r\u00e1pida del aceite de oliva virgen extra. Este equipo se encarga de recibir y almacenar aceitunas frescas. Disponible en diferentes vol\u00famenes, en opciones de piso y foso. Los frutos cosechados son depositados en la moneda y luego enviados a la cinta transportadora, deshojador, lavado, amasado, extracci\u00f3n y pulido.<\/p>\n<p><strong>\u00a0<\/strong><\/p>\n<p><strong>Ventajas<\/strong><\/p>\n<ul>\n<li>Fast cuenta con Finame para todos los equipos utilizados en la extracci\u00f3n;<\/li>\n<li>\u2022 Garant\u00eda de 2 a\u00f1os contra defectos o fallas de fabricaci\u00f3n;<\/li>\n<li>Equipo de producci\u00f3n nacional 100%;<\/li>\n<li>Personal t\u00e9cnico calificado, compuesto por ingenieros mec\u00e1nicos, qu\u00edmicos, alimentarios, de automatizaci\u00f3n y el\u00e9ctricos, ambientales, entre otros, para todo el soporte necesario;<\/li>\n<li>Apoyo t\u00e9cnico al ingeniero civil para desarrollar la planta (obra civil) dentro de los est\u00e1ndares establecidos por los organismos vigentes.<\/li>\n<\/ul>\n<p>&nbsp;<\/p>\n<p><strong>Diferencias<\/strong><\/p>\n<p>Contamos con plantas operativas en Brasil que suministran sansa (residuos s\u00f3lidos) con 0% de aceite de oliva presente a la salida del decantador y aceite de oliva pulido con 0% de impurezas (analizado por centr\u00edfuga de mesa).<\/p>","protected":false},"excerpt":{"rendered":"<p>\u00c9 pela moega de recep\u00e7\u00e3o que o sistema Fast de extra\u00e7\u00e3o de azeite extravirgem Fast se inicia. Esse equipamento \u00e9 respons\u00e1vel pelo recebimento e armazenamento das azeitonas in natura. Dispon\u00edvel em diversas volumes, nas op\u00e7\u00f5es sobre o piso e em fosso. Os frutos colhidos s\u00e3o depositados na moeda e, em seguida, direcionados para esteira, eliminador [&hellip;]<\/p>","protected":false},"featured_media":2969,"comment_status":"open","ping_status":"closed","template":"","meta":{"arquivo_cliente":"","_joinchat":[]},"product_brand":[],"product_cat":[46,31],"product_tag":[],"class_list":{"0":"post-2546","1":"product","2":"type-product","3":"status-publish","4":"has-post-thumbnail","6":"product_cat-azeite-de-abacate","7":"product_cat-azeite-de-oliva","9":"first","10":"instock","11":"shipping-taxable","12":"product-type-simple"},"acf":[],"_links":{"self":[{"href":"https:\/\/fastindustria.com.br\/es\/wp-json\/wp\/v2\/product\/2546","targetHints":{"allow":["GET"]}}],"collection":[{"href":"https:\/\/fastindustria.com.br\/es\/wp-json\/wp\/v2\/product"}],"about":[{"href":"https:\/\/fastindustria.com.br\/es\/wp-json\/wp\/v2\/types\/product"}],"replies":[{"embeddable":true,"href":"https:\/\/fastindustria.com.br\/es\/wp-json\/wp\/v2\/comments?post=2546"}],"version-history":[{"count":5,"href":"https:\/\/fastindustria.com.br\/es\/wp-json\/wp\/v2\/product\/2546\/revisions"}],"predecessor-version":[{"id":4621,"href":"https:\/\/fastindustria.com.br\/es\/wp-json\/wp\/v2\/product\/2546\/revisions\/4621"}],"wp:featuredmedia":[{"embeddable":true,"href":"https:\/\/fastindustria.com.br\/es\/wp-json\/wp\/v2\/media\/2969"}],"wp:attachment":[{"href":"https:\/\/fastindustria.com.br\/es\/wp-json\/wp\/v2\/media?parent=2546"}],"wp:term":[{"taxonomy":"product_brand","embeddable":true,"href":"https:\/\/fastindustria.com.br\/es\/wp-json\/wp\/v2\/product_brand?post=2546"},{"taxonomy":"product_cat","embeddable":true,"href":"https:\/\/fastindustria.com.br\/es\/wp-json\/wp\/v2\/product_cat?post=2546"},{"taxonomy":"product_tag","embeddable":true,"href":"https:\/\/fastindustria.com.br\/es\/wp-json\/wp\/v2\/product_tag?post=2546"}],"curies":[{"name":"wp","href":"https:\/\/api.w.org\/{rel}","templated":true}]}}