{"id":2544,"date":"2023-07-04T10:20:33","date_gmt":"2023-07-04T13:20:33","guid":{"rendered":"https:\/\/fastindustria.com.br\/?post_type=product&#038;p=2544"},"modified":"2023-07-17T15:24:00","modified_gmt":"2023-07-17T18:24:00","slug":"estacao-compacta-de-tratamento-de-esgoto","status":"publish","type":"product","link":"https:\/\/fastindustria.com.br\/es\/producto\/estacao-compacta-de-tratamento-de-esgoto\/","title":{"rendered":"Unidad M\u00f3vil de Tratamiento de Patines"},"content":{"rendered":"<p><strong>Planta compacta de tratamiento de aguas residuales y efluentes industriales | STP en derrape<\/strong><\/p>\n<p>Las EDAR dise\u00f1adas por Fast cuentan con sistemas f\u00edsico-qu\u00edmicos de alta eficiencia en la eliminaci\u00f3n de contaminantes. Los productos qu\u00edmicos utilizados son de f\u00e1cil acceso. Para coagular contaminantes solubles en aguas residuales, se pueden utilizar como coagulantes cloruro f\u00e9rrico, sulfato ferroso, sulfato f\u00e9rrico, entre otros. Se a\u00f1ade per\u00f3xido de hidr\u00f3geno junto con el coagulante para obtener reacciones de Fenton, provocando oxidaci\u00f3n y eliminaci\u00f3n de carga org\u00e1nica.<\/p>\n<p>Otro producto qu\u00edmico utilizado en el proceso f\u00edsico-qu\u00edmico es el pol\u00edmero, tambi\u00e9n conocido como floculante, a\u00f1adido siempre despu\u00e9s de la coagulaci\u00f3n o precipitaci\u00f3n. Su funci\u00f3n es aumentar los co\u00e1gulos o precipitados de escamas, aumentando la tasa de aplicaci\u00f3n y la eficiencia del equipo. La tecnolog\u00eda de punta de Fast que permite estas reacciones garantiza una alta eficiencia en el proceso. Ampliamente utilizado en el tratamiento de aguas residuales sin tratar o como pulido de aguas residuales ya tratadas mediante UASB u otro proceso biol\u00f3gico.<\/p>","protected":false},"excerpt":{"rendered":"<p>Esta\u00e7\u00e3o Compacta de Tratamento de Esgoto e Efluentes Industriais | ETE em Skid As ETEs projetadas pela Fast s\u00e3o fornecidas com sistemas f\u00edsico-qu\u00edmicos que apresentam elevada efici\u00eancia na remo\u00e7\u00e3o de poluentes. Os produtos qu\u00edmicos empregados s\u00e3o de f\u00e1cil acesso. Para coagular os poluentes sol\u00faveis no esgoto, pode ser usado como coagulante cloreto f\u00e9rrico, sulfato ferroso, [&hellip;]<\/p>","protected":false},"featured_media":3009,"comment_status":"open","ping_status":"closed","template":"","meta":{"arquivo_cliente":"","_joinchat":[]},"product_brand":[],"product_cat":[44,30,43,32,47,33,29],"product_tag":[109,108],"class_list":{"0":"post-2544","1":"product","2":"type-product","3":"status-publish","4":"has-post-thumbnail","6":"product_cat-bebidas","7":"product_cat-frigorificos","8":"product_cat-laticinios","9":"product_cat-mineracao","10":"product_cat-outras-aplicacoes","11":"product_cat-papel-celulose","12":"product_cat-saneamento","13":"product_tag-eta","14":"product_tag-ete","16":"first","17":"instock","18":"shipping-taxable","19":"product-type-simple"},"acf":[],"_links":{"self":[{"href":"https:\/\/fastindustria.com.br\/es\/wp-json\/wp\/v2\/product\/2544","targetHints":{"allow":["GET"]}}],"collection":[{"href":"https:\/\/fastindustria.com.br\/es\/wp-json\/wp\/v2\/product"}],"about":[{"href":"https:\/\/fastindustria.com.br\/es\/wp-json\/wp\/v2\/types\/product"}],"replies":[{"embeddable":true,"href":"https:\/\/fastindustria.com.br\/es\/wp-json\/wp\/v2\/comments?post=2544"}],"version-history":[{"count":3,"href":"https:\/\/fastindustria.com.br\/es\/wp-json\/wp\/v2\/product\/2544\/revisions"}],"predecessor-version":[{"id":4542,"href":"https:\/\/fastindustria.com.br\/es\/wp-json\/wp\/v2\/product\/2544\/revisions\/4542"}],"wp:featuredmedia":[{"embeddable":true,"href":"https:\/\/fastindustria.com.br\/es\/wp-json\/wp\/v2\/media\/3009"}],"wp:attachment":[{"href":"https:\/\/fastindustria.com.br\/es\/wp-json\/wp\/v2\/media?parent=2544"}],"wp:term":[{"taxonomy":"product_brand","embeddable":true,"href":"https:\/\/fastindustria.com.br\/es\/wp-json\/wp\/v2\/product_brand?post=2544"},{"taxonomy":"product_cat","embeddable":true,"href":"https:\/\/fastindustria.com.br\/es\/wp-json\/wp\/v2\/product_cat?post=2544"},{"taxonomy":"product_tag","embeddable":true,"href":"https:\/\/fastindustria.com.br\/es\/wp-json\/wp\/v2\/product_tag?post=2544"}],"curies":[{"name":"wp","href":"https:\/\/api.w.org\/{rel}","templated":true}]}}