{"id":2542,"date":"2023-07-04T09:56:37","date_gmt":"2023-07-04T12:56:37","guid":{"rendered":"https:\/\/fastindustria.com.br\/?post_type=product&#038;p=2542"},"modified":"2023-08-04T17:26:20","modified_gmt":"2023-08-04T20:26:20","slug":"estacao-de-tratamento-de-efluentes-industriais-ete","status":"publish","type":"product","link":"https:\/\/fastindustria.com.br\/es\/producto\/estacao-de-tratamento-de-efluentes-industriais-ete\/","title":{"rendered":"Estaci\u00f3n de Tratamiento de Efluentes (ETE)"},"content":{"rendered":"<p>Fast ofrece soluciones completas, desde el tratamiento preliminar del efluente crudo hasta la reutilizaci\u00f3n del agua tratada, para una amplia gama de peque\u00f1as, medianas y grandes empresas.<\/p>\n<p>Son sistemas compactos, fabricados con materias primas de alta calidad y garantizan un bajo consumo energ\u00e9tico y de productos qu\u00edmicos.<\/p>\n<p>Para algunos tipos de efluentes, la planta de tratamiento puede llegar a ser completamente sustentable e incluso generar ganancias para la empresa, con la recuperaci\u00f3n de s\u00f3lidos y grasas presentes en el efluente.<\/p>\n<p>En nuestros procesos producimos agua tratada de alta calidad y residuos s\u00f3lidos con bajo contenido de humedad, que pueden ser enviados a un gestor autorizado o para otros fines, como subproductos animales, combustible, etc.<\/p>\n<p>&nbsp;<\/p>","protected":false},"excerpt":{"rendered":"<p>A Fast oferece solu\u00e7\u00f5es completas, desde o tratamento preliminar do efluente bruto at\u00e9 o reuso da \u00e1gua tratada, para um leque muito variado de empresas de pequeno, m\u00e9dio e grande porte. S\u00e3o sistemas compactos, confeccionados com mat\u00e9ria prima de alta qualidade e que garantem baixo consumo de energia e produtos qu\u00edmicos. Em alguns tipos de [&hellip;]<\/p>","protected":false},"featured_media":11765,"comment_status":"open","ping_status":"closed","template":"","meta":{"arquivo_cliente":"","_joinchat":[]},"product_brand":[],"product_cat":[45,44,34,30,43,32,35,47,33,29],"product_tag":[],"class_list":{"0":"post-2542","1":"product","2":"type-product","3":"status-publish","4":"has-post-thumbnail","6":"product_cat-acai","7":"product_cat-bebidas","8":"product_cat-fast-grain","9":"product_cat-frigorificos","10":"product_cat-laticinios","11":"product_cat-mineracao","12":"product_cat-oleo-de-palma","13":"product_cat-outras-aplicacoes","14":"product_cat-papel-celulose","15":"product_cat-saneamento","17":"first","18":"instock","19":"shipping-taxable","20":"product-type-simple"},"acf":[],"_links":{"self":[{"href":"https:\/\/fastindustria.com.br\/es\/wp-json\/wp\/v2\/product\/2542","targetHints":{"allow":["GET"]}}],"collection":[{"href":"https:\/\/fastindustria.com.br\/es\/wp-json\/wp\/v2\/product"}],"about":[{"href":"https:\/\/fastindustria.com.br\/es\/wp-json\/wp\/v2\/types\/product"}],"replies":[{"embeddable":true,"href":"https:\/\/fastindustria.com.br\/es\/wp-json\/wp\/v2\/comments?post=2542"}],"version-history":[{"count":3,"href":"https:\/\/fastindustria.com.br\/es\/wp-json\/wp\/v2\/product\/2542\/revisions"}],"predecessor-version":[{"id":11767,"href":"https:\/\/fastindustria.com.br\/es\/wp-json\/wp\/v2\/product\/2542\/revisions\/11767"}],"wp:featuredmedia":[{"embeddable":true,"href":"https:\/\/fastindustria.com.br\/es\/wp-json\/wp\/v2\/media\/11765"}],"wp:attachment":[{"href":"https:\/\/fastindustria.com.br\/es\/wp-json\/wp\/v2\/media?parent=2542"}],"wp:term":[{"taxonomy":"product_brand","embeddable":true,"href":"https:\/\/fastindustria.com.br\/es\/wp-json\/wp\/v2\/product_brand?post=2542"},{"taxonomy":"product_cat","embeddable":true,"href":"https:\/\/fastindustria.com.br\/es\/wp-json\/wp\/v2\/product_cat?post=2542"},{"taxonomy":"product_tag","embeddable":true,"href":"https:\/\/fastindustria.com.br\/es\/wp-json\/wp\/v2\/product_tag?post=2542"}],"curies":[{"name":"wp","href":"https:\/\/api.w.org\/{rel}","templated":true}]}}