{"id":2475,"date":"2023-07-03T11:11:09","date_gmt":"2023-07-03T14:11:09","guid":{"rendered":"https:\/\/fastindustria.com.br\/?post_type=product&#038;p=2475"},"modified":"2023-08-04T15:39:50","modified_gmt":"2023-08-04T18:39:50","slug":"centrifuga-vertical","status":"publish","type":"product","link":"https:\/\/fastindustria.com.br\/es\/producto\/centrifuga-vertical\/","title":{"rendered":"Centr\u00edfuga vertical"},"content":{"rendered":"<p>Las Centr\u00edfugas Verticales R\u00e1pidas tienen caracter\u00edsticas de alta robustez, confiabilidad, poca necesidad de mantenimiento, r\u00e9gimen de trabajo continuo, alto grado de salubridad, construcci\u00f3n compacta y facilidad de operaci\u00f3n. Todo esto le otorga al equipo durabilidad y excelente desempe\u00f1o, cumpliendo con los m\u00e1s altos est\u00e1ndares de calidad de separaci\u00f3n.<\/p>\n<p>Las centr\u00edfugas verticales r\u00e1pidas son ideales para separaciones que requieren un alto est\u00e1ndar de eliminaci\u00f3n, utilizando sedimentaci\u00f3n por diferencias de densidad.<br \/>\nEste equipo combina alta velocidad y materiales especiales con un dise\u00f1o espec\u00edfico.<\/p>\n<p>Las centr\u00edfugas Fast Vertical tienen una amplia gama de aplicaciones en procesos industriales, donde existe la necesidad de separaci\u00f3n continua de dos fases l\u00edquidas de diferentes densidades y una fase s\u00f3lida.<\/p>","protected":false},"excerpt":{"rendered":"<p>As Centr\u00edfugas Verticais Fast apresentam caracter\u00edsticas de alta robustez, confiabilidade, pouca necessidade de manuten\u00e7\u00e3o, regime cont\u00ednuo de trabalho, elevado grau de sanitariedade, constru\u00e7\u00e3o compacta e facilidade de opera\u00e7\u00e3o. Tudo isso confere ao equipamento durabilidade e \u00f3timo desempenho, atendendo aos mais elevados padr\u00f5es de qualidade de separa\u00e7\u00e3o. As Centrifugas Verticais Fast s\u00e3o ideais para separa\u00e7\u00f5es que [&hellip;]<\/p>","protected":false},"featured_media":2851,"comment_status":"open","ping_status":"closed","template":"","meta":{"arquivo_cliente":"","_joinchat":[]},"product_brand":[],"product_cat":[44,34,30,43,47],"product_tag":[108],"class_list":{"0":"post-2475","1":"product","2":"type-product","3":"status-publish","4":"has-post-thumbnail","6":"product_cat-bebidas","7":"product_cat-fast-grain","8":"product_cat-frigorificos","9":"product_cat-laticinios","10":"product_cat-outras-aplicacoes","11":"product_tag-ete","13":"first","14":"instock","15":"shipping-taxable","16":"product-type-simple"},"acf":[],"_links":{"self":[{"href":"https:\/\/fastindustria.com.br\/es\/wp-json\/wp\/v2\/product\/2475","targetHints":{"allow":["GET"]}}],"collection":[{"href":"https:\/\/fastindustria.com.br\/es\/wp-json\/wp\/v2\/product"}],"about":[{"href":"https:\/\/fastindustria.com.br\/es\/wp-json\/wp\/v2\/types\/product"}],"replies":[{"embeddable":true,"href":"https:\/\/fastindustria.com.br\/es\/wp-json\/wp\/v2\/comments?post=2475"}],"version-history":[{"count":2,"href":"https:\/\/fastindustria.com.br\/es\/wp-json\/wp\/v2\/product\/2475\/revisions"}],"predecessor-version":[{"id":3193,"href":"https:\/\/fastindustria.com.br\/es\/wp-json\/wp\/v2\/product\/2475\/revisions\/3193"}],"wp:featuredmedia":[{"embeddable":true,"href":"https:\/\/fastindustria.com.br\/es\/wp-json\/wp\/v2\/media\/2851"}],"wp:attachment":[{"href":"https:\/\/fastindustria.com.br\/es\/wp-json\/wp\/v2\/media?parent=2475"}],"wp:term":[{"taxonomy":"product_brand","embeddable":true,"href":"https:\/\/fastindustria.com.br\/es\/wp-json\/wp\/v2\/product_brand?post=2475"},{"taxonomy":"product_cat","embeddable":true,"href":"https:\/\/fastindustria.com.br\/es\/wp-json\/wp\/v2\/product_cat?post=2475"},{"taxonomy":"product_tag","embeddable":true,"href":"https:\/\/fastindustria.com.br\/es\/wp-json\/wp\/v2\/product_tag?post=2475"}],"curies":[{"name":"wp","href":"https:\/\/api.w.org\/{rel}","templated":true}]}}