{"id":1845,"date":"2023-06-28T11:26:25","date_gmt":"2023-06-28T14:26:25","guid":{"rendered":"https:\/\/fastindustria.com.br\/?post_type=product&#038;p=1845"},"modified":"2023-08-03T10:14:24","modified_gmt":"2023-08-03T13:14:24","slug":"flotador","status":"publish","type":"product","link":"https:\/\/fastindustria.com.br\/es\/producto\/flotador\/","title":{"rendered":"Flotador de aire disuelto"},"content":{"rendered":"<div style=\"white-space: pre-wrap;\" data-draftjs-conductor-fragment=\"{&quot;blocks&quot;:[{&quot;key&quot;:&quot;8ou6e&quot;,&quot;text&quot;:&quot;Os flotadores por ar dissolvido produzidos pela Fast contam com o mais exclusivo e moderno sistema de microbolhas do mercado, al\u00e9m de serem fabricados com materiais de alta qualidade e durabilidade. Isso garante um baixo custo operacional e um excelente retorno sobre o seu investimento.&quot;,&quot;type&quot;:&quot;unstyled&quot;,&quot;depth&quot;:0,&quot;inlineStyleRanges&quot;:[{&quot;offset&quot;:3,&quot;length&quot;:28,&quot;style&quot;:&quot;BOLD&quot;}],&quot;entityRanges&quot;:[],&quot;data&quot;:{}},{&quot;key&quot;:&quot;2qhjt&quot;,&quot;text&quot;:&quot;Utilizados, principalmente, em esta\u00e7\u00f5es de tratamento de \u00e1gua e efluentes, os flotadores Fast apresentam grande efici\u00eancia na separa\u00e7\u00e3o de \u00f3leos e part\u00edculas s\u00f3lidas da \u00e1gua, eliminando uma alta porcentagem de contaminantes com um baixo consumo de produtos qu\u00edmicos.&quot;,&quot;type&quot;:&quot;unstyled&quot;,&quot;depth&quot;:0,&quot;inlineStyleRanges&quot;:[],&quot;entityRanges&quot;:[{&quot;offset&quot;:0,&quot;length&quot;:266,&quot;key&quot;:0}],&quot;data&quot;:{}},{&quot;key&quot;:&quot;crd8e&quot;,&quot;text&quot;:&quot;Esse sistema \u00e9 o m\u00e9todo mais pr\u00e1tico, compacto e confi\u00e1vel para o tratamento da maior parte dos efluentes municipais ou industriais. Consiste em um processo de flota\u00e7\u00e3o por ar dissolvido \u2013 FAD, que permite remover os s\u00f3lidos ou part\u00edculas em suspens\u00e3o continuamente com raspadores de lodo flotado. O resultado \u00e9 uma grande redu\u00e7\u00e3o dos par\u00e2metros de DBO, DQO, O&amp;G (\u00f3leos e graxas), f\u00f3sforo e outros.&quot;,&quot;type&quot;:&quot;unstyled&quot;,&quot;depth&quot;:0,&quot;inlineStyleRanges&quot;:[{&quot;offset&quot;:284,&quot;length&quot;:12,&quot;style&quot;:&quot;BOLD&quot;}],&quot;entityRanges&quot;:[],&quot;data&quot;:{}},{&quot;key&quot;:&quot;1865p&quot;,&quot;text&quot;:&quot;Para melhorar a efici\u00eancia do processo de flota\u00e7\u00e3o, tamb\u00e9m podem ser aplicadas as etapas de coagula\u00e7\u00e3o e flocula\u00e7\u00e3o, que ocorrem pela adi\u00e7\u00e3o de qu\u00edmicos (coagulantes e pol\u00edmeros, por exemplo) dosados conforme caracter\u00edstica do l\u00edquido a ser tratado em dispositivos hidr\u00e1ulicos ou mec\u00e2nicos localizados na entrada da unidade de flota\u00e7\u00e3o por ar dissolvido.&quot;,&quot;type&quot;:&quot;unstyled&quot;,&quot;depth&quot;:0,&quot;inlineStyleRanges&quot;:[{&quot;offset&quot;:92,&quot;length&quot;:10,&quot;style&quot;:&quot;BOLD&quot;},{&quot;offset&quot;:105,&quot;length&quot;:10,&quot;style&quot;:&quot;BOLD&quot;}],&quot;entityRanges&quot;:[{&quot;offset&quot;:0,&quot;length&quot;:354,&quot;key&quot;:1}],&quot;data&quot;:{}}],&quot;entityMap&quot;:{&quot;0&quot;:{&quot;type&quot;:&quot;CORRECTION&quot;,&quot;mutability&quot;:&quot;MUTABLE&quot;,&quot;data&quot;:{&quot;id&quot;:&quot;FRASE_LONGA&quot;,&quot;spans&quot;:[{&quot;offset&quot;:288,&quot;length&quot;:266,&quot;content&quot;:&quot;Utilizados, principalmente, em esta\u00e7\u00f5es de tratamento de \u00e1gua e efluentes, os flotadores Fast apresentam grande efici\u00eancia na separa\u00e7\u00e3o de \u00f3leos e part\u00edculas s\u00f3lidas da \u00e1gua, eliminando uma alta porcentagem de contaminantes com um baixo consumo de produtos qu\u00edmicos.&quot;}],&quot;par&quot;:0,&quot;sent&quot;:0,&quot;score&quot;:{&quot;concisao&quot;:2},&quot;_id&quot;:&quot;64b58d8561cca7137f639294&quot;,&quot;custom&quot;:{&quot;title&quot;:&quot;Frase muito longa | &lt;i&gt;266 toques&lt;\/i&gt;&quot;,&quot;feedback&quot;:&quot;S\u00f3 conseguimos dominar um n\u00famero limitado de palavras antes de precisar de uma pausa. Frases curtas facilitam a compreens\u00e3o do texto.&quot;,&quot;more&quot;:&quot;&lt;ul&gt; &lt;li&gt; &lt;p&gt;Se sua frase est\u00e1 muito muito longa, tente dividi-la em duas.&lt;\/p&gt; &lt;\/li&gt; &lt;li&gt; &lt;p&gt; Corte palavras desnecess\u00e1rias. Comece pelos adv\u00e9rbios e adjetivos. &lt;\/p&gt; &lt;\/li&gt; &lt;li&gt; &lt;p&gt; Substitua os poliss\u00edlabos por palavras simples: &lt;i&gt;usar&lt;\/i&gt; \u00e9 mais simples que &lt;i&gt;utilizar&lt;\/i&gt;. &lt;\/p&gt; &lt;\/li&gt; &lt;\/ul&gt;&quot;},&quot;hide&quot;:false,&quot;itemId&quot;:&quot;DEVIATION_FRASE_LONGA_64b58d8561cca7137f639294&quot;}},&quot;1&quot;:{&quot;type&quot;:&quot;CORRECTION&quot;,&quot;mutability&quot;:&quot;MUTABLE&quot;,&quot;data&quot;:{&quot;id&quot;:&quot;FRASE_LONGA&quot;,&quot;spans&quot;:[{&quot;offset&quot;:954,&quot;length&quot;:354,&quot;content&quot;:&quot;Para melhorar a efici\u00eancia do processo de flota\u00e7\u00e3o, tamb\u00e9m podem ser aplicadas as etapas de coagula\u00e7\u00e3o e flocula\u00e7\u00e3o, que ocorrem pela adi\u00e7\u00e3o de qu\u00edmicos (coagulantes e pol\u00edmeros, por exemplo) dosados conforme caracter\u00edstica do l\u00edquido a ser tratado em dispositivos hidr\u00e1ulicos ou mec\u00e2nicos localizados na entrada da unidade de flota\u00e7\u00e3o por ar dissolvido.&quot;}],&quot;par&quot;:0,&quot;sent&quot;:0,&quot;score&quot;:{&quot;concisao&quot;:2},&quot;_id&quot;:&quot;64b58d8661cca71a33639299&quot;,&quot;custom&quot;:{&quot;title&quot;:&quot;Frase muito longa | &lt;i&gt;354 toques&lt;\/i&gt;&quot;,&quot;feedback&quot;:&quot;S\u00f3 conseguimos dominar um n\u00famero limitado de palavras antes de precisar de uma pausa. Frases curtas facilitam a compreens\u00e3o do texto.&quot;,&quot;more&quot;:&quot;&lt;ul&gt; &lt;li&gt; &lt;p&gt;Se sua frase est\u00e1 muito muito longa, tente dividi-la em duas.&lt;\/p&gt; &lt;\/li&gt; &lt;li&gt; &lt;p&gt; Corte palavras desnecess\u00e1rias. Comece pelos adv\u00e9rbios e adjetivos. &lt;\/p&gt; &lt;\/li&gt; &lt;li&gt; &lt;p&gt; Substitua os poliss\u00edlabos por palavras simples: &lt;i&gt;usar&lt;\/i&gt; \u00e9 mais simples que &lt;i&gt;utilizar&lt;\/i&gt;. &lt;\/p&gt; &lt;\/li&gt; &lt;\/ul&gt;&quot;},&quot;hide&quot;:false,&quot;itemId&quot;:&quot;DEVIATION_FRASE_LONGA_64b58d8661cca71a33639299&quot;}}}}\">\n<div class=\"Draftail-block--unstyled\" data-block=\"true\" data-editor=\"udfl\" data-offset-key=\"3ia8m-0-0\">\n<div class=\"public-DraftStyleDefault-block public-DraftStyleDefault-ltr\" data-offset-key=\"3ia8m-0-0\">\n<div>\n<div>Los flotadores de aire disuelto producidos por Fast cuentan con el sistema de microburbujas m\u00e1s exclusivo y moderno del mercado, adem\u00e1s de estar fabricados con materiales duraderos y de alta calidad. Esto garantiza bajos costos operativos y un excelente retorno de su inversi\u00f3n.<\/div>\n<div>Utilizados principalmente en plantas de tratamiento de agua y efluentes, los dispositivos de flotaci\u00f3n r\u00e1pida son altamente eficientes en la separaci\u00f3n de aceites y part\u00edculas s\u00f3lidas del agua, eliminando un alto porcentaje de contaminantes con un bajo consumo de productos qu\u00edmicos.<\/div>\n<div>Este sistema es el m\u00e9todo m\u00e1s pr\u00e1ctico, compacto y fiable para tratar la mayor\u00eda de efluentes municipales o industriales. Consiste en un proceso de flotaci\u00f3n por aire disuelto \u2013 FAD, que permite retirar s\u00f3lidos o part\u00edculas en suspensi\u00f3n de forma continua con rascadores de lodos flotantes. El resultado es una gran reducci\u00f3n en los par\u00e1metros de DBO (demanda biol\u00f3gica de ox\u00edgeno), DQO (demanda qu\u00edmica de ox\u00edgeno), O&amp;G (aceites y grasas), f\u00f3sforo y otros.<\/div>\n<div>Para mejorar la eficiencia del proceso de flotaci\u00f3n tambi\u00e9n se pueden aplicar las etapas de coagulaci\u00f3n y floculaci\u00f3n, que ocurren mediante la adici\u00f3n de qu\u00edmicos (coagulantes y pol\u00edmeros, por ejemplo) dosificados seg\u00fan las caracter\u00edsticas del l\u00edquido a tratar en dispositivos hidr\u00e1ulicos o mec\u00e1nicos. Ubicado en la entrada de la unidad de flotaci\u00f3n de aire disuelto.<\/div>\n<div><strong>VENTAJAS<\/strong><\/div>\n<div>Con la flotaci\u00f3n se consigue reducir el consumo de productos qu\u00edmicos, como coagulantes y floculantes (t\u00edpicos de los procesos de decantaci\u00f3n convencionales), entre 20% y 40%;<\/div>\n<div>Los requisitos de floculaci\u00f3n son menores para el proceso de flotaci\u00f3n, siendo efectivo tambi\u00e9n con fl\u00f3culos peque\u00f1os, facilitando la operaci\u00f3n y requiriendo menos atenci\u00f3n por parte del operador;<\/div>\n<div>Iniciar y detener cada m\u00f3dulo es extremadamente r\u00e1pido debido al volumen reducido del m\u00f3dulo de flotaci\u00f3n y los tiempos de floculaci\u00f3n. No existe un periodo de maduraci\u00f3n, propio de la sedimentaci\u00f3n convencional;<\/div>\n<div>Huella m\u00e1s peque\u00f1a con estructura compacta que permite reducir tiempos y costos de construcci\u00f3n;<\/div>\n<div>Para la descarga de lodos, al ser extra\u00eddos de la superficie con eliminaci\u00f3n autom\u00e1tica, no hay obstrucciones ni necesidad de limpieza. La manta de limo es visible y estable;<\/div>\n<div>El tiempo de retenci\u00f3n de los materiales es mucho m\u00e1s corto que el proceso de decantaci\u00f3n, y la velocidad de separaci\u00f3n es alrededor de 10 veces mayor, siendo inmune a las variaciones de temperatura;<\/div>\n<div>Mayor concentraci\u00f3n de s\u00f3lidos en los lodos respecto a los sistemas de decantaci\u00f3n, eliminando el uso de espesantes y reduciendo el volumen de lodos a deshidratar.<\/div>\n<div><strong>ACCESORIOS OPCIONALES<\/strong><\/div>\n<div>Accionamiento por inversor de frecuencia en el motorreductor del rascador de lodos.<\/div>\n<div>Filtro tipo cesta en la aspiraci\u00f3n de bombas de microburbujas.<\/div>\n<div>Cadena de acero inoxidable.<\/div>\n<div>V\u00e1lvula autom\u00e1tica en la descarga inferior del flotador.<\/div>\n<\/div>\n<\/div>\n<\/div>\n<div data-offset-key=\"e9tap-0-0\">\n<p>&nbsp;<\/p>\n<table style=\"height: 394px;\" width=\"627\">\n<tbody>\n<tr>\n<td width=\"95\"><strong>\u00a0<\/strong><\/p>\n<p><strong>Modelos<\/strong><\/td>\n<td width=\"123\"><strong>Caudal nominal*<\/strong><\/p>\n<p><strong>(m\u00b3\/h)<\/strong><\/td>\n<\/tr>\n<tr>\n<td width=\"95\">Proteo F 0,5<\/td>\n<td width=\"123\">5<\/td>\n<\/tr>\n<tr>\n<td width=\"95\">Poseid\u00f3n F1<\/td>\n<td width=\"123\">15<\/td>\n<\/tr>\n<tr>\n<td width=\"95\">Poseid\u00f3n F2<\/td>\n<td width=\"123\">25<\/td>\n<\/tr>\n<tr>\n<td width=\"95\">Poseid\u00f3n F5<\/td>\n<td width=\"123\">50<\/td>\n<\/tr>\n<tr>\n<td width=\"95\">Poseid\u00f3n F 7<\/td>\n<td width=\"123\">75<\/td>\n<\/tr>\n<tr>\n<td width=\"95\">Poseid\u00f3n F10<\/td>\n<td width=\"123\">100<\/td>\n<\/tr>\n<tr>\n<td width=\"95\">Poseid\u00f3n F15<\/td>\n<td width=\"123\">150<\/td>\n<\/tr>\n<tr>\n<td width=\"95\">Poseid\u00f3n F20<\/td>\n<td width=\"123\">200<\/td>\n<\/tr>\n<tr>\n<td width=\"95\">Poseid\u00f3n F25<\/td>\n<td width=\"123\">250<\/td>\n<\/tr>\n<tr>\n<td width=\"95\">Poseid\u00f3n F30<\/td>\n<td width=\"123\">300<\/td>\n<\/tr>\n<tr>\n<td width=\"95\">Poseid\u00f3n F35<\/td>\n<td width=\"123\">350<\/td>\n<\/tr>\n<tr>\n<td width=\"95\">Poseid\u00f3n F40<\/td>\n<td width=\"123\">400<\/td>\n<\/tr>\n<tr>\n<td width=\"95\">Poseid\u00f3n F45<\/td>\n<td width=\"123\">450<\/td>\n<\/tr>\n<tr>\n<td width=\"95\">Poseid\u00f3n F60<\/td>\n<td width=\"123\">600<\/td>\n<\/tr>\n<tr>\n<td colspan=\"2\" width=\"217\"><strong>*el flujo puede variar seg\u00fan la tasa de aplicaci\u00f3n <\/strong><\/td>\n<\/tr>\n<\/tbody>\n<\/table>\n<\/div>\n<\/div>","protected":false},"excerpt":{"rendered":"<table style=\"height: 445px;\" width=\"627\">\n<tbody>\n<tr>\n<td width=\"95\">\n<p style=\"text-align: left;\"><strong>\u00a0<\/strong><strong>Modelos<\/strong><\/p>\n<\/td>\n<td width=\"123\"><strong>Caudal nominal* <\/strong><strong>(m\u00b3\/h)<\/strong><\/td>\n<\/tr>\n<tr>\n<td width=\"95\">Proteo F 0,5<\/td>\n<td width=\"123\">5<\/td>\n<\/tr>\n<tr>\n<td width=\"95\">Poseid\u00f3n F1<\/td>\n<td width=\"123\">15<\/td>\n<\/tr>\n<tr>\n<td width=\"95\">Poseid\u00f3n F2<\/td>\n<td width=\"123\">25<\/td>\n<\/tr>\n<tr>\n<td width=\"95\">Poseid\u00f3n F5<\/td>\n<td width=\"123\">50<\/td>\n<\/tr>\n<tr>\n<td width=\"95\">Poseid\u00f3n F 7<\/td>\n<td width=\"123\">75<\/td>\n<\/tr>\n<tr>\n<td width=\"95\">Poseid\u00f3n F10<\/td>\n<td width=\"123\">100<\/td>\n<\/tr>\n<tr>\n<td width=\"95\">Poseid\u00f3n F15<\/td>\n<td width=\"123\">150<\/td>\n<\/tr>\n<tr>\n<td width=\"95\">Poseid\u00f3n F20<\/td>\n<td width=\"123\">200<\/td>\n<\/tr>\n<tr>\n<td width=\"95\">Poseid\u00f3n F25<\/td>\n<td width=\"123\">250<\/td>\n<\/tr>\n<tr>\n<td width=\"95\">Poseid\u00f3n F30<\/td>\n<td width=\"123\">300<\/td>\n<\/tr>\n<tr>\n<td width=\"95\">Poseid\u00f3n F35<\/td>\n<td width=\"123\">350<\/td>\n<\/tr>\n<tr>\n<td width=\"95\">Poseid\u00f3n F40<\/td>\n<td width=\"123\">400<\/td>\n<\/tr>\n<tr>\n<td width=\"95\">Poseid\u00f3n F45<\/td>\n<td width=\"123\">450<\/td>\n<\/tr>\n<tr>\n<td width=\"95\">Poseid\u00f3n F60<\/td>\n<td width=\"123\">600<\/td>\n<\/tr>\n<tr>\n<td colspan=\"2\" width=\"217\"><strong>*el flujo puede variar seg\u00fan la tasa de aplicaci\u00f3n <\/strong><\/td>\n<\/tr>\n<\/tbody>\n<\/table>","protected":false},"featured_media":4464,"comment_status":"open","ping_status":"closed","template":"","meta":{"arquivo_cliente":"","_joinchat":[]},"product_brand":[],"product_cat":[45,44,34,30,43,32,35,47,33,29],"product_tag":[109,108],"class_list":{"0":"post-1845","1":"product","2":"type-product","3":"status-publish","4":"has-post-thumbnail","6":"product_cat-acai","7":"product_cat-bebidas","8":"product_cat-fast-grain","9":"product_cat-frigorificos","10":"product_cat-laticinios","11":"product_cat-mineracao","12":"product_cat-oleo-de-palma","13":"product_cat-outras-aplicacoes","14":"product_cat-papel-celulose","15":"product_cat-saneamento","16":"product_tag-eta","17":"product_tag-ete","19":"first","20":"instock","21":"featured","22":"shipping-taxable","23":"product-type-simple"},"acf":[],"_links":{"self":[{"href":"https:\/\/fastindustria.com.br\/es\/wp-json\/wp\/v2\/product\/1845","targetHints":{"allow":["GET"]}}],"collection":[{"href":"https:\/\/fastindustria.com.br\/es\/wp-json\/wp\/v2\/product"}],"about":[{"href":"https:\/\/fastindustria.com.br\/es\/wp-json\/wp\/v2\/types\/product"}],"replies":[{"embeddable":true,"href":"https:\/\/fastindustria.com.br\/es\/wp-json\/wp\/v2\/comments?post=1845"}],"version-history":[{"count":10,"href":"https:\/\/fastindustria.com.br\/es\/wp-json\/wp\/v2\/product\/1845\/revisions"}],"predecessor-version":[{"id":11185,"href":"https:\/\/fastindustria.com.br\/es\/wp-json\/wp\/v2\/product\/1845\/revisions\/11185"}],"wp:featuredmedia":[{"embeddable":true,"href":"https:\/\/fastindustria.com.br\/es\/wp-json\/wp\/v2\/media\/4464"}],"wp:attachment":[{"href":"https:\/\/fastindustria.com.br\/es\/wp-json\/wp\/v2\/media?parent=1845"}],"wp:term":[{"taxonomy":"product_brand","embeddable":true,"href":"https:\/\/fastindustria.com.br\/es\/wp-json\/wp\/v2\/product_brand?post=1845"},{"taxonomy":"product_cat","embeddable":true,"href":"https:\/\/fastindustria.com.br\/es\/wp-json\/wp\/v2\/product_cat?post=1845"},{"taxonomy":"product_tag","embeddable":true,"href":"https:\/\/fastindustria.com.br\/es\/wp-json\/wp\/v2\/product_tag?post=1845"}],"curies":[{"name":"wp","href":"https:\/\/api.w.org\/{rel}","templated":true}]}}