{"id":13525,"date":"2024-03-05T10:17:17","date_gmt":"2024-03-05T13:17:17","guid":{"rendered":"https:\/\/fastindustria.com.br\/?post_type=product&#038;p=13525"},"modified":"2024-03-05T18:07:28","modified_gmt":"2024-03-05T21:07:28","slug":"hidrolizador","status":"publish","type":"product","link":"https:\/\/fastindustria.com.br\/es\/producto\/hidrolizador\/","title":{"rendered":"hidrolizador"},"content":{"rendered":"<p>El Fast Hydrolyzer fue desarrollado para realizar la hidr\u00f3lisis de plumas o pelo de cerdo, con el objetivo de producir prote\u00edna digerible. Las fibras se desintegran durante la cocci\u00f3n a presi\u00f3n a altas temperaturas en condiciones estrictamente controladas.<\/p>","protected":false},"excerpt":{"rendered":"<p>El Fast Hydrolyzer fue desarrollado para realizar la hidr\u00f3lisis de plumas o pelo de cerdo, con el objetivo de producir prote\u00edna digerible. Las fibras se desintegran durante la cocci\u00f3n a presi\u00f3n a altas temperaturas en condiciones estrictamente controladas.<\/p>","protected":false},"featured_media":13572,"comment_status":"closed","ping_status":"closed","template":"","meta":{"arquivo_cliente":"","_joinchat":[]},"product_brand":[],"product_cat":[117,30],"product_tag":[],"class_list":{"0":"post-13525","1":"product","2":"type-product","3":"status-publish","4":"has-post-thumbnail","6":"product_cat-fast-rendering","7":"product_cat-frigorificos","9":"first","10":"instock","11":"shipping-taxable","12":"product-type-simple"},"acf":[],"_links":{"self":[{"href":"https:\/\/fastindustria.com.br\/es\/wp-json\/wp\/v2\/product\/13525","targetHints":{"allow":["GET"]}}],"collection":[{"href":"https:\/\/fastindustria.com.br\/es\/wp-json\/wp\/v2\/product"}],"about":[{"href":"https:\/\/fastindustria.com.br\/es\/wp-json\/wp\/v2\/types\/product"}],"replies":[{"embeddable":true,"href":"https:\/\/fastindustria.com.br\/es\/wp-json\/wp\/v2\/comments?post=13525"}],"version-history":[{"count":3,"href":"https:\/\/fastindustria.com.br\/es\/wp-json\/wp\/v2\/product\/13525\/revisions"}],"predecessor-version":[{"id":13570,"href":"https:\/\/fastindustria.com.br\/es\/wp-json\/wp\/v2\/product\/13525\/revisions\/13570"}],"wp:featuredmedia":[{"embeddable":true,"href":"https:\/\/fastindustria.com.br\/es\/wp-json\/wp\/v2\/media\/13572"}],"wp:attachment":[{"href":"https:\/\/fastindustria.com.br\/es\/wp-json\/wp\/v2\/media?parent=13525"}],"wp:term":[{"taxonomy":"product_brand","embeddable":true,"href":"https:\/\/fastindustria.com.br\/es\/wp-json\/wp\/v2\/product_brand?post=13525"},{"taxonomy":"product_cat","embeddable":true,"href":"https:\/\/fastindustria.com.br\/es\/wp-json\/wp\/v2\/product_cat?post=13525"},{"taxonomy":"product_tag","embeddable":true,"href":"https:\/\/fastindustria.com.br\/es\/wp-json\/wp\/v2\/product_tag?post=13525"}],"curies":[{"name":"wp","href":"https:\/\/api.w.org\/{rel}","templated":true}]}}