{"id":13523,"date":"2024-03-05T10:17:16","date_gmt":"2024-03-05T13:17:16","guid":{"rendered":"https:\/\/fastindustria.com.br\/?post_type=product&#038;p=13523"},"modified":"2024-03-05T18:01:00","modified_gmt":"2024-03-05T21:01:00","slug":"moinho-de-farinhas-mff","status":"publish","type":"product","link":"https:\/\/fastindustria.com.br\/es\/producto\/moinho-de-farinhas-mff\/","title":{"rendered":"Molino de harina | MFP"},"content":{"rendered":"<p>El molino harinero Fast es una soluci\u00f3n eficiente para reducir el tama\u00f1o del producto, obteniendo el tama\u00f1o de part\u00edcula ideal para el proceso final. Dispone de un sistema de inversi\u00f3n autom\u00e1tica del sentido de giro de los martillos.<\/p>","protected":false},"excerpt":{"rendered":"<p>El molino harinero Fast es una soluci\u00f3n eficiente para reducir el tama\u00f1o del producto, obteniendo el tama\u00f1o de part\u00edcula ideal para el proceso final. Dispone de un sistema de inversi\u00f3n autom\u00e1tica del sentido de giro de los martillos.<\/p>","protected":false},"featured_media":13550,"comment_status":"closed","ping_status":"closed","template":"","meta":{"arquivo_cliente":"","_joinchat":[]},"product_brand":[],"product_cat":[117,30],"product_tag":[],"class_list":{"0":"post-13523","1":"product","2":"type-product","3":"status-publish","4":"has-post-thumbnail","6":"product_cat-fast-rendering","7":"product_cat-frigorificos","9":"first","10":"instock","11":"shipping-taxable","12":"product-type-simple"},"acf":[],"_links":{"self":[{"href":"https:\/\/fastindustria.com.br\/es\/wp-json\/wp\/v2\/product\/13523","targetHints":{"allow":["GET"]}}],"collection":[{"href":"https:\/\/fastindustria.com.br\/es\/wp-json\/wp\/v2\/product"}],"about":[{"href":"https:\/\/fastindustria.com.br\/es\/wp-json\/wp\/v2\/types\/product"}],"replies":[{"embeddable":true,"href":"https:\/\/fastindustria.com.br\/es\/wp-json\/wp\/v2\/comments?post=13523"}],"version-history":[{"count":2,"href":"https:\/\/fastindustria.com.br\/es\/wp-json\/wp\/v2\/product\/13523\/revisions"}],"predecessor-version":[{"id":13571,"href":"https:\/\/fastindustria.com.br\/es\/wp-json\/wp\/v2\/product\/13523\/revisions\/13571"}],"wp:featuredmedia":[{"embeddable":true,"href":"https:\/\/fastindustria.com.br\/es\/wp-json\/wp\/v2\/media\/13550"}],"wp:attachment":[{"href":"https:\/\/fastindustria.com.br\/es\/wp-json\/wp\/v2\/media?parent=13523"}],"wp:term":[{"taxonomy":"product_brand","embeddable":true,"href":"https:\/\/fastindustria.com.br\/es\/wp-json\/wp\/v2\/product_brand?post=13523"},{"taxonomy":"product_cat","embeddable":true,"href":"https:\/\/fastindustria.com.br\/es\/wp-json\/wp\/v2\/product_cat?post=13523"},{"taxonomy":"product_tag","embeddable":true,"href":"https:\/\/fastindustria.com.br\/es\/wp-json\/wp\/v2\/product_tag?post=13523"}],"curies":[{"name":"wp","href":"https:\/\/api.w.org\/{rel}","templated":true}]}}