{"id":13520,"date":"2024-03-05T10:17:15","date_gmt":"2024-03-05T13:17:15","guid":{"rendered":"https:\/\/fastindustria.com.br\/?post_type=product&#038;p=13520"},"modified":"2024-07-11T09:33:15","modified_gmt":"2024-07-11T12:33:15","slug":"prensa-continua-fast-pcf","status":"publish","type":"product","link":"https:\/\/fastindustria.com.br\/es\/producto\/prensa-continua-fast-pcf\/","title":{"rendered":"Prensa continua r\u00e1pida | PCF"},"content":{"rendered":"<p>La prensa continua Fast es una soluci\u00f3n eficiente para la extracci\u00f3n de grasa de materia prima, proporcionando una separaci\u00f3n efectiva entre grasa y s\u00f3lidos. Fue dise\u00f1ado para tener una vida \u00fatil prolongada en sus componentes sujetos al desgaste natural. Cuenta con un inversor de frecuencia para reducir las RPM del eje cuando hay material blando (sin huesos) para mantener uniforme el proceso de prensado. La variaci\u00f3n de RPM se produce de forma manual o autom\u00e1tica. Destaca tambi\u00e9n por su tecnolog\u00eda que permite un producto final con m\u00e1xima extracci\u00f3n de grasa.<\/p>","protected":false},"excerpt":{"rendered":"<p>A prensa cont\u00ednua Fast \u00e9 uma solu\u00e7\u00e3o eficiente para extrair a gordura da mat\u00e9ria-prima, proporcionando uma separa\u00e7\u00e3o eficaz entre gordura e s\u00f3lidos. Ela foi projetada para ter uma vida \u00fatil prolongada em seus componentes sujeitos a desgaste natural. Apresenta um inversor de frequ\u00eancia para redu\u00e7\u00e3o da RPM do eixo quando se tem material mole (sem [&hellip;]<\/p>","protected":false},"featured_media":0,"comment_status":"closed","ping_status":"closed","template":"","meta":{"arquivo_cliente":"","_joinchat":[]},"product_brand":[],"product_cat":[117,30],"product_tag":[],"class_list":{"0":"post-13520","1":"product","2":"type-product","3":"status-publish","5":"product_cat-fast-rendering","6":"product_cat-frigorificos","8":"first","9":"instock","10":"shipping-taxable","11":"product-type-simple"},"acf":[],"_links":{"self":[{"href":"https:\/\/fastindustria.com.br\/es\/wp-json\/wp\/v2\/product\/13520","targetHints":{"allow":["GET"]}}],"collection":[{"href":"https:\/\/fastindustria.com.br\/es\/wp-json\/wp\/v2\/product"}],"about":[{"href":"https:\/\/fastindustria.com.br\/es\/wp-json\/wp\/v2\/types\/product"}],"replies":[{"embeddable":true,"href":"https:\/\/fastindustria.com.br\/es\/wp-json\/wp\/v2\/comments?post=13520"}],"version-history":[{"count":1,"href":"https:\/\/fastindustria.com.br\/es\/wp-json\/wp\/v2\/product\/13520\/revisions"}],"predecessor-version":[{"id":13547,"href":"https:\/\/fastindustria.com.br\/es\/wp-json\/wp\/v2\/product\/13520\/revisions\/13547"}],"wp:attachment":[{"href":"https:\/\/fastindustria.com.br\/es\/wp-json\/wp\/v2\/media?parent=13520"}],"wp:term":[{"taxonomy":"product_brand","embeddable":true,"href":"https:\/\/fastindustria.com.br\/es\/wp-json\/wp\/v2\/product_brand?post=13520"},{"taxonomy":"product_cat","embeddable":true,"href":"https:\/\/fastindustria.com.br\/es\/wp-json\/wp\/v2\/product_cat?post=13520"},{"taxonomy":"product_tag","embeddable":true,"href":"https:\/\/fastindustria.com.br\/es\/wp-json\/wp\/v2\/product_tag?post=13520"}],"curies":[{"name":"wp","href":"https:\/\/api.w.org\/{rel}","templated":true}]}}