{"id":13517,"date":"2024-03-05T10:17:15","date_gmt":"2024-03-05T13:17:15","guid":{"rendered":"https:\/\/fastindustria.com.br\/?post_type=product&#038;p=13517"},"modified":"2024-03-05T18:03:26","modified_gmt":"2024-03-05T21:03:26","slug":"digestor-batelada-fast-dbf","status":"publish","type":"product","link":"https:\/\/fastindustria.com.br\/es\/producto\/digestor-batelada-fast-dbf\/","title":{"rendered":"Digestor Fast por lotes | DBF"},"content":{"rendered":"<p>El digestor por lotes r\u00e1pido realiza eficazmente las etapas de cocci\u00f3n\/deshidrataci\u00f3n, esterilizaci\u00f3n, hidr\u00f3lisis y secado de subproductos de origen animal. Este equipo se caracteriza por su sencillo funcionamiento, permitiendo la descarga desde abajo o a trav\u00e9s de la tapa frontal, con opciones tanto de automatizaci\u00f3n total como de funcionamiento manual. Adem\u00e1s, destacan por su s\u00f3lida durabilidad y su f\u00e1cil y \u00e1gil mantenimiento.<\/p>","protected":false},"excerpt":{"rendered":"<p>O Digestor batelada Fast executa eficazmente os est\u00e1gios de cozimento\/desidrata\u00e7\u00e3o, esteriliza\u00e7\u00e3o, hidr\u00f3lise e secagem de subprodutos derivados de animais. Esses equipamentos s\u00e3o caracterizados por sua opera\u00e7\u00e3o descomplicada, permitindo que a descarga pode ser por baixo ou pela tampa frontal, contando com op\u00e7\u00f5es tanto para automa\u00e7\u00e3o total quanto para opera\u00e7\u00e3o manual. Al\u00e9m disso, destacam-se pela durabilidade [&hellip;]<\/p>","protected":false},"featured_media":13538,"comment_status":"closed","ping_status":"closed","template":"","meta":{"arquivo_cliente":"","_joinchat":[]},"product_brand":[],"product_cat":[117,30],"product_tag":[],"class_list":{"0":"post-13517","1":"product","2":"type-product","3":"status-publish","4":"has-post-thumbnail","6":"product_cat-fast-rendering","7":"product_cat-frigorificos","9":"first","10":"instock","11":"shipping-taxable","12":"product-type-simple"},"acf":[],"_links":{"self":[{"href":"https:\/\/fastindustria.com.br\/es\/wp-json\/wp\/v2\/product\/13517","targetHints":{"allow":["GET"]}}],"collection":[{"href":"https:\/\/fastindustria.com.br\/es\/wp-json\/wp\/v2\/product"}],"about":[{"href":"https:\/\/fastindustria.com.br\/es\/wp-json\/wp\/v2\/types\/product"}],"replies":[{"embeddable":true,"href":"https:\/\/fastindustria.com.br\/es\/wp-json\/wp\/v2\/comments?post=13517"}],"version-history":[{"count":1,"href":"https:\/\/fastindustria.com.br\/es\/wp-json\/wp\/v2\/product\/13517\/revisions"}],"predecessor-version":[{"id":13543,"href":"https:\/\/fastindustria.com.br\/es\/wp-json\/wp\/v2\/product\/13517\/revisions\/13543"}],"wp:featuredmedia":[{"embeddable":true,"href":"https:\/\/fastindustria.com.br\/es\/wp-json\/wp\/v2\/media\/13538"}],"wp:attachment":[{"href":"https:\/\/fastindustria.com.br\/es\/wp-json\/wp\/v2\/media?parent=13517"}],"wp:term":[{"taxonomy":"product_brand","embeddable":true,"href":"https:\/\/fastindustria.com.br\/es\/wp-json\/wp\/v2\/product_brand?post=13517"},{"taxonomy":"product_cat","embeddable":true,"href":"https:\/\/fastindustria.com.br\/es\/wp-json\/wp\/v2\/product_cat?post=13517"},{"taxonomy":"product_tag","embeddable":true,"href":"https:\/\/fastindustria.com.br\/es\/wp-json\/wp\/v2\/product_tag?post=13517"}],"curies":[{"name":"wp","href":"https:\/\/api.w.org\/{rel}","templated":true}]}}