{"id":13516,"date":"2024-03-05T10:17:14","date_gmt":"2024-03-05T13:17:14","guid":{"rendered":"https:\/\/fastindustria.com.br\/?post_type=product&#038;p=13516"},"modified":"2024-03-05T18:36:02","modified_gmt":"2024-03-05T21:36:02","slug":"digestor-continuo-fast-dcf","status":"publish","type":"product","link":"https:\/\/fastindustria.com.br\/es\/producto\/digestor-continuo-fast-dcf\/","title":{"rendered":"Digestor continuo r\u00e1pido | FCD"},"content":{"rendered":"<p>El digestor continuo Fast destaca por su superior eficiencia en el proceso de cocci\u00f3n desde residuos hasta subproductos, ofreciendo una notable capacidad de evaporaci\u00f3n y asegurando la regulaci\u00f3n del producto final. Esta tecnolog\u00eda proporciona importantes ahorros de energ\u00eda el\u00e9ctrica y t\u00e9rmica, adem\u00e1s de facilitar el vaciado de los equipos al final del proceso, que pueden descargarse por arriba o por abajo.<\/p>","protected":false},"excerpt":{"rendered":"<p>El digestor continuo Fast destaca por su superior eficiencia en el proceso de cocci\u00f3n desde residuos hasta subproductos, ofreciendo una notable capacidad de evaporaci\u00f3n y asegurando la regulaci\u00f3n del producto final. Esta tecnolog\u00eda proporciona importantes ahorros de energ\u00eda el\u00e9ctrica y t\u00e9rmica, adem\u00e1s de facilitar el vaciado de los equipos al final del proceso, que pueden descargarse por arriba o por abajo.<\/p>","protected":false},"featured_media":13536,"comment_status":"closed","ping_status":"closed","template":"","meta":{"arquivo_cliente":"","_joinchat":[]},"product_brand":[],"product_cat":[117,30],"product_tag":[],"class_list":{"0":"post-13516","1":"product","2":"type-product","3":"status-publish","4":"has-post-thumbnail","6":"product_cat-fast-rendering","7":"product_cat-frigorificos","9":"first","10":"instock","11":"shipping-taxable","12":"product-type-simple"},"acf":[],"_links":{"self":[{"href":"https:\/\/fastindustria.com.br\/es\/wp-json\/wp\/v2\/product\/13516","targetHints":{"allow":["GET"]}}],"collection":[{"href":"https:\/\/fastindustria.com.br\/es\/wp-json\/wp\/v2\/product"}],"about":[{"href":"https:\/\/fastindustria.com.br\/es\/wp-json\/wp\/v2\/types\/product"}],"replies":[{"embeddable":true,"href":"https:\/\/fastindustria.com.br\/es\/wp-json\/wp\/v2\/comments?post=13516"}],"version-history":[{"count":1,"href":"https:\/\/fastindustria.com.br\/es\/wp-json\/wp\/v2\/product\/13516\/revisions"}],"predecessor-version":[{"id":13537,"href":"https:\/\/fastindustria.com.br\/es\/wp-json\/wp\/v2\/product\/13516\/revisions\/13537"}],"wp:featuredmedia":[{"embeddable":true,"href":"https:\/\/fastindustria.com.br\/es\/wp-json\/wp\/v2\/media\/13536"}],"wp:attachment":[{"href":"https:\/\/fastindustria.com.br\/es\/wp-json\/wp\/v2\/media?parent=13516"}],"wp:term":[{"taxonomy":"product_brand","embeddable":true,"href":"https:\/\/fastindustria.com.br\/es\/wp-json\/wp\/v2\/product_brand?post=13516"},{"taxonomy":"product_cat","embeddable":true,"href":"https:\/\/fastindustria.com.br\/es\/wp-json\/wp\/v2\/product_cat?post=13516"},{"taxonomy":"product_tag","embeddable":true,"href":"https:\/\/fastindustria.com.br\/es\/wp-json\/wp\/v2\/product_tag?post=13516"}],"curies":[{"name":"wp","href":"https:\/\/api.w.org\/{rel}","templated":true}]}}