{"id":13511,"date":"2024-03-05T10:17:13","date_gmt":"2024-03-05T13:17:13","guid":{"rendered":"https:\/\/fastindustria.com.br\/?post_type=product&#038;p=13511"},"modified":"2024-03-05T18:37:53","modified_gmt":"2024-03-05T21:37:53","slug":"bomba-de-lamelas-fast-blf","status":"publish","type":"product","link":"https:\/\/fastindustria.com.br\/es\/producto\/bomba-de-lamelas-fast-blf\/","title":{"rendered":"Bomba Laminar R\u00e1pida | BLF"},"content":{"rendered":"<p>La Bomba de Lame FAST mueve grandes vol\u00famenes de subproductos blandos de origen animal, transportando el material a largas distancias de manera eficiente, sin da\u00f1ar la materia prima. Equipos de alta eficiencia con sistema autom\u00e1tico de limpieza de tuber\u00edas al final del proceso.<\/p>","protected":false},"excerpt":{"rendered":"<p>La Bomba de Lame FAST mueve grandes vol\u00famenes de subproductos blandos de origen animal, transportando el material a largas distancias de manera eficiente, sin da\u00f1ar la materia prima. Equipos de alta eficiencia con sistema autom\u00e1tico de limpieza de tuber\u00edas al final del proceso.<\/p>","protected":false},"featured_media":13528,"comment_status":"closed","ping_status":"closed","template":"","meta":{"arquivo_cliente":"","_joinchat":[]},"product_brand":[],"product_cat":[117,30],"product_tag":[],"class_list":{"0":"post-13511","1":"product","2":"type-product","3":"status-publish","4":"has-post-thumbnail","6":"product_cat-fast-rendering","7":"product_cat-frigorificos","9":"first","10":"instock","11":"shipping-taxable","12":"product-type-simple"},"acf":[],"_links":{"self":[{"href":"https:\/\/fastindustria.com.br\/es\/wp-json\/wp\/v2\/product\/13511","targetHints":{"allow":["GET"]}}],"collection":[{"href":"https:\/\/fastindustria.com.br\/es\/wp-json\/wp\/v2\/product"}],"about":[{"href":"https:\/\/fastindustria.com.br\/es\/wp-json\/wp\/v2\/types\/product"}],"replies":[{"embeddable":true,"href":"https:\/\/fastindustria.com.br\/es\/wp-json\/wp\/v2\/comments?post=13511"}],"version-history":[{"count":1,"href":"https:\/\/fastindustria.com.br\/es\/wp-json\/wp\/v2\/product\/13511\/revisions"}],"predecessor-version":[{"id":13529,"href":"https:\/\/fastindustria.com.br\/es\/wp-json\/wp\/v2\/product\/13511\/revisions\/13529"}],"wp:featuredmedia":[{"embeddable":true,"href":"https:\/\/fastindustria.com.br\/es\/wp-json\/wp\/v2\/media\/13528"}],"wp:attachment":[{"href":"https:\/\/fastindustria.com.br\/es\/wp-json\/wp\/v2\/media?parent=13511"}],"wp:term":[{"taxonomy":"product_brand","embeddable":true,"href":"https:\/\/fastindustria.com.br\/es\/wp-json\/wp\/v2\/product_brand?post=13511"},{"taxonomy":"product_cat","embeddable":true,"href":"https:\/\/fastindustria.com.br\/es\/wp-json\/wp\/v2\/product_cat?post=13511"},{"taxonomy":"product_tag","embeddable":true,"href":"https:\/\/fastindustria.com.br\/es\/wp-json\/wp\/v2\/product_tag?post=13511"}],"curies":[{"name":"wp","href":"https:\/\/api.w.org\/{rel}","templated":true}]}}