{"id":13248,"date":"2023-11-09T16:47:40","date_gmt":"2023-11-09T19:47:40","guid":{"rendered":"https:\/\/fastindustria.com.br\/?post_type=product&#038;p=13248"},"modified":"2023-11-09T16:47:41","modified_gmt":"2023-11-09T19:47:41","slug":"agitador-hiperbolico","status":"publish","type":"product","link":"https:\/\/fastindustria.com.br\/es\/producto\/agitador-hiperbolico\/","title":{"rendered":"Coctelera hiperb\u00f3lica"},"content":{"rendered":"<p>Los Agitadores Hiperb\u00f3licos R\u00e1pidos son equipos desarrollados para garantizar mejores resultados en procesos de mezclado y homogeneizaci\u00f3n de efluentes en tanques, asegurando un mezclado completo.<\/p>\n<p>La mezcla se realiza de forma gradual y constante, sin movimientos turbulentos dentro del tanque, siguiendo un flujo en forma de v\u00f3rtice que comienza en el eje del agitador y contin\u00faa hacia el fondo. Paralelo a las paredes del tanque, el flujo contin\u00faa hacia la superficie, regresando al fondo paralelo al eje.<\/p>\n<p>El equipo consta de una estructura de instalaci\u00f3n que puede ir superpuesta al tanque o en forma de torre de soporte que puede ubicarse en cualquier parte del tanque. Posee un cojinete autoalineante y un eje vertical que realiza la conexi\u00f3n entre el motorreductor que se asienta sobre la pasarela o viga de soporte y el hiperb\u00f3lico instalado cerca del fondo del tanque con el eje gu\u00eda.<\/p>","protected":false},"excerpt":{"rendered":"<p>Os Agitadores Hiperb\u00f3licos Fast s\u00e3o equipamentos desenvolvidos para garantir melhores resultados em processos de mistura e homogeneiza\u00e7\u00e3o de efluentes em tanques, garantindo uma mistura completa. A mistura acontece de forma gradativa e constante, sem movimentos turbulentos no interior do tanque, seguindo um fluxo em forma de v\u00f3rtice que come\u00e7a no eixo do agitador e segue [&hellip;]<\/p>","protected":false},"featured_media":2902,"comment_status":"closed","ping_status":"closed","template":"","meta":{"arquivo_cliente":"","_joinchat":[]},"product_brand":[],"product_cat":[44,30,43,47,33,29],"product_tag":[],"class_list":{"0":"post-13248","1":"product","2":"type-product","3":"status-publish","4":"has-post-thumbnail","6":"product_cat-bebidas","7":"product_cat-frigorificos","8":"product_cat-laticinios","9":"product_cat-outras-aplicacoes","10":"product_cat-papel-celulose","11":"product_cat-saneamento","13":"first","14":"instock","15":"shipping-taxable","16":"product-type-simple"},"acf":[],"_links":{"self":[{"href":"https:\/\/fastindustria.com.br\/es\/wp-json\/wp\/v2\/product\/13248","targetHints":{"allow":["GET"]}}],"collection":[{"href":"https:\/\/fastindustria.com.br\/es\/wp-json\/wp\/v2\/product"}],"about":[{"href":"https:\/\/fastindustria.com.br\/es\/wp-json\/wp\/v2\/types\/product"}],"replies":[{"embeddable":true,"href":"https:\/\/fastindustria.com.br\/es\/wp-json\/wp\/v2\/comments?post=13248"}],"version-history":[{"count":1,"href":"https:\/\/fastindustria.com.br\/es\/wp-json\/wp\/v2\/product\/13248\/revisions"}],"predecessor-version":[{"id":13249,"href":"https:\/\/fastindustria.com.br\/es\/wp-json\/wp\/v2\/product\/13248\/revisions\/13249"}],"wp:featuredmedia":[{"embeddable":true,"href":"https:\/\/fastindustria.com.br\/es\/wp-json\/wp\/v2\/media\/2902"}],"wp:attachment":[{"href":"https:\/\/fastindustria.com.br\/es\/wp-json\/wp\/v2\/media?parent=13248"}],"wp:term":[{"taxonomy":"product_brand","embeddable":true,"href":"https:\/\/fastindustria.com.br\/es\/wp-json\/wp\/v2\/product_brand?post=13248"},{"taxonomy":"product_cat","embeddable":true,"href":"https:\/\/fastindustria.com.br\/es\/wp-json\/wp\/v2\/product_cat?post=13248"},{"taxonomy":"product_tag","embeddable":true,"href":"https:\/\/fastindustria.com.br\/es\/wp-json\/wp\/v2\/product_tag?post=13248"}],"curies":[{"name":"wp","href":"https:\/\/api.w.org\/{rel}","templated":true}]}}