{"id":11768,"date":"2023-08-04T17:56:04","date_gmt":"2023-08-04T20:56:04","guid":{"rendered":"https:\/\/fastindustria.com.br\/?post_type=product&#038;p=11768"},"modified":"2023-08-08T08:39:42","modified_gmt":"2023-08-08T11:39:42","slug":"estacao-de-tratamento-de-agua","status":"publish","type":"product","link":"https:\/\/fastindustria.com.br\/es\/producto\/estacao-de-tratamento-de-agua\/","title":{"rendered":"Planta Depuradora de Agua \u2013 ETA"},"content":{"rendered":"<p>Para potabilizar el agua de r\u00edos o pozos subterr\u00e1neos, es decir, disponible para ser consumida o utilizada en procesos industriales de acuerdo con las normas vigentes, es necesario instalar una planta de tratamiento de agua, o conocida popularmente como ETA.<\/p>\n<p>Las ETA \u2013 Estaciones R\u00e1pidas de Tratamiento de Agua se caracterizan por ser compactas, f\u00e1ciles de operar y de bajo consumo de productos qu\u00edmicos.<\/p>\n<p>El tratamiento del agua bruta, ya sea superficial o subterr\u00e1nea, se produce mediante los siguientes procesos: <strong>coagulaci\u00f3n, floculaci\u00f3n, clarificaci\u00f3n, filtraci\u00f3n y desinfecci\u00f3n.<\/strong><\/p>\n<p>La coagulaci\u00f3n y la floculaci\u00f3n se producen mediante la adici\u00f3n de productos qu\u00edmicos espec\u00edficos, que pueden ser sales inorg\u00e1nicas (como el sulfato de aluminio) o sales org\u00e1nicas (poliaminas, etc.).<\/p>\n<p>La clarificaci\u00f3n, un proceso en el que la mayor\u00eda de los contaminantes se separan del agua limpia, se puede realizar mediante dos m\u00e9todos de separaci\u00f3n: flotaci\u00f3n y decantaci\u00f3n.<\/p>\n<p>Ambos procesos, decantaci\u00f3n o flotaci\u00f3n, son muy compactos y altamente eficientes en la eliminaci\u00f3n de s\u00f3lidos en suspensi\u00f3n y precipitados (coloides\/part\u00edculas) y presentan una alta reducci\u00f3n en otros par\u00e1metros (color, olor, sabor, entre otros).<\/p>\n<p>Luego de la clarificaci\u00f3n, el agua tratada es enviada al proceso de filtraci\u00f3n para su pulido y desinfecci\u00f3n, lo que garantizar\u00e1 los est\u00e1ndares de potabilidad del agua.<\/p>\n<p>&nbsp;<\/p>\n<p><em><strong>Ventajas<\/strong><\/em><br \/>\nEstaciones prefabricadas que tienen menor tiempo de instalaci\u00f3n y r\u00e1pida puesta en marcha, independientemente de las condiciones clim\u00e1ticas para la construcci\u00f3n;<br \/>\nEstaciones compactas, de superficie reducida;<br \/>\nMejor costo-beneficio al utilizar dosis reducidas de productos qu\u00edmicos;<br \/>\nEquipo nacional 100%.<\/p>","protected":false},"excerpt":{"rendered":"<p>Para tornar \u00e1guas de rios ou de po\u00e7os subterr\u00e2neos pot\u00e1veis, ou seja, dispon\u00edveis para serem consumidas\u00a0 ou utilizadas em processos industriais de acordo com as normas vigentes, faz-se necess\u00e1rio a instala\u00e7\u00e3o de uma esta\u00e7\u00e3o de tratamento de \u00e1gua, ou popularmente conhecidas como ETA. As ETAs &#8211; Esta\u00e7\u00f5es de Tratamento de \u00c1gua Fast t\u00eam por caracter\u00edstica [&hellip;]<\/p>","protected":false},"featured_media":11769,"comment_status":"open","ping_status":"closed","template":"","meta":{"arquivo_cliente":"","_joinchat":[]},"product_brand":[],"product_cat":[45,44,34,30,43,32,35,47,33,29],"product_tag":[],"class_list":{"0":"post-11768","1":"product","2":"type-product","3":"status-publish","4":"has-post-thumbnail","6":"product_cat-acai","7":"product_cat-bebidas","8":"product_cat-fast-grain","9":"product_cat-frigorificos","10":"product_cat-laticinios","11":"product_cat-mineracao","12":"product_cat-oleo-de-palma","13":"product_cat-outras-aplicacoes","14":"product_cat-papel-celulose","15":"product_cat-saneamento","17":"first","18":"instock","19":"shipping-taxable","20":"product-type-simple"},"acf":[],"_links":{"self":[{"href":"https:\/\/fastindustria.com.br\/es\/wp-json\/wp\/v2\/product\/11768","targetHints":{"allow":["GET"]}}],"collection":[{"href":"https:\/\/fastindustria.com.br\/es\/wp-json\/wp\/v2\/product"}],"about":[{"href":"https:\/\/fastindustria.com.br\/es\/wp-json\/wp\/v2\/types\/product"}],"replies":[{"embeddable":true,"href":"https:\/\/fastindustria.com.br\/es\/wp-json\/wp\/v2\/comments?post=11768"}],"version-history":[{"count":2,"href":"https:\/\/fastindustria.com.br\/es\/wp-json\/wp\/v2\/product\/11768\/revisions"}],"predecessor-version":[{"id":11988,"href":"https:\/\/fastindustria.com.br\/es\/wp-json\/wp\/v2\/product\/11768\/revisions\/11988"}],"wp:featuredmedia":[{"embeddable":true,"href":"https:\/\/fastindustria.com.br\/es\/wp-json\/wp\/v2\/media\/11769"}],"wp:attachment":[{"href":"https:\/\/fastindustria.com.br\/es\/wp-json\/wp\/v2\/media?parent=11768"}],"wp:term":[{"taxonomy":"product_brand","embeddable":true,"href":"https:\/\/fastindustria.com.br\/es\/wp-json\/wp\/v2\/product_brand?post=11768"},{"taxonomy":"product_cat","embeddable":true,"href":"https:\/\/fastindustria.com.br\/es\/wp-json\/wp\/v2\/product_cat?post=11768"},{"taxonomy":"product_tag","embeddable":true,"href":"https:\/\/fastindustria.com.br\/es\/wp-json\/wp\/v2\/product_tag?post=11768"}],"curies":[{"name":"wp","href":"https:\/\/api.w.org\/{rel}","templated":true}]}}