{"id":3685,"date":"2023-07-11T14:02:31","date_gmt":"2023-07-11T17:02:31","guid":{"rendered":"https:\/\/fastindustria.com.br\/?page_id=3685"},"modified":"2023-07-17T17:16:13","modified_gmt":"2023-07-17T20:16:13","slug":"programa-de-integridade","status":"publish","type":"page","link":"https:\/\/fastindustria.com.br\/es\/programa-de-integridade\/","title":{"rendered":"Programa de integridad"},"content":{"rendered":"<div data-elementor-type=\"wp-page\" data-elementor-id=\"3685\" class=\"elementor elementor-3685\" data-elementor-settings=\"{&quot;ha_cmc_init_switcher&quot;:&quot;no&quot;}\" data-elementor-post-type=\"page\">\n\t\t\t\t<div class=\"elementor-element elementor-element-bf2ca32 e-flex e-con-boxed e-con e-parent\" data-id=\"bf2ca32\" data-element_type=\"container\" data-e-type=\"container\" data-settings=\"{&quot;background_background&quot;:&quot;classic&quot;,&quot;_ha_eqh_enable&quot;:false}\">\n\t\t\t\t\t<div class=\"e-con-inner\">\n\t\t\t\t<div class=\"elementor-element elementor-element-05030d9 elementor-widget elementor-widget-heading\" data-id=\"05030d9\" data-element_type=\"widget\" data-e-type=\"widget\" data-widget_type=\"heading.default\">\n\t\t\t\t<div class=\"elementor-widget-container\">\n\t\t\t\t\t<h2 class=\"elementor-heading-title elementor-size-default\">Recursos humanos<\/h2>\t\t\t\t<\/div>\n\t\t\t\t<\/div>\n\t\t\t\t<div class=\"elementor-element elementor-element-ac6754c elementor-widget elementor-widget-heading\" data-id=\"ac6754c\" data-element_type=\"widget\" data-e-type=\"widget\" data-widget_type=\"heading.default\">\n\t\t\t\t<div class=\"elementor-widget-container\">\n\t\t\t\t\t<h2 class=\"elementor-heading-title elementor-size-default\">Programa de integridad<\/h2>\t\t\t\t<\/div>\n\t\t\t\t<\/div>\n\t\t\t\t<div class=\"elementor-element elementor-element-0537fc3 elementor-widget elementor-widget-heading\" data-id=\"0537fc3\" data-element_type=\"widget\" data-e-type=\"widget\" data-widget_type=\"heading.default\">\n\t\t\t\t<div class=\"elementor-widget-container\">\n\t\t\t\t\t<h2 class=\"elementor-heading-title elementor-size-default\">1. Objetivo<\/h2>\t\t\t\t<\/div>\n\t\t\t\t<\/div>\n\t\t\t\t<div class=\"elementor-element elementor-element-fb1e8ad elementor-widget__width-initial elementor-widget elementor-widget-text-editor\" data-id=\"fb1e8ad\" data-element_type=\"widget\" data-e-type=\"widget\" data-widget_type=\"text-editor.default\">\n\t\t\t\t<div class=\"elementor-widget-container\">\n\t\t\t\t\t\t\t\t\t<p>El Programa de Integridad de Fast re\u00fane documentos que tienen como objetivo<\/p><p>Dirigir el comportamiento y las actividades de la Alta Direcci\u00f3n, l\u00edderes y empleados.<\/p><p>de la empresa. Tambi\u00e9n debe ser seguido por proveedores y otras instituciones.<\/p><p>que tienen una relaci\u00f3n directa con Fast.<\/p><p>El objetivo de este programa es reforzar la necesidad e importancia de<\/p><p>cumplimiento de las normas establecidas en el Reglamento Interno, el C\u00f3digo de \u00c9tica,<\/p><p>en las leyes y regulaciones aplicables. A trav\u00e9s de \u00e9l demostramos nuestra<\/p><p>valores y nuestro compromiso con la construcci\u00f3n \u00e9tica y\u00a0<span style=\"text-align: var(--text-align);\">transparente.<\/span><\/p>\t\t\t\t\t\t\t\t<\/div>\n\t\t\t\t<\/div>\n\t\t\t\t<div class=\"elementor-element elementor-element-bf8ab2b elementor-widget elementor-widget-heading\" data-id=\"bf8ab2b\" data-element_type=\"widget\" data-e-type=\"widget\" data-widget_type=\"heading.default\">\n\t\t\t\t<div class=\"elementor-widget-container\">\n\t\t\t\t\t<h2 class=\"elementor-heading-title elementor-size-default\">2. Documentos complementarios<\/h2>\t\t\t\t<\/div>\n\t\t\t\t<\/div>\n\t\t\t\t<div class=\"elementor-element elementor-element-af7ec48 elementor-widget elementor-widget-text-editor\" data-id=\"af7ec48\" data-element_type=\"widget\" data-e-type=\"widget\" data-widget_type=\"text-editor.default\">\n\t\t\t\t<div class=\"elementor-widget-container\">\n\t\t\t\t\t\t\t\t\t<p>C\u00f3digo de \u00c9tica<\/p><p><span style=\"text-align: var(--text-align);\">Reglamento Interno<\/span><\/p>\t\t\t\t\t\t\t\t<\/div>\n\t\t\t\t<\/div>\n\t\t\t\t<div class=\"elementor-element elementor-element-f26a5a7 elementor-widget elementor-widget-heading\" data-id=\"f26a5a7\" data-element_type=\"widget\" data-e-type=\"widget\" data-widget_type=\"heading.default\">\n\t\t\t\t<div class=\"elementor-widget-container\">\n\t\t\t\t\t<h2 class=\"elementor-heading-title elementor-size-default\">3. Definiciones<\/h2>\t\t\t\t<\/div>\n\t\t\t\t<\/div>\n\t\t\t\t<div class=\"elementor-element elementor-element-a421c67 elementor-widget elementor-widget-text-editor\" data-id=\"a421c67\" data-element_type=\"widget\" data-e-type=\"widget\" data-widget_type=\"text-editor.default\">\n\t\t\t\t<div class=\"elementor-widget-container\">\n\t\t\t\t\t\t\t\t\t<p><b>3.1 C\u00f3digo de \u00c9tica<\/b><\/p><p>Documento que dicta y regula las normas de conducta que rigen la<\/p><p>funcionamiento de una determinada empresa y el comportamiento de sus<\/p><p>empleados y miembros.<\/p><p><b>3.2 Reglamento Interno<\/b><\/p><p>Es el instrumento a trav\u00e9s del cual el empleador puede establecer reglas (derechos<\/p><p>y obligaciones) a los empleados que le prestan servicios.<\/p>\t\t\t\t\t\t\t\t<\/div>\n\t\t\t\t<\/div>\n\t\t\t\t<div class=\"elementor-element elementor-element-c8179be elementor-widget elementor-widget-heading\" data-id=\"c8179be\" data-element_type=\"widget\" data-e-type=\"widget\" data-widget_type=\"heading.default\">\n\t\t\t\t<div class=\"elementor-widget-container\">\n\t\t\t\t\t<h2 class=\"elementor-heading-title elementor-size-default\">4. Responsabilidad<\/h2>\t\t\t\t<\/div>\n\t\t\t\t<\/div>\n\t\t\t\t<div class=\"elementor-element elementor-element-0a8f224 elementor-widget elementor-widget-text-editor\" data-id=\"0a8f224\" data-element_type=\"widget\" data-e-type=\"widget\" data-widget_type=\"text-editor.default\">\n\t\t\t\t<div class=\"elementor-widget-container\">\n\t\t\t\t\t\t\t\t\t<p>Responsabilidad de la aplicaci\u00f3n, seguimiento y supervisi\u00f3n de la<\/p><p>El Programa de Integridad est\u00e1 a cargo del Comit\u00e9 de \u00c9tica de la empresa, formado por Queli<\/p><p>Luana Kuhn (Supervisora de RRHH), Claudimir De Barba (Director Industrial) y Edi<\/p><p>Longo Farina (Copropietario). El Comit\u00e9 tiene acceso a la Alta Gerencia para abordar los temas<\/p><p>asuntos que requieren alg\u00fan tipo de aprobaci\u00f3n.<\/p><p>Es responsabilidad de todos los empleados, Consejo.<\/p><p>Administrativos, Alta Gerencia, Liderazgo y empleados en general, cumplen con las<\/p><p><span style=\"color: var( --e-global-color-text ); font-family: var( --e-global-typography-text-font-family ), Sans-serif; font-weight: var( --e-global-typography-text-font-weight ); text-align: var(--text-align);\">Lineamientos del Programa de Integridad.<br \/><\/span><\/p>\t\t\t\t\t\t\t\t<\/div>\n\t\t\t\t<\/div>\n\t\t\t\t<div class=\"elementor-element elementor-element-3539b79 elementor-widget elementor-widget-heading\" data-id=\"3539b79\" data-element_type=\"widget\" data-e-type=\"widget\" data-widget_type=\"heading.default\">\n\t\t\t\t<div class=\"elementor-widget-container\">\n\t\t\t\t\t<h2 class=\"elementor-heading-title elementor-size-default\">5. Solicitud<\/h2>\t\t\t\t<\/div>\n\t\t\t\t<\/div>\n\t\t\t\t<div class=\"elementor-element elementor-element-482fa71 elementor-widget elementor-widget-text-editor\" data-id=\"482fa71\" data-element_type=\"widget\" data-e-type=\"widget\" data-widget_type=\"text-editor.default\">\n\t\t\t\t<div class=\"elementor-widget-container\">\n\t\t\t\t\t\t\t\t\t<p>Este procedimiento se aplica a todos los empleados de la empresa,<\/p><p>proveedores y otras instituciones que tienen relaci\u00f3n directa con Fast.<\/p>\t\t\t\t\t\t\t\t<\/div>\n\t\t\t\t<\/div>\n\t\t\t\t<div class=\"elementor-element elementor-element-618270a elementor-widget__width-initial elementor-widget elementor-widget-button\" data-id=\"618270a\" data-element_type=\"widget\" data-e-type=\"widget\" data-widget_type=\"button.default\">\n\t\t\t\t<div class=\"elementor-widget-container\">\n\t\t\t\t\t\t\t\t\t<div class=\"elementor-button-wrapper\">\n\t\t\t\t\t<a class=\"elementor-button elementor-button-link elementor-size-lg\" href=\"https:\/\/fastindustria.com.br\/wp-content\/uploads\/2023\/07\/Fast_Programa_de_Integridade.pdf\" target=\"_blank\">\n\t\t\t\t\t\t<span class=\"elementor-button-content-wrapper\">\n\t\t\t\t\t\t\t\t\t<span class=\"elementor-button-text\">Descarga el programa completo<\/span>\n\t\t\t\t\t<\/span>\n\t\t\t\t\t<\/a>\n\t\t\t\t<\/div>\n\t\t\t\t\t\t\t\t<\/div>\n\t\t\t\t<\/div>\n\t\t\t\t\t<\/div>\n\t\t\t\t<\/div>\n\t\t\t\t<\/div>","protected":false},"excerpt":{"rendered":"<p>Recursos Humanos Programa de Integridade 1. Objetivo O Programa de Integridade da Fast re\u00fane documentos que visam conduzir o comportamento e as atividades da Alta Dire\u00e7\u00e3o, l\u00edderes e colaboradores da empresa. Ele tamb\u00e9m deve ser seguido por fornecedores e demais institui\u00e7\u00f5es que tenham rela\u00e7\u00e3o direta com a Fast. O objetivo desse programa \u00e9 refor\u00e7ar a [&hellip;]<\/p>","protected":false},"author":1,"featured_media":0,"parent":0,"menu_order":8,"comment_status":"closed","ping_status":"closed","template":"","meta":{"arquivo_cliente":"","_joinchat":[],"footnotes":""},"class_list":["post-3685","page","type-page","status-publish","hentry"],"acf":[],"_hostinger_reach_plugin_has_subscription_block":false,"_hostinger_reach_plugin_is_elementor":false,"_links":{"self":[{"href":"https:\/\/fastindustria.com.br\/es\/wp-json\/wp\/v2\/pages\/3685","targetHints":{"allow":["GET"]}}],"collection":[{"href":"https:\/\/fastindustria.com.br\/es\/wp-json\/wp\/v2\/pages"}],"about":[{"href":"https:\/\/fastindustria.com.br\/es\/wp-json\/wp\/v2\/types\/page"}],"author":[{"embeddable":true,"href":"https:\/\/fastindustria.com.br\/es\/wp-json\/wp\/v2\/users\/1"}],"replies":[{"embeddable":true,"href":"https:\/\/fastindustria.com.br\/es\/wp-json\/wp\/v2\/comments?post=3685"}],"version-history":[{"count":46,"href":"https:\/\/fastindustria.com.br\/es\/wp-json\/wp\/v2\/pages\/3685\/revisions"}],"predecessor-version":[{"id":4592,"href":"https:\/\/fastindustria.com.br\/es\/wp-json\/wp\/v2\/pages\/3685\/revisions\/4592"}],"wp:attachment":[{"href":"https:\/\/fastindustria.com.br\/es\/wp-json\/wp\/v2\/media?parent=3685"}],"curies":[{"name":"wp","href":"https:\/\/api.w.org\/{rel}","templated":true}]}}