{"id":3586,"date":"2023-07-10T10:58:35","date_gmt":"2023-07-10T13:58:35","guid":{"rendered":"https:\/\/fastindustria.com.br\/?page_id=3586"},"modified":"2026-01-26T09:58:30","modified_gmt":"2026-01-26T12:58:30","slug":"codigo-de-etica","status":"publish","type":"page","link":"https:\/\/fastindustria.com.br\/es\/codigo-de-etica\/","title":{"rendered":"C\u00f3digo de \u00e9tica"},"content":{"rendered":"<div data-elementor-type=\"wp-page\" data-elementor-id=\"3586\" class=\"elementor elementor-3586\" data-elementor-settings=\"{&quot;ha_cmc_init_switcher&quot;:&quot;no&quot;}\" data-elementor-post-type=\"page\">\n\t\t\t\t<div class=\"elementor-element elementor-element-fbf2dac e-flex e-con-boxed e-con e-parent\" data-id=\"fbf2dac\" data-element_type=\"container\" data-e-type=\"container\" data-settings=\"{&quot;background_background&quot;:&quot;classic&quot;,&quot;_ha_eqh_enable&quot;:false}\">\n\t\t\t\t\t<div class=\"e-con-inner\">\n\t\t\t\t<div class=\"elementor-element elementor-element-7cb116f elementor-widget elementor-widget-heading\" data-id=\"7cb116f\" data-element_type=\"widget\" data-e-type=\"widget\" data-widget_type=\"heading.default\">\n\t\t\t\t<div class=\"elementor-widget-container\">\n\t\t\t\t\t<h2 class=\"elementor-heading-title elementor-size-default\">Recursos humanos<\/h2>\t\t\t\t<\/div>\n\t\t\t\t<\/div>\n\t\t\t\t<div class=\"elementor-element elementor-element-64e21dd elementor-widget elementor-widget-heading\" data-id=\"64e21dd\" data-element_type=\"widget\" data-e-type=\"widget\" data-widget_type=\"heading.default\">\n\t\t\t\t<div class=\"elementor-widget-container\">\n\t\t\t\t\t<h2 class=\"elementor-heading-title elementor-size-default\">C\u00f3digo de \u00c9tica<\/h2>\t\t\t\t<\/div>\n\t\t\t\t<\/div>\n\t\t\t\t<div class=\"elementor-element elementor-element-3086892 elementor-widget__width-initial elementor-widget elementor-widget-text-editor\" data-id=\"3086892\" data-element_type=\"widget\" data-e-type=\"widget\" data-widget_type=\"text-editor.default\">\n\t\t\t\t<div class=\"elementor-widget-container\">\n\t\t\t\t\t\t\t\t\t<div data-draftjs-conductor-fragment=\"{&quot;blocks&quot;:[{&quot;key&quot;:&quot;9n9mg&quot;,&quot;text&quot;:&quot;O C\u00f3digo de \u00c9tica \u00e9 um documento que reflete os valores da empresa e que re\u00fane as principais orienta\u00e7\u00f5es em rela\u00e7\u00e3o ao comportamento \u00e9tico que esperamos dos membros da alta dire\u00e7\u00e3o, colaboradores (independentemente de sua fun\u00e7\u00e3o ou posi\u00e7\u00e3o hier\u00e1rquica), conselheiros, clientes, fornecedores e parceiros que interagem com a empresa. Cabe a todos promover a divulga\u00e7\u00e3o e internaliza\u00e7\u00e3o desses princ\u00edpios na cultura organizacional. Acreditamos que essas orienta\u00e7\u00f5es s\u00e3o essenciais para a constru\u00e7\u00e3o de rela\u00e7\u00f5es de valor e para o cumprimento da nossa vis\u00e3o.&quot;,&quot;type&quot;:&quot;unstyled&quot;,&quot;depth&quot;:0,&quot;inlineStyleRanges&quot;:[],&quot;entityRanges&quot;:[],&quot;data&quot;:{}}],&quot;entityMap&quot;:{}}\">El C\u00f3digo \u00c9tico es un documento que refleja los valores de la empresa y re\u00fane los principales lineamientos respecto del comportamiento \u00e9tico que esperamos de los miembros de la Alta Direcci\u00f3n, empleados (independientemente de su rol o posici\u00f3n jer\u00e1rquica), asesores, clientes, proveedores y socios que interact\u00faan con la empresa. Corresponde a todos promover la difusi\u00f3n e interiorizaci\u00f3n de estos principios en la cultura organizacional. Creemos que estas pautas son esenciales para construir relaciones valiosas y lograr nuestra visi\u00f3n.<\/div>\t\t\t\t\t\t\t\t<\/div>\n\t\t\t\t<\/div>\n\t\t\t\t<div class=\"elementor-element elementor-element-1d0b534 elementor-widget elementor-widget-heading\" data-id=\"1d0b534\" data-element_type=\"widget\" data-e-type=\"widget\" data-widget_type=\"heading.default\">\n\t\t\t\t<div class=\"elementor-widget-container\">\n\t\t\t\t\t<h2 class=\"elementor-heading-title elementor-size-default\">\u00bfA qui\u00e9n se aplica?<\/h2>\t\t\t\t<\/div>\n\t\t\t\t<\/div>\n\t\t\t\t<div class=\"elementor-element elementor-element-bf83576 elementor-widget__width-initial elementor-widget elementor-widget-text-editor\" data-id=\"bf83576\" data-element_type=\"widget\" data-e-type=\"widget\" data-widget_type=\"text-editor.default\">\n\t\t\t\t<div class=\"elementor-widget-container\">\n\t\t\t\t\t\t\t\t\t<p>Este C\u00f3digo de \u00c9tica es aplicable a todas las personas que act\u00faan en nombre o en asociaci\u00f3n con Fast, en sus relaciones profesionales dentro y fuera de la empresa con:<\/p><p>\u2022 Propietarios<br \/>\u2022 Miembros de la Alta Gerencia<br \/>\u2022 Colaboradores<br \/>\u2022 Proveedores<br \/>\u2022 Miembros del Consejo Administrativo<br \/>\u2022 Asociaciones y Sindicatos<br \/>\u2022 Clientes<br \/>\u2022 Comunidad y Sociedad<\/p>\t\t\t\t\t\t\t\t<\/div>\n\t\t\t\t<\/div>\n\t\t\t\t<div class=\"elementor-element elementor-element-180f645 elementor-widget elementor-widget-heading\" data-id=\"180f645\" data-element_type=\"widget\" data-e-type=\"widget\" data-widget_type=\"heading.default\">\n\t\t\t\t<div class=\"elementor-widget-container\">\n\t\t\t\t\t<h2 class=\"elementor-heading-title elementor-size-default\">Comit\u00e9 de \u00c9tica<\/h2>\t\t\t\t<\/div>\n\t\t\t\t<\/div>\n\t\t\t\t<div class=\"elementor-element elementor-element-28387a0 elementor-widget__width-initial elementor-widget elementor-widget-text-editor\" data-id=\"28387a0\" data-element_type=\"widget\" data-e-type=\"widget\" data-widget_type=\"text-editor.default\">\n\t\t\t\t<div class=\"elementor-widget-container\">\n\t\t\t\t\t\t\t\t\t<p>El Comit\u00e9 de \u00c9tica est\u00e1 integrado por 03 (tres) miembros, un representante de RRHH, un representante de la Junta Directiva y un representante de los l\u00edderes.<br \/>El Comit\u00e9 de \u00c9tica tiene por objeto:<\/p><p>\u2022 Velar por el cumplimiento del C\u00f3digo de \u00c9tica y valores de la empresa.<br \/>\u2022 Identificar situaciones que sean contrarias a lo establecido en el C\u00f3digo de \u00c9tica.<br \/>\u2022 Emitir interpretaci\u00f3n y\/o orientaci\u00f3n en casos de violaci\u00f3n al C\u00f3digo de \u00c9tica y\/o normas de la empresa.<br \/>\u2022 Decidir sobre la aplicaci\u00f3n de medidas disciplinarias a personas que violen el C\u00f3digo de \u00c9tica y\/o normas de la empresa.<br \/>\u2022 Sugerir cambios al C\u00f3digo de \u00c9tica, con base en los principios y valores de la empresa.<br \/>\u2022 Proporcionar orientaci\u00f3n sobre posibles soluciones a conflictos que no est\u00e1n<br \/>previsto en el C\u00f3digo de \u00c9tica.<br \/>\u2022 El Comit\u00e9 de \u00c9tica reportar\u00e1 al Directorio de la empresa, quien tiene la autoridad<br \/>hacer excepciones al c\u00f3digo cuando lo considere apropiado.<\/p>\t\t\t\t\t\t\t\t<\/div>\n\t\t\t\t<\/div>\n\t\t\t\t<div class=\"elementor-element elementor-element-b27a404 elementor-widget elementor-widget-heading\" data-id=\"b27a404\" data-element_type=\"widget\" data-e-type=\"widget\" data-widget_type=\"heading.default\">\n\t\t\t\t<div class=\"elementor-widget-container\">\n\t\t\t\t\t<h2 class=\"elementor-heading-title elementor-size-default\">Canales de denuncia<\/h2>\t\t\t\t<\/div>\n\t\t\t\t<\/div>\n\t\t\t\t<div class=\"elementor-element elementor-element-5072160 elementor-widget__width-initial elementor-widget elementor-widget-text-editor\" data-id=\"5072160\" data-element_type=\"widget\" data-e-type=\"widget\" data-widget_type=\"text-editor.default\">\n\t\t\t\t<div class=\"elementor-widget-container\">\n\t\t\t\t\t\t\t\t\t<p>Todas las situaciones que constituyan una violaci\u00f3n de este C\u00f3digo deben ser denunciadas inmediatamente por quien tenga conocimiento. Las violaciones observadas deber\u00e1n ser reportadas al Comit\u00e9 de \u00c9tica, con o sin identificaci\u00f3n, a trav\u00e9s de los canales disponibles:<\/p><p>\u2022 Tel\u00e9fono: (49) 3555-7254 (extensi\u00f3n Gerencia y Gerencia)<br \/>\u2022 E-mail: etica@fastindustria.com.br<br \/>\u2022 Formulario Google Forms: a trav\u00e9s de un enlace disponible en los grupos de WhatsApp, correos electr\u00f3nicos de todos los empleados y C\u00f3digo QR disponible en los tablones de anuncios de la empresa.<\/p><p>As den\u00fancias realizadas atrav\u00e9s dos canais citados acima, s\u00e3o recebidas <br \/>pelos membros do Comit\u00ea de \u00c9tica, formado por:<\/p><p><br \/>\u2022 Claudimir De Barba \u2013 Director de Operaciones<br \/>\u2022 Edi Longo Farina \u2013 Socio propietario<\/p><p><br \/>A empresa garante o sigilo da identidade das pessoas que comunicarem <br \/>ou que ajudarem a solucionar problemas relativos \u00e0 conduta \u00e9tica descrita neste <br \/>C\u00f3digo e n\u00e3o admite qualquer retalia\u00e7\u00e3o contra a pessoa que tenha feito a <br \/>den\u00fancia. <br \/>Independentemente do canal a ser utilizado, todas as pessoas envolvidas, <br \/>tanto no recebimento como na avalia\u00e7\u00e3o da situa\u00e7\u00e3o, t\u00eam o dever de manter o mais <br \/>absoluto sigilo das informa\u00e7\u00f5es apuradas. <br \/>As situa\u00e7\u00f5es de viola\u00e7\u00e3o ser\u00e3o analisadas pelo Comit\u00ea de \u00c9tica. Se <br \/>necess\u00e1rio, ser\u00e3o aplicadas medidas disciplinares previstas nas pol\u00edticas da empresa <br \/>e na legisla\u00e7\u00e3o vigente. <br \/>Caso o colaborador que fez a den\u00fancia queira receber um feedback das <br \/>tratativas, o mesmo dever\u00e1 se identificar e registrar um meio para comunica\u00e7\u00e3o com <br \/>o Comit\u00ea de \u00c9tica.<\/p>\t\t\t\t\t\t\t\t<\/div>\n\t\t\t\t<\/div>\n\t\t\t\t<div class=\"elementor-element elementor-element-be69b55 elementor-widget elementor-widget-button\" data-id=\"be69b55\" data-element_type=\"widget\" data-e-type=\"widget\" data-widget_type=\"button.default\">\n\t\t\t\t<div class=\"elementor-widget-container\">\n\t\t\t\t\t\t\t\t\t<div class=\"elementor-button-wrapper\">\n\t\t\t\t\t<a class=\"elementor-button elementor-button-link elementor-size-lg\" href=\"https:\/\/fastindustria.com.br\/wp-content\/uploads\/2026\/01\/Codigo-de-etica-2.pdf\" target=\"_blank\">\n\t\t\t\t\t\t<span class=\"elementor-button-content-wrapper\">\n\t\t\t\t\t\t\t\t\t<span class=\"elementor-button-text\">Descarga el programa completo<\/span>\n\t\t\t\t\t<\/span>\n\t\t\t\t\t<\/a>\n\t\t\t\t<\/div>\n\t\t\t\t\t\t\t\t<\/div>\n\t\t\t\t<\/div>\n\t\t\t\t\t<\/div>\n\t\t\t\t<\/div>\n\t\t\t\t<\/div>","protected":false},"excerpt":{"rendered":"<p>Recursos Humanos C\u00f3digo de \u00c9tica O C\u00f3digo de \u00c9tica \u00e9 um documento que reflete os valores da empresa e que re\u00fane as principais orienta\u00e7\u00f5es em rela\u00e7\u00e3o ao comportamento \u00e9tico que esperamos dos membros da Alta Dire\u00e7\u00e3o, colaboradores (independentemente de sua fun\u00e7\u00e3o ou posi\u00e7\u00e3o hier\u00e1rquica), conselheiros, clientes, fornecedores e parceiros que interagem com a empresa. Cabe [&hellip;]<\/p>","protected":false},"author":1,"featured_media":0,"parent":0,"menu_order":16,"comment_status":"closed","ping_status":"closed","template":"","meta":{"arquivo_cliente":"","_joinchat":[],"footnotes":""},"class_list":["post-3586","page","type-page","status-publish","hentry"],"acf":[],"_hostinger_reach_plugin_has_subscription_block":false,"_hostinger_reach_plugin_is_elementor":false,"_links":{"self":[{"href":"https:\/\/fastindustria.com.br\/es\/wp-json\/wp\/v2\/pages\/3586","targetHints":{"allow":["GET"]}}],"collection":[{"href":"https:\/\/fastindustria.com.br\/es\/wp-json\/wp\/v2\/pages"}],"about":[{"href":"https:\/\/fastindustria.com.br\/es\/wp-json\/wp\/v2\/types\/page"}],"author":[{"embeddable":true,"href":"https:\/\/fastindustria.com.br\/es\/wp-json\/wp\/v2\/users\/1"}],"replies":[{"embeddable":true,"href":"https:\/\/fastindustria.com.br\/es\/wp-json\/wp\/v2\/comments?post=3586"}],"version-history":[{"count":45,"href":"https:\/\/fastindustria.com.br\/es\/wp-json\/wp\/v2\/pages\/3586\/revisions"}],"predecessor-version":[{"id":14023,"href":"https:\/\/fastindustria.com.br\/es\/wp-json\/wp\/v2\/pages\/3586\/revisions\/14023"}],"wp:attachment":[{"href":"https:\/\/fastindustria.com.br\/es\/wp-json\/wp\/v2\/media?parent=3586"}],"curies":[{"name":"wp","href":"https:\/\/api.w.org\/{rel}","templated":true}]}}