{"id":3472,"date":"2023-07-07T15:06:53","date_gmt":"2023-07-07T18:06:53","guid":{"rendered":"https:\/\/fastindustria.com.br\/?page_id=3472"},"modified":"2023-08-11T11:12:31","modified_gmt":"2023-08-11T14:12:31","slug":"segmentos-e-aplicacoes","status":"publish","type":"page","link":"https:\/\/fastindustria.com.br\/es\/segmentos-e-aplicacoes\/","title":{"rendered":"Segmentos y aplicaciones"},"content":{"rendered":"<div data-elementor-type=\"wp-page\" data-elementor-id=\"3472\" class=\"elementor elementor-3472\" data-elementor-settings=\"{&quot;ha_cmc_init_switcher&quot;:&quot;no&quot;}\" data-elementor-post-type=\"page\">\n\t\t\t\t<div class=\"elementor-element elementor-element-17f2bd18 e-flex e-con-boxed e-con e-parent\" data-id=\"17f2bd18\" data-element_type=\"container\" data-e-type=\"container\" data-settings=\"{&quot;_ha_eqh_enable&quot;:false}\">\n\t\t\t\t\t<div class=\"e-con-inner\">\n\t\t\t\t<div class=\"elementor-element elementor-element-4ac5189a elementor-widget elementor-widget-text-editor\" data-id=\"4ac5189a\" data-element_type=\"widget\" data-e-type=\"widget\" data-widget_type=\"text-editor.default\">\n\t\t\t\t<div class=\"elementor-widget-container\">\n\t\t\t\t\t\t\t\t\t<p>Soluciones<\/p>\t\t\t\t\t\t\t\t<\/div>\n\t\t\t\t<\/div>\n\t\t\t\t<div class=\"elementor-element elementor-element-2f68798a elementor-widget elementor-widget-heading\" data-id=\"2f68798a\" data-element_type=\"widget\" data-e-type=\"widget\" data-widget_type=\"heading.default\">\n\t\t\t\t<div class=\"elementor-widget-container\">\n\t\t\t\t\t<h2 class=\"elementor-heading-title elementor-size-default\">Segmentos y aplicaciones<\/h2>\t\t\t\t<\/div>\n\t\t\t\t<\/div>\n\t\t\t\t\t<\/div>\n\t\t\t\t<\/div>\n\t\t<div class=\"elementor-element elementor-element-213a4d09 elementor-hidden-desktop elementor-hidden-tablet elementor-hidden-mobile e-flex e-con-boxed e-con e-parent\" data-id=\"213a4d09\" data-element_type=\"container\" data-e-type=\"container\" data-settings=\"{&quot;_ha_eqh_enable&quot;:false}\">\n\t\t\t\t\t<div class=\"e-con-inner\">\n\t\t\t\t<div class=\"elementor-element elementor-element-15f8c11b elementor-widget elementor-widget-shortcode\" data-id=\"15f8c11b\" data-element_type=\"widget\" data-e-type=\"widget\" data-widget_type=\"shortcode.default\">\n\t\t\t\t<div class=\"elementor-widget-container\">\n\t\t\t\t\t\t\t<div class=\"elementor-shortcode\">[display_print_r_cases]<\/div>\n\t\t\t\t\t\t<\/div>\n\t\t\t\t<\/div>\n\t\t\t\t\t<\/div>\n\t\t\t\t<\/div>\n\t\t<div class=\"elementor-element elementor-element-0ed2293 e-flex e-con-boxed e-con e-parent\" data-id=\"0ed2293\" data-element_type=\"container\" data-e-type=\"container\" data-settings=\"{&quot;_ha_eqh_enable&quot;:false}\">\n\t\t\t\t\t<div class=\"e-con-inner\">\n\t\t\t\t<div class=\"elementor-element elementor-element-c3b4fbf segapli elementor-widget elementor-widget-shortcode\" data-id=\"c3b4fbf\" data-element_type=\"widget\" data-e-type=\"widget\" data-widget_type=\"shortcode.default\">\n\t\t\t\t<div class=\"elementor-widget-container\">\n\t\t\t\t\t    \n    <style>.woocommerce-categories {\n    display: flex;\n}\n\n.woocommerce-categories .column {\n    flex: 1;\n    padding: 10px;\n    box-sizing: border-box;\n}\n\n\/* Estilize as categorias de acordo com suas prefer\u00eancias *\/\n.woocommerce-categories .category {\n    margin-bottom: 20px;\n    border: 1px solid #FFE6C5;\n    padding: 25px 5% 5% 5%;\n    border-radius: 8px;\n}\n\n.woocommerce-categories .thumbnail img {\n    max-width: 100%;\n    height: auto;\n    margin-bottom: 10px;\n}\n\n.woocommerce-categories .title {\n    font-size: 18px;\n    font-weight: bold;\n    margin-bottom: 10px;\n}\n\n.woocommerce-categories .description {\n    font-size: 14px;\n}\n\n.caticonscat {\n    padding: 15px;\n    \/* height: 60px; *\/\n    margin: 5px 30px 10px 0;\n}\n\n\n.caticonsca{\n    height: 100px;\n    width: 100px;\n    background-repeat: no-repeat!important;\n    background-size: contain!important;\n    mix-blend-mode: difference;\n    filter: invert(71%) sepia(17%) saturate(903%) hue-rotate(177deg) brightness(98%) contrast(94%);\n    max-width: 25px;\n    max-height: 25px;\n\n}\n\n\n.caticonsca > div {\nwidth: 100%;\n    height: 100%;\n    background-size: contain!important;\n    background-repeat: no-repeat!important;\n    filter: brightness(0);\n        max-width: 25px;\n    max-height: 25px;\n\n}\n\n.category img {\n    max-height: 130px;\n    object-fit: cover;\n}\n\n.catdesc {\n    display: flex;\n}\n\n\n\n.category.Sem.categoria {\n    display: none;\n}\n\n\n\n\n<\/style>\n    <div class=\"woocommerce-categories\"><div class=\"column\"><div class=\"category Fast Rendering\"><img decoding=\"async\" class=\"thumbnail\" style=\"width: 533px; height: 201px; border-radius: 8px\" src=\"https:\/\/fastindustria.com.br\/wp-content\/uploads\/2024\/03\/fr-150x76.png\" alt=\"Fast Rendering\" \/><div class=\"catdesc\"><div class=\"caticonscat\" style=\" background: #FFE6C5; border-radius: 9999px\"><div class=\"caticonsca\" style=\"background: url(https:\/\/fastindustria.com.br\/wp-content\/uploads\/2024\/03\/Icone-moedor.svg);\">\n                        <div style=\"background: url(https:\/\/fastindustria.com.br\/wp-content\/uploads\/2024\/03\/Icone-moedor.svg);\"><\/div>\n                        <\/div><\/div><h3 class=\"title\">Fast rendering<\/h3><\/div><div class=\"description\">Fast Rendering surge como un nuevo socio para el reciclaje animal en un escenario de mercado que requiere modernizaci\u00f3n, eficiencia y plantas de extremo a extremo. Las soluciones se adaptan a los m\u00e1s diversos tama\u00f1os y procesos: desde la recepci\u00f3n, el transporte de subproductos animales, la purificaci\u00f3n de aceite y el env\u00edo hasta el tratamiento de efluentes. Nuestro enfoque incluye la aplicaci\u00f3n de tecnolog\u00edas de vanguardia para mejorar el proceso productivo, reducir costos y lograr resultados de alta calidad.\r\n\r\n<\/div><span class=\"saibamais1\" > <a href=\"https:\/\/fastindustria.com.br\/es\/categoria-producto\/fast-rendering\/\" style=\"color: #474747; font-size: 16px; font-family: Roboto; font-weight: 400; line-height: 24px; word-wrap: break-word\"> Descubra m\u00e1s <\/a> <\/span><\/div><div class=\"category Azeite de Abacate\"><img decoding=\"async\" class=\"thumbnail\" style=\"width: 533px; height: 201px; border-radius: 8px\" src=\"https:\/\/fastindustria.com.br\/wp-content\/uploads\/2023\/08\/azeite-de-abacate-150x76.png\" alt=\"Azeite de Abacate\" \/><div class=\"catdesc\"><div class=\"caticonscat\" style=\" background: #FFE6C5; border-radius: 9999px\"><div class=\"caticonsca\" style=\"background: url(https:\/\/fastindustria.com.br\/wp-content\/uploads\/2023\/06\/avocado.svg);\">\n                        <div style=\"background: url(https:\/\/fastindustria.com.br\/wp-content\/uploads\/2023\/06\/avocado.svg);\"><\/div>\n                        <\/div><\/div><h3 class=\"title\">Aceite de aguacate<\/h3><\/div><div class=\"description\">El segmento de extracci\u00f3n de aceite de aguacate tambi\u00e9n cuenta con equipos que aportan la calidad y eficiencia de Fast.<\/div><span class=\"saibamais1\" > <a href=\"https:\/\/fastindustria.com.br\/es\/categoria-producto\/azeite-de-abacate\/\" style=\"color: #474747; font-size: 16px; font-family: Roboto; font-weight: 400; line-height: 24px; word-wrap: break-word\"> Descubra m\u00e1s <\/a> <\/span><\/div><div class=\"category Outras Aplica\u00e7\u00f5es\"><img decoding=\"async\" class=\"thumbnail\" style=\"width: 533px; height: 201px; border-radius: 8px\" src=\"https:\/\/fastindustria.com.br\/wp-content\/uploads\/2023\/06\/Outras-Aplicacoes-150x76.png\" alt=\"Outras Aplica\u00e7\u00f5es\" \/><div class=\"catdesc\"><div class=\"caticonscat\" style=\" background: #FFE6C5; border-radius: 9999px\"><div class=\"caticonsca\" style=\"background: url(https:\/\/fastindustria.com.br\/wp-content\/uploads\/2023\/06\/folders.svg);\">\n                        <div style=\"background: url(https:\/\/fastindustria.com.br\/wp-content\/uploads\/2023\/06\/folders.svg);\"><\/div>\n                        <\/div><\/div><h3 class=\"title\">Otras aplicaciones<\/h3><\/div><div class=\"description\">Existen otras varias aplicaciones posibles, tanto para sistemas como, principalmente, para equipos de separaci\u00f3n de fases: decantadores y tridecanters centr\u00edfugos y centr\u00edfugas verticales. \r\n<\/div><span class=\"saibamais1\" > <a href=\"https:\/\/fastindustria.com.br\/es\/categoria-producto\/outras-aplicacoes\/\" style=\"color: #474747; font-size: 16px; font-family: Roboto; font-weight: 400; line-height: 24px; word-wrap: break-word\"> Descubra m\u00e1s <\/a> <\/span><\/div><div class=\"category Frigor\u00edficos\"><img decoding=\"async\" class=\"thumbnail\" style=\"width: 533px; height: 201px; border-radius: 8px\" src=\"https:\/\/fastindustria.com.br\/wp-content\/uploads\/2023\/06\/Group-137-1-150x76.png\" alt=\"Frigor\u00edficos\" \/><div class=\"catdesc\"><div class=\"caticonscat\" style=\" background: #FFE6C5; border-radius: 9999px\"><div class=\"caticonsca\" style=\"background: url(https:\/\/fastindustria.com.br\/wp-content\/uploads\/2023\/06\/knife.svg);\">\n                        <div style=\"background: url(https:\/\/fastindustria.com.br\/wp-content\/uploads\/2023\/06\/knife.svg);\"><\/div>\n                        <\/div><\/div><h3 class=\"title\">Refrigeradores<\/h3><\/div><div class=\"description\">Fast comenz\u00f3 sus actividades entendiendo las necesidades de la industria de la refrigeraci\u00f3n. Hoy cuenta con una amplia gama de unidades de mataderos de aves, cerdos y bovinos atendidos en Brasil y en varios pa\u00edses de Am\u00e9rica Latina y Europa, siendo referencia en el tratamiento de efluentes en este segmento. \r\n<\/div><span class=\"saibamais1\" > <a href=\"https:\/\/fastindustria.com.br\/es\/categoria-producto\/frigorificos\/\" style=\"color: #474747; font-size: 16px; font-family: Roboto; font-weight: 400; line-height: 24px; word-wrap: break-word\"> Descubra m\u00e1s <\/a> <\/span><\/div><div class=\"category \u00d3leo de Palma\"><img decoding=\"async\" class=\"thumbnail\" style=\"width: 533px; height: 201px; border-radius: 8px\" src=\"https:\/\/fastindustria.com.br\/wp-content\/uploads\/2023\/06\/Group-137-8-150x76.png\" alt=\"\u00d3leo de Palma\" \/><div class=\"catdesc\"><div class=\"caticonscat\" style=\" background: #FFE6C5; border-radius: 9999px\"><div class=\"caticonsca\" style=\"background: url(https:\/\/fastindustria.com.br\/wp-content\/uploads\/2023\/06\/oleodepalma.svg);\">\n                        <div style=\"background: url(https:\/\/fastindustria.com.br\/wp-content\/uploads\/2023\/06\/oleodepalma.svg);\"><\/div>\n                        <\/div><\/div><h3 class=\"title\">Aceite de palma<\/h3><\/div><div class=\"description\">Fast es l\u00edder en Am\u00e9rica Latina y proporciona tecnolog\u00eda exclusiva de clarificaci\u00f3n de aceite de palma, garantizando productividad y minimizando impactos ambientales.<\/div><span class=\"saibamais1\" > <a href=\"https:\/\/fastindustria.com.br\/es\/categoria-producto\/oleo-de-palma\/\" style=\"color: #474747; font-size: 16px; font-family: Roboto; font-weight: 400; line-height: 24px; word-wrap: break-word\"> Descubra m\u00e1s <\/a> <\/span><\/div><\/div><div class=\"column\"><div class=\"category Saneamento\"><img decoding=\"async\" class=\"thumbnail\" style=\"width: 533px; height: 201px; border-radius: 8px\" src=\"https:\/\/fastindustria.com.br\/wp-content\/uploads\/2023\/06\/Group-137-2-150x76.png\" alt=\"Saneamento\" \/><div class=\"catdesc\"><div class=\"caticonscat\" style=\" background: #FFE6C5; border-radius: 9999px\"><div class=\"caticonsca\" style=\"background: url(https:\/\/fastindustria.com.br\/wp-content\/uploads\/2023\/06\/handswater-1.svg);\">\n                        <div style=\"background: url(https:\/\/fastindustria.com.br\/wp-content\/uploads\/2023\/06\/handswater-1.svg);\"><\/div>\n                        <\/div><\/div><h3 class=\"title\">Saneamiento<\/h3><\/div><div class=\"description\">Con soluciones de vanguardia y d\u00e9cadas de experiencia, tanto en el tratamiento de agua potable y reutilizada, como de efluentes industriales y aguas residuales dom\u00e9sticas, Fast es un referente en saneamiento. <\/div><span class=\"saibamais1\" > <a href=\"https:\/\/fastindustria.com.br\/es\/categoria-producto\/saneamento\/\" style=\"color: #474747; font-size: 16px; font-family: Roboto; font-weight: 400; line-height: 24px; word-wrap: break-word\"> Descubra m\u00e1s <\/a> <\/span><\/div><div class=\"category Bebidas\"><img decoding=\"async\" class=\"thumbnail\" style=\"width: 533px; height: 201px; border-radius: 8px\" src=\"https:\/\/fastindustria.com.br\/wp-content\/uploads\/2023\/06\/bebidas-150x76.png\" alt=\"Bebidas\" \/><div class=\"catdesc\"><div class=\"caticonscat\" style=\" background: #FFE6C5; border-radius: 9999px\"><div class=\"caticonsca\" style=\"background: url(https:\/\/fastindustria.com.br\/wp-content\/uploads\/2023\/06\/drink.svg);\">\n                        <div style=\"background: url(https:\/\/fastindustria.com.br\/wp-content\/uploads\/2023\/06\/drink.svg);\"><\/div>\n                        <\/div><\/div><h3 class=\"title\">Bebidas<\/h3><\/div><div class=\"description\">Jugos, agua de coco, vino, cerveza: estas son s\u00f3lo algunas de las bebidas a las que se aplican nuestros equipos, mejorando sus procesos y tratamiento de efluentes. <\/div><span class=\"saibamais1\" > <a href=\"https:\/\/fastindustria.com.br\/es\/categoria-producto\/bebidas\/\" style=\"color: #474747; font-size: 16px; font-family: Roboto; font-weight: 400; line-height: 24px; word-wrap: break-word\"> Descubra m\u00e1s <\/a> <\/span><\/div><div class=\"category Fast Grain\"><img decoding=\"async\" class=\"thumbnail\" style=\"width: 533px; height: 201px; border-radius: 8px\" src=\"https:\/\/fastindustria.com.br\/wp-content\/uploads\/2023\/06\/Group-137-6-150x76.png\" alt=\"Fast Grain\" \/><div class=\"catdesc\"><div class=\"caticonscat\" style=\" background: #FFE6C5; border-radius: 9999px\"><div class=\"caticonsca\" style=\"background: url(https:\/\/fastindustria.com.br\/wp-content\/uploads\/2023\/06\/grain.svg);\">\n                        <div style=\"background: url(https:\/\/fastindustria.com.br\/wp-content\/uploads\/2023\/06\/grain.svg);\"><\/div>\n                        <\/div><\/div><h3 class=\"title\">Fast Grano<\/h3><\/div><div class=\"description\">Tecnolog\u00eda r\u00e1pida para plantas y equipos para la obtenci\u00f3n de etanol a partir de cereales y otros subproductos pretende romper los paradigmas actuales, ofreciendo lo mejor de Brasil.<\/div><span class=\"saibamais1\" > <a href=\"https:\/\/fastindustria.com.br\/es\/categoria-producto\/fast-grain\/\" style=\"color: #474747; font-size: 16px; font-family: Roboto; font-weight: 400; line-height: 24px; word-wrap: break-word\"> Descubra m\u00e1s <\/a> <\/span><\/div><div class=\"category Minera\u00e7\u00e3o\"><img decoding=\"async\" class=\"thumbnail\" style=\"width: 533px; height: 201px; border-radius: 8px\" src=\"https:\/\/fastindustria.com.br\/wp-content\/uploads\/2023\/06\/Group-137-4-150x76.png\" alt=\"Minera\u00e7\u00e3o\" \/><div class=\"catdesc\"><div class=\"caticonscat\" style=\" background: #FFE6C5; border-radius: 9999px\"><div class=\"caticonsca\" style=\"background: url(https:\/\/fastindustria.com.br\/wp-content\/uploads\/2023\/06\/Tools.svg);\">\n                        <div style=\"background: url(https:\/\/fastindustria.com.br\/wp-content\/uploads\/2023\/06\/Tools.svg);\"><\/div>\n                        <\/div><\/div><h3 class=\"title\">Miner\u00eda<\/h3><\/div><div class=\"description\">Fast ofrece tecnolog\u00eda para desmantelamiento de presas y tratamiento de efluentes para empresas mineras<\/div><span class=\"saibamais1\" > <a href=\"https:\/\/fastindustria.com.br\/es\/categoria-producto\/mineracao\/\" style=\"color: #474747; font-size: 16px; font-family: Roboto; font-weight: 400; line-height: 24px; word-wrap: break-word\"> Descubra m\u00e1s <\/a> <\/span><\/div><div class=\"category Sem categoria\"><img decoding=\"async\" class=\"thumbnail\" style=\"width: 533px; height: 201px; border-radius: 8px\" src=\"\" alt=\"Sem categoria\" \/><div class=\"catdesc\"><div class=\"caticonscat\" style=\" background: #FFE6C5; border-radius: 9999px\"><div class=\"caticonsca\" style=\"background: url();\">\n                        <div style=\"background: url();\"><\/div>\n                        <\/div><\/div><h3 class=\"title\">Sin categor\u00eda<\/h3><\/div><div class=\"description\">00<\/div><span class=\"saibamais1\" > <a href=\"https:\/\/fastindustria.com.br\/es\/categoria-producto\/sem-categoria\/\" style=\"color: #474747; font-size: 16px; font-family: Roboto; font-weight: 400; line-height: 24px; word-wrap: break-word\"> Descubra m\u00e1s <\/a> <\/span><\/div><\/div><div class=\"column\"><div class=\"category A\u00e7a\u00ed\"><img decoding=\"async\" class=\"thumbnail\" style=\"width: 533px; height: 201px; border-radius: 8px\" src=\"https:\/\/fastindustria.com.br\/wp-content\/uploads\/2023\/06\/acai-150x76.png\" alt=\"A\u00e7a\u00ed\" \/><div class=\"catdesc\"><div class=\"caticonscat\" style=\" background: #FFE6C5; border-radius: 9999px\"><div class=\"caticonsca\" style=\"background: url(https:\/\/fastindustria.com.br\/wp-content\/uploads\/2023\/06\/acai.svg);\">\n                        <div style=\"background: url(https:\/\/fastindustria.com.br\/wp-content\/uploads\/2023\/06\/acai.svg);\"><\/div>\n                        <\/div><\/div><h3 class=\"title\">a\u00e7a\u00ed<\/h3><\/div><div class=\"description\">Fast desarrolla equipos para aplicaciones especiales. Un ejemplo de ello es el segmento de procesamiento de a\u00e7a\u00ed, tanto en el tratamiento de efluentes como en la extracci\u00f3n de la pulpa del fruto. \r\n<\/div><span class=\"saibamais1\" > <a href=\"https:\/\/fastindustria.com.br\/es\/categoria-producto\/acai\/\" style=\"color: #474747; font-size: 16px; font-family: Roboto; font-weight: 400; line-height: 24px; word-wrap: break-word\"> Descubra m\u00e1s <\/a> <\/span><\/div><div class=\"category Latic\u00ednios\"><img decoding=\"async\" class=\"thumbnail\" style=\"width: 533px; height: 201px; border-radius: 8px\" src=\"https:\/\/fastindustria.com.br\/wp-content\/uploads\/2023\/06\/Group-137-150x76.png\" alt=\"Latic\u00ednios\" \/><div class=\"catdesc\"><div class=\"caticonscat\" style=\" background: #FFE6C5; border-radius: 9999px\"><div class=\"caticonsca\" style=\"background: url(https:\/\/fastindustria.com.br\/wp-content\/uploads\/2023\/06\/cheese.svg);\">\n                        <div style=\"background: url(https:\/\/fastindustria.com.br\/wp-content\/uploads\/2023\/06\/cheese.svg);\"><\/div>\n                        <\/div><\/div><h3 class=\"title\">L\u00e1cteos<\/h3><\/div><div class=\"description\">Fast desarrolla soluciones con tecnolog\u00edas de vanguardia para los m\u00e1s diversos procesos de la industria l\u00e1ctea.<\/div><span class=\"saibamais1\" > <a href=\"https:\/\/fastindustria.com.br\/es\/categoria-producto\/laticinios\/\" style=\"color: #474747; font-size: 16px; font-family: Roboto; font-weight: 400; line-height: 24px; word-wrap: break-word\"> Descubra m\u00e1s <\/a> <\/span><\/div><div class=\"category Azeite de Oliva\"><img decoding=\"async\" class=\"thumbnail\" style=\"width: 533px; height: 201px; border-radius: 8px\" src=\"https:\/\/fastindustria.com.br\/wp-content\/uploads\/2023\/06\/Group-137-3-150x76.png\" alt=\"Azeite de Oliva\" \/><div class=\"catdesc\"><div class=\"caticonscat\" style=\" background: #FFE6C5; border-radius: 9999px\"><div class=\"caticonsca\" style=\"background: url(https:\/\/fastindustria.com.br\/wp-content\/uploads\/2023\/06\/oliveoil-1.png);\">\n                        <div style=\"background: url(https:\/\/fastindustria.com.br\/wp-content\/uploads\/2023\/06\/oliveoil-1.png);\"><\/div>\n                        <\/div><\/div><h3 class=\"title\">Aceite de oliva<\/h3><\/div><div class=\"description\">Fast, primer fabricante brasile\u00f1o 100% de un sistema de extracci\u00f3n completo, se enorgullece de ayudar a que el sector crezca en Brasil y de ver a sus clientes ganar cada vez m\u00e1s notoriedad internacional, expandiendo sus operaciones a otros pa\u00edses tradicionales en el cultivo del aceite de oliva. <\/div><span class=\"saibamais1\" > <a href=\"https:\/\/fastindustria.com.br\/es\/categoria-producto\/azeite-de-oliva\/\" style=\"color: #474747; font-size: 16px; font-family: Roboto; font-weight: 400; line-height: 24px; word-wrap: break-word\"> Descubra m\u00e1s <\/a> <\/span><\/div><div class=\"category Papel e Celulose\"><img decoding=\"async\" class=\"thumbnail\" style=\"width: 533px; height: 201px; border-radius: 8px\" src=\"https:\/\/fastindustria.com.br\/wp-content\/uploads\/2023\/06\/Group-137-5-150x76.png\" alt=\"Papel e Celulose\" \/><div class=\"catdesc\"><div class=\"caticonscat\" style=\" background: #FFE6C5; border-radius: 9999px\"><div class=\"caticonsca\" style=\"background: url(https:\/\/fastindustria.com.br\/wp-content\/uploads\/2023\/06\/paper.svg);\">\n                        <div style=\"background: url(https:\/\/fastindustria.com.br\/wp-content\/uploads\/2023\/06\/paper.svg);\"><\/div>\n                        <\/div><\/div><h3 class=\"title\">Papel y Celulosa<\/h3><\/div><div class=\"description\">Fast tiene numerosas experiencias exitosas en el tratamiento de efluentes de la industria papelera. Nuestras tecnolog\u00edas tambi\u00e9n se aplican a otros procesos del segmento, siempre con el objetivo de hacer la industria m\u00e1s sustentable. <\/div><span class=\"saibamais1\" > <a href=\"https:\/\/fastindustria.com.br\/es\/categoria-producto\/papel-celulose\/\" style=\"color: #474747; font-size: 16px; font-family: Roboto; font-weight: 400; line-height: 24px; word-wrap: break-word\"> Descubra m\u00e1s <\/a> <\/span><\/div><\/div><\/div>\t\t<div class=\"elementor-shortcode\"><\/div>\n\t\t\t\t\t\t<\/div>\n\t\t\t\t<\/div>\n\t\t\t\t\t<\/div>\n\t\t\t\t<\/div>\n\t\t\t\t<\/div>","protected":false},"excerpt":{"rendered":"<p>Solu\u00e7\u00f5es Segmentos e Aplica\u00e7\u00f5es [exibir_print_r_cases]<\/p>","protected":false},"author":1,"featured_media":0,"parent":0,"menu_order":27,"comment_status":"closed","ping_status":"closed","template":"","meta":{"arquivo_cliente":"","_joinchat":[],"footnotes":""},"class_list":["post-3472","page","type-page","status-publish","hentry"],"acf":[],"_hostinger_reach_plugin_has_subscription_block":false,"_hostinger_reach_plugin_is_elementor":false,"_links":{"self":[{"href":"https:\/\/fastindustria.com.br\/es\/wp-json\/wp\/v2\/pages\/3472","targetHints":{"allow":["GET"]}}],"collection":[{"href":"https:\/\/fastindustria.com.br\/es\/wp-json\/wp\/v2\/pages"}],"about":[{"href":"https:\/\/fastindustria.com.br\/es\/wp-json\/wp\/v2\/types\/page"}],"author":[{"embeddable":true,"href":"https:\/\/fastindustria.com.br\/es\/wp-json\/wp\/v2\/users\/1"}],"replies":[{"embeddable":true,"href":"https:\/\/fastindustria.com.br\/es\/wp-json\/wp\/v2\/comments?post=3472"}],"version-history":[{"count":13,"href":"https:\/\/fastindustria.com.br\/es\/wp-json\/wp\/v2\/pages\/3472\/revisions"}],"predecessor-version":[{"id":12469,"href":"https:\/\/fastindustria.com.br\/es\/wp-json\/wp\/v2\/pages\/3472\/revisions\/12469"}],"wp:attachment":[{"href":"https:\/\/fastindustria.com.br\/es\/wp-json\/wp\/v2\/media?parent=3472"}],"curies":[{"name":"wp","href":"https:\/\/api.w.org\/{rel}","templated":true}]}}