{"id":1423,"date":"2023-06-27T11:57:27","date_gmt":"2023-06-27T14:57:27","guid":{"rendered":"https:\/\/fastindustria.com.br\/?page_id=1423"},"modified":"2023-07-18T13:56:07","modified_gmt":"2023-07-18T16:56:07","slug":"area-do-cliente","status":"publish","type":"page","link":"https:\/\/fastindustria.com.br\/es\/area-do-cliente\/","title":{"rendered":"\u00c1rea de Clientes"},"content":{"rendered":"<div data-elementor-type=\"wp-page\" data-elementor-id=\"1423\" class=\"elementor elementor-1423\" data-elementor-settings=\"{&quot;ha_cmc_init_switcher&quot;:&quot;no&quot;}\" data-elementor-post-type=\"page\">\n\t\t\t\t<div class=\"elementor-element elementor-element-349c686 e-con-full e-flex e-con e-parent\" data-id=\"349c686\" data-element_type=\"container\" data-e-type=\"container\" data-settings=\"{&quot;_ha_condition_enable&quot;:&quot;yes&quot;,&quot;background_background&quot;:&quot;classic&quot;,&quot;_ha_eqh_enable&quot;:false}\">\n\t\t<div class=\"elementor-element elementor-element-ad23ee6 e-con-full e-flex e-con e-parent\" data-id=\"ad23ee6\" data-element_type=\"container\" data-e-type=\"container\" data-settings=\"{&quot;_ha_eqh_enable&quot;:false}\">\n\t\t\t\t<div class=\"elementor-element elementor-element-cba0bc6 showRegisterButton elementor-widget elementor-widget-heading\" data-id=\"cba0bc6\" data-element_type=\"widget\" data-e-type=\"widget\" data-widget_type=\"heading.default\">\n\t\t\t\t<div class=\"elementor-widget-container\">\n\t\t\t\t\t<h3 class=\"elementor-heading-title elementor-size-default\">Acceso<\/h3>\t\t\t\t<\/div>\n\t\t\t\t<\/div>\n\t\t\t\t<div class=\"elementor-element elementor-element-5cb34c3 showLoginButton elementor-widget elementor-widget-heading\" data-id=\"5cb34c3\" data-element_type=\"widget\" data-e-type=\"widget\" data-widget_type=\"heading.default\">\n\t\t\t\t<div class=\"elementor-widget-container\">\n\t\t\t\t\t<h3 class=\"elementor-heading-title elementor-size-default\">Registro<\/h3>\t\t\t\t<\/div>\n\t\t\t\t<\/div>\n\t\t\t\t<div class=\"elementor-element elementor-element-7da8841 e-my-account-tabs-horizontal elementor-widget elementor-widget-woocommerce-my-account\" data-id=\"7da8841\" data-element_type=\"widget\" data-e-type=\"widget\" id=\"areanlogada\" data-widget_type=\"woocommerce-my-account.default\">\n\t\t\t\t<div class=\"elementor-widget-container\">\n\t\t\t\t\t<div class=\"e-my-account-tab e-my-account-tab__\">\t\t\t<div class=\"woocommerce\"><\/div>\t\t<\/div>\n\t\t\t\t\t\t<\/div>\n\t\t\t\t<\/div>\n\t\t\t\t<div class=\"elementor-element elementor-element-58dd18f elementor-widget elementor-widget-html\" data-id=\"58dd18f\" data-element_type=\"widget\" data-e-type=\"widget\" data-widget_type=\"html.default\">\n\t\t\t\t<div class=\"elementor-widget-container\">\n\t\t\t\t\t\n  <style>\n    .login-form {\n      display: none;\n    }\n\n    .woocommerce-form-register, .register-form {\n      display: none;\n    }\n    \n    #areanlogada .woocommerce .col2-set .col-1, .woocommerce-page .col2-set .col-1, \n    #areanlogada .woocommerce .col2-set .col-2, .woocommerce-page .col2-set .col-2 {\n    float: initial!important;\n    width: 60%;\n    margin: 0 auto;\n}\n.btn-container{\n    float: initial!important;\n    max-width: 60%;\n    margin: 0 auto;\n}\n.showRegisterButton h3, .showLoginButton h3{\n    float: initial!important;\n    max-width: 60%;\n    margin: 0 auto;\n}\n.showLoginButton{\n     display: none;\n }\n .showLoginButton,  .showRegisterButton{\n     width: 100%\n }\n #areanlogada h2{\n     display: none;\n }\n  <\/style>\n\n<!--<body>\n<div class=\"btn-container\">\n  <button class=\"showLoginButton\" onclick=\"showLoginForm()\">Ja tem cadastro? <strong>Fa\u00e7a Login<\/strong><\/button>\n  <button class=\"showRegisterButton\" onclick=\"showRegisterForm()\">Novo por aqui? <strong>Cadastre-se!<\/strong><\/button>\n<\/div>\n \n\n  <script>\nfunction showLoginForm() {\n  var loginForm = document.querySelectorAll('.woocommerce-form-login, .showRegisterButton');\n  var registerForm = document.querySelectorAll('.woocommerce-form-register, .showLoginButton');\n\n  registerForm.forEach(function(elemento) {\n    elemento.style.display = 'none';\n  });\n  loginForm.forEach(function(elemento) {\n    elemento.style.display = 'block';\n  });\n}\n\nfunction showRegisterForm() {\n  var loginForm = document.querySelectorAll('.woocommerce-form-login, .showRegisterButton');\n  var registerForm = document.querySelectorAll('.woocommerce-form-register, .showLoginButton');\n\n  registerForm.forEach(function(elemento) {\n    elemento.style.display = 'block';\n  });\n  loginForm.forEach(function(elemento) {\n    elemento.style.display = 'none';\n  });\n}\n\n  <\/script>\n\n<\/body>\n<\/html>-->\n\t\t\t\t<\/div>\n\t\t\t\t<\/div>\n\t\t\t\t<\/div>\n\t\t<div class=\"elementor-element elementor-element-5e1ea86 e-con-full e-flex e-con e-parent\" data-id=\"5e1ea86\" data-element_type=\"container\" data-e-type=\"container\" data-settings=\"{&quot;background_background&quot;:&quot;classic&quot;,&quot;_ha_eqh_enable&quot;:false}\">\n\t\t\t\t<\/div>\n\t\t\t\t<\/div>\n\t\t\t\t<\/div>","protected":false},"excerpt":{"rendered":"<p>Login Cadastre-se Dashboard Orders Downloads Addresses Account Details Logout Dashboard Orders Downloads Addresses Account Details Logout Informa\u00e7\u00f5es do Cliente Nome: Sobrenome: E-mail: admin@fastindustria.com.br Chave: \u00c1rea do cliente Detalhes da conta Arquivos Alterar senha Detalhes da conta Informa\u00e7\u00f5es do Cliente Nome: Sobrenome: E-mail: admin@fastindustria.com.br Chave: Arquivos Manuais Baixe os manuais dispon\u00edveis para voc\u00ea. T\u00edtulo: Data:Anexos: Alterar [&hellip;]<\/p>","protected":false},"author":1,"featured_media":0,"parent":0,"menu_order":10,"comment_status":"closed","ping_status":"closed","template":"","meta":{"arquivo_cliente":"","_joinchat":[],"footnotes":""},"class_list":["post-1423","page","type-page","status-publish","hentry"],"acf":[],"_hostinger_reach_plugin_has_subscription_block":false,"_hostinger_reach_plugin_is_elementor":false,"_links":{"self":[{"href":"https:\/\/fastindustria.com.br\/es\/wp-json\/wp\/v2\/pages\/1423","targetHints":{"allow":["GET"]}}],"collection":[{"href":"https:\/\/fastindustria.com.br\/es\/wp-json\/wp\/v2\/pages"}],"about":[{"href":"https:\/\/fastindustria.com.br\/es\/wp-json\/wp\/v2\/types\/page"}],"author":[{"embeddable":true,"href":"https:\/\/fastindustria.com.br\/es\/wp-json\/wp\/v2\/users\/1"}],"replies":[{"embeddable":true,"href":"https:\/\/fastindustria.com.br\/es\/wp-json\/wp\/v2\/comments?post=1423"}],"version-history":[{"count":342,"href":"https:\/\/fastindustria.com.br\/es\/wp-json\/wp\/v2\/pages\/1423\/revisions"}],"predecessor-version":[{"id":4709,"href":"https:\/\/fastindustria.com.br\/es\/wp-json\/wp\/v2\/pages\/1423\/revisions\/4709"}],"wp:attachment":[{"href":"https:\/\/fastindustria.com.br\/es\/wp-json\/wp\/v2\/media?parent=1423"}],"curies":[{"name":"wp","href":"https:\/\/api.w.org\/{rel}","templated":true}]}}