{"id":13642,"date":"2024-05-14T12:11:42","date_gmt":"2024-05-14T15:11:42","guid":{"rendered":"https:\/\/fastindustria.com.br\/?page_id=13642"},"modified":"2025-02-05T11:07:05","modified_gmt":"2025-02-05T14:07:05","slug":"trabalhe-conosco-2","status":"publish","type":"page","link":"https:\/\/fastindustria.com.br\/es\/trabalhe-conosco-2\/","title":{"rendered":"Trabalhe Conosco-old"},"content":{"rendered":"<div data-elementor-type=\"wp-page\" data-elementor-id=\"13642\" class=\"elementor elementor-13642\" data-elementor-settings=\"{&quot;ha_cmc_init_switcher&quot;:&quot;no&quot;}\" data-elementor-post-type=\"page\">\n\t\t\t\t<div class=\"elementor-element elementor-element-d10ac44 e-flex e-con-boxed e-con e-parent\" data-id=\"d10ac44\" data-element_type=\"container\" data-settings=\"{&quot;background_background&quot;:&quot;classic&quot;,&quot;_ha_eqh_enable&quot;:false}\">\n\t\t\t\t\t<div class=\"e-con-inner\">\n\t\t<div class=\"elementor-element elementor-element-5f963e5 e-con-full e-flex e-con e-child\" data-id=\"5f963e5\" data-element_type=\"container\" data-settings=\"{&quot;_ha_eqh_enable&quot;:false}\">\n\t\t<div class=\"elementor-element elementor-element-bb8555f e-flex e-con-boxed e-con e-child\" data-id=\"bb8555f\" data-element_type=\"container\" data-settings=\"{&quot;background_background&quot;:&quot;classic&quot;,&quot;_ha_eqh_enable&quot;:false}\">\n\t\t\t\t\t<div class=\"e-con-inner\">\n\t\t\t\t<div class=\"elementor-element elementor-element-6b6945c elementor-widget elementor-widget-heading\" data-id=\"6b6945c\" data-element_type=\"widget\" data-widget_type=\"heading.default\">\n\t\t\t\t<div class=\"elementor-widget-container\">\n\t\t\t\t\t<h2 class=\"elementor-heading-title elementor-size-default\">\u00bfQuieres ser parte de nuestro equipo?<\/h2>\t\t\t\t<\/div>\n\t\t\t\t<\/div>\n\t\t\t\t<div class=\"elementor-element elementor-element-ed6fce8 elementor-widget elementor-widget-text-editor\" data-id=\"ed6fce8\" data-element_type=\"widget\" data-widget_type=\"text-editor.default\">\n\t\t\t\t<div class=\"elementor-widget-container\">\n\t\t\t\t\t\t\t\t\t<p><span data-offset-key=\"3ia8m-0-0\">esta en <\/span><span class=\"jss8517 TEXT_64b69bb3613a191ef52c6c84\"><span data-offset-key=\"3ia8m-1-0\">buscar<\/span><\/span><span data-offset-key=\"3ia8m-2-0\"> de un <\/span><span class=\"jss8517 TEXT_64b69bb3613a191ef52c6c84\"><span data-offset-key=\"3ia8m-3-0\">carrera<\/span><\/span><span data-offset-key=\"3ia8m-4-0\"> nodo <\/span><span class=\"jss8517 TEXT_64b69bb3613a191ef52c6c84\"><span data-offset-key=\"3ia8m-5-0\">segmento<\/span><\/span><span data-offset-key=\"3ia8m-6-0\"> de <\/span><span class=\"jss8517 TEXT_64b69bb3613a191ef52c6c84\"><span data-offset-key=\"3ia8m-7-0\">tecnolog\u00eda<\/span><\/span><span data-offset-key=\"3ia8m-8-0\"> \u00bfindustrial? Ven y marca la diferencia en el desarrollo de soluciones innovadoras con <\/span><span class=\"jss8517 TEXT_64b69bb3613a1906f82c6c85\"><span data-offset-key=\"3ia8m-9-0\">a nosotros<\/span><\/span><span data-offset-key=\"3ia8m-10-0\">. \u00danase a nosotros y emb\u00e1rquese en un viaje de crecimiento profesional y oportunidades exitosas.<\/span><\/p>\t\t\t\t\t\t\t\t<\/div>\n\t\t\t\t<\/div>\n\t\t\t\t<div class=\"elementor-element elementor-element-66ba35f elementor-align-left elementor-widget elementor-widget-button\" data-id=\"66ba35f\" data-element_type=\"widget\" data-widget_type=\"button.default\">\n\t\t\t\t<div class=\"elementor-widget-container\">\n\t\t\t\t\t\t\t\t\t<div class=\"elementor-button-wrapper\">\n\t\t\t\t\t<a class=\"elementor-button elementor-button-link elementor-size-md\" href=\"https:\/\/platform.senior.com.br\/hcmrs\/hcm\/curriculo\/?tenant=fastindustriacombr&#038;tenantdomain=fastindustria.com.br#!\/vacancies\/list\">\n\t\t\t\t\t\t<span class=\"elementor-button-content-wrapper\">\n\t\t\t\t\t\t\t\t\t<span class=\"elementor-button-text\">Nuestras vacantes<\/span>\n\t\t\t\t\t<\/span>\n\t\t\t\t\t<\/a>\n\t\t\t\t<\/div>\n\t\t\t\t\t\t\t\t<\/div>\n\t\t\t\t<\/div>\n\t\t\t\t<div class=\"elementor-element elementor-element-a712814 elementor-align-left elementor-widget elementor-widget-button\" data-id=\"a712814\" data-element_type=\"widget\" data-widget_type=\"button.default\">\n\t\t\t\t<div class=\"elementor-widget-container\">\n\t\t\t\t\t\t\t\t\t<div class=\"elementor-button-wrapper\">\n\t\t\t\t\t<a class=\"elementor-button elementor-button-link elementor-size-md\" href=\"https:\/\/platform.senior.com.br\/hcmrs\/hcm\/curriculo\/?tenant=fastindustriacombr&#038;tenantdomain=fastindustria.com.br#!\/login\/signup\">\n\t\t\t\t\t\t<span class=\"elementor-button-content-wrapper\">\n\t\t\t\t\t\t\t\t\t<span class=\"elementor-button-text\">Accede al Portal del Candidato<\/span>\n\t\t\t\t\t<\/span>\n\t\t\t\t\t<\/a>\n\t\t\t\t<\/div>\n\t\t\t\t\t\t\t\t<\/div>\n\t\t\t\t<\/div>\n\t\t\t\t\t<\/div>\n\t\t\t\t<\/div>\n\t\t\t\t<\/div>\n\t\t<div class=\"elementor-element elementor-element-d9d0e90 e-con-full e-flex e-con e-child\" data-id=\"d9d0e90\" data-element_type=\"container\" data-settings=\"{&quot;background_background&quot;:&quot;classic&quot;,&quot;_ha_eqh_enable&quot;:false}\">\n\t\t\t\t<\/div>\n\t\t\t\t\t<\/div>\n\t\t\t\t<\/div>\n\t\t<div class=\"elementor-element elementor-element-0437265 e-flex e-con-boxed e-con e-parent\" data-id=\"0437265\" data-element_type=\"container\" data-settings=\"{&quot;_ha_eqh_enable&quot;:false}\">\n\t\t\t\t\t<div class=\"e-con-inner\">\n\t\t\t\t<div class=\"elementor-element elementor-element-170347a elementor-widget elementor-widget-heading\" data-id=\"170347a\" data-element_type=\"widget\" data-widget_type=\"heading.default\">\n\t\t\t\t<div class=\"elementor-widget-container\">\n\t\t\t\t\t<h2 class=\"elementor-heading-title elementor-size-default\">Descubra nuestro proceso de selecci\u00f3n<\/h2>\t\t\t\t<\/div>\n\t\t\t\t<\/div>\n\t\t\t\t<div class=\"elementor-element elementor-element-1e1052e elementor-widget elementor-widget-ha-horizontal-timeline happy-addon ha-horizontal-timeline\" data-id=\"1e1052e\" data-element_type=\"widget\" data-settings=\"{&quot;slides_to_show&quot;:&quot;3&quot;,&quot;slides_to_show_mobile&quot;:&quot;1&quot;,&quot;animation_speed&quot;:800,&quot;loop&quot;:&quot;yes&quot;,&quot;slides_to_show_tablet&quot;:3}\" data-widget_type=\"ha-horizontal-timeline.default\">\n\t\t\t\t<div class=\"elementor-widget-container\">\n\t\t\t\t\t\t\t<div class=\"ha-horizontal-timeline-wrapper ha-carousel\">\n\n\t\t\t\t\t\t\t<div class=\"ha-horizontal-timeline-block elementor-repeater-item-d183409\">\n\t\t\t\t\t<div class=\"ha-horizontal-timeline-icon-box\">\n\n\t\t\t\t\t\t<span class=\"ha-horizontal-timeline-date\"><\/span>\n\n\t\t\t\t\t\t<div class=\"ha-horizontal-timeline-top-inner\">\n\t\t\t\t\t\t\t\t\t\t\t\t\t\t\t<div class=\"ha-horizontal-timeline-icon\">\n\t\t\t\t\t\t\t\t\t<i aria-hidden=\"true\" class=\"far fa-clipboard\"><\/i>\t\t\t\t\t\t\t\t<\/div>\n\t\t\t\t\t\t\t\t\t\t\t\t\t\t<div class=\"ha-horizontal-timeline-tree\"><\/div>\n\t\t\t\t\t\t<\/div>\n\t\t\t\t\t<\/div>\n\n\t\t\t\t\t<div class=\"ha-horizontal-timeline-content\">\n\n\t\t\t\t\t\t\t\t\t\t\t\t\t<div class=\"ha-horizontal-timeline-arrow\"><\/div>\n\t\t\t\t\t\t\n\t\t\t\t\t\t<div class=\"ha-horizontal-timeline-inner\">\n\t\t\t\t\t\t\t\n\t\t\t\t\t\t\t<h2 class=\"ha-horizontal-timeline-title\">Registro<\/h2>\n\t\t\t\t\t\t\t\t\t\t\t\t\t\t\t<span class=\"ha-horizontal-timeline-subtitle\">Reg\u00edstrate o actualiza tu CV en la web. Para hacerlo m\u00e1s f\u00e1cil, puedes utilizar tu perfil de Linkedin.<\/span>\n\t\t\t\t\t\t\t\n\t\t\t\t\t\t\t\t\t\t\t\t\t<\/div>\n\t\t\t\t\t<\/div>\n\t\t\t\t<\/div>\n\n\t\t\t\t\t\t\t<div class=\"ha-horizontal-timeline-block elementor-repeater-item-a49fc6d\">\n\t\t\t\t\t<div class=\"ha-horizontal-timeline-icon-box\">\n\n\t\t\t\t\t\t<span class=\"ha-horizontal-timeline-date\"><\/span>\n\n\t\t\t\t\t\t<div class=\"ha-horizontal-timeline-top-inner\">\n\t\t\t\t\t\t\t\t\t\t\t\t\t\t\t<div class=\"ha-horizontal-timeline-icon\">\n\t\t\t\t\t\t\t\t\t<i aria-hidden=\"true\" class=\"fas fa-envelope\"><\/i>\t\t\t\t\t\t\t\t<\/div>\n\t\t\t\t\t\t\t\t\t\t\t\t\t\t<div class=\"ha-horizontal-timeline-tree\"><\/div>\n\t\t\t\t\t\t<\/div>\n\t\t\t\t\t<\/div>\n\n\t\t\t\t\t<div class=\"ha-horizontal-timeline-content\">\n\n\t\t\t\t\t\t\t\t\t\t\t\t\t<div class=\"ha-horizontal-timeline-arrow\"><\/div>\n\t\t\t\t\t\t\n\t\t\t\t\t\t<div class=\"ha-horizontal-timeline-inner\">\n\t\t\t\t\t\t\t\n\t\t\t\t\t\t\t<h2 class=\"ha-horizontal-timeline-title\">Contacto<\/h2>\n\t\t\t\t\t\t\t\t\t\t\t\t\t\t\t<span class=\"ha-horizontal-timeline-subtitle\">Si tu perfil coincide con la vacante, nuestro equipo se pondr\u00e1 en contacto contigo. En caso contrario, tu CV permanece en nuestra base de datos y ser\u00e1 evaluado cada vez que surja una nueva oportunidad.<\/span>\n\t\t\t\t\t\t\t\n\t\t\t\t\t\t\t\t\t\t\t\t\t<\/div>\n\t\t\t\t\t<\/div>\n\t\t\t\t<\/div>\n\n\t\t\t\t\t\t\t<div class=\"ha-horizontal-timeline-block elementor-repeater-item-0995dcf\">\n\t\t\t\t\t<div class=\"ha-horizontal-timeline-icon-box\">\n\n\t\t\t\t\t\t<span class=\"ha-horizontal-timeline-date\"><\/span>\n\n\t\t\t\t\t\t<div class=\"ha-horizontal-timeline-top-inner\">\n\t\t\t\t\t\t\t\t\t\t\t\t\t\t\t<div class=\"ha-horizontal-timeline-icon\">\n\t\t\t\t\t\t\t\t\t<i aria-hidden=\"true\" class=\"fas fa-users\"><\/i>\t\t\t\t\t\t\t\t<\/div>\n\t\t\t\t\t\t\t\t\t\t\t\t\t\t<div class=\"ha-horizontal-timeline-tree\"><\/div>\n\t\t\t\t\t\t<\/div>\n\t\t\t\t\t<\/div>\n\n\t\t\t\t\t<div class=\"ha-horizontal-timeline-content\">\n\n\t\t\t\t\t\t\t\t\t\t\t\t\t<div class=\"ha-horizontal-timeline-arrow\"><\/div>\n\t\t\t\t\t\t\n\t\t\t\t\t\t<div class=\"ha-horizontal-timeline-inner\">\n\t\t\t\t\t\t\t\n\t\t\t\t\t\t\t<h2 class=\"ha-horizontal-timeline-title\">Selecci\u00f3n<\/h2>\n\t\t\t\t\t\t\t\t\t\t\t\t\t\t\t<span class=\"ha-horizontal-timeline-subtitle\">Ha llegado el momento de conocernos mejor. Algunas oportunidades tienen m\u00e1s de una fase, pero ser\u00e1s informado durante todo el proceso.<\/span>\n\t\t\t\t\t\t\t\n\t\t\t\t\t\t\t\t\t\t\t\t\t<\/div>\n\t\t\t\t\t<\/div>\n\t\t\t\t<\/div>\n\n\t\t\t\t\t\t\t<div class=\"ha-horizontal-timeline-block elementor-repeater-item-99c8ce6\">\n\t\t\t\t\t<div class=\"ha-horizontal-timeline-icon-box\">\n\n\t\t\t\t\t\t<span class=\"ha-horizontal-timeline-date\"><\/span>\n\n\t\t\t\t\t\t<div class=\"ha-horizontal-timeline-top-inner\">\n\t\t\t\t\t\t\t\t\t\t\t\t\t\t\t<div class=\"ha-horizontal-timeline-icon\">\n\t\t\t\t\t\t\t\t\t<i aria-hidden=\"true\" class=\"fas fa-exclamation-circle\"><\/i>\t\t\t\t\t\t\t\t<\/div>\n\t\t\t\t\t\t\t\t\t\t\t\t\t\t<div class=\"ha-horizontal-timeline-tree\"><\/div>\n\t\t\t\t\t\t<\/div>\n\t\t\t\t\t<\/div>\n\n\t\t\t\t\t<div class=\"ha-horizontal-timeline-content\">\n\n\t\t\t\t\t\t\t\t\t\t\t\t\t<div class=\"ha-horizontal-timeline-arrow\"><\/div>\n\t\t\t\t\t\t\n\t\t\t\t\t\t<div class=\"ha-horizontal-timeline-inner\">\n\t\t\t\t\t\t\t\n\t\t\t\t\t\t\t<h2 class=\"ha-horizontal-timeline-title\">Devolver<\/h2>\n\t\t\t\t\t\t\t\t\t\t\t\t\t\t\t<span class=\"ha-horizontal-timeline-subtitle\">Todos los candidatos seleccionados recibir\u00e1n comentarios de nuestro equipo de reclutamiento, haciendo que el proceso sea lo m\u00e1s transparente posible.<\/span>\n\t\t\t\t\t\t\t\n\t\t\t\t\t\t\t\t\t\t\t\t\t<\/div>\n\t\t\t\t\t<\/div>\n\t\t\t\t<\/div>\n\n\t\t\t\t\t\t\t<div class=\"ha-horizontal-timeline-block elementor-repeater-item-3b15b1f\">\n\t\t\t\t\t<div class=\"ha-horizontal-timeline-icon-box\">\n\n\t\t\t\t\t\t<span class=\"ha-horizontal-timeline-date\"><\/span>\n\n\t\t\t\t\t\t<div class=\"ha-horizontal-timeline-top-inner\">\n\t\t\t\t\t\t\t\t\t\t\t\t\t\t\t<div class=\"ha-horizontal-timeline-icon\">\n\t\t\t\t\t\t\t\t\t<i aria-hidden=\"true\" class=\"fas fa-check-circle\"><\/i>\t\t\t\t\t\t\t\t<\/div>\n\t\t\t\t\t\t\t\t\t\t\t\t\t\t<div class=\"ha-horizontal-timeline-tree\"><\/div>\n\t\t\t\t\t\t<\/div>\n\t\t\t\t\t<\/div>\n\n\t\t\t\t\t<div class=\"ha-horizontal-timeline-content\">\n\n\t\t\t\t\t\t\t\t\t\t\t\t\t<div class=\"ha-horizontal-timeline-arrow\"><\/div>\n\t\t\t\t\t\t\n\t\t\t\t\t\t<div class=\"ha-horizontal-timeline-inner\">\n\t\t\t\t\t\t\t\n\t\t\t\t\t\t\t<h2 class=\"ha-horizontal-timeline-title\">Aprobado<\/h2>\n\t\t\t\t\t\t\t\t\t\t\t\t\t\t\t<span class=\"ha-horizontal-timeline-subtitle\">\u00a1Bienvenido! Ahora eres parte de Fast, una empresa impulsada por relaciones duraderas, siempre enfocada en las personas, los procesos y las tecnolog\u00edas.<\/span>\n\t\t\t\t\t\t\t\n\t\t\t\t\t\t\t\t\t\t\t\t\t<\/div>\n\t\t\t\t\t<\/div>\n\t\t\t\t<\/div>\n\n\t\t\t\n\t\t<\/div>\n\n\t\t\t\t\t<button type=\"button\" class=\"slick-prev\"><i aria-hidden=\"true\" class=\"fas fa-chevron-left\"><\/i><\/button>\n\t\t\n\t\t\t\t\t<button type=\"button\" class=\"slick-next\"><i aria-hidden=\"true\" class=\"fas fa-chevron-right\"><\/i><\/button>\n\t\t\n\t\t\t\t\t\t<\/div>\n\t\t\t\t<\/div>\n\t\t\t\t\t<\/div>\n\t\t\t\t<\/div>\n\t\t<div class=\"elementor-element elementor-element-80c07f8 e-flex e-con-boxed e-con e-parent\" data-id=\"80c07f8\" data-element_type=\"container\" data-settings=\"{&quot;_ha_eqh_enable&quot;:false}\">\n\t\t\t\t\t<div class=\"e-con-inner\">\n\t\t\t\t<div class=\"elementor-element elementor-element-8f1d5d8 elementor-widget elementor-widget-heading\" data-id=\"8f1d5d8\" data-element_type=\"widget\" data-widget_type=\"heading.default\">\n\t\t\t\t<div class=\"elementor-widget-container\">\n\t\t\t\t\t<h2 class=\"elementor-heading-title elementor-size-default\">Programas y beneficios<\/h2>\t\t\t\t<\/div>\n\t\t\t\t<\/div>\n\t\t\t\t<div class=\"elementor-element elementor-element-9810612 ha-infobox-media-dir-left elementor-widget elementor-widget-ha-infobox happy-addon ha-infobox\" data-id=\"9810612\" data-element_type=\"widget\" data-widget_type=\"ha-infobox.default\">\n\t\t\t\t<div class=\"elementor-widget-container\">\n\t\t\t\t\t\n\t\t\t\t\t<figure class=\"ha-infobox-figure ha-infobox-figure--image\">\n\t\t\t\t<img decoding=\"async\" width=\"54\" height=\"54\" src=\"https:\/\/fastindustria.com.br\/wp-content\/uploads\/2023\/07\/Frame-40.svg\" class=\"elementor-animation-disable-animation attachment-full size-full wp-image-3402\" alt=\"\" \/>\t\t\t<\/figure>\n\t\t\n\t\t<div class=\"ha-infobox-body\">\n\t\t\t<h2 class=\"ha-infobox-title\">Seguro de vida<\/h2>\n\t\t\t\t\t\t\t<div class=\"ha-infobox-text\">\n\t\t\t\t\t<p>Contamos con seguros de vida colectivos con el fin de brindar asistencia, apoyo y protecci\u00f3n, asistiendo a nuestros empleados y sus familias cuando sea necesario.<\/p>\n\t\t\t\t<\/div>\n\t\t\t\n\t\t\t\t\t<\/div>\n\t\t\t\t\t\t<\/div>\n\t\t\t\t<\/div>\n\t\t\t\t<div class=\"elementor-element elementor-element-eb02adf ha-infobox-media-dir-left elementor-widget elementor-widget-ha-infobox happy-addon ha-infobox\" data-id=\"eb02adf\" data-element_type=\"widget\" data-widget_type=\"ha-infobox.default\">\n\t\t\t\t<div class=\"elementor-widget-container\">\n\t\t\t\t\t\n\t\t\t\t\t<figure class=\"ha-infobox-figure ha-infobox-figure--image\">\n\t\t\t\t<img decoding=\"async\" width=\"54\" height=\"54\" src=\"https:\/\/fastindustria.com.br\/wp-content\/uploads\/2023\/07\/programas-e-beneficios_vale-alimentacao.png\" class=\"elementor-animation-disable-animation attachment-medium_large size-medium_large wp-image-3943\" alt=\"\" \/>\t\t\t<\/figure>\n\t\t\n\t\t<div class=\"ha-infobox-body\">\n\t\t\t<h2 class=\"ha-infobox-title\">Bono de comida<\/h2>\n\t\t\t\t\t\t\t<div class=\"ha-infobox-text\">\n\t\t\t\t\t<p>Proporcionamos vales de alimentaci\u00f3n, permitiendo a nuestros empleados realizar compras en establecimientos acreditados.<\/p>\n\t\t\t\t<\/div>\n\t\t\t\n\t\t\t\t\t<\/div>\n\t\t\t\t\t\t<\/div>\n\t\t\t\t<\/div>\n\t\t\t\t<div class=\"elementor-element elementor-element-96ac27c ha-infobox-media-dir-left elementor-widget elementor-widget-ha-infobox happy-addon ha-infobox\" data-id=\"96ac27c\" data-element_type=\"widget\" data-widget_type=\"ha-infobox.default\">\n\t\t\t\t<div class=\"elementor-widget-container\">\n\t\t\t\t\t\n\t\t\t\t\t<figure class=\"ha-infobox-figure ha-infobox-figure--image\">\n\t\t\t\t<img decoding=\"async\" width=\"54\" height=\"54\" src=\"https:\/\/fastindustria.com.br\/wp-content\/uploads\/2023\/07\/programas-e-beneficios_planodesaude.png\" class=\"elementor-animation-disable-animation attachment-medium_large size-medium_large wp-image-3970\" alt=\"\" \/>\t\t\t<\/figure>\n\t\t\n\t\t<div class=\"ha-infobox-body\">\n\t\t\t<h2 class=\"ha-infobox-title\">plan de salud<\/h2>\n\t\t\t\t\t\t\t<div class=\"ha-infobox-text\">\n\t\t\t\t\t<p>En nuestra Casa Matriz y Sucursal contamos con una alianza con Unimed, beneficiando a los empleados y dependientes directos (c\u00f3nyuge, hijo e hijastro).<\/p>\n\t\t\t\t<\/div>\n\t\t\t\n\t\t\t\t\t<\/div>\n\t\t\t\t\t\t<\/div>\n\t\t\t\t<\/div>\n\t\t\t\t<div class=\"elementor-element elementor-element-7b1b080 ha-infobox-media-dir-left elementor-widget elementor-widget-ha-infobox happy-addon ha-infobox\" data-id=\"7b1b080\" data-element_type=\"widget\" data-widget_type=\"ha-infobox.default\">\n\t\t\t\t<div class=\"elementor-widget-container\">\n\t\t\t\t\t\n\t\t\t\t\t<figure class=\"ha-infobox-figure ha-infobox-figure--image\">\n\t\t\t\t<img decoding=\"async\" width=\"54\" height=\"54\" src=\"https:\/\/fastindustria.com.br\/wp-content\/uploads\/2023\/07\/programas-e-beneficios_vale-alimentacao.png\" class=\"elementor-animation-disable-animation attachment-medium_large size-medium_large wp-image-3943\" alt=\"\" \/>\t\t\t<\/figure>\n\t\t\n\t\t<div class=\"ha-infobox-body\">\n\t\t\t<h2 class=\"ha-infobox-title\">Bienestar r\u00e1pido<\/h2>\n\t\t\t\t\t\t\t<div class=\"ha-infobox-text\">\n\t\t\t\t\t<p>Con el objetivo de una mejor calidad de vida f\u00edsica y mental, contamos con la colaboraci\u00f3n de diversos profesionales e instituciones, como gimnasios, masoterapia, yoga, pilates, fisioterapia, nutrici\u00f3n, psic\u00f3logos, m\u00e9dicos biom\u00e9dicos y esteticistas.\n<\/p>\n\t\t\t\t<\/div>\n\t\t\t\n\t\t\t\t\t<\/div>\n\t\t\t\t\t\t<\/div>\n\t\t\t\t<\/div>\n\t\t\t\t<div class=\"elementor-element elementor-element-b29116b ha-infobox-media-dir-left elementor-widget elementor-widget-ha-infobox happy-addon ha-infobox\" data-id=\"b29116b\" data-element_type=\"widget\" data-widget_type=\"ha-infobox.default\">\n\t\t\t\t<div class=\"elementor-widget-container\">\n\t\t\t\t\t\n\t\t\t\t\t<figure class=\"ha-infobox-figure ha-infobox-figure--image\">\n\t\t\t\t<img loading=\"lazy\" decoding=\"async\" width=\"54\" height=\"54\" src=\"https:\/\/fastindustria.com.br\/wp-content\/uploads\/2023\/07\/programas-e-beneficios_fastteca.png\" class=\"elementor-animation-disable-animation attachment-medium_large size-medium_large wp-image-3979\" alt=\"\" \/>\t\t\t<\/figure>\n\t\t\n\t\t<div class=\"ha-infobox-body\">\n\t\t\t<h2 class=\"ha-infobox-title\">FastTeca<\/h2>\n\t\t\t\t\t\t\t<div class=\"ha-infobox-text\">\n\t\t\t\t\t<p>Buscando incentivar la lectura, nuestra FastTeca es la biblioteca itinerante a la que los empleados tienen acceso para tomar prestados libros de los m\u00e1s variados g\u00e9neros y categor\u00edas.\n<\/p>\n\t\t\t\t<\/div>\n\t\t\t\n\t\t\t\t\t<\/div>\n\t\t\t\t\t\t<\/div>\n\t\t\t\t<\/div>\n\t\t\t\t<div class=\"elementor-element elementor-element-60047d5 ha-infobox-media-dir-left elementor-widget elementor-widget-ha-infobox happy-addon ha-infobox\" data-id=\"60047d5\" data-element_type=\"widget\" data-widget_type=\"ha-infobox.default\">\n\t\t\t\t<div class=\"elementor-widget-container\">\n\t\t\t\t\t\n\t\t\t\t\t<figure class=\"ha-infobox-figure ha-infobox-figure--image\">\n\t\t\t\t<img loading=\"lazy\" decoding=\"async\" width=\"54\" height=\"54\" src=\"https:\/\/fastindustria.com.br\/wp-content\/uploads\/2023\/07\/programas-e-beneficios_dayoff.png\" class=\"elementor-animation-disable-animation attachment-medium_large size-medium_large wp-image-3980\" alt=\"\" \/>\t\t\t<\/figure>\n\t\t\n\t\t<div class=\"ha-infobox-body\">\n\t\t\t<h2 class=\"ha-infobox-title\">D\u00eda de descanso<\/h2>\n\t\t\t\t\t\t\t<div class=\"ha-infobox-text\">\n\t\t\t\t\t<p>Todo empleado tiene derecho a tomarse un d\u00eda libre en el mes de su cumplea\u00f1os para disfrutar del d\u00eda como desee.<\/p>\n\t\t\t\t<\/div>\n\t\t\t\n\t\t\t\t\t<\/div>\n\t\t\t\t\t\t<\/div>\n\t\t\t\t<\/div>\n\t\t\t\t<div class=\"elementor-element elementor-element-f81fea5 ha-infobox-media-dir-left elementor-widget elementor-widget-ha-infobox happy-addon ha-infobox\" data-id=\"f81fea5\" data-element_type=\"widget\" data-widget_type=\"ha-infobox.default\">\n\t\t\t\t<div class=\"elementor-widget-container\">\n\t\t\t\t\t\n\t\t\t\t\t<figure class=\"ha-infobox-figure ha-infobox-figure--image\">\n\t\t\t\t<img loading=\"lazy\" decoding=\"async\" width=\"54\" height=\"54\" src=\"https:\/\/fastindustria.com.br\/wp-content\/uploads\/2023\/07\/programas-e-beneficios_Programa-de-Talentos.png\" class=\"elementor-animation-disable-animation attachment-medium_large size-medium_large wp-image-3981\" alt=\"\" \/>\t\t\t<\/figure>\n\t\t\n\t\t<div class=\"ha-infobox-body\">\n\t\t\t<h2 class=\"ha-infobox-title\">Programa de Talento<\/h2>\n\t\t\t\t\t\t\t<div class=\"ha-infobox-text\">\n\t\t\t\t\t<p>Buscamos desarrollar personas para asumir roles estrat\u00e9gicos y de liderazgo, reteniendo y valorando a los empleados.\n<\/p>\n\t\t\t\t<\/div>\n\t\t\t\n\t\t\t\t\t<\/div>\n\t\t\t\t\t\t<\/div>\n\t\t\t\t<\/div>\n\t\t\t\t<div class=\"elementor-element elementor-element-ea7f44e ha-infobox-media-dir-left elementor-widget elementor-widget-ha-infobox happy-addon ha-infobox\" data-id=\"ea7f44e\" data-element_type=\"widget\" data-widget_type=\"ha-infobox.default\">\n\t\t\t\t<div class=\"elementor-widget-container\">\n\t\t\t\t\t\n\t\t\t\t\t<figure class=\"ha-infobox-figure ha-infobox-figure--image\">\n\t\t\t\t<img loading=\"lazy\" decoding=\"async\" width=\"54\" height=\"54\" src=\"https:\/\/fastindustria.com.br\/wp-content\/uploads\/2023\/07\/programas-e-beneficios_incentivo-a-educacao.png\" class=\"elementor-animation-disable-animation attachment-medium_large size-medium_large wp-image-4002\" alt=\"\" \/>\t\t\t<\/figure>\n\t\t\n\t\t<div class=\"ha-infobox-body\">\n\t\t\t<h2 class=\"ha-infobox-title\">Fomentar la educaci\u00f3n<\/h2>\n\t\t\t\t\t\t\t<div class=\"ha-infobox-text\">\n\t\t\t\t\t<p>Para incentivar a nuestros empleados a calificar, tenemos alianzas con varias instituciones educativas que ofrecen descuentos en cursos t\u00e9cnicos, de pregrado, posgrado y de idiomas.<\/p>\n\t\t\t\t<\/div>\n\t\t\t\n\t\t\t\t\t<\/div>\n\t\t\t\t\t\t<\/div>\n\t\t\t\t<\/div>\n\t\t\t\t<div class=\"elementor-element elementor-element-7e4fd6d ha-infobox-media-dir-left elementor-widget elementor-widget-ha-infobox happy-addon ha-infobox\" data-id=\"7e4fd6d\" data-element_type=\"widget\" data-widget_type=\"ha-infobox.default\">\n\t\t\t\t<div class=\"elementor-widget-container\">\n\t\t\t\t\t\n\t\t\t\t\t<figure class=\"ha-infobox-figure ha-infobox-figure--image\">\n\t\t\t\t<img loading=\"lazy\" decoding=\"async\" width=\"54\" height=\"54\" src=\"https:\/\/fastindustria.com.br\/wp-content\/uploads\/2023\/07\/programas-e-beneficios_Conexao-Fast.png\" class=\"elementor-animation-disable-animation attachment-medium_large size-medium_large wp-image-3983\" alt=\"\" \/>\t\t\t<\/figure>\n\t\t\n\t\t<div class=\"ha-infobox-body\">\n\t\t\t<h2 class=\"ha-infobox-title\">Conexi\u00f3n r\u00e1pida<\/h2>\n\t\t\t\t\t\t\t<div class=\"ha-infobox-text\">\n\t\t\t\t\t<p>Este programa tiene como objetivo mejorar la comprensi\u00f3n de las actividades y responsabilidades de cada sector dentro de la empresa, brindando una oportunidad al empleado de sumergirse en el d\u00eda a d\u00eda de otra \u00e1rea que sea de su inter\u00e9s. De esta forma mejoramos la comunicaci\u00f3n y la empat\u00eda entre las \u00e1reas involucradas.<\/p>\n\t\t\t\t<\/div>\n\t\t\t\n\t\t\t\t\t<\/div>\n\t\t\t\t\t\t<\/div>\n\t\t\t\t<\/div>\n\t\t\t\t\t<\/div>\n\t\t\t\t<\/div>\n\t\t\t\t<\/div>","protected":false},"excerpt":{"rendered":"<p>Quer fazer parte do nosso time? Est\u00e1 em busca de uma carreira no segmento de tecnologia industrial? Venha fazer a diferen\u00e7a no desenvolvimento de solu\u00e7\u00f5es inovadoras com a gente. Junte-se a n\u00f3s e embarque em uma jornada de crescimento profissional e de oportunidades de sucesso. Nossas Vagas Acesse Portal do Candidato Conhe\u00e7a nosso processo de [&hellip;]<\/p>","protected":false},"author":1,"featured_media":0,"parent":0,"menu_order":1,"comment_status":"closed","ping_status":"closed","template":"","meta":{"arquivo_cliente":"","_joinchat":[],"footnotes":""},"class_list":["post-13642","page","type-page","status-publish","hentry"],"acf":[],"_hostinger_reach_plugin_has_subscription_block":false,"_hostinger_reach_plugin_is_elementor":false,"_links":{"self":[{"href":"https:\/\/fastindustria.com.br\/es\/wp-json\/wp\/v2\/pages\/13642","targetHints":{"allow":["GET"]}}],"collection":[{"href":"https:\/\/fastindustria.com.br\/es\/wp-json\/wp\/v2\/pages"}],"about":[{"href":"https:\/\/fastindustria.com.br\/es\/wp-json\/wp\/v2\/types\/page"}],"author":[{"embeddable":true,"href":"https:\/\/fastindustria.com.br\/es\/wp-json\/wp\/v2\/users\/1"}],"replies":[{"embeddable":true,"href":"https:\/\/fastindustria.com.br\/es\/wp-json\/wp\/v2\/comments?post=13642"}],"version-history":[{"count":23,"href":"https:\/\/fastindustria.com.br\/es\/wp-json\/wp\/v2\/pages\/13642\/revisions"}],"predecessor-version":[{"id":13935,"href":"https:\/\/fastindustria.com.br\/es\/wp-json\/wp\/v2\/pages\/13642\/revisions\/13935"}],"wp:attachment":[{"href":"https:\/\/fastindustria.com.br\/es\/wp-json\/wp\/v2\/media?parent=13642"}],"curies":[{"name":"wp","href":"https:\/\/api.w.org\/{rel}","templated":true}]}}