{"id":3451,"date":"2023-07-06T17:53:23","date_gmt":"2023-07-06T20:53:23","guid":{"rendered":"https:\/\/fastindustria.com.br\/?post_type=product&#038;p=3451"},"modified":"2023-07-12T14:10:39","modified_gmt":"2023-07-12T17:10:39","slug":"espessador","status":"publish","type":"product","link":"https:\/\/fastindustria.com.br\/en\/product\/espessador\/","title":{"rendered":"Thickener"},"content":{"rendered":"<p>The high-impact thickeners for ore beneficiation developed by Fast act in the solid\/liquid separation process, a stage that prepares the sludge for effluent treatment, the water for the process or even the waste for drainage in a more efficient and effective way. Made of stainless steel, the Fast High Impact Thickener has a tank shape with a conical bottom and a drain valve.<\/p>\n<p><strong>Advantages <\/strong><\/p>\n<ul>\n<li>100% national manufacture;<\/li>\n<li>Localized technical assistance;<\/li>\n<li>Complete project, with dimensioning, design, manufacturing, assembly, installation and pre-operation with our own team and structure;<\/li>\n<li>It operates with automatic system control, with a specific analog level sensor for detecting the decanted sludge blanket, which allows the system to use the measured sludge level data to act on the bottom drainage valve.<\/li>\n<\/ul>","protected":false},"excerpt":{"rendered":"<p>Os espessadores de alto impacto para o beneficiamento de min\u00e9rio desenvolvidos pela Fast atuam no processo de separa\u00e7\u00e3o s\u00f3lido\/l\u00edquido, etapa que prepara o lodo para o tratamento de efluentes, a \u00e1gua para o processo ou mesmo o rejeito para o des\u00e1gue de forma mais eficiente e eficaz. Fabricados em a\u00e7o inox, o Espessador de Alto [&hellip;]<\/p>","protected":false},"featured_media":2928,"comment_status":"open","ping_status":"closed","template":"","meta":{"arquivo_cliente":"","_joinchat":[]},"product_brand":[],"product_cat":[32],"product_tag":[],"class_list":{"0":"post-3451","1":"product","2":"type-product","3":"status-publish","4":"has-post-thumbnail","6":"product_cat-mineracao","8":"first","9":"instock","10":"shipping-taxable","11":"product-type-simple"},"acf":[],"_links":{"self":[{"href":"https:\/\/fastindustria.com.br\/en\/wp-json\/wp\/v2\/product\/3451","targetHints":{"allow":["GET"]}}],"collection":[{"href":"https:\/\/fastindustria.com.br\/en\/wp-json\/wp\/v2\/product"}],"about":[{"href":"https:\/\/fastindustria.com.br\/en\/wp-json\/wp\/v2\/types\/product"}],"replies":[{"embeddable":true,"href":"https:\/\/fastindustria.com.br\/en\/wp-json\/wp\/v2\/comments?post=3451"}],"version-history":[{"count":1,"href":"https:\/\/fastindustria.com.br\/en\/wp-json\/wp\/v2\/product\/3451\/revisions"}],"predecessor-version":[{"id":3452,"href":"https:\/\/fastindustria.com.br\/en\/wp-json\/wp\/v2\/product\/3451\/revisions\/3452"}],"wp:featuredmedia":[{"embeddable":true,"href":"https:\/\/fastindustria.com.br\/en\/wp-json\/wp\/v2\/media\/2928"}],"wp:attachment":[{"href":"https:\/\/fastindustria.com.br\/en\/wp-json\/wp\/v2\/media?parent=3451"}],"wp:term":[{"taxonomy":"product_brand","embeddable":true,"href":"https:\/\/fastindustria.com.br\/en\/wp-json\/wp\/v2\/product_brand?post=3451"},{"taxonomy":"product_cat","embeddable":true,"href":"https:\/\/fastindustria.com.br\/en\/wp-json\/wp\/v2\/product_cat?post=3451"},{"taxonomy":"product_tag","embeddable":true,"href":"https:\/\/fastindustria.com.br\/en\/wp-json\/wp\/v2\/product_tag?post=3451"}],"curies":[{"name":"wp","href":"https:\/\/api.w.org\/{rel}","templated":true}]}}