{"id":3449,"date":"2023-07-06T17:51:05","date_gmt":"2023-07-06T20:51:05","guid":{"rendered":"https:\/\/fastindustria.com.br\/?post_type=product&#038;p=3449"},"modified":"2023-07-17T16:28:39","modified_gmt":"2023-07-17T19:28:39","slug":"tanque-de-oleo-tanque-pulmao-e-tanque-de-homogeneizacao","status":"publish","type":"product","link":"https:\/\/fastindustria.com.br\/en\/product\/tanque-de-oleo-tanque-pulmao-e-tanque-de-homogeneizacao\/","title":{"rendered":"Oil Tank, Buffer Tank and Homogenization Tank"},"content":{"rendered":"<p><strong>OIL TANK AND BUFF TANK<\/strong><\/p>\n<div style=\"white-space: pre-wrap;\" data-draftjs-conductor-fragment=\"{&quot;blocks&quot;:[{&quot;key&quot;:&quot;2s9qv&quot;,&quot;text&quot;:&quot;Os tanques para armazenar \u00f3leo figuram em diversas fases do processo de clarifica\u00e7\u00e3o do \u00f3leo de palma. S\u00e3o fabricados de acordo com a necessidade do projeto de cada cliente, em material robusto e que n\u00e3o contamina o produto e cujo revestimento facilita a limpeza e manuten\u00e7\u00e3o.&quot;,&quot;type&quot;:&quot;unstyled&quot;,&quot;depth&quot;:0,&quot;inlineStyleRanges&quot;:[],&quot;entityRanges&quot;:[],&quot;data&quot;:{}},{&quot;key&quot;:&quot;bbjb1&quot;,&quot;text&quot;:&quot;O tanque de \u00f3leo cru ou tanque pulm\u00e3o recebe o \u00f3leo das prensas e \u00e9 bombeado para o desarenador. J\u00e1 o tanque de \u00f3leo limpo recebe o clarificado vindo do tridecanter centr\u00edfugo, armazena por pouco tempo para ser bombeado ao tanque de armazenamento de \u00f3leo.&quot;,&quot;type&quot;:&quot;unstyled&quot;,&quot;depth&quot;:0,&quot;inlineStyleRanges&quot;:[],&quot;entityRanges&quot;:[{&quot;offset&quot;:2,&quot;length&quot;:6,&quot;key&quot;:0},{&quot;offset&quot;:12,&quot;length&quot;:4,&quot;key&quot;:1},{&quot;offset&quot;:24,&quot;length&quot;:6,&quot;key&quot;:0},{&quot;offset&quot;:47,&quot;length&quot;:4,&quot;key&quot;:1},{&quot;offset&quot;:102,&quot;length&quot;:6,&quot;key&quot;:0},{&quot;offset&quot;:112,&quot;length&quot;:4,&quot;key&quot;:1},{&quot;offset&quot;:223,&quot;length&quot;:6,&quot;key&quot;:0},{&quot;offset&quot;:250,&quot;length&quot;:4,&quot;key&quot;:1}],&quot;data&quot;:{}}],&quot;entityMap&quot;:{&quot;0&quot;:{&quot;type&quot;:&quot;CORRECTION&quot;,&quot;mutability&quot;:&quot;MUTABLE&quot;,&quot;data&quot;:{&quot;id&quot;:&quot;USO_PALAVRAS_REPETIDAS&quot;,&quot;spans&quot;:[{&quot;offset&quot;:279,&quot;length&quot;:6,&quot;content&quot;:&quot;tanque&quot;,&quot;par&quot;:0},{&quot;offset&quot;:301,&quot;length&quot;:6,&quot;content&quot;:&quot;tanque&quot;,&quot;par&quot;:0},{&quot;offset&quot;:379,&quot;length&quot;:6,&quot;content&quot;:&quot;tanque&quot;,&quot;par&quot;:0},{&quot;offset&quot;:500,&quot;length&quot;:6,&quot;content&quot;:&quot;tanque&quot;,&quot;par&quot;:0}],&quot;par&quot;:0,&quot;score&quot;:{&quot;originalidade&quot;:3},&quot;_id&quot;:&quot;64b595c161cca7b17263a4bc&quot;,&quot;custom&quot;:{&quot;title&quot;:&quot;Palavras repetidas&quot;,&quot;feedback&quot;:&quot;Palavras repetidas deixam a leitura cansativa.&quot;,&quot;more&quot;:&quot;&lt;ul&gt; &lt;li&gt; &lt;p&gt; Procure usar sin\u00f4nimos ou reescrever a frase para evitar o uso de palavras repetidas. &lt;\/p&gt; &lt;p&gt; &lt;span style='color: red'&gt; Profissionais devem buscar o equil\u00edbrio na &lt;span style='text-decoration-Line: underline'&gt;vida profissional&lt;\/span&gt;. &lt;\/span&gt; &lt;\/p&gt; &lt;p&gt; &lt;span style='color: green'&gt; Profissionais devem buscar o equil\u00edbrio na &lt;span style='text-decoration-Line: underline'&gt;carreira&lt;\/span&gt;. &lt;\/span&gt; &lt;\/p&gt; &lt;\/li&gt; &lt;\/ul&gt;&quot;},&quot;hide&quot;:false,&quot;itemId&quot;:&quot;DEVIATION_USO_PALAVRAS_REPETIDAS_64b595c161cca7b17263a4bc&quot;}},&quot;1&quot;:{&quot;type&quot;:&quot;CORRECTION&quot;,&quot;mutability&quot;:&quot;MUTABLE&quot;,&quot;data&quot;:{&quot;id&quot;:&quot;USO_PALAVRAS_REPETIDAS&quot;,&quot;spans&quot;:[{&quot;offset&quot;:289,&quot;length&quot;:4,&quot;content&quot;:&quot;\u00f3leo&quot;,&quot;par&quot;:0},{&quot;offset&quot;:324,&quot;length&quot;:4,&quot;content&quot;:&quot;\u00f3leo&quot;,&quot;par&quot;:0},{&quot;offset&quot;:389,&quot;length&quot;:4,&quot;content&quot;:&quot;\u00f3leo&quot;,&quot;par&quot;:0},{&quot;offset&quot;:527,&quot;length&quot;:4,&quot;content&quot;:&quot;\u00f3leo&quot;,&quot;par&quot;:0}],&quot;par&quot;:0,&quot;score&quot;:{&quot;originalidade&quot;:3},&quot;_id&quot;:&quot;64b595c161cca7100063a4bd&quot;,&quot;custom&quot;:{&quot;title&quot;:&quot;Palavras repetidas&quot;,&quot;feedback&quot;:&quot;Palavras repetidas deixam a leitura cansativa.&quot;,&quot;more&quot;:&quot;&lt;ul&gt; &lt;li&gt; &lt;p&gt; Procure usar sin\u00f4nimos ou reescrever a frase para evitar o uso de palavras repetidas. &lt;\/p&gt; &lt;p&gt; &lt;span style='color: red'&gt; Profissionais devem buscar o equil\u00edbrio na &lt;span style='text-decoration-Line: underline'&gt;vida profissional&lt;\/span&gt;. &lt;\/span&gt; &lt;\/p&gt; &lt;p&gt; &lt;span style='color: green'&gt; Profissionais devem buscar o equil\u00edbrio na &lt;span style='text-decoration-Line: underline'&gt;carreira&lt;\/span&gt;. &lt;\/span&gt; &lt;\/p&gt; &lt;\/li&gt; &lt;\/ul&gt;&quot;},&quot;hide&quot;:false,&quot;itemId&quot;:&quot;DEVIATION_USO_PALAVRAS_REPETIDAS_64b595c161cca7100063a4bd&quot;}}}}\">\n<div class=\"Draftail-block--unstyled\" data-block=\"true\" data-editor=\"udfl\" data-offset-key=\"3ia8m-0-0\">\n<div class=\"public-DraftStyleDefault-block public-DraftStyleDefault-ltr\" data-offset-key=\"3ia8m-0-0\"><span data-offset-key=\"3ia8m-0-0\">Oil storage tanks are used in various stages of the palm oil clarification process. They are manufactured according to the needs of each client&#039;s project, using robust material that does not contaminate the product and whose coating makes cleaning and maintenance easier.<\/span><\/div>\n<div data-offset-key=\"3ia8m-0-0\"><\/div>\n<\/div>\n<div class=\"Draftail-block--unstyled\" data-block=\"true\" data-editor=\"udfl\" data-offset-key=\"4b0hg-0-0\">\n<div class=\"public-DraftStyleDefault-block public-DraftStyleDefault-ltr\" data-offset-key=\"4b0hg-0-0\"><span data-offset-key=\"4b0hg-0-0\">THE <\/span><span class=\"jss84137 TEXT_64b595c161cca7b17263a4bc\"><span data-offset-key=\"4b0hg-1-0\">tank<\/span><\/span><span data-offset-key=\"4b0hg-2-0\"> of <\/span><span class=\"jss84137 TEXT_64b595c161cca7100063a4bd\"><span data-offset-key=\"4b0hg-3-0\">oil<\/span><\/span><span data-offset-key=\"4b0hg-4-0\"> raw or <\/span><span class=\"jss84137 TEXT_64b595c161cca7b17263a4bc\"><span data-offset-key=\"4b0hg-5-0\">tank<\/span><\/span><span data-offset-key=\"4b0hg-6-0\"> lung receives the <\/span><span class=\"jss84137 TEXT_64b595c161cca7100063a4bd\"><span data-offset-key=\"4b0hg-7-0\">oil<\/span><\/span><span data-offset-key=\"4b0hg-8-0\"> from the presses and is pumped to the desander. The <\/span><span class=\"jss84137 TEXT_64b595c161cca7b17263a4bc\"><span data-offset-key=\"4b0hg-9-0\">tank<\/span><\/span><span data-offset-key=\"4b0hg-10-0\"> of <\/span><span class=\"jss84137 TEXT_64b595c161cca7100063a4bd\"><span data-offset-key=\"4b0hg-11-0\">oil<\/span><\/span><span data-offset-key=\"4b0hg-12-0\"> clean receives the clarified material coming from the centrifugal tridecanter, stores it for a short time to be pumped to the <\/span><span class=\"jss84137 TEXT_64b595c161cca7b17263a4bc\"><span data-offset-key=\"4b0hg-13-0\">tank<\/span><\/span><span data-offset-key=\"4b0hg-14-0\"> storage of <\/span><span class=\"jss84137 TEXT_64b595c161cca7100063a4bd\"><span data-offset-key=\"4b0hg-15-0\">oil<\/span><\/span><span data-offset-key=\"4b0hg-16-0\">.<\/span><\/div>\n<\/div>\n<\/div>\n<p>&nbsp;<\/p>\n<p><strong>HOMOGENIZATION TANK<\/strong><\/p>\n<p>The homogenization tank developed by Fast for the dynamic palm clarification process is responsible for heating and mixing the palm liquor phases, making it homogeneous to send to the tridecanter that will separate the liquid, solid and clarified oil phases.<\/p>","protected":false},"excerpt":{"rendered":"<p>TANQUE DE \u00d3LEO E TANQUE PULM\u00c3O Os tanques para armazenar \u00f3leo figuram em diversas fases do processo de clarifica\u00e7\u00e3o do \u00f3leo de palma. S\u00e3o fabricados de acordo com a necessidade do projeto de cada cliente, em material robusto e que n\u00e3o contamina o produto e cujo revestimento facilita a limpeza e manuten\u00e7\u00e3o. O tanque de [&hellip;]<\/p>","protected":false},"featured_media":2989,"comment_status":"open","ping_status":"closed","template":"","meta":{"arquivo_cliente":"","_joinchat":[]},"product_brand":[],"product_cat":[35],"product_tag":[],"class_list":{"0":"post-3449","1":"product","2":"type-product","3":"status-publish","4":"has-post-thumbnail","6":"product_cat-oleo-de-palma","8":"first","9":"instock","10":"shipping-taxable","11":"product-type-simple"},"acf":[],"_links":{"self":[{"href":"https:\/\/fastindustria.com.br\/en\/wp-json\/wp\/v2\/product\/3449","targetHints":{"allow":["GET"]}}],"collection":[{"href":"https:\/\/fastindustria.com.br\/en\/wp-json\/wp\/v2\/product"}],"about":[{"href":"https:\/\/fastindustria.com.br\/en\/wp-json\/wp\/v2\/types\/product"}],"replies":[{"embeddable":true,"href":"https:\/\/fastindustria.com.br\/en\/wp-json\/wp\/v2\/comments?post=3449"}],"version-history":[{"count":3,"href":"https:\/\/fastindustria.com.br\/en\/wp-json\/wp\/v2\/product\/3449\/revisions"}],"predecessor-version":[{"id":4560,"href":"https:\/\/fastindustria.com.br\/en\/wp-json\/wp\/v2\/product\/3449\/revisions\/4560"}],"wp:featuredmedia":[{"embeddable":true,"href":"https:\/\/fastindustria.com.br\/en\/wp-json\/wp\/v2\/media\/2989"}],"wp:attachment":[{"href":"https:\/\/fastindustria.com.br\/en\/wp-json\/wp\/v2\/media?parent=3449"}],"wp:term":[{"taxonomy":"product_brand","embeddable":true,"href":"https:\/\/fastindustria.com.br\/en\/wp-json\/wp\/v2\/product_brand?post=3449"},{"taxonomy":"product_cat","embeddable":true,"href":"https:\/\/fastindustria.com.br\/en\/wp-json\/wp\/v2\/product_cat?post=3449"},{"taxonomy":"product_tag","embeddable":true,"href":"https:\/\/fastindustria.com.br\/en\/wp-json\/wp\/v2\/product_tag?post=3449"}],"curies":[{"name":"wp","href":"https:\/\/api.w.org\/{rel}","templated":true}]}}