{"id":3432,"date":"2023-07-06T17:31:06","date_gmt":"2023-07-06T20:31:06","guid":{"rendered":"https:\/\/fastindustria.com.br\/?post_type=product&#038;p=3432"},"modified":"2023-08-08T17:55:13","modified_gmt":"2023-08-08T20:55:13","slug":"tanque-de-azeite","status":"publish","type":"product","link":"https:\/\/fastindustria.com.br\/en\/product\/tanque-de-azeite\/","title":{"rendered":"Olive Oil Tank"},"content":{"rendered":"<p>To complete the olive oil extraction system, Fast also offers olive oil storage tanks. These tanks are used to receive both centrifuged olive oil, which is extracted from the EAF centrifugal decanter, and purified olive oil from the vertical centrifuge outlet.<\/p>\n<p>Equipment made of stainless steel, which makes cleaning easier and poses no risk of oil contamination. <strong>The equipment complies with NR-12<\/strong>.<\/p>\n<p><strong>Advantages<\/strong><\/p>\n<ul>\n<li>Fast has Finame for all equipment used in extraction;<\/li>\n<li>\u2022 2-year warranty against manufacturing defects or faults;<\/li>\n<li>National 100% production equipment;<\/li>\n<li>Qualified technical staff, composed of mechanical, chemical, food, automation and electrical, environmental engineers, among others, for all necessary support;<\/li>\n<li>Technical support for the civil engineer to develop the plan (civil works) within the standards established by the current bodies.<\/li>\n<\/ul>\n<p><strong>Differentials<\/strong><\/p>\n<p>We have plants operating in Brazil that provide sansa (solid residues) with 0% of olive oil at the decanter outlet and polished olive oil with 0% of impurities (analyzed by bench centrifuge).<\/p>","protected":false},"excerpt":{"rendered":"<p>Para o sistema de extra\u00e7\u00e3o de azeite de oliva ficar completo, a Fast oferece tamb\u00e9m os tanques de armazenamento do azeite. Tanto para o recebimento do azeite centrifugado, que \u00e9 extra\u00eddo do decanter centr\u00edfugo EAF, quanto para o recebimento do azeite purificado da sa\u00edda da centr\u00edfuga vertical. Equipamentos fabricados em a\u00e7o inox, que facilita a [&hellip;]<\/p>","protected":false},"featured_media":3433,"comment_status":"open","ping_status":"closed","template":"","meta":{"arquivo_cliente":"","_joinchat":[]},"product_brand":[],"product_cat":[31],"product_tag":[],"class_list":{"0":"post-3432","1":"product","2":"type-product","3":"status-publish","4":"has-post-thumbnail","6":"product_cat-azeite-de-oliva","8":"first","9":"instock","10":"shipping-taxable","11":"product-type-simple"},"acf":[],"_links":{"self":[{"href":"https:\/\/fastindustria.com.br\/en\/wp-json\/wp\/v2\/product\/3432","targetHints":{"allow":["GET"]}}],"collection":[{"href":"https:\/\/fastindustria.com.br\/en\/wp-json\/wp\/v2\/product"}],"about":[{"href":"https:\/\/fastindustria.com.br\/en\/wp-json\/wp\/v2\/types\/product"}],"replies":[{"embeddable":true,"href":"https:\/\/fastindustria.com.br\/en\/wp-json\/wp\/v2\/comments?post=3432"}],"version-history":[{"count":4,"href":"https:\/\/fastindustria.com.br\/en\/wp-json\/wp\/v2\/product\/3432\/revisions"}],"predecessor-version":[{"id":4624,"href":"https:\/\/fastindustria.com.br\/en\/wp-json\/wp\/v2\/product\/3432\/revisions\/4624"}],"wp:featuredmedia":[{"embeddable":true,"href":"https:\/\/fastindustria.com.br\/en\/wp-json\/wp\/v2\/media\/3433"}],"wp:attachment":[{"href":"https:\/\/fastindustria.com.br\/en\/wp-json\/wp\/v2\/media?parent=3432"}],"wp:term":[{"taxonomy":"product_brand","embeddable":true,"href":"https:\/\/fastindustria.com.br\/en\/wp-json\/wp\/v2\/product_brand?post=3432"},{"taxonomy":"product_cat","embeddable":true,"href":"https:\/\/fastindustria.com.br\/en\/wp-json\/wp\/v2\/product_cat?post=3432"},{"taxonomy":"product_tag","embeddable":true,"href":"https:\/\/fastindustria.com.br\/en\/wp-json\/wp\/v2\/product_tag?post=3432"}],"curies":[{"name":"wp","href":"https:\/\/api.w.org\/{rel}","templated":true}]}}