{"id":3418,"date":"2023-07-06T17:21:40","date_gmt":"2023-07-06T20:21:40","guid":{"rendered":"https:\/\/fastindustria.com.br\/?post_type=product&#038;p=3418"},"modified":"2023-08-04T17:58:29","modified_gmt":"2023-08-04T20:58:29","slug":"lavadora","status":"publish","type":"product","link":"https:\/\/fastindustria.com.br\/en\/product\/lavadora\/","title":{"rendered":"Stone Separator"},"content":{"rendered":"<p>The equipment aims to add more value and profitability to the waste generated by the extra virgin olive oil extraction process. Its principle involves separating the olive stone from the pulp and transforming it into biomass, whose calorific value can exceed that of eucalyptus. It is used to separate the olive stone, allowing it to be used for animal feed and the stone as fuel for burning in boilers.<\/p>\n<p><strong>Advantages<\/strong><\/p>\n<ul>\n<li>Fast has Finame for all equipment used in extraction;<\/li>\n<li>\u2022 2-year warranty against manufacturing defects or faults;<\/li>\n<li>National 100% production equipment;<\/li>\n<li>Qualified technical staff, composed of mechanical, chemical, food, automation and electrical, environmental engineers, among others, for all necessary support;<\/li>\n<li>Technical support for the civil engineer to develop the plan (civil works) within the standards established by the current bodies.<\/li>\n<\/ul>\n<p><strong>Differentials<\/strong><\/p>\n<p>We have plants operating in Brazil that provide sansa (solid residues) with 0% of olive oil at the decanter outlet and polished olive oil with 0% of impurities (analyzed by bench centrifuge).<\/p>","protected":false},"excerpt":{"rendered":"<p>O equipamento vem para agregar mais valor e rentabilidade aos res\u00edduos gerados pelo processo de extra\u00e7\u00e3o do azeite de oliva extravirgem. Seu princ\u00edpio envolve a separa\u00e7\u00e3o do caro\u00e7o da polpa da azeitona e a sua transforma\u00e7\u00e3o em biomassa, cujo poder calor\u00edfico chega a superar o do eucalipto. \u00c9 aplicado para separa\u00e7\u00e3o do carro\u00e7o da sansa, [&hellip;]<\/p>","protected":false},"featured_media":2973,"comment_status":"open","ping_status":"closed","template":"","meta":{"arquivo_cliente":"","_joinchat":[]},"product_brand":[],"product_cat":[31],"product_tag":[],"class_list":{"0":"post-3418","1":"product","2":"type-product","3":"status-publish","4":"has-post-thumbnail","6":"product_cat-azeite-de-oliva","8":"first","9":"instock","10":"shipping-taxable","11":"product-type-simple"},"acf":[],"_links":{"self":[{"href":"https:\/\/fastindustria.com.br\/en\/wp-json\/wp\/v2\/product\/3418","targetHints":{"allow":["GET"]}}],"collection":[{"href":"https:\/\/fastindustria.com.br\/en\/wp-json\/wp\/v2\/product"}],"about":[{"href":"https:\/\/fastindustria.com.br\/en\/wp-json\/wp\/v2\/types\/product"}],"replies":[{"embeddable":true,"href":"https:\/\/fastindustria.com.br\/en\/wp-json\/wp\/v2\/comments?post=3418"}],"version-history":[{"count":4,"href":"https:\/\/fastindustria.com.br\/en\/wp-json\/wp\/v2\/product\/3418\/revisions"}],"predecessor-version":[{"id":4625,"href":"https:\/\/fastindustria.com.br\/en\/wp-json\/wp\/v2\/product\/3418\/revisions\/4625"}],"wp:featuredmedia":[{"embeddable":true,"href":"https:\/\/fastindustria.com.br\/en\/wp-json\/wp\/v2\/media\/2973"}],"wp:attachment":[{"href":"https:\/\/fastindustria.com.br\/en\/wp-json\/wp\/v2\/media?parent=3418"}],"wp:term":[{"taxonomy":"product_brand","embeddable":true,"href":"https:\/\/fastindustria.com.br\/en\/wp-json\/wp\/v2\/product_brand?post=3418"},{"taxonomy":"product_cat","embeddable":true,"href":"https:\/\/fastindustria.com.br\/en\/wp-json\/wp\/v2\/product_cat?post=3418"},{"taxonomy":"product_tag","embeddable":true,"href":"https:\/\/fastindustria.com.br\/en\/wp-json\/wp\/v2\/product_tag?post=3418"}],"curies":[{"name":"wp","href":"https:\/\/api.w.org\/{rel}","templated":true}]}}