{"id":3377,"date":"2023-07-06T17:07:18","date_gmt":"2023-07-06T20:07:18","guid":{"rendered":"https:\/\/fastindustria.com.br\/?post_type=product&#038;p=3377"},"modified":"2025-07-29T12:16:32","modified_gmt":"2025-07-29T15:16:32","slug":"batedeira","status":"publish","type":"product","link":"https:\/\/fastindustria.com.br\/en\/product\/batedeira\/","title":{"rendered":"Mixer"},"content":{"rendered":"<p>Responsible for kneading and homogenizing the product, Fast mixers are polished to facilitate cleaning, have LED lights, horizontal axis cameras and automatic temperature control, preventing changes in the properties of the oil. This equipment allows for the best separation performance.<\/p>\n<p><strong>Advantages<\/strong><\/p>\n<ul>\n<li>Fast has Finame for all equipment used in extraction;<\/li>\n<li>\u2022 2-year warranty against manufacturing defects or faults;<\/li>\n<li>National 100% production equipment;<\/li>\n<li>Qualified technical staff, composed of mechanical, chemical, food, automation and electrical, environmental engineers, among others, for all necessary support;<\/li>\n<li>Technical support for the civil engineer to develop the plan (civil works) within the standards established by the current bodies.<\/li>\n<\/ul>\n<p><strong>Differentials<\/strong><\/p>\n<ul>\n<li>We have plants operating in Brazil that provide sansa (solid residues) with 0% of olive oil at the decanter outlet and polished olive oil with 0% of impurities (analyzed by bench centrifuge).<\/li>\n<\/ul>","protected":false},"excerpt":{"rendered":"<p>Respons\u00e1veis pelo amassamento e pela homogeneiza\u00e7\u00e3o do produto, as batedeiras Fast possuem polimento para facilitar a limpeza, lumin\u00e1rias em LED, c\u00e2meras de eixo horizontal e controle de temperatura autom\u00e1tico, evitando que haja altera\u00e7\u00f5es das propriedades do azeite. Esses equipamentos possibilitam o melhor rendimento na separa\u00e7\u00e3o. Vantagens A Fast possui Finame para todos os equipamentos aplicados [&hellip;]<\/p>","protected":false},"featured_media":2954,"comment_status":"open","ping_status":"closed","template":"","meta":{"arquivo_cliente":"","_joinchat":[]},"product_brand":[],"product_cat":[46,31],"product_tag":[],"class_list":{"0":"post-3377","1":"product","2":"type-product","3":"status-publish","4":"has-post-thumbnail","6":"product_cat-azeite-de-abacate","7":"product_cat-azeite-de-oliva","9":"first","10":"instock","11":"shipping-taxable","12":"product-type-simple"},"acf":[],"_links":{"self":[{"href":"https:\/\/fastindustria.com.br\/en\/wp-json\/wp\/v2\/product\/3377","targetHints":{"allow":["GET"]}}],"collection":[{"href":"https:\/\/fastindustria.com.br\/en\/wp-json\/wp\/v2\/product"}],"about":[{"href":"https:\/\/fastindustria.com.br\/en\/wp-json\/wp\/v2\/types\/product"}],"replies":[{"embeddable":true,"href":"https:\/\/fastindustria.com.br\/en\/wp-json\/wp\/v2\/comments?post=3377"}],"version-history":[{"count":5,"href":"https:\/\/fastindustria.com.br\/en\/wp-json\/wp\/v2\/product\/3377\/revisions"}],"predecessor-version":[{"id":4663,"href":"https:\/\/fastindustria.com.br\/en\/wp-json\/wp\/v2\/product\/3377\/revisions\/4663"}],"wp:featuredmedia":[{"embeddable":true,"href":"https:\/\/fastindustria.com.br\/en\/wp-json\/wp\/v2\/media\/2954"}],"wp:attachment":[{"href":"https:\/\/fastindustria.com.br\/en\/wp-json\/wp\/v2\/media?parent=3377"}],"wp:term":[{"taxonomy":"product_brand","embeddable":true,"href":"https:\/\/fastindustria.com.br\/en\/wp-json\/wp\/v2\/product_brand?post=3377"},{"taxonomy":"product_cat","embeddable":true,"href":"https:\/\/fastindustria.com.br\/en\/wp-json\/wp\/v2\/product_cat?post=3377"},{"taxonomy":"product_tag","embeddable":true,"href":"https:\/\/fastindustria.com.br\/en\/wp-json\/wp\/v2\/product_tag?post=3377"}],"curies":[{"name":"wp","href":"https:\/\/api.w.org\/{rel}","templated":true}]}}