{"id":3363,"date":"2023-07-06T16:53:56","date_gmt":"2023-07-06T19:53:56","guid":{"rendered":"https:\/\/fastindustria.com.br\/?post_type=product&#038;p=3363"},"modified":"2023-07-14T14:41:17","modified_gmt":"2023-07-14T17:41:17","slug":"unidade-compacta-de-flotacao","status":"publish","type":"product","link":"https:\/\/fastindustria.com.br\/en\/product\/unidade-compacta-de-flotacao\/","title":{"rendered":"Compact Flotation Unit"},"content":{"rendered":"<p>This plug and play solution eliminates the need for on-site assembly.<\/p>\n<p>Contact the Fast team to learn about all the solutions available for effluent treatment. The system takes up little space, has an automatic polymer preparation system and is automated in operation. Our experts can help you choose the system that best suits your needs.<\/p>\n<p><strong>Segments and application\u00a0<\/strong><\/p>\n<p>Sewage Treatment Plant (STP), Industrial Effluent Treatment Plant (STP), cold storage, paper and cellulose, dairy products, beverages, food, tanning, textiles, rendering, agriculture, fisheries, among others.<\/p>","protected":false},"excerpt":{"rendered":"<p>Esta solu\u00e7\u00e3o plug and play dispensa a necessidade de montagem in loco. Entre em contato com a equipe Fast para conhecer todas as solu\u00e7\u00f5es dispon\u00edveis para o tratamento de efluentes. O sistema ocupa espa\u00e7o reduzido, possui preparador de pol\u00edmero autom\u00e1tico e tem sua opera\u00e7\u00e3o automatizada. Nossos especialistas podem te auxiliar na escolha do sistema que [&hellip;]<\/p>","protected":false},"featured_media":3007,"comment_status":"open","ping_status":"closed","template":"","meta":{"arquivo_cliente":"","_joinchat":[]},"product_brand":[],"product_cat":[44,30,43,47,29],"product_tag":[108],"class_list":{"0":"post-3363","1":"product","2":"type-product","3":"status-publish","4":"has-post-thumbnail","6":"product_cat-bebidas","7":"product_cat-frigorificos","8":"product_cat-laticinios","9":"product_cat-outras-aplicacoes","10":"product_cat-saneamento","11":"product_tag-ete","13":"first","14":"instock","15":"shipping-taxable","16":"product-type-simple"},"acf":[],"_links":{"self":[{"href":"https:\/\/fastindustria.com.br\/en\/wp-json\/wp\/v2\/product\/3363","targetHints":{"allow":["GET"]}}],"collection":[{"href":"https:\/\/fastindustria.com.br\/en\/wp-json\/wp\/v2\/product"}],"about":[{"href":"https:\/\/fastindustria.com.br\/en\/wp-json\/wp\/v2\/types\/product"}],"replies":[{"embeddable":true,"href":"https:\/\/fastindustria.com.br\/en\/wp-json\/wp\/v2\/comments?post=3363"}],"version-history":[{"count":3,"href":"https:\/\/fastindustria.com.br\/en\/wp-json\/wp\/v2\/product\/3363\/revisions"}],"predecessor-version":[{"id":4457,"href":"https:\/\/fastindustria.com.br\/en\/wp-json\/wp\/v2\/product\/3363\/revisions\/4457"}],"wp:featuredmedia":[{"embeddable":true,"href":"https:\/\/fastindustria.com.br\/en\/wp-json\/wp\/v2\/media\/3007"}],"wp:attachment":[{"href":"https:\/\/fastindustria.com.br\/en\/wp-json\/wp\/v2\/media?parent=3363"}],"wp:term":[{"taxonomy":"product_brand","embeddable":true,"href":"https:\/\/fastindustria.com.br\/en\/wp-json\/wp\/v2\/product_brand?post=3363"},{"taxonomy":"product_cat","embeddable":true,"href":"https:\/\/fastindustria.com.br\/en\/wp-json\/wp\/v2\/product_cat?post=3363"},{"taxonomy":"product_tag","embeddable":true,"href":"https:\/\/fastindustria.com.br\/en\/wp-json\/wp\/v2\/product_tag?post=3363"}],"curies":[{"name":"wp","href":"https:\/\/api.w.org\/{rel}","templated":true}]}}