{"id":3335,"date":"2023-07-06T16:35:30","date_gmt":"2023-07-06T19:35:30","guid":{"rendered":"https:\/\/fastindustria.com.br\/?post_type=product&#038;p=3335"},"modified":"2023-07-17T16:19:19","modified_gmt":"2023-07-17T19:19:19","slug":"sistema-de-preparacao-de-polimero","status":"publish","type":"product","link":"https:\/\/fastindustria.com.br\/en\/product\/sistema-de-preparacao-de-polimero\/","title":{"rendered":"Polymer Preparation System"},"content":{"rendered":"<div style=\"white-space: pre-wrap;\" data-draftjs-conductor-fragment=\"{&quot;blocks&quot;:[{&quot;key&quot;:&quot;8q0nh&quot;,&quot;text&quot;:&quot;SISTEMA AUTOM\u00c1TICO DE PREPARA\u00c7\u00c3O DE POL\u00cdMERO&quot;,&quot;type&quot;:&quot;unstyled&quot;,&quot;depth&quot;:0,&quot;inlineStyleRanges&quot;:[],&quot;entityRanges&quot;:[],&quot;data&quot;:{}},{&quot;key&quot;:&quot;c56hn&quot;,&quot;text&quot;:&quot;O sistema de dosagem e prepara\u00e7\u00e3o de pol\u00edmero autom\u00e1tico garante uma opera\u00e7\u00e3o cont\u00ednua e segura do processo. Esse sistema \u00e9 amplamente difundido para o tratamento de \u00e1guas residuais e, com a tecnologia Fast, a efici\u00eancia \u00e9 garantida.&quot;,&quot;type&quot;:&quot;unstyled&quot;,&quot;depth&quot;:0,&quot;inlineStyleRanges&quot;:[],&quot;entityRanges&quot;:[],&quot;data&quot;:{}},{&quot;key&quot;:&quot;27ij4&quot;,&quot;text&quot;:&quot;O Preparador Autom\u00e1tico de Pol\u00edmero Fast \u00e9 um equipamento utilizado para preparar pol\u00edmeros em p\u00f3 para posterior aplica\u00e7\u00e3o em sistemas de tratamento de \u00e1gua, efluentes e separa\u00e7\u00e3o de s\u00f3lidos.&quot;,&quot;type&quot;:&quot;unstyled&quot;,&quot;depth&quot;:0,&quot;inlineStyleRanges&quot;:[],&quot;entityRanges&quot;:[],&quot;data&quot;:{}},{&quot;key&quot;:&quot;cp6ek&quot;,&quot;text&quot;:&quot;Composto por um tanque retangular subdividido em tr\u00eas c\u00e2meras individuais para dosagem e preparo do pol\u00edmero, matura\u00e7\u00e3o e armazenagem do floculante em solu\u00e7\u00f5es homog\u00eaneas com concentra\u00e7\u00e3o ajust\u00e1vel de 0,1% a 0,5%. O sistema de dosagem \u00e9 composto por uma moega de armazenagem de pol\u00edmero, acionado por motorredutor com controle de rota\u00e7\u00e3o para uma dosagem precisa, possui sensor de n\u00edvel capacitivo para identifica\u00e7\u00e3o de pouco pol\u00edmero na tremonha de armazenagem e copo de mistura otimizado para evitar desperd\u00edcios e grumos na c\u00e2mera de mistura.&quot;,&quot;type&quot;:&quot;unstyled&quot;,&quot;depth&quot;:0,&quot;inlineStyleRanges&quot;:[],&quot;entityRanges&quot;:[{&quot;offset&quot;:79,&quot;length&quot;:7,&quot;key&quot;:0},{&quot;offset&quot;:100,&quot;length&quot;:8,&quot;key&quot;:1},{&quot;offset&quot;:122,&quot;length&quot;:11,&quot;key&quot;:2},{&quot;offset&quot;:227,&quot;length&quot;:7,&quot;key&quot;:0},{&quot;offset&quot;:263,&quot;length&quot;:11,&quot;key&quot;:2},{&quot;offset&quot;:278,&quot;length&quot;:8,&quot;key&quot;:1},{&quot;offset&quot;:347,&quot;length&quot;:7,&quot;key&quot;:0},{&quot;offset&quot;:426,&quot;length&quot;:8,&quot;key&quot;:1},{&quot;offset&quot;:450,&quot;length&quot;:11,&quot;key&quot;:2}],&quot;data&quot;:{}},{&quot;key&quot;:&quot;6rc9&quot;,&quot;text&quot;:&quot;A alimenta\u00e7\u00e3o de \u00e1gua do sistema \u00e9 feita por tubula\u00e7\u00e3o com regulagem manual de vaz\u00e3o, de acordo com a capacidade de preparo do equipamento, v\u00e1lvula manual de bloqueio, filtro \u201cy\u201d para elimina\u00e7\u00e3o de contaminantes s\u00f3lidos vindos da linha de alimenta\u00e7\u00e3o, rot\u00e2metro para indica\u00e7\u00e3o de vaz\u00e3o, v\u00e1lvula autom\u00e1tica que controla o fluxo de \u00e1gua, iniciando ou interrompendo o ciclo de preparo da solu\u00e7\u00e3o.&quot;,&quot;type&quot;:&quot;unstyled&quot;,&quot;depth&quot;:0,&quot;inlineStyleRanges&quot;:[],&quot;entityRanges&quot;:[{&quot;offset&quot;:0,&quot;length&quot;:393,&quot;key&quot;:3}],&quot;data&quot;:{}},{&quot;key&quot;:&quot;8eb9c&quot;,&quot;text&quot;:&quot;Acompanha motorredutores para agita\u00e7\u00e3o com sistema inteligente de acionamento. Todo o sistema \u00e9 acionado por painel de comando el\u00e9trico com ajuste da concentra\u00e7\u00e3o da solu\u00e7\u00e3o, chave geral, bot\u00e3o de emerg\u00eancia, IHM e alarmes. O sistema pode ser fabricado em a\u00e7o inox ou polipropileno (PP) de acordo com a prefer\u00eancia e necessidade do cliente ou orienta\u00e7\u00e3o da equipe Fast.&quot;,&quot;type&quot;:&quot;unstyled&quot;,&quot;depth&quot;:0,&quot;inlineStyleRanges&quot;:[],&quot;entityRanges&quot;:[{&quot;offset&quot;:43,&quot;length&quot;:7,&quot;key&quot;:4},{&quot;offset&quot;:86,&quot;length&quot;:7,&quot;key&quot;:4},{&quot;offset&quot;:94,&quot;length&quot;:1,&quot;key&quot;:5},{&quot;offset&quot;:96,&quot;length&quot;:8,&quot;key&quot;:5},{&quot;offset&quot;:226,&quot;length&quot;:7,&quot;key&quot;:4},{&quot;offset&quot;:239,&quot;length&quot;:3,&quot;key&quot;:5},{&quot;offset&quot;:243,&quot;length&quot;:9,&quot;key&quot;:5}],&quot;data&quot;:{}}],&quot;entityMap&quot;:{&quot;0&quot;:{&quot;type&quot;:&quot;CORRECTION&quot;,&quot;mutability&quot;:&quot;MUTABLE&quot;,&quot;data&quot;:{&quot;id&quot;:&quot;USO_PALAVRAS_REPETIDAS&quot;,&quot;spans&quot;:[{&quot;offset&quot;:550,&quot;length&quot;:7,&quot;content&quot;:&quot;dosagem&quot;,&quot;par&quot;:0},{&quot;offset&quot;:698,&quot;length&quot;:7,&quot;content&quot;:&quot;dosagem&quot;,&quot;par&quot;:0},{&quot;offset&quot;:818,&quot;length&quot;:7,&quot;content&quot;:&quot;dosagem&quot;,&quot;par&quot;:0}],&quot;par&quot;:0,&quot;score&quot;:{&quot;originalidade&quot;:3},&quot;_id&quot;:&quot;64b1a36eea52fd3de289f447&quot;,&quot;custom&quot;:{&quot;title&quot;:&quot;Palavras repetidas&quot;,&quot;feedback&quot;:&quot;Palavras repetidas deixam a leitura cansativa.&quot;,&quot;more&quot;:&quot;&lt;ul&gt; &lt;li&gt; &lt;p&gt; Procure usar sin\u00f4nimos ou reescrever a frase para evitar o uso de palavras repetidas. &lt;\/p&gt; &lt;p&gt; &lt;span style='color: red'&gt; Profissionais devem buscar o equil\u00edbrio na &lt;span style='text-decoration-Line: underline'&gt;vida profissional&lt;\/span&gt;. &lt;\/span&gt; &lt;\/p&gt; &lt;p&gt; &lt;span style='color: green'&gt; Profissionais devem buscar o equil\u00edbrio na &lt;span style='text-decoration-Line: underline'&gt;carreira&lt;\/span&gt;. &lt;\/span&gt; &lt;\/p&gt; &lt;\/li&gt; &lt;\/ul&gt;&quot;},&quot;hide&quot;:false,&quot;itemId&quot;:&quot;DEVIATION_USO_PALAVRAS_REPETIDAS_64b1a36eea52fd3de289f447&quot;}},&quot;1&quot;:{&quot;type&quot;:&quot;CORRECTION&quot;,&quot;mutability&quot;:&quot;MUTABLE&quot;,&quot;data&quot;:{&quot;id&quot;:&quot;USO_PALAVRAS_REPETIDAS&quot;,&quot;spans&quot;:[{&quot;offset&quot;:571,&quot;length&quot;:8,&quot;content&quot;:&quot;pol\u00edmero&quot;,&quot;par&quot;:0},{&quot;offset&quot;:749,&quot;length&quot;:8,&quot;content&quot;:&quot;pol\u00edmero&quot;,&quot;par&quot;:0},{&quot;offset&quot;:897,&quot;length&quot;:8,&quot;content&quot;:&quot;pol\u00edmero&quot;,&quot;par&quot;:0}],&quot;par&quot;:0,&quot;score&quot;:{&quot;originalidade&quot;:3},&quot;_id&quot;:&quot;64b1a36eea52fddbba89f448&quot;,&quot;custom&quot;:{&quot;title&quot;:&quot;Palavras repetidas&quot;,&quot;feedback&quot;:&quot;Palavras repetidas deixam a leitura cansativa.&quot;,&quot;more&quot;:&quot;&lt;ul&gt; &lt;li&gt; &lt;p&gt; Procure usar sin\u00f4nimos ou reescrever a frase para evitar o uso de palavras repetidas. &lt;\/p&gt; &lt;p&gt; &lt;span style='color: red'&gt; Profissionais devem buscar o equil\u00edbrio na &lt;span style='text-decoration-Line: underline'&gt;vida profissional&lt;\/span&gt;. &lt;\/span&gt; &lt;\/p&gt; &lt;p&gt; &lt;span style='color: green'&gt; Profissionais devem buscar o equil\u00edbrio na &lt;span style='text-decoration-Line: underline'&gt;carreira&lt;\/span&gt;. &lt;\/span&gt; &lt;\/p&gt; &lt;\/li&gt; &lt;\/ul&gt;&quot;},&quot;hide&quot;:false,&quot;itemId&quot;:&quot;DEVIATION_USO_PALAVRAS_REPETIDAS_64b1a36eea52fddbba89f448&quot;}},&quot;2&quot;:{&quot;type&quot;:&quot;CORRECTION&quot;,&quot;mutability&quot;:&quot;MUTABLE&quot;,&quot;data&quot;:{&quot;id&quot;:&quot;USO_PALAVRAS_REPETIDAS&quot;,&quot;spans&quot;:[{&quot;offset&quot;:593,&quot;length&quot;:11,&quot;content&quot;:&quot;armazenagem&quot;,&quot;par&quot;:0},{&quot;offset&quot;:734,&quot;length&quot;:11,&quot;content&quot;:&quot;armazenagem&quot;,&quot;par&quot;:0},{&quot;offset&quot;:921,&quot;length&quot;:11,&quot;content&quot;:&quot;armazenagem&quot;,&quot;par&quot;:0}],&quot;par&quot;:0,&quot;score&quot;:{&quot;originalidade&quot;:3},&quot;_id&quot;:&quot;64b1a36eea52fdcffc89f449&quot;,&quot;custom&quot;:{&quot;title&quot;:&quot;Palavras repetidas&quot;,&quot;feedback&quot;:&quot;Palavras repetidas deixam a leitura cansativa.&quot;,&quot;more&quot;:&quot;&lt;ul&gt; &lt;li&gt; &lt;p&gt; Procure usar sin\u00f4nimos ou reescrever a frase para evitar o uso de palavras repetidas. &lt;\/p&gt; &lt;p&gt; &lt;span style='color: red'&gt; Profissionais devem buscar o equil\u00edbrio na &lt;span style='text-decoration-Line: underline'&gt;vida profissional&lt;\/span&gt;. &lt;\/span&gt; &lt;\/p&gt; &lt;p&gt; &lt;span style='color: green'&gt; Profissionais devem buscar o equil\u00edbrio na &lt;span style='text-decoration-Line: underline'&gt;carreira&lt;\/span&gt;. &lt;\/span&gt; &lt;\/p&gt; &lt;\/li&gt; &lt;\/ul&gt;&quot;},&quot;hide&quot;:false,&quot;itemId&quot;:&quot;DEVIATION_USO_PALAVRAS_REPETIDAS_64b1a36eea52fdcffc89f449&quot;}},&quot;3&quot;:{&quot;type&quot;:&quot;CORRECTION&quot;,&quot;mutability&quot;:&quot;MUTABLE&quot;,&quot;data&quot;:{&quot;id&quot;:&quot;FRASE_LONGA&quot;,&quot;spans&quot;:[{&quot;offset&quot;:1017,&quot;length&quot;:393,&quot;content&quot;:&quot;A alimenta\u00e7\u00e3o de \u00e1gua do sistema \u00e9 feita por tubula\u00e7\u00e3o com regulagem manual de vaz\u00e3o, de acordo com a capacidade de preparo do equipamento, v\u00e1lvula manual de bloqueio, filtro \u201cy\u201d para elimina\u00e7\u00e3o de contaminantes s\u00f3lidos vindos da linha de alimenta\u00e7\u00e3o, rot\u00e2metro para indica\u00e7\u00e3o de vaz\u00e3o, v\u00e1lvula autom\u00e1tica que controla o fluxo de \u00e1gua, iniciando ou interrompendo o ciclo de preparo da solu\u00e7\u00e3o.&quot;}],&quot;par&quot;:0,&quot;sent&quot;:0,&quot;score&quot;:{&quot;concisao&quot;:2},&quot;_id&quot;:&quot;64b1a2f6be6b033338958a7e&quot;,&quot;custom&quot;:{&quot;title&quot;:&quot;Frase muito longa | &lt;i&gt;393 toques&lt;\/i&gt;&quot;,&quot;feedback&quot;:&quot;S\u00f3 conseguimos dominar um n\u00famero limitado de palavras antes de precisar de uma pausa. Frases curtas facilitam a compreens\u00e3o do texto.&quot;,&quot;more&quot;:&quot;&lt;ul&gt; &lt;li&gt; &lt;p&gt;Se sua frase est\u00e1 muito muito longa, tente dividi-la em duas.&lt;\/p&gt; &lt;\/li&gt; &lt;li&gt; &lt;p&gt; Corte palavras desnecess\u00e1rias. Comece pelos adv\u00e9rbios e adjetivos. &lt;\/p&gt; &lt;\/li&gt; &lt;li&gt; &lt;p&gt; Substitua os poliss\u00edlabos por palavras simples: &lt;i&gt;usar&lt;\/i&gt; \u00e9 mais simples que &lt;i&gt;utilizar&lt;\/i&gt;. &lt;\/p&gt; &lt;\/li&gt; &lt;\/ul&gt;&quot;},&quot;hide&quot;:false,&quot;itemId&quot;:&quot;DEVIATION_FRASE_LONGA_64b1a2f6be6b033338958a7e&quot;}},&quot;4&quot;:{&quot;type&quot;:&quot;CORRECTION&quot;,&quot;mutability&quot;:&quot;MUTABLE&quot;,&quot;data&quot;:{&quot;id&quot;:&quot;USO_PALAVRAS_REPETIDAS&quot;,&quot;spans&quot;:[{&quot;offset&quot;:1454,&quot;length&quot;:7,&quot;content&quot;:&quot;sistema&quot;,&quot;par&quot;:0},{&quot;offset&quot;:1497,&quot;length&quot;:7,&quot;content&quot;:&quot;sistema&quot;,&quot;par&quot;:0},{&quot;offset&quot;:1637,&quot;length&quot;:7,&quot;content&quot;:&quot;sistema&quot;,&quot;par&quot;:0}],&quot;par&quot;:0,&quot;score&quot;:{&quot;originalidade&quot;:3},&quot;_id&quot;:&quot;64b1a2f6be6b036a8c958a82&quot;,&quot;custom&quot;:{&quot;title&quot;:&quot;Palavras repetidas&quot;,&quot;feedback&quot;:&quot;Palavras repetidas deixam a leitura cansativa.&quot;,&quot;more&quot;:&quot;&lt;ul&gt; &lt;li&gt; &lt;p&gt; Procure usar sin\u00f4nimos ou reescrever a frase para evitar o uso de palavras repetidas. &lt;\/p&gt; &lt;p&gt; &lt;span style='color: red'&gt; Profissionais devem buscar o equil\u00edbrio na &lt;span style='text-decoration-Line: underline'&gt;vida profissional&lt;\/span&gt;. &lt;\/span&gt; &lt;\/p&gt; &lt;p&gt; &lt;span style='color: green'&gt; Profissionais devem buscar o equil\u00edbrio na &lt;span style='text-decoration-Line: underline'&gt;carreira&lt;\/span&gt;. &lt;\/span&gt; &lt;\/p&gt; &lt;\/li&gt; &lt;\/ul&gt;&quot;},&quot;hide&quot;:false,&quot;itemId&quot;:&quot;DEVIATION_USO_PALAVRAS_REPETIDAS_64b1a2f6be6b036a8c958a82&quot;}},&quot;5&quot;:{&quot;type&quot;:&quot;CORRECTION&quot;,&quot;mutability&quot;:&quot;MUTABLE&quot;,&quot;data&quot;:{&quot;id&quot;:&quot;USO_VOZ_PASSIVA&quot;,&quot;spans&quot;:[{&quot;offset&quot;:1505,&quot;length&quot;:1,&quot;content&quot;:&quot;\u00e9&quot;,&quot;par&quot;:0},{&quot;offset&quot;:1507,&quot;length&quot;:8,&quot;content&quot;:&quot;acionado&quot;,&quot;par&quot;:0},{&quot;offset&quot;:1650,&quot;length&quot;:3,&quot;content&quot;:&quot;ser&quot;,&quot;par&quot;:0},{&quot;offset&quot;:1654,&quot;length&quot;:9,&quot;content&quot;:&quot;fabricado&quot;,&quot;par&quot;:0}],&quot;par&quot;:0,&quot;score&quot;:{&quot;forca&quot;:2},&quot;_id&quot;:&quot;64b1a2f6be6b035992958a83&quot;,&quot;citation&quot;:{&quot;text&quot;:&quot;Nunca use a voz passiva se puder usar a ativa.&quot;,&quot;author&quot;:&quot;George Orwell&quot;},&quot;custom&quot;:{&quot;title&quot;:&quot;Excesso de voz passiva&quot;,&quot;feedback&quot;:&quot;O uso excessivo de voz passiva pode ser um v\u00edcio de linguagem. Se puder optar, escolha a voz ativa. Ela \u00e9 mais direta, vigorosa e concisa que a passiva.&quot;,&quot;more&quot;:&quot;&lt;ul&gt; &lt;li&gt; &lt;p&gt;Tente reescrever a frase utilizando a voz ativa.&lt;\/p&gt; &lt;p&gt; &lt;span style='color: red'&gt; O ajuste necess\u00e1rio &lt;span style='text-decoration-Line: underline'&gt; &lt;b&gt;foi feito&lt;\/b&gt;&lt;\/span&gt; pela empresa. &lt;\/span&gt; &lt;\/p&gt; &lt;p&gt; &lt;span style='color: green'&gt; A empresa &lt;span style='text-decoration-Line: underline'&gt; &lt;b&gt;fez&lt;\/b&gt;&lt;\/span&gt; o ajuste necess\u00e1rio. &lt;\/span&gt; &lt;\/p&gt; &lt;\/li&gt; &lt;\/ul&gt;&quot;,&quot;citation&quot;:{&quot;text&quot;:&quot;Nunca use a voz passiva se puder usar a ativa.&quot;,&quot;author&quot;:&quot;George Orwell&quot;}},&quot;hide&quot;:false,&quot;itemId&quot;:&quot;DEVIATION_USO_VOZ_PASSIVA_64b1a2f6be6b035992958a83&quot;}}}}\">\n<div class=\"Draftail-block--unstyled\" data-block=\"true\" data-editor=\"8gcvi\" data-offset-key=\"dgeop-0-0\">\n<div class=\"public-DraftStyleDefault-block public-DraftStyleDefault-ltr\" data-offset-key=\"dgeop-0-0\"><span data-offset-key=\"dgeop-0-0\">AUTOMATIC POLYMER PREPARATION SYSTEM<\/span><\/div>\n<div data-offset-key=\"dgeop-0-0\"><\/div>\n<\/div>\n<div class=\"Draftail-block--unstyled\" data-block=\"true\" data-editor=\"8gcvi\" data-offset-key=\"1489q-0-0\">\n<div class=\"public-DraftStyleDefault-block public-DraftStyleDefault-ltr\" data-offset-key=\"1489q-0-0\"><span data-offset-key=\"1489q-0-0\">The automatic polymer dosing and preparation system ensures continuous and safe operation of the process. This system is widely used for wastewater treatment and with Fast technology, efficiency is guaranteed.<\/span><\/div>\n<div data-offset-key=\"1489q-0-0\"><\/div>\n<\/div>\n<div class=\"Draftail-block--unstyled\" data-block=\"true\" data-editor=\"8gcvi\" data-offset-key=\"br62q-0-0\">\n<div class=\"public-DraftStyleDefault-block public-DraftStyleDefault-ltr\" data-offset-key=\"br62q-0-0\"><span data-offset-key=\"br62q-0-0\">The Fast automatic polymer preparer is a piece of equipment used to prepare powdered polymers for later application in water treatment, effluent and solids separation systems.<\/span><\/div>\n<div data-offset-key=\"br62q-0-0\"><\/div>\n<\/div>\n<div class=\"Draftail-block--unstyled\" data-block=\"true\" data-editor=\"8gcvi\" data-offset-key=\"42t4h-0-0\">\n<div class=\"public-DraftStyleDefault-block public-DraftStyleDefault-ltr\" data-offset-key=\"42t4h-0-0\"><span data-offset-key=\"42t4h-0-0\">Composed of a rectangular tank subdivided into three individual chambers for <\/span><span class=\"jss15463 TEXT_64b1a36eea52fd3de289f447\"><span data-offset-key=\"42t4h-1-0\">dosage<\/span><\/span><span data-offset-key=\"42t4h-2-0\"> and preparation of the <\/span><span class=\"jss15463 TEXT_64b1a36eea52fddbba89f448\"><span data-offset-key=\"42t4h-3-0\">polymer<\/span><\/span><span data-offset-key=\"42t4h-4-0\">, maturation and <\/span><span class=\"jss15463 TEXT_64b1a36eea52fdcffc89f449\"><span data-offset-key=\"42t4h-5-0\">storage<\/span><\/span><span data-offset-key=\"42t4h-6-0\"> of the flocculant in homogeneous solutions with adjustable concentration from 0.1% to 0.5%. The system <\/span><span class=\"jss15463 TEXT_64b1a36eea52fd3de289f447\"><span data-offset-key=\"42t4h-7-0\">dosage<\/span><\/span><span data-offset-key=\"42t4h-8-0\"> consists of a hopper <\/span><span class=\"jss15463 TEXT_64b1a36eea52fdcffc89f449\"><span data-offset-key=\"42t4h-9-0\">storage<\/span><\/span><span data-offset-key=\"42t4h-10-0\"> of <\/span><span class=\"jss15463 TEXT_64b1a36eea52fddbba89f448\"><span data-offset-key=\"42t4h-11-0\">polymer<\/span><\/span><span data-offset-key=\"42t4h-12-0\">, driven by a gear motor with rotation control for a <\/span><span class=\"jss15463 TEXT_64b1a36eea52fd3de289f447\"><span data-offset-key=\"42t4h-13-0\">dosage<\/span><\/span><span data-offset-key=\"42t4h-14-0\"> precise, has a capacitive level sensor for identifying low <\/span><span class=\"jss15463 TEXT_64b1a36eea52fddbba89f448\"><span data-offset-key=\"42t4h-15-0\">polymer<\/span><\/span><span data-offset-key=\"42t4h-16-0\"> in the hopper of <\/span><span class=\"jss15463 TEXT_64b1a36eea52fdcffc89f449\"><span data-offset-key=\"42t4h-17-0\">storage<\/span><\/span><span data-offset-key=\"42t4h-18-0\"> and optimized mixing cup to avoid waste and lumps in the mixing chamber.<\/span><\/div>\n<div data-offset-key=\"42t4h-0-0\"><\/div>\n<\/div>\n<div class=\"Draftail-block--unstyled\" data-block=\"true\" data-editor=\"8gcvi\" data-offset-key=\"2og8j-0-0\">\n<div class=\"public-DraftStyleDefault-block public-DraftStyleDefault-ltr\" data-offset-key=\"2og8j-0-0\"><span class=\"jss15463 TEXT_64b1a2f6be6b033338958a7e\"><span data-offset-key=\"2og8j-0-0\">The water supply to the system is done through piping with manual flow adjustment, according to the equipment&#039;s preparation capacity, manual blocking valve, \u201cy\u201d filter to eliminate solid contaminants coming from the supply line, rotameter to indicate flow, automatic valve that controls the water flow, starting or stopping the solution preparation cycle.<\/span><\/span><\/div>\n<div data-offset-key=\"2og8j-0-0\"><\/div>\n<\/div>\n<div class=\"Draftail-block--unstyled\" data-block=\"true\" data-editor=\"8gcvi\" data-offset-key=\"e22rd-0-0\">\n<div class=\"public-DraftStyleDefault-block public-DraftStyleDefault-ltr\" data-offset-key=\"e22rd-0-0\"><span data-offset-key=\"e22rd-0-0\">Includes gear motors for agitation with <\/span><span class=\"jss15463 TEXT_64b1a2f6be6b036a8c958a82\"><span data-offset-key=\"e22rd-1-0\">system<\/span><\/span><span data-offset-key=\"e22rd-2-0\"> intelligent drive. All the <\/span><span class=\"jss15463 TEXT_64b1a2f6be6b036a8c958a82\"><span data-offset-key=\"e22rd-3-0\">system<\/span><\/span> <span class=\"jss15463 TEXT_64b1a2f6be6b035992958a83\"><span data-offset-key=\"e22rd-5-0\">and<\/span><\/span> <span class=\"jss15463 TEXT_64b1a2f6be6b035992958a83\"><span data-offset-key=\"e22rd-7-0\">triggered<\/span><\/span><span data-offset-key=\"e22rd-8-0\"> by electrical control panel with solution concentration adjustment, main switch, emergency button, HMI and alarms. The <\/span><span class=\"jss15463 TEXT_64b1a2f6be6b036a8c958a82\"><span data-offset-key=\"e22rd-9-0\">system<\/span><\/span><span data-offset-key=\"e22rd-10-0\"> he can <\/span><span class=\"jss15463 TEXT_64b1a2f6be6b035992958a83\"><span data-offset-key=\"e22rd-11-0\">to be<\/span><\/span> <span class=\"jss15463 TEXT_64b1a2f6be6b035992958a83\"><span data-offset-key=\"e22rd-13-0\">manufactured<\/span><\/span><span data-offset-key=\"e22rd-14-0\"> in stainless steel or polypropylene (PP) according to the customer&#039;s preference and needs or guidance from the Fast team.<\/span><\/div>\n<div data-offset-key=\"e22rd-0-0\"><\/div>\n<\/div>\n<\/div>\n<table width=\"330\">\n<tbody>\n<tr>\n<td width=\"64\">\u00a0 <strong>Model<\/strong><\/td>\n<td width=\"101\"><strong>Number of Cameras<\/strong><\/td>\n<td width=\"165\"><strong>Preparation capacity (liters)<\/strong><\/td>\n<\/tr>\n<tr>\n<td width=\"64\">FPA \u2013 5<\/td>\n<td rowspan=\"7\" width=\"101\">3<\/td>\n<td width=\"165\">500<\/td>\n<\/tr>\n<tr>\n<td width=\"64\">FPA \u2013 10<\/td>\n<td width=\"165\">1000<\/td>\n<\/tr>\n<tr>\n<td width=\"64\">FPA \u2013 20<\/td>\n<td width=\"165\">2000<\/td>\n<\/tr>\n<tr>\n<td width=\"64\">FPA \u2013 30<\/td>\n<td width=\"165\">3000<\/td>\n<\/tr>\n<tr>\n<td width=\"64\">FPA \u2013 40<\/td>\n<td width=\"165\">4000<\/td>\n<\/tr>\n<tr>\n<td width=\"64\">FPA \u2013 50<\/td>\n<td width=\"165\">5000<\/td>\n<\/tr>\n<tr>\n<td width=\"64\">FPA \u2013 60<\/td>\n<td width=\"165\">6000<\/td>\n<\/tr>\n<tr>\n<td width=\"64\"><\/td>\n<td width=\"101\"><\/td>\n<td width=\"165\"><\/td>\n<\/tr>\n<\/tbody>\n<\/table>\n<p>&nbsp;<\/p>\n<p>MANUAL POLYMER PREPARATION SYSTEM<\/p>\n<p>Fast also offers the possibility of a manual system for preparing polymers, according to the needs of the municipal effluent treatment process or for industries such as paper and cellulose, mining, textiles, among many others.<\/p>\n<p>&nbsp;<\/p>\n<p><strong>Segments and application\u00a0<\/strong><\/p>\n<p>Sewage Treatment Plant (STP), Industrial Effluent Treatment Plant (STP), cold storage, paper and cellulose, dairy products, beverages, food, tanning, textiles, rendering, among others.<\/p>\n<p>&nbsp;<\/p>","protected":false},"excerpt":{"rendered":"<p>SISTEMA AUTOM\u00c1TICO DE PREPARA\u00c7\u00c3O DE POL\u00cdMERO O sistema de dosagem e prepara\u00e7\u00e3o de pol\u00edmero autom\u00e1tico garante uma opera\u00e7\u00e3o cont\u00ednua e segura do processo. Esse sistema \u00e9 amplamente difundido para o tratamento de \u00e1guas residuais e, com a tecnologia Fast, a efici\u00eancia \u00e9 garantida. O preparador autom\u00e1tico de pol\u00edmero Fast \u00e9 um equipamento utilizado para preparar [&hellip;]<\/p>","protected":false},"featured_media":2994,"comment_status":"open","ping_status":"closed","template":"","meta":{"arquivo_cliente":"","_joinchat":[]},"product_brand":[],"product_cat":[44,30,43,47,33,29],"product_tag":[109,108],"class_list":{"0":"post-3335","1":"product","2":"type-product","3":"status-publish","4":"has-post-thumbnail","6":"product_cat-bebidas","7":"product_cat-frigorificos","8":"product_cat-laticinios","9":"product_cat-outras-aplicacoes","10":"product_cat-papel-celulose","11":"product_cat-saneamento","12":"product_tag-eta","13":"product_tag-ete","15":"first","16":"instock","17":"shipping-taxable","18":"product-type-simple"},"acf":[],"_links":{"self":[{"href":"https:\/\/fastindustria.com.br\/en\/wp-json\/wp\/v2\/product\/3335","targetHints":{"allow":["GET"]}}],"collection":[{"href":"https:\/\/fastindustria.com.br\/en\/wp-json\/wp\/v2\/product"}],"about":[{"href":"https:\/\/fastindustria.com.br\/en\/wp-json\/wp\/v2\/types\/product"}],"replies":[{"embeddable":true,"href":"https:\/\/fastindustria.com.br\/en\/wp-json\/wp\/v2\/comments?post=3335"}],"version-history":[{"count":6,"href":"https:\/\/fastindustria.com.br\/en\/wp-json\/wp\/v2\/product\/3335\/revisions"}],"predecessor-version":[{"id":4559,"href":"https:\/\/fastindustria.com.br\/en\/wp-json\/wp\/v2\/product\/3335\/revisions\/4559"}],"wp:featuredmedia":[{"embeddable":true,"href":"https:\/\/fastindustria.com.br\/en\/wp-json\/wp\/v2\/media\/2994"}],"wp:attachment":[{"href":"https:\/\/fastindustria.com.br\/en\/wp-json\/wp\/v2\/media?parent=3335"}],"wp:term":[{"taxonomy":"product_brand","embeddable":true,"href":"https:\/\/fastindustria.com.br\/en\/wp-json\/wp\/v2\/product_brand?post=3335"},{"taxonomy":"product_cat","embeddable":true,"href":"https:\/\/fastindustria.com.br\/en\/wp-json\/wp\/v2\/product_cat?post=3335"},{"taxonomy":"product_tag","embeddable":true,"href":"https:\/\/fastindustria.com.br\/en\/wp-json\/wp\/v2\/product_tag?post=3335"}],"curies":[{"name":"wp","href":"https:\/\/api.w.org\/{rel}","templated":true}]}}