{"id":3333,"date":"2023-07-06T16:31:22","date_gmt":"2023-07-06T19:31:22","guid":{"rendered":"https:\/\/fastindustria.com.br\/?post_type=product&#038;p=3333"},"modified":"2023-07-18T13:32:33","modified_gmt":"2023-07-18T16:32:33","slug":"ponte-raspadora","status":"publish","type":"product","link":"https:\/\/fastindustria.com.br\/en\/product\/ponte-raspadora\/","title":{"rendered":"Scraper Bridge"},"content":{"rendered":"<div style=\"white-space: pre-wrap;\" data-draftjs-conductor-fragment=\"{&quot;blocks&quot;:[{&quot;key&quot;:&quot;6ogjo&quot;,&quot;text&quot;:&quot;As Pontes Raspadoras Fast s\u00e3o equipamentos aplicados em decantadores na remo\u00e7\u00e3o de lodo sedimentado e de superf\u00edcie atrav\u00e9s de raspadores com movimenta\u00e7\u00e3o circular, ideal para aplica\u00e7\u00e3o em tanques circulares.&quot;,&quot;type&quot;:&quot;unstyled&quot;,&quot;depth&quot;:0,&quot;inlineStyleRanges&quot;:[],&quot;entityRanges&quot;:[],&quot;data&quot;:{}},{&quot;key&quot;:&quot;f5g2d&quot;,&quot;text&quot;:&quot;Fabricado em a\u00e7o inox ou a\u00e7o carbono, conforme dimensional e caracter\u00edsticas do tanque, a ponte raspadora atua na remo\u00e7\u00e3o de lodo proveniente do tratamento de efluentes, sendo ele qu\u00edmico, biol\u00f3gico.&quot;,&quot;type&quot;:&quot;unstyled&quot;,&quot;depth&quot;:0,&quot;inlineStyleRanges&quot;:[],&quot;entityRanges&quot;:[],&quot;data&quot;:{}},{&quot;key&quot;:&quot;9ft5g&quot;,&quot;text&quot;:&quot;Seu funcionamento \u00e9 dado a partir da alimenta\u00e7\u00e3o do efluente, sendo direcionado pelo defletor de alimenta\u00e7\u00e3o no centro do decantador fazendo com que os s\u00f3lidos sedimentem. O sistema de raspagem possui acionamento perif\u00e9rico ou central atrav\u00e9s de motorredutor, que realiza o arraste das part\u00edculas sedimentadas direcionando-as para o duto de descarga localizada no centro do decantador e as part\u00edculas da superf\u00edcie para calha de coleta. O lodo sedimentado do duto de descarga pode ser removido por bombeamento ou press\u00e3o hidrost\u00e1tica. A \u00e1gua clarificada \u00e9 retirada pela parte superior do tanque, seguindo seu processamento.&quot;,&quot;type&quot;:&quot;unstyled&quot;,&quot;depth&quot;:0,&quot;inlineStyleRanges&quot;:[],&quot;entityRanges&quot;:[{&quot;offset&quot;:0,&quot;length&quot;:3,&quot;key&quot;:0},{&quot;offset&quot;:18,&quot;length&quot;:1,&quot;key&quot;:1},{&quot;offset&quot;:20,&quot;length&quot;:4,&quot;key&quot;:1},{&quot;offset&quot;:62,&quot;length&quot;:5,&quot;key&quot;:1},{&quot;offset&quot;:68,&quot;length&quot;:11,&quot;key&quot;:1},{&quot;offset&quot;:85,&quot;length&quot;:8,&quot;key&quot;:2},{&quot;offset&quot;:97,&quot;length&quot;:11,&quot;key&quot;:2},{&quot;offset&quot;:112,&quot;length&quot;:6,&quot;key&quot;:2},{&quot;offset&quot;:122,&quot;length&quot;:10,&quot;key&quot;:2},{&quot;offset&quot;:160,&quot;length&quot;:10,&quot;key&quot;:3},{&quot;offset&quot;:172,&quot;length&quot;:1,&quot;key&quot;:0},{&quot;offset&quot;:297,&quot;length&quot;:12,&quot;key&quot;:3},{&quot;offset&quot;:390,&quot;length&quot;:10,&quot;key&quot;:4},{&quot;offset&quot;:404,&quot;length&quot;:10,&quot;key&quot;:4},{&quot;offset&quot;:420,&quot;length&quot;:5,&quot;key&quot;:4},{&quot;offset&quot;:429,&quot;length&quot;:6,&quot;key&quot;:4},{&quot;offset&quot;:437,&quot;length&quot;:1,&quot;key&quot;:0},{&quot;offset&quot;:444,&quot;length&quot;:11,&quot;key&quot;:3},{&quot;offset&quot;:481,&quot;length&quot;:3,&quot;key&quot;:1},{&quot;offset&quot;:485,&quot;length&quot;:8,&quot;key&quot;:1},{&quot;offset&quot;:535,&quot;length&quot;:1,&quot;key&quot;:0},{&quot;offset&quot;:554,&quot;length&quot;:1,&quot;key&quot;:1},{&quot;offset&quot;:556,&quot;length&quot;:8,&quot;key&quot;:1}],&quot;data&quot;:{}}],&quot;entityMap&quot;:{&quot;0&quot;:{&quot;type&quot;:&quot;CORRECTION&quot;,&quot;mutability&quot;:&quot;MUTABLE&quot;,&quot;data&quot;:{&quot;id&quot;:&quot;REPETICAO_INICIO_FRASE&quot;,&quot;spans&quot;:[{&quot;offset&quot;:409,&quot;length&quot;:3,&quot;content&quot;:&quot;Seu&quot;,&quot;par&quot;:0},{&quot;offset&quot;:581,&quot;length&quot;:1,&quot;content&quot;:&quot;O&quot;,&quot;par&quot;:0},{&quot;offset&quot;:846,&quot;length&quot;:1,&quot;content&quot;:&quot;O&quot;,&quot;par&quot;:0},{&quot;offset&quot;:944,&quot;length&quot;:1,&quot;content&quot;:&quot;A&quot;,&quot;par&quot;:0}],&quot;par&quot;:0,&quot;score&quot;:{&quot;originalidade&quot;:3},&quot;_id&quot;:&quot;64b1a6a8be6b0310fb959a68&quot;,&quot;custom&quot;:{&quot;title&quot;:&quot;N\u00e3o inicie frases com estruturas iguais&quot;,&quot;feedback&quot;:&quot;Procure iniciar as frases de forma diferente. Tenha um cuidado especial com a abertura dos par\u00e1grafos.&quot;,&quot;more&quot;:&quot;&lt;ul&gt; &lt;li&gt; &lt;p&gt;N\u00e3o comece muitas frases no mesmo par\u00e1grafo com:&lt;\/p&gt; &lt;p&gt; Artigos: &lt;i&gt;o, os, a, as, um, uns, uma, umas&lt;\/i&gt;. &lt;\/p&gt; &lt;p&gt; Pronomes demonstrativos: &lt;i&gt;esse, esses, essa, essas, isso&lt;\/i&gt;. &lt;\/p&gt; &lt;p&gt;Verbos, adv\u00e9rbios e locu\u00e7\u00f5es adverbiais.&lt;\/p&gt; &lt;\/li&gt; &lt;\/ul&gt;&quot;},&quot;hide&quot;:false,&quot;itemId&quot;:&quot;DEVIATION_REPETICAO_INICIO_FRASE_64b1a6a8be6b0310fb959a68&quot;}},&quot;1&quot;:{&quot;type&quot;:&quot;CORRECTION&quot;,&quot;mutability&quot;:&quot;MUTABLE&quot;,&quot;data&quot;:{&quot;id&quot;:&quot;USO_VOZ_PASSIVA&quot;,&quot;spans&quot;:[{&quot;offset&quot;:427,&quot;length&quot;:1,&quot;content&quot;:&quot;\u00e9&quot;,&quot;par&quot;:0},{&quot;offset&quot;:429,&quot;length&quot;:4,&quot;content&quot;:&quot;dado&quot;,&quot;par&quot;:0},{&quot;offset&quot;:471,&quot;length&quot;:5,&quot;content&quot;:&quot;sendo&quot;,&quot;par&quot;:0},{&quot;offset&quot;:477,&quot;length&quot;:11,&quot;content&quot;:&quot;direcionado&quot;,&quot;par&quot;:0},{&quot;offset&quot;:890,&quot;length&quot;:3,&quot;content&quot;:&quot;ser&quot;,&quot;par&quot;:0},{&quot;offset&quot;:894,&quot;length&quot;:8,&quot;content&quot;:&quot;removido&quot;,&quot;par&quot;:0},{&quot;offset&quot;:963,&quot;length&quot;:1,&quot;content&quot;:&quot;\u00e9&quot;,&quot;par&quot;:0},{&quot;offset&quot;:965,&quot;length&quot;:8,&quot;content&quot;:&quot;retirada&quot;,&quot;par&quot;:0}],&quot;par&quot;:0,&quot;score&quot;:{&quot;forca&quot;:2},&quot;_id&quot;:&quot;64b1a6a8be6b033deb959a69&quot;,&quot;citation&quot;:{&quot;text&quot;:&quot;Nunca use a voz passiva se puder usar a ativa.&quot;,&quot;author&quot;:&quot;George Orwell&quot;},&quot;custom&quot;:{&quot;title&quot;:&quot;Excesso de voz passiva&quot;,&quot;feedback&quot;:&quot;O uso excessivo de voz passiva pode ser um v\u00edcio de linguagem. Se puder optar, escolha a voz ativa. Ela \u00e9 mais direta, vigorosa e concisa que a passiva.&quot;,&quot;more&quot;:&quot;&lt;ul&gt; &lt;li&gt; &lt;p&gt;Tente reescrever a frase utilizando a voz ativa.&lt;\/p&gt; &lt;p&gt; &lt;span style='color: red'&gt; O ajuste necess\u00e1rio &lt;span style='text-decoration-Line: underline'&gt; &lt;b&gt;foi feito&lt;\/b&gt;&lt;\/span&gt; pela empresa. &lt;\/span&gt; &lt;\/p&gt; &lt;p&gt; &lt;span style='color: green'&gt; A empresa &lt;span style='text-decoration-Line: underline'&gt; &lt;b&gt;fez&lt;\/b&gt;&lt;\/span&gt; o ajuste necess\u00e1rio. &lt;\/span&gt; &lt;\/p&gt; &lt;\/li&gt; &lt;\/ul&gt;&quot;,&quot;citation&quot;:{&quot;text&quot;:&quot;Nunca use a voz passiva se puder usar a ativa.&quot;,&quot;author&quot;:&quot;George Orwell&quot;}},&quot;hide&quot;:false,&quot;itemId&quot;:&quot;DEVIATION_USO_VOZ_PASSIVA_64b1a6a8be6b033deb959a69&quot;}},&quot;2&quot;:{&quot;type&quot;:&quot;CORRECTION&quot;,&quot;mutability&quot;:&quot;MUTABLE&quot;,&quot;data&quot;:{&quot;id&quot;:&quot;SUBSTANTIVOS_RASTEJANTES&quot;,&quot;spans&quot;:[{&quot;offset&quot;:494,&quot;length&quot;:8,&quot;content&quot;:&quot;defletor&quot;,&quot;par&quot;:0},{&quot;offset&quot;:506,&quot;length&quot;:11,&quot;content&quot;:&quot;alimenta\u00e7\u00e3o&quot;,&quot;par&quot;:0},{&quot;offset&quot;:521,&quot;length&quot;:6,&quot;content&quot;:&quot;centro&quot;,&quot;par&quot;:0},{&quot;offset&quot;:531,&quot;length&quot;:10,&quot;content&quot;:&quot;decantador&quot;,&quot;par&quot;:0}],&quot;score&quot;:{&quot;concisao&quot;:3},&quot;_id&quot;:&quot;64b1a6a8be6b0364f0959a6a&quot;,&quot;custom&quot;:{&quot;title&quot;:&quot;Substantivos Rastejantes&quot;,&quot;feedback&quot;:&quot;Muitos substantivos seguidos podem deixar o texto confuso.&quot;,&quot;more&quot;:&quot;&lt;ul&gt; &lt;li&gt; &lt;p&gt;Tente transformar substantivos e adjetivos em verbos.&lt;\/p&gt; &lt;p&gt; &lt;span style='color: red'&gt; Temos &lt;span style='text-decoration-Line: underline'&gt; &lt;b&gt;empresas&lt;\/b&gt;&lt;\/span&gt; do &lt;span style='text-decoration-Line: underline'&gt; &lt;b&gt;setor&lt;\/b&gt;&lt;\/span&gt; com &lt;span style='text-decoration-Line: underline'&gt; &lt;b&gt;problemas&lt;\/b&gt;&lt;\/span&gt; de &lt;span style='text-decoration-Line: underline'&gt; &lt;b&gt;dinheiro&lt;\/b&gt;&lt;\/span&gt;. &lt;\/span&gt; &lt;\/p&gt; &lt;p&gt; &lt;span style='color: green'&gt;O setor est\u00e1 quebrando (falindo).&lt;\/span&gt; &lt;\/p&gt; &lt;\/li&gt; &lt;li&gt; &lt;p&gt; \u00c9 parecido com o que a autora Dad Squarisi chama de \u201cfileirinha de d\u00eas\u201d. &lt;\/p&gt; &lt;p&gt; &lt;span style='color: red'&gt; O &lt;span style='text-decoration-Line: underline'&gt; &lt;b&gt;progresso&lt;\/b&gt;&lt;\/span&gt; dos &lt;span style='text-decoration-Line: underline'&gt; &lt;b&gt;estudantes&lt;\/b&gt;&lt;\/span&gt; de &lt;span style='text-decoration-Line: underline'&gt; &lt;b&gt;institui\u00e7\u00f5es&lt;\/b&gt;&lt;\/span&gt; de &lt;span style='text-decoration-Line: underline'&gt; &lt;b&gt;ensino&lt;\/b&gt;&lt;\/span&gt; do &lt;span style='text-decoration-Line: underline'&gt; &lt;b&gt;governo&lt;\/b&gt;&lt;\/span&gt; \u00e9 lento. &lt;\/span&gt; &lt;\/p&gt; &lt;p&gt; &lt;span style='color: green'&gt; Os estudantes de escolas p\u00fablicas progridem lentamente. &lt;\/span&gt; &lt;\/p&gt; &lt;\/li&gt; &lt;\/ul&gt;&quot;},&quot;hide&quot;:false,&quot;itemId&quot;:&quot;DEVIATION_SUBSTANTIVOS_RASTEJANTES_64b1a6a8be6b0364f0959a6a&quot;}},&quot;3&quot;:{&quot;type&quot;:&quot;CORRECTION&quot;,&quot;mutability&quot;:&quot;MUTABLE&quot;,&quot;data&quot;:{&quot;id&quot;:&quot;USO_PALAVRAS_REPETIDAS&quot;,&quot;spans&quot;:[{&quot;offset&quot;:569,&quot;length&quot;:10,&quot;content&quot;:&quot;sedimentem&quot;,&quot;par&quot;:0},{&quot;offset&quot;:706,&quot;length&quot;:12,&quot;content&quot;:&quot;sedimentadas&quot;,&quot;par&quot;:0},{&quot;offset&quot;:853,&quot;length&quot;:11,&quot;content&quot;:&quot;sedimentado&quot;,&quot;par&quot;:0}],&quot;par&quot;:0,&quot;score&quot;:{&quot;originalidade&quot;:3},&quot;_id&quot;:&quot;64b1a6a8be6b0304b4959a6b&quot;,&quot;custom&quot;:{&quot;title&quot;:&quot;Palavras repetidas&quot;,&quot;feedback&quot;:&quot;Palavras repetidas deixam a leitura cansativa.&quot;,&quot;more&quot;:&quot;&lt;ul&gt; &lt;li&gt; &lt;p&gt; Procure usar sin\u00f4nimos ou reescrever a frase para evitar o uso de palavras repetidas. &lt;\/p&gt; &lt;p&gt; &lt;span style='color: red'&gt; Profissionais devem buscar o equil\u00edbrio na &lt;span style='text-decoration-Line: underline'&gt;vida profissional&lt;\/span&gt;. &lt;\/span&gt; &lt;\/p&gt; &lt;p&gt; &lt;span style='color: green'&gt; Profissionais devem buscar o equil\u00edbrio na &lt;span style='text-decoration-Line: underline'&gt;carreira&lt;\/span&gt;. &lt;\/span&gt; &lt;\/p&gt; &lt;\/li&gt; &lt;\/ul&gt;&quot;},&quot;hide&quot;:false,&quot;itemId&quot;:&quot;DEVIATION_USO_PALAVRAS_REPETIDAS_64b1a6a8be6b0304b4959a6b&quot;}},&quot;4&quot;:{&quot;type&quot;:&quot;CORRECTION&quot;,&quot;mutability&quot;:&quot;MUTABLE&quot;,&quot;data&quot;:{&quot;id&quot;:&quot;SUBSTANTIVOS_RASTEJANTES&quot;,&quot;spans&quot;:[{&quot;offset&quot;:799,&quot;length&quot;:10,&quot;content&quot;:&quot;part\u00edculas&quot;,&quot;par&quot;:0},{&quot;offset&quot;:813,&quot;length&quot;:10,&quot;content&quot;:&quot;superf\u00edcie&quot;,&quot;par&quot;:0},{&quot;offset&quot;:829,&quot;length&quot;:5,&quot;content&quot;:&quot;calha&quot;,&quot;par&quot;:0},{&quot;offset&quot;:838,&quot;length&quot;:6,&quot;content&quot;:&quot;coleta&quot;,&quot;par&quot;:0}],&quot;score&quot;:{&quot;concisao&quot;:3},&quot;_id&quot;:&quot;64b1a6a8be6b03ea6a959a6d&quot;,&quot;custom&quot;:{&quot;title&quot;:&quot;Substantivos Rastejantes&quot;,&quot;feedback&quot;:&quot;Muitos substantivos seguidos podem deixar o texto confuso.&quot;,&quot;more&quot;:&quot;&lt;ul&gt; &lt;li&gt; &lt;p&gt;Tente transformar substantivos e adjetivos em verbos.&lt;\/p&gt; &lt;p&gt; &lt;span style='color: red'&gt; Temos &lt;span style='text-decoration-Line: underline'&gt; &lt;b&gt;empresas&lt;\/b&gt;&lt;\/span&gt; do &lt;span style='text-decoration-Line: underline'&gt; &lt;b&gt;setor&lt;\/b&gt;&lt;\/span&gt; com &lt;span style='text-decoration-Line: underline'&gt; &lt;b&gt;problemas&lt;\/b&gt;&lt;\/span&gt; de &lt;span style='text-decoration-Line: underline'&gt; &lt;b&gt;dinheiro&lt;\/b&gt;&lt;\/span&gt;. &lt;\/span&gt; &lt;\/p&gt; &lt;p&gt; &lt;span style='color: green'&gt;O setor est\u00e1 quebrando (falindo).&lt;\/span&gt; &lt;\/p&gt; &lt;\/li&gt; &lt;li&gt; &lt;p&gt; \u00c9 parecido com o que a autora Dad Squarisi chama de \u201cfileirinha de d\u00eas\u201d. &lt;\/p&gt; &lt;p&gt; &lt;span style='color: red'&gt; O &lt;span style='text-decoration-Line: underline'&gt; &lt;b&gt;progresso&lt;\/b&gt;&lt;\/span&gt; dos &lt;span style='text-decoration-Line: underline'&gt; &lt;b&gt;estudantes&lt;\/b&gt;&lt;\/span&gt; de &lt;span style='text-decoration-Line: underline'&gt; &lt;b&gt;institui\u00e7\u00f5es&lt;\/b&gt;&lt;\/span&gt; de &lt;span style='text-decoration-Line: underline'&gt; &lt;b&gt;ensino&lt;\/b&gt;&lt;\/span&gt; do &lt;span style='text-decoration-Line: underline'&gt; &lt;b&gt;governo&lt;\/b&gt;&lt;\/span&gt; \u00e9 lento. &lt;\/span&gt; &lt;\/p&gt; &lt;p&gt; &lt;span style='color: green'&gt; Os estudantes de escolas p\u00fablicas progridem lentamente. &lt;\/span&gt; &lt;\/p&gt; &lt;\/li&gt; &lt;\/ul&gt;&quot;},&quot;hide&quot;:false,&quot;itemId&quot;:&quot;DEVIATION_SUBSTANTIVOS_RASTEJANTES_64b1a6a8be6b03ea6a959a6d&quot;}}}}\">\n<div class=\"Draftail-block--unstyled\" data-block=\"true\" data-editor=\"8gcvi\" data-offset-key=\"dgeop-0-0\">\n<div class=\"public-DraftStyleDefault-block public-DraftStyleDefault-ltr\" data-offset-key=\"dgeop-0-0\"><span data-offset-key=\"dgeop-0-0\">Fast scraper bridges are equipment used in decanters to remove sedimented and surface sludge using scrapers with circular movement, ideal for use in circular tanks.<\/span><\/div>\n<div data-offset-key=\"dgeop-0-0\"><\/div>\n<\/div>\n<div class=\"Draftail-block--unstyled\" data-block=\"true\" data-editor=\"8gcvi\" data-offset-key=\"347en-0-0\">\n<div class=\"public-DraftStyleDefault-block public-DraftStyleDefault-ltr\" data-offset-key=\"347en-0-0\"><span data-offset-key=\"347en-0-0\">Made of stainless steel or carbon steel, depending on the size and characteristics of the tank, the scraper bridge removes sludge from effluent treatment, whether chemical or biological.<\/span><\/div>\n<div data-offset-key=\"347en-0-0\"><\/div>\n<\/div>\n<div class=\"Draftail-block--unstyled\" data-block=\"true\" data-editor=\"8gcvi\" data-offset-key=\"8knn6-0-0\">\n<div class=\"public-DraftStyleDefault-block public-DraftStyleDefault-ltr\" data-offset-key=\"8knn6-0-0\"><span class=\"jss21725 TEXT_64b1a6a8be6b0310fb959a68\"><span data-offset-key=\"8knn6-0-0\">Your<\/span><\/span><span data-offset-key=\"8knn6-1-0\"> operation occurs<\/span><span data-offset-key=\"8knn6-5-0\"> from the effluent feed, <\/span><span class=\"jss21725 TEXT_64b1a6a8be6b033deb959a69\"><span data-offset-key=\"8knn6-6-0\">being<\/span><\/span> <span class=\"jss21725 TEXT_64b1a6a8be6b033deb959a69\"><span data-offset-key=\"8knn6-8-0\">directed<\/span><\/span><span data-offset-key=\"8knn6-9-0\"> for the <\/span><span class=\"jss21725 TEXT_64b1a6a8be6b0364f0959a6a\"><span data-offset-key=\"8knn6-10-0\">deflector<\/span><\/span><span data-offset-key=\"8knn6-11-0\"> of <\/span><span class=\"jss21725 TEXT_64b1a6a8be6b0364f0959a6a\"><span data-offset-key=\"8knn6-12-0\">food<\/span><\/span><span data-offset-key=\"8knn6-13-0\"> node <\/span><span class=\"jss21725 TEXT_64b1a6a8be6b0364f0959a6a\"><span data-offset-key=\"8knn6-14-0\">center<\/span><\/span><span data-offset-key=\"8knn6-15-0\"> of <\/span><span class=\"jss21725 TEXT_64b1a6a8be6b0364f0959a6a\"><span data-offset-key=\"8knn6-16-0\">decanter<\/span><\/span><span data-offset-key=\"8knn6-17-0\"> causing the solids <\/span><span class=\"jss21725 TEXT_64b1a6a8be6b0304b4959a6b\"><span data-offset-key=\"8knn6-18-0\">sediment<\/span><\/span><span data-offset-key=\"8knn6-19-0\">. <\/span><span class=\"jss21725 TEXT_64b1a6a8be6b0310fb959a68\"><span data-offset-key=\"8knn6-20-0\">THE<\/span><\/span><span data-offset-key=\"8knn6-21-0\"> scraping system has peripheral or central drive through a gear motor, which drags the particles <\/span><span class=\"jss21725 TEXT_64b1a6a8be6b0304b4959a6b\"><span data-offset-key=\"8knn6-22-0\">sedimented<\/span><\/span><span data-offset-key=\"8knn6-23-0\"> directing them to the discharge duct located in the center of the decanter and the <\/span><span class=\"jss21725 TEXT_64b1a6a8be6b03ea6a959a6d\"><span data-offset-key=\"8knn6-24-0\">particles<\/span><\/span><span data-offset-key=\"8knn6-25-0\"> from the <\/span><span class=\"jss21725 TEXT_64b1a6a8be6b03ea6a959a6d\"><span data-offset-key=\"8knn6-26-0\">surface<\/span><\/span><span data-offset-key=\"8knn6-27-0\"> to <\/span><span class=\"jss21725 TEXT_64b1a6a8be6b03ea6a959a6d\"><span data-offset-key=\"8knn6-28-0\">gutter<\/span><\/span><span data-offset-key=\"8knn6-29-0\"> of <\/span><span class=\"jss21725 TEXT_64b1a6a8be6b03ea6a959a6d\"><span data-offset-key=\"8knn6-30-0\">collect<\/span><\/span><span data-offset-key=\"8knn6-31-0\">. <\/span><span class=\"jss21725 TEXT_64b1a6a8be6b0310fb959a68\"><span data-offset-key=\"8knn6-32-0\">THE<\/span><\/span><span data-offset-key=\"8knn6-33-0\"> sludge <\/span><span class=\"jss21725 TEXT_64b1a6a8be6b0304b4959a6b\"><span data-offset-key=\"8knn6-34-0\">sedimented<\/span><\/span><span data-offset-key=\"8knn6-35-0\"> of the discharge duct can <\/span><span class=\"jss21725 TEXT_64b1a6a8be6b033deb959a69\"><span data-offset-key=\"8knn6-36-0\">to be<\/span><\/span> <span class=\"jss21725 TEXT_64b1a6a8be6b033deb959a69\"><span data-offset-key=\"8knn6-38-0\">removed<\/span><\/span><span data-offset-key=\"8knn6-39-0\"> by pumping or hydrostatic pressure. <\/span><span class=\"jss21725 TEXT_64b1a6a8be6b0310fb959a68\"><span data-offset-key=\"8knn6-40-0\">THE<\/span><\/span><span data-offset-key=\"8knn6-41-0\"> clarified water <\/span><span class=\"jss21725 TEXT_64b1a6a8be6b033deb959a69\"><span data-offset-key=\"8knn6-42-0\">and<\/span><\/span> <span class=\"jss21725 TEXT_64b1a6a8be6b033deb959a69\"><span data-offset-key=\"8knn6-44-0\">withdrawal<\/span><\/span><span data-offset-key=\"8knn6-45-0\"> through the top of the tank, following its processing.<\/span><\/div>\n<\/div>\n<\/div>","protected":false},"excerpt":{"rendered":"<p>As pontes raspadoras Fast s\u00e3o equipamentos aplicados em decantadores na remo\u00e7\u00e3o de lodo sedimentado e de superf\u00edcie atrav\u00e9s de raspadores com movimenta\u00e7\u00e3o circular, ideais para aplica\u00e7\u00e3o em tanques circulares. Fabricada em a\u00e7o inox ou a\u00e7o carbono, conforme dimensional e caracter\u00edsticas do tanque, a ponte raspadora atua na remo\u00e7\u00e3o de lodo proveniente do tratamento de efluentes, [&hellip;]<\/p>","protected":false},"featured_media":2942,"comment_status":"open","ping_status":"closed","template":"","meta":{"arquivo_cliente":"","_joinchat":[]},"product_brand":[],"product_cat":[44,30,47,33,29],"product_tag":[109,108],"class_list":{"0":"post-3333","1":"product","2":"type-product","3":"status-publish","4":"has-post-thumbnail","6":"product_cat-bebidas","7":"product_cat-frigorificos","8":"product_cat-outras-aplicacoes","9":"product_cat-papel-celulose","10":"product_cat-saneamento","11":"product_tag-eta","12":"product_tag-ete","14":"first","15":"instock","16":"shipping-taxable","17":"product-type-simple"},"acf":[],"_links":{"self":[{"href":"https:\/\/fastindustria.com.br\/en\/wp-json\/wp\/v2\/product\/3333","targetHints":{"allow":["GET"]}}],"collection":[{"href":"https:\/\/fastindustria.com.br\/en\/wp-json\/wp\/v2\/product"}],"about":[{"href":"https:\/\/fastindustria.com.br\/en\/wp-json\/wp\/v2\/types\/product"}],"replies":[{"embeddable":true,"href":"https:\/\/fastindustria.com.br\/en\/wp-json\/wp\/v2\/comments?post=3333"}],"version-history":[{"count":6,"href":"https:\/\/fastindustria.com.br\/en\/wp-json\/wp\/v2\/product\/3333\/revisions"}],"predecessor-version":[{"id":4676,"href":"https:\/\/fastindustria.com.br\/en\/wp-json\/wp\/v2\/product\/3333\/revisions\/4676"}],"wp:featuredmedia":[{"embeddable":true,"href":"https:\/\/fastindustria.com.br\/en\/wp-json\/wp\/v2\/media\/2942"}],"wp:attachment":[{"href":"https:\/\/fastindustria.com.br\/en\/wp-json\/wp\/v2\/media?parent=3333"}],"wp:term":[{"taxonomy":"product_brand","embeddable":true,"href":"https:\/\/fastindustria.com.br\/en\/wp-json\/wp\/v2\/product_brand?post=3333"},{"taxonomy":"product_cat","embeddable":true,"href":"https:\/\/fastindustria.com.br\/en\/wp-json\/wp\/v2\/product_cat?post=3333"},{"taxonomy":"product_tag","embeddable":true,"href":"https:\/\/fastindustria.com.br\/en\/wp-json\/wp\/v2\/product_tag?post=3333"}],"curies":[{"name":"wp","href":"https:\/\/api.w.org\/{rel}","templated":true}]}}